{"id":35060,"date":"2025-12-12T16:59:52","date_gmt":"2025-12-12T16:59:52","guid":{"rendered":"https:\/\/edirectorios.com.mx\/directorios-latinoamerica\/?post_type=product&#038;p=35060"},"modified":"2025-12-12T17:00:23","modified_gmt":"2025-12-12T17:00:23","slug":"personas-fisicas-mayores-de-55-anos-nse-c-c-y-ab-en-el-estado-de-mexico","status":"publish","type":"product","link":"https:\/\/edirectorios.com.mx\/directorios-latinoamerica\/product\/personas-fisicas-mayores-de-55-anos-nse-c-c-y-ab-en-el-estado-de-mexico\/","title":{"rendered":"Personas f\u00edsicas, mayores de 55 a\u00f1os, NSE C, C+ y AB en el Estado de M\u00e9xico."},"content":{"rendered":"","protected":false},"excerpt":{"rendered":"<p>&nbsp;<\/p>\n<div class=\"row\">\n<div class=\"col-sm\"><strong>C\u00f3digo:<\/strong> <span style=\"color: #ff0000;\"><strong>CMTP-D6<\/strong><\/span><\/div>\n<div class=\"col-sm\"><strong>N\u00famero de registros: 1750<\/strong><\/div>\n<\/div>\n<div class=\"row\">\n<div class=\"col-sm \"><strong>Folio: <span style=\"color: #ff0000;\">GA0319B09<\/span><\/strong><\/div>\n<\/div>\n<p><strong>Segmentaci\u00f3n:<\/strong><\/p>\n<div class=\"row\">\n<div class=\"col-sm \">Personas f\u00edsicas, mayores de 55 a\u00f1os, econ\u00f3micamente activas, que sean tarjetahabientes, NSE C, C+ y AB, en las delegaciones Gustavo A. Madero (250), Cuauht\u00e9moc (250), Tlalpan(250), Coyoac\u00e1n(250), Miguel Hidalgo (250)y Benito Ju\u00e1rez (250) y el municipio de Huixquilucan(250) en el Estado de M\u00e9xico.<\/div>\n<\/div>\n<p><strong>Campos Contenidos:<\/strong><\/p>\n<div class=\"row\">\n<div class=\"col-sm \">Nombre \/ Ciudad \/ Estado \/ Tel\u00e9fono fijo \/ Email.<\/div>\n<\/div>\n<div class=\"row\">\n<div class=\"col-sm\"><strong>Garant\u00eda: 80%-85%<\/strong>\u00a0<strong>Precio Original:\u00a0<\/strong><del>$883 USD<\/del>\u00a0<strong>Descuento Especial:\u00a0<span style=\"color: #ff0000;\">20<\/span><\/strong><span style=\"color: #ff0000;\"><strong class=\"text-danger\">%<\/strong><\/span><\/div>\n<\/div>\n<div class=\"row\">\n<div class=\"col text-center\"><strong>Total a Pagar:\u00a0<\/strong><span style=\"color: #ff0000;\"><strong class=\"text-danger\">$707 USD<\/strong><\/span><\/div>\n<\/div>\n","protected":false},"featured_media":31051,"template":"","meta":{"_bst_post_transparent":"","_bst_post_title":"","_bst_post_layout":"","_bst_post_sidebar_id":"","_bst_post_content_style":"","_bst_post_vertical_padding":"","_bst_post_feature":"","_bst_post_feature_position":"","_bst_post_header":false,"_bst_post_footer":false},"product_brand":[],"product_cat":[1286,1180],"product_tag":[1062,1182,1063,1064,1067,1068,1207,1325,1287,1326,1186,1071,1073,1074,1075,1076,1077,1078,1079,1081,1156,1082,1083,1084,1085,1086,1087,1162,1088,1089,1090,1092,1093,1097,1098,1099,1100,1101,1102,1104,1105,1106,1107,1116,1117,1118,1191,1193,1194,1195,1196,1197,1198,1200,1170,1132,1133,1134,1136,1137,1138,1139,1140,1141,1142,1143,1144,1145,1206,1172,1173,1174,1175,1146,1148,1149],"product_brands":[],"class_list":{"0":"post-35060","1":"product","2":"type-product","3":"status-publish","4":"has-post-thumbnail","6":"product_cat-nse-medio-y-alto","7":"product_cat-personas-en-mexico","8":"product_tag-b2c-email-database","9":"product_tag-base-de-datos","10":"product_tag-base-de-datos-campana-de-email-marketing","11":"product_tag-base-de-datos-campanas-de-email-marketing","12":"product_tag-base-de-datos-correo-masivo","13":"product_tag-base-de-datos-correo-masivos","14":"product_tag-base-de-datos-de-nse","15":"product_tag-base-de-datos-de-nse-alto","16":"product_tag-base-de-datos-de-nse-medio","17":"product_tag-base-de-datos-de-nse-medio-y-alto","18":"product_tag-base-de-datos-de-personas-fisicas","19":"product_tag-base-de-datos-direct-e-mail-marketing","20":"product_tag-base-de-datos-e-mail-marketing","21":"product_tag-base-de-datos-email-marketer","22":"product_tag-base-de-datos-email-marketing","23":"product_tag-base-de-datos-email-masivos","24":"product_tag-base-de-datos-email-publicidad","25":"product_tag-base-de-datos-email-publicitario","26":"product_tag-base-de-datos-emailing","27":"product_tag-base-de-datos-enviar-email-masivo","28":"product_tag-base-de-datos-enviar-mailing","29":"product_tag-base-de-datos-envio-de-email-masivo","30":"product_tag-base-de-datos-envio-masivo-correo","31":"product_tag-base-de-datos-envio-masivo-correos","32":"product_tag-base-de-datos-envio-masivo-de-emails","33":"product_tag-base-de-datos-envios-de-correo-masivos","34":"product_tag-base-de-datos-estado-de-mexico","35":"product_tag-base-de-datos-mailing-masivo","36":"product_tag-base-de-datos-marketing","37":"product_tag-base-de-datos-marketing-por-e-mail","38":"product_tag-base-de-datos-marketing-por-email","39":"product_tag-base-de-datos-para-marketing","40":"product_tag-base-de-datos-publicidad-por-email","41":"product_tag-bases-de-datos-correos","42":"product_tag-bases-de-datos-correos-electronicos","43":"product_tag-bases-de-datos-de-emails","44":"product_tag-bases-de-datos-de-marketing","45":"product_tag-bases-de-datos-de-telefonos","46":"product_tag-bases-de-datos-email","47":"product_tag-bases-de-datos-emailing","48":"product_tag-bases-de-datos-numeros-de-telefonos","49":"product_tag-bases-de-datos-telefono","50":"product_tag-bases-de-datos-telefonos-fijos","51":"product_tag-buy-email-database","52":"product_tag-buy-email-list","53":"product_tag-buy-email-list-database","54":"product_tag-consumer-contact-lists","55":"product_tag-consumer-directory","56":"product_tag-consumer-email-database","57":"product_tag-consumer-email-list","58":"product_tag-consumer-email-lists","59":"product_tag-consumer-list","60":"product_tag-consumer-mailing-database","61":"product_tag-consumer-mailing-lists","62":"product_tag-database","63":"product_tag-e-mail-database","64":"product_tag-email-address-list","65":"product_tag-email-database","66":"product_tag-email-marketing-list","67":"product_tag-list-of-email-addresses","68":"product_tag-lista-de-correos","69":"product_tag-lista-de-correos-electronicos","70":"product_tag-mail-marketing","71":"product_tag-mailing-database","72":"product_tag-mailing-list","73":"product_tag-marketing","74":"product_tag-marketing-correo-electronico","75":"product_tag-marketing-lists","76":"product_tag-phone","77":"product_tag-phone-database","78":"product_tag-phone-lists","79":"product_tag-phone-number","80":"product_tag-phone-number-list","81":"product_tag-publicidad-por-base-de-datos-correo-electronico","82":"product_tag-tele-marketing-list","83":"product_tag-telefono","85":"first","86":"instock","87":"sale","88":"shipping-taxable","89":"purchasable","90":"product-type-simple","91":"entry","92":"content-bg","93":"loop-entry"},"aioseo_notices":[],"_links":{"self":[{"href":"https:\/\/edirectorios.com.mx\/directorios-latinoamerica\/wp-json\/wp\/v2\/product\/35060","targetHints":{"allow":["GET"]}}],"collection":[{"href":"https:\/\/edirectorios.com.mx\/directorios-latinoamerica\/wp-json\/wp\/v2\/product"}],"about":[{"href":"https:\/\/edirectorios.com.mx\/directorios-latinoamerica\/wp-json\/wp\/v2\/types\/product"}],"version-history":[{"count":1,"href":"https:\/\/edirectorios.com.mx\/directorios-latinoamerica\/wp-json\/wp\/v2\/product\/35060\/revisions"}],"predecessor-version":[{"id":35103,"href":"https:\/\/edirectorios.com.mx\/directorios-latinoamerica\/wp-json\/wp\/v2\/product\/35060\/revisions\/35103"}],"wp:featuredmedia":[{"embeddable":true,"href":"https:\/\/edirectorios.com.mx\/directorios-latinoamerica\/wp-json\/wp\/v2\/media\/31051"}],"wp:attachment":[{"href":"https:\/\/edirectorios.com.mx\/directorios-latinoamerica\/wp-json\/wp\/v2\/media?parent=35060"}],"wp:term":[{"taxonomy":"product_brand","embeddable":true,"href":"https:\/\/edirectorios.com.mx\/directorios-latinoamerica\/wp-json\/wp\/v2\/product_brand?post=35060"},{"taxonomy":"product_cat","embeddable":true,"href":"https:\/\/edirectorios.com.mx\/directorios-latinoamerica\/wp-json\/wp\/v2\/product_cat?post=35060"},{"taxonomy":"product_tag","embeddable":true,"href":"https:\/\/edirectorios.com.mx\/directorios-latinoamerica\/wp-json\/wp\/v2\/product_tag?post=35060"},{"taxonomy":"product_brands","embeddable":true,"href":"https:\/\/edirectorios.com.mx\/directorios-latinoamerica\/wp-json\/wp\/v2\/product_brands?post=35060"}],"curies":[{"name":"wp","href":"https:\/\/api.w.org\/{rel}","templated":true}]}}