{"id":35059,"date":"2025-12-12T16:59:52","date_gmt":"2025-12-12T16:59:52","guid":{"rendered":"https:\/\/edirectorios.com.mx\/directorios-latinoamerica\/?post_type=product&#038;p=35059"},"modified":"2025-12-12T17:00:22","modified_gmt":"2025-12-12T17:00:22","slug":"empresas-con-mas-de-250-empleados-en-la-ciudad-de-mexico-y-zona-metropolitana","status":"publish","type":"product","link":"https:\/\/edirectorios.com.mx\/directorios-latinoamerica\/product\/empresas-con-mas-de-250-empleados-en-la-ciudad-de-mexico-y-zona-metropolitana\/","title":{"rendered":"Empresas con m\u00e1s de 250 empleados en la Ciudad de M\u00e9xico y zona metropolitana."},"content":{"rendered":"","protected":false},"excerpt":{"rendered":"<p>&nbsp;<\/p>\n<div class=\"row\">\n<div class=\"col-sm\"><strong>C\u00f3digo: <span style=\"color: #ff0000;\">DBTB-D6<\/span><\/strong><\/div>\n<div class=\"col-sm\"><strong>N\u00famero de registros: 1200<\/strong><\/div>\n<\/div>\n<div class=\"row\">\n<div class=\"col-sm \"><strong>Folio:<span style=\"color: #ff0000;\">CS0219B034<\/span><\/strong><\/div>\n<\/div>\n<p><strong>Segmentaci\u00f3n:<\/strong><\/p>\n<div class=\"row\">\n<div class=\"col-sm \">Empresas con m\u00e1s de 250 empleados (no empresas de consultor\u00edas, no empresas que vendan licencias de antivirus o que tengan venta de alg\u00fan software de tecnolog\u00eda) en la Ciudad de M\u00e9xico y zona metropolitana.<\/div>\n<\/div>\n<p><strong>Campos Contenidos:<\/strong><\/p>\n<div class=\"row\">\n<div class=\"col-sm \">Empresa \/ Giro \/ Direcci\u00f3n \/ Ciudad \/ Estado \/ Contacto \/ Puesto: Gerente de inform\u00e1tica o CEO o Director general o tomador de decisi\u00f3n\/ Tel\u00e9fono \/ Email \/ Rango de empleados.<\/div>\n<\/div>\n<div class=\"row\">\n<div class=\"col-sm\"><strong>Garant\u00eda: 80%-85%<\/strong>\u00a0<strong>Precio Original:\u00a0<\/strong><del>$629 USD<\/del>\u00a0<strong>Descuento Especial:\u00a0<span style=\"color: #ff0000;\">20<\/span><\/strong><span style=\"color: #ff0000;\"><strong class=\"text-danger\">%<\/strong><\/span><\/div>\n<\/div>\n<div class=\"row\">\n<div class=\"col text-center\"><strong>Total a Pagar:\u00a0<\/strong><span style=\"color: #ff0000;\"><strong class=\"text-danger\">$503 USD<\/strong><\/span><\/div>\n<\/div>\n","protected":false},"featured_media":31282,"template":"","meta":{"_bst_post_transparent":"","_bst_post_title":"","_bst_post_layout":"","_bst_post_sidebar_id":"","_bst_post_content_style":"","_bst_post_vertical_padding":"","_bst_post_feature":"","_bst_post_feature_position":"","_bst_post_header":false,"_bst_post_footer":false},"product_brand":[],"product_cat":[1379,1060],"product_tag":[1062,1063,1064,1066,1069,1211,1153,1071,1073,1074,1075,1076,1077,1078,1079,1154,1212,1213,1155,1080,1386,1387,1364,1176,1081,1156,1082,1157,1083,1084,1085,1158,1086,1159,1160,1088,1089,1090,1275,1092,1093,1097,1098,1099,1100,1101,1102,1103,1104,1226,1227,1165,1105,1228,1106,1107,1109,1110,1111,1112,1113,1114,1115,1116,1117,1118,1166,1119,1167,1345,1346,1120,1121,1122,1123,1124,1170,1127,1309,1128,1129,1390,1249,1131,1310,1218,1314,1132,1133,1464,1134,1465,1135,1136,1171,1466,1467,1468,1137,1138,1139,1140,1141,1142,1469,1144,1145,1412,1394],"product_brands":[],"class_list":{"0":"post-35059","1":"product","2":"type-product","3":"status-publish","4":"has-post-thumbnail","6":"product_cat-con-mas-de-100-empleados","7":"product_cat-empresas-en-mexico","8":"product_tag-b2c-email-database","9":"product_tag-base-de-datos-campana-de-email-marketing","10":"product_tag-base-de-datos-campanas-de-email-marketing","11":"product_tag-base-de-datos-ciudad-de-mexico","12":"product_tag-base-de-datos-de-director-general","13":"product_tag-base-de-datos-de-empresas-b2b","14":"product_tag-base-de-datos-de-tomador-de-decision","15":"product_tag-base-de-datos-direct-e-mail-marketing","16":"product_tag-base-de-datos-e-mail-marketing","17":"product_tag-base-de-datos-email-marketer","18":"product_tag-base-de-datos-email-marketing","19":"product_tag-base-de-datos-email-masivos","20":"product_tag-base-de-datos-email-publicidad","21":"product_tag-base-de-datos-email-publicitario","22":"product_tag-base-de-datos-emailing","23":"product_tag-base-de-datos-emails-mexico","24":"product_tag-base-de-datos-empresa","25":"product_tag-base-de-datos-empresarial","26":"product_tag-base-de-datos-empresas","27":"product_tag-base-de-datos-empresas-de-email-marketing","28":"product_tag-base-de-datos-empresas-en-mexico","29":"product_tag-base-de-datos-empresas-mexico","30":"product_tag-base-de-datos-empresas-que-tengan-hasta-200-empleados","31":"product_tag-base-de-datos-encargados","32":"product_tag-base-de-datos-enviar-email-masivo","33":"product_tag-base-de-datos-enviar-mailing","34":"product_tag-base-de-datos-envio-de-email-masivo","35":"product_tag-base-de-datos-envio-masivo","36":"product_tag-base-de-datos-envio-masivo-correo","37":"product_tag-base-de-datos-envio-masivo-correos","38":"product_tag-base-de-datos-envio-masivo-de-emails","39":"product_tag-base-de-datos-envio-masivos","40":"product_tag-base-de-datos-envios-de-correo-masivos","41":"product_tag-base-de-datos-envios-masivos","42":"product_tag-base-de-datos-gerente","43":"product_tag-base-de-datos-marketing","44":"product_tag-base-de-datos-marketing-por-e-mail","45":"product_tag-base-de-datos-marketing-por-email","46":"product_tag-base-de-datos-para-empresas","47":"product_tag-base-de-datos-para-marketing","48":"product_tag-base-de-datos-publicidad-por-email","49":"product_tag-bases-de-datos-correos","50":"product_tag-bases-de-datos-correos-electronicos","51":"product_tag-bases-de-datos-de-emails","52":"product_tag-bases-de-datos-de-marketing","53":"product_tag-bases-de-datos-de-telefonos","54":"product_tag-bases-de-datos-email","55":"product_tag-bases-de-datos-email-empresas","56":"product_tag-bases-de-datos-emailing","57":"product_tag-bases-de-datos-emails","58":"product_tag-bases-de-datos-empresariales","59":"product_tag-bases-de-datos-mailing","60":"product_tag-bases-de-datos-numeros-de-telefonos","61":"product_tag-bases-de-datos-para-ventas","62":"product_tag-bases-de-datos-telefono","63":"product_tag-bases-de-datos-telefonos-fijos","64":"product_tag-business-contact-lists","65":"product_tag-business-directory","66":"product_tag-business-email-database","67":"product_tag-business-email-list","68":"product_tag-business-email-lists","69":"product_tag-business-mailing-database","70":"product_tag-business-mailing-lists","71":"product_tag-buy-email-database","72":"product_tag-buy-email-list","73":"product_tag-buy-email-list-database","74":"product_tag-companies-email-address-list","75":"product_tag-company-database","76":"product_tag-company-email-address-list","77":"product_tag-compra-base-de-datos","78":"product_tag-comprar-bases-de-datos-mexico","79":"product_tag-correo-de-empresas","80":"product_tag-correos-de-empresas","81":"product_tag-correos-electronicos-de-empresas","82":"product_tag-correos-electronicos-empresas","83":"product_tag-correos-empresariales","84":"product_tag-database","85":"product_tag-directorio-empresarial","86":"product_tag-directorio-empresarial-mexico","87":"product_tag-directorio-empresariales","88":"product_tag-directorio-empresas","89":"product_tag-directorio-mexico","90":"product_tag-directorios-empresarial-latinoamerica","91":"product_tag-directorios-empresas","92":"product_tag-directorios-en-mexico","93":"product_tag-directorios-guadalajara","94":"product_tag-directorios-monterrey","95":"product_tag-e-mail-database","96":"product_tag-email-address-list","97":"product_tag-email-base-de-datos","98":"product_tag-email-database","99":"product_tag-email-de-empresas","100":"product_tag-email-lists","101":"product_tag-email-marketing-list","102":"product_tag-email-marketing-mexico","103":"product_tag-empresa-de-base-de-datos","104":"product_tag-empresas-bases-de-datos","105":"product_tag-empresas-de-base-de-datos","106":"product_tag-list-of-email-addresses","107":"product_tag-lista-de-correos","108":"product_tag-lista-de-correos-electronicos","109":"product_tag-mail-marketing","110":"product_tag-mailing-database","111":"product_tag-mailing-list","112":"product_tag-mails-de-empresas","113":"product_tag-marketing-correo-electronico","114":"product_tag-marketing-lists","115":"product_tag-marketing-mexico","116":"product_tag-mexico-business-directory","118":"first","119":"instock","120":"sale","121":"virtual","122":"purchasable","123":"product-type-simple","124":"entry","125":"content-bg","126":"loop-entry"},"aioseo_notices":[],"_links":{"self":[{"href":"https:\/\/edirectorios.com.mx\/directorios-latinoamerica\/wp-json\/wp\/v2\/product\/35059","targetHints":{"allow":["GET"]}}],"collection":[{"href":"https:\/\/edirectorios.com.mx\/directorios-latinoamerica\/wp-json\/wp\/v2\/product"}],"about":[{"href":"https:\/\/edirectorios.com.mx\/directorios-latinoamerica\/wp-json\/wp\/v2\/types\/product"}],"version-history":[{"count":1,"href":"https:\/\/edirectorios.com.mx\/directorios-latinoamerica\/wp-json\/wp\/v2\/product\/35059\/revisions"}],"predecessor-version":[{"id":35102,"href":"https:\/\/edirectorios.com.mx\/directorios-latinoamerica\/wp-json\/wp\/v2\/product\/35059\/revisions\/35102"}],"wp:featuredmedia":[{"embeddable":true,"href":"https:\/\/edirectorios.com.mx\/directorios-latinoamerica\/wp-json\/wp\/v2\/media\/31282"}],"wp:attachment":[{"href":"https:\/\/edirectorios.com.mx\/directorios-latinoamerica\/wp-json\/wp\/v2\/media?parent=35059"}],"wp:term":[{"taxonomy":"product_brand","embeddable":true,"href":"https:\/\/edirectorios.com.mx\/directorios-latinoamerica\/wp-json\/wp\/v2\/product_brand?post=35059"},{"taxonomy":"product_cat","embeddable":true,"href":"https:\/\/edirectorios.com.mx\/directorios-latinoamerica\/wp-json\/wp\/v2\/product_cat?post=35059"},{"taxonomy":"product_tag","embeddable":true,"href":"https:\/\/edirectorios.com.mx\/directorios-latinoamerica\/wp-json\/wp\/v2\/product_tag?post=35059"},{"taxonomy":"product_brands","embeddable":true,"href":"https:\/\/edirectorios.com.mx\/directorios-latinoamerica\/wp-json\/wp\/v2\/product_brands?post=35059"}],"curies":[{"name":"wp","href":"https:\/\/api.w.org\/{rel}","templated":true}]}}