{"id":35037,"date":"2025-12-12T16:59:27","date_gmt":"2025-12-12T16:59:27","guid":{"rendered":"https:\/\/edirectorios.com.mx\/directorios-latinoamerica\/?post_type=product&#038;p=35037"},"modified":"2025-12-12T17:00:13","modified_gmt":"2025-12-12T17:00:13","slug":"empresas-con-flotillas-de-autos-en-las-ciudades-de-cdmx-guadalajara-monterrey-veracru-y-xalapa","status":"publish","type":"product","link":"https:\/\/edirectorios.com.mx\/directorios-latinoamerica\/product\/empresas-con-flotillas-de-autos-en-las-ciudades-de-cdmx-guadalajara-monterrey-veracru-y-xalapa\/","title":{"rendered":"Empresas con flotillas de autos en las Ciudades de CDMX, Guadalajara, Monterrey, Veracru y Xalapa."},"content":{"rendered":"","protected":false},"excerpt":{"rendered":"<p>&nbsp;<\/p>\n<div class=\"row\">\n<div class=\"col-sm\"><strong>C\u00f3digo:<\/strong> <span style=\"color: #ff0000;\"><strong>QBDB-D5<\/strong><\/span><\/div>\n<div class=\"col-sm\"><strong>N\u00famero de registros: 1000<\/strong><\/div>\n<\/div>\n<div class=\"row\">\n<div class=\"col-sm \"><strong>Folio: <span style=\"color: #ff0000;\">TP0916B100<\/span><\/strong><\/div>\n<\/div>\n<p><strong>Segmentaci\u00f3n:<\/strong><\/p>\n<div class=\"row\">\n<div class=\"col-sm \">Empresas con flotillas de autos y\/o camiones y\/o motocicletas en las Ciudades de: CDMX, Guadalajara, Monterrey, Le\u00f3n, Quer\u00e9taro, San Luis Potos\u00ed, Aguascalientes, Cuernavaca, Pachuca, Toluca, Canc\u00fan, Puebla, Chihuahua, Cd Juarez, Hermosillo, Tijuana, M\u00e9rida, Tuxtla, Veracruz, Xalapa.<\/div>\n<\/div>\n<p><strong>Campos Contenidos:<\/strong><\/p>\n<div class=\"row\">\n<div class=\"col-sm \">Empresa \/ Giro \/ Rango de Motocicletas \/ Rango de Autom\u00f3viles \/ Rango de Camiones \/ Rango de Tractocamiones \/ Rango de Remolques \/ Direcci\u00f3n (Calle, Numero Ext, Colonia, C.P ) \/ Ciudad \/ Estado \/ Contacto \/ Puesto: Director General o Director Log\u00edstica o Director de Operaciones \/ Tel\u00e9fono \/ Email.<\/div>\n<\/div>\n<div class=\"row\">\n<div class=\"col-sm\"><strong>Garant\u00eda: 80%-85%<\/strong>\u00a0<strong>Precio Original:\u00a0<\/strong><del>$1100 USD<\/del>\u00a0<strong>Descuento Especial:<span style=\"color: #ff0000;\">\u00a020<\/span><\/strong><span style=\"color: #ff0000;\"><strong class=\"text-danger\">%<\/strong><\/span><\/div>\n<\/div>\n<div class=\"row\">\n<div class=\"col text-center\"><strong>Total a Pagar:\u00a0<\/strong><span style=\"color: #ff0000;\"><strong class=\"text-danger\">$880 USD<\/strong><\/span><\/div>\n<\/div>\n","protected":false},"featured_media":31203,"template":"","meta":{"_bst_post_transparent":"","_bst_post_title":"","_bst_post_layout":"","_bst_post_sidebar_id":"","_bst_post_content_style":"","_bst_post_vertical_padding":"","_bst_post_feature":"","_bst_post_feature_position":"","_bst_post_header":false,"_bst_post_footer":false},"product_brand":[],"product_cat":[1060,1369],"product_tag":[1062,1182,1306,1363,1063,1064,1065,1184,1315,1067,1068,1069,1211,1070,1071,1072,1074,1075,1076,1077,1078,1079,1155,1080,1081,1082,1083,1084,1085,1086,1216,1339,1088,1090,1356,1312,1188,1476,1093,1270,1217,1358,1095,1097,1098,1099,1101,1102,1103,1104,1178,1105,1106,1107,1108,1109,1111,1112,1113,1115,1117,1118,1166,1167,1120,1121,1122,1123,1124,1126,1218,1314,1133,1134,1135,1136,1137,1138,1139,1140,1142,1144,1145,1205,1206,1172,1173,1174,1175,1146,1337],"product_brands":[],"class_list":{"0":"post-35037","1":"product","2":"type-product","3":"status-publish","4":"has-post-thumbnail","6":"product_cat-empresas-en-mexico","7":"product_cat-industria-automotriz","8":"product_tag-b2c-email-database","9":"product_tag-base-de-datos","10":"product_tag-base-de-datos-aguascalientes","11":"product_tag-base-de-datos-automotriz","12":"product_tag-base-de-datos-campana-de-email-marketing","13":"product_tag-base-de-datos-campanas-de-email-marketing","14":"product_tag-base-de-datos-cancun","15":"product_tag-base-de-datos-cdmx","16":"product_tag-base-de-datos-chihuahua","17":"product_tag-base-de-datos-correo-masivo","18":"product_tag-base-de-datos-correo-masivos","19":"product_tag-base-de-datos-de-director-general","20":"product_tag-base-de-datos-de-empresas-b2b","21":"product_tag-base-de-datos-de-empresas-puebla","22":"product_tag-base-de-datos-direct-e-mail-marketing","23":"product_tag-base-de-datos-director","24":"product_tag-base-de-datos-email-marketer","25":"product_tag-base-de-datos-email-marketing","26":"product_tag-base-de-datos-email-masivos","27":"product_tag-base-de-datos-email-publicidad","28":"product_tag-base-de-datos-email-publicitario","29":"product_tag-base-de-datos-emailing","30":"product_tag-base-de-datos-empresas","31":"product_tag-base-de-datos-empresas-de-email-marketing","32":"product_tag-base-de-datos-enviar-email-masivo","33":"product_tag-base-de-datos-envio-de-email-masivo","34":"product_tag-base-de-datos-envio-masivo-correo","35":"product_tag-base-de-datos-envio-masivo-correos","36":"product_tag-base-de-datos-envio-masivo-de-emails","37":"product_tag-base-de-datos-envios-de-correo-masivos","38":"product_tag-base-de-datos-guadalajara","39":"product_tag-base-de-datos-logistica","40":"product_tag-base-de-datos-marketing","41":"product_tag-base-de-datos-marketing-por-email","42":"product_tag-base-de-datos-merida","43":"product_tag-base-de-datos-monterrey","44":"product_tag-base-de-datos-nuevo-leon","45":"product_tag-base-de-datos-pachuca","46":"product_tag-base-de-datos-publicidad-por-email","47":"product_tag-base-de-datos-queretaro","48":"product_tag-base-de-datos-san-luis-potosi","49":"product_tag-base-de-datos-toluca","50":"product_tag-base-de-datos-veracruz","51":"product_tag-bases-de-datos-correos","52":"product_tag-bases-de-datos-correos-electronicos","53":"product_tag-bases-de-datos-de-emails","54":"product_tag-bases-de-datos-de-telefonos","55":"product_tag-bases-de-datos-email","56":"product_tag-bases-de-datos-email-empresas","57":"product_tag-bases-de-datos-emailing","58":"product_tag-bases-de-datos-industrias","59":"product_tag-bases-de-datos-numeros-de-telefonos","60":"product_tag-bases-de-datos-telefono","61":"product_tag-bases-de-datos-telefonos-fijos","62":"product_tag-bases-de-datos-veracruz","63":"product_tag-business-contact-lists","64":"product_tag-business-email-database","65":"product_tag-business-email-list","66":"product_tag-business-email-lists","67":"product_tag-business-mailing-lists","68":"product_tag-buy-email-list","69":"product_tag-buy-email-list-database","70":"product_tag-companies-email-address-list","71":"product_tag-company-email-address-list","72":"product_tag-correo-de-empresas","73":"product_tag-correos-de-empresas","74":"product_tag-correos-electronicos-de-empresas","75":"product_tag-correos-electronicos-empresas","76":"product_tag-correos-empresariales","77":"product_tag-directorio-emailing","78":"product_tag-directorios-guadalajara","79":"product_tag-directorios-monterrey","80":"product_tag-email-address-list","81":"product_tag-email-database","82":"product_tag-email-lists","83":"product_tag-email-marketing-list","84":"product_tag-list-of-email-addresses","85":"product_tag-lista-de-correos","86":"product_tag-lista-de-correos-electronicos","87":"product_tag-mail-marketing","88":"product_tag-mailing-list","89":"product_tag-marketing-correo-electronico","90":"product_tag-marketing-lists","91":"product_tag-nuevo-leon-database","92":"product_tag-phone","93":"product_tag-phone-database","94":"product_tag-phone-lists","95":"product_tag-phone-number","96":"product_tag-phone-number-list","97":"product_tag-publicidad-por-base-de-datos-correo-electronico","98":"product_tag-queretaro","100":"first","101":"instock","102":"sale","103":"shipping-taxable","104":"purchasable","105":"product-type-simple","106":"entry","107":"content-bg","108":"loop-entry"},"aioseo_notices":[],"_links":{"self":[{"href":"https:\/\/edirectorios.com.mx\/directorios-latinoamerica\/wp-json\/wp\/v2\/product\/35037","targetHints":{"allow":["GET"]}}],"collection":[{"href":"https:\/\/edirectorios.com.mx\/directorios-latinoamerica\/wp-json\/wp\/v2\/product"}],"about":[{"href":"https:\/\/edirectorios.com.mx\/directorios-latinoamerica\/wp-json\/wp\/v2\/types\/product"}],"version-history":[{"count":1,"href":"https:\/\/edirectorios.com.mx\/directorios-latinoamerica\/wp-json\/wp\/v2\/product\/35037\/revisions"}],"predecessor-version":[{"id":35086,"href":"https:\/\/edirectorios.com.mx\/directorios-latinoamerica\/wp-json\/wp\/v2\/product\/35037\/revisions\/35086"}],"wp:featuredmedia":[{"embeddable":true,"href":"https:\/\/edirectorios.com.mx\/directorios-latinoamerica\/wp-json\/wp\/v2\/media\/31203"}],"wp:attachment":[{"href":"https:\/\/edirectorios.com.mx\/directorios-latinoamerica\/wp-json\/wp\/v2\/media?parent=35037"}],"wp:term":[{"taxonomy":"product_brand","embeddable":true,"href":"https:\/\/edirectorios.com.mx\/directorios-latinoamerica\/wp-json\/wp\/v2\/product_brand?post=35037"},{"taxonomy":"product_cat","embeddable":true,"href":"https:\/\/edirectorios.com.mx\/directorios-latinoamerica\/wp-json\/wp\/v2\/product_cat?post=35037"},{"taxonomy":"product_tag","embeddable":true,"href":"https:\/\/edirectorios.com.mx\/directorios-latinoamerica\/wp-json\/wp\/v2\/product_tag?post=35037"},{"taxonomy":"product_brands","embeddable":true,"href":"https:\/\/edirectorios.com.mx\/directorios-latinoamerica\/wp-json\/wp\/v2\/product_brands?post=35037"}],"curies":[{"name":"wp","href":"https:\/\/api.w.org\/{rel}","templated":true}]}}