{"id":35002,"date":"2025-12-12T16:59:02","date_gmt":"2025-12-12T16:59:02","guid":{"rendered":"https:\/\/edirectorios.com.mx\/directorios-latinoamerica\/?post_type=product&#038;p=35002"},"modified":"2025-12-12T16:59:38","modified_gmt":"2025-12-12T16:59:38","slug":"personas-fisicas-en-los-municipios-de-veracruz-boca-del-rio-jose-cardel-y-la-antigua-en-el-centro-del-estado-de-veracruz","status":"publish","type":"product","link":"https:\/\/edirectorios.com.mx\/directorios-latinoamerica\/product\/personas-fisicas-en-los-municipios-de-veracruz-boca-del-rio-jose-cardel-y-la-antigua-en-el-centro-del-estado-de-veracruz\/","title":{"rendered":"Personas f\u00edsicas en los municipios de Veracruz, Boca del R\u00edo, Jos\u00e9 Cardel y La Antigua, en el Centro del Estado de Veracruz."},"content":{"rendered":"","protected":false},"excerpt":{"rendered":"<p>&nbsp;<\/p>\n<div class=\"row\">\n<div class=\"col-sm\"><strong>C\u00f3digo:<\/strong> <strong class=\"text-danger\">EBNB-N5<\/strong><\/div>\n<div class=\"col-sm\"><strong>N\u00famero de registros:\u00a0<\/strong>1,500<\/div>\n<\/div>\n<div class=\"row\">\n<div class=\"col-sm \"><strong>Folio: <\/strong><span class=\"text-danger\">BA0102B009<\/span><\/div>\n<\/div>\n<p><strong>Segmentaci\u00f3n:<\/strong><\/p>\n<div class=\"row\">\n<div class=\"col-sm \"><span class=\"text-justify\">Personas f\u00edsicas, mayores de edad, econ\u00f3micamente activas que sean tarjetahabientes en los municipios de Veracruz, Boca del R\u00edo, Jos\u00e9 Cardel y La Antigua, en el Centro del Estado de Veracruz.<\/span><\/div>\n<\/div>\n<p><strong>Campos Contenidos:<\/strong><\/p>\n<div class=\"row\">\n<div class=\"col-sm \"><span class=\"text-justify\">Nombre \/ Tel\u00e9fono fijo.<\/span><\/div>\n<\/div>\n<div class=\"row\">\n<div class=\"col-sm\"><strong>Garant\u00eda:\u00a0<\/strong>80%-85%\u00a0<strong>Precio Original:\u00a0<\/strong><del>$324 USD<\/del>\u00a0<strong>Descuento Especial:\u00a0<\/strong><strong class=\"text-danger\">20%<\/strong><\/div>\n<\/div>\n<div class=\"row\">\n<div class=\"col text-center\"><strong>Total a Pagar:\u00a0<\/strong><strong class=\"text-danger\">$259 USD<\/strong><\/div>\n<\/div>\n","protected":false},"featured_media":31224,"template":"","meta":{"_bst_post_transparent":"","_bst_post_title":"","_bst_post_layout":"","_bst_post_sidebar_id":"","_bst_post_content_style":"","_bst_post_vertical_padding":"","_bst_post_feature":"","_bst_post_feature_position":"","_bst_post_header":false,"_bst_post_footer":false},"product_brand":[],"product_cat":[1180],"product_tag":[1186,1187,1095,1101,1105,1106,1107,1108,1206,1172,1173,1174,1175,1149],"product_brands":[],"class_list":{"0":"post-35002","1":"product","2":"type-product","3":"status-publish","4":"has-post-thumbnail","6":"product_cat-personas-en-mexico","7":"product_tag-base-de-datos-de-personas-fisicas","8":"product_tag-base-de-datos-de-tarjetahabientes","9":"product_tag-base-de-datos-veracruz","10":"product_tag-bases-de-datos-de-telefonos","11":"product_tag-bases-de-datos-numeros-de-telefonos","12":"product_tag-bases-de-datos-telefono","13":"product_tag-bases-de-datos-telefonos-fijos","14":"product_tag-bases-de-datos-veracruz","15":"product_tag-phone","16":"product_tag-phone-database","17":"product_tag-phone-lists","18":"product_tag-phone-number","19":"product_tag-phone-number-list","20":"product_tag-telefono","22":"first","23":"instock","24":"sale","25":"virtual","26":"purchasable","27":"product-type-simple","28":"entry","29":"content-bg","30":"loop-entry"},"aioseo_notices":[],"_links":{"self":[{"href":"https:\/\/edirectorios.com.mx\/directorios-latinoamerica\/wp-json\/wp\/v2\/product\/35002","targetHints":{"allow":["GET"]}}],"collection":[{"href":"https:\/\/edirectorios.com.mx\/directorios-latinoamerica\/wp-json\/wp\/v2\/product"}],"about":[{"href":"https:\/\/edirectorios.com.mx\/directorios-latinoamerica\/wp-json\/wp\/v2\/types\/product"}],"version-history":[{"count":1,"href":"https:\/\/edirectorios.com.mx\/directorios-latinoamerica\/wp-json\/wp\/v2\/product\/35002\/revisions"}],"predecessor-version":[{"id":35050,"href":"https:\/\/edirectorios.com.mx\/directorios-latinoamerica\/wp-json\/wp\/v2\/product\/35002\/revisions\/35050"}],"wp:featuredmedia":[{"embeddable":true,"href":"https:\/\/edirectorios.com.mx\/directorios-latinoamerica\/wp-json\/wp\/v2\/media\/31224"}],"wp:attachment":[{"href":"https:\/\/edirectorios.com.mx\/directorios-latinoamerica\/wp-json\/wp\/v2\/media?parent=35002"}],"wp:term":[{"taxonomy":"product_brand","embeddable":true,"href":"https:\/\/edirectorios.com.mx\/directorios-latinoamerica\/wp-json\/wp\/v2\/product_brand?post=35002"},{"taxonomy":"product_cat","embeddable":true,"href":"https:\/\/edirectorios.com.mx\/directorios-latinoamerica\/wp-json\/wp\/v2\/product_cat?post=35002"},{"taxonomy":"product_tag","embeddable":true,"href":"https:\/\/edirectorios.com.mx\/directorios-latinoamerica\/wp-json\/wp\/v2\/product_tag?post=35002"},{"taxonomy":"product_brands","embeddable":true,"href":"https:\/\/edirectorios.com.mx\/directorios-latinoamerica\/wp-json\/wp\/v2\/product_brands?post=35002"}],"curies":[{"name":"wp","href":"https:\/\/api.w.org\/{rel}","templated":true}]}}