{"id":34994,"date":"2025-12-12T16:59:01","date_gmt":"2025-12-12T16:59:01","guid":{"rendered":"https:\/\/edirectorios.com.mx\/directorios-latinoamerica\/?post_type=product&#038;p=34994"},"modified":"2025-12-12T16:59:23","modified_gmt":"2025-12-12T16:59:23","slug":"empresas-privadas-no-gubernamentales-con-100-o-mas-empleados","status":"publish","type":"product","link":"https:\/\/edirectorios.com.mx\/directorios-latinoamerica\/product\/empresas-privadas-no-gubernamentales-con-100-o-mas-empleados\/","title":{"rendered":"Empresas privadas (no gubernamentales), con 100 o m\u00e1s empleados."},"content":{"rendered":"","protected":false},"excerpt":{"rendered":"<p>&nbsp;<\/p>\n<div class=\"row\">\n<div class=\"col-sm\"><strong>C\u00f3digo:<\/strong> <strong class=\"text-danger\">ROED-C5<\/strong><\/div>\n<div class=\"col-sm\"><strong>N\u00famero de registros: <\/strong>300<\/div>\n<\/div>\n<div class=\"row\">\n<div class=\"col-sm \"><strong>Folio: <\/strong><span class=\"text-danger\">03EDER0120-022 <\/span><\/div>\n<\/div>\n<p><strong>Segmentaci\u00f3n:<\/strong><\/p>\n<div class=\"row\">\n<div class=\"col-sm \"><span class=\"text-justify\">Empresas privadas (no gubernamentales), con 100 o m\u00e1s empleados en los estados de Guanajuato (100 registros), Nuevo Le\u00f3n (100 registros), Quer\u00e9taro (50 registros) y la Ciudad de Tijuana (50 registros).<\/span><\/div>\n<\/div>\n<p><strong>Campos Contenidos:<\/strong><\/p>\n<div class=\"row\">\n<div class=\"col-sm \"><span class=\"text-justify\">Empresa \/ Giro \/ Direcci\u00f3n \/ Ciudad \/ Estado \/ Contacto \/ Puesto: Director General o Socios o Directivos o Gerentes Generales o Tomador de decisi\u00f3n\/ Tel\u00e9fono \/ Email \/ P\u00e1gina web*opcional.<\/span><\/div>\n<\/div>\n<div class=\"row\">\n<div class=\"col-sm\">\n<p><strong>Garant\u00eda: <\/strong>80%-85%<\/p>\n<p><strong>Precio Original: <\/strong><del>$142 USD<\/del><\/p>\n<p><strong>Descuento Especial: <\/strong><strong class=\"text-danger\">20%<\/strong><\/p>\n<\/div>\n<\/div>\n<div class=\"row\">\n<div class=\"col text-center\"><strong>Total a Pagar: <\/strong><strong class=\"text-danger\">$113 USD<\/strong><\/div>\n<\/div>\n","protected":false},"featured_media":31013,"template":"","meta":{"_bst_post_transparent":"","_bst_post_title":"","_bst_post_layout":"","_bst_post_sidebar_id":"","_bst_post_content_style":"","_bst_post_vertical_padding":"","_bst_post_feature":"","_bst_post_feature_position":"","_bst_post_header":false,"_bst_post_footer":false},"product_brand":[],"product_cat":[1379,1060],"product_tag":[1062,1182,1063,1064,1067,1068,1152,1069,1211,1153,1071,1074,1075,1076,1077,1078,1079,1155,1080,1081,1082,1157,1083,1084,1085,1158,1086,1159,1160,1269,1088,1089,1090,1188,1092,1093,1270,1163,1097,1098,1099,1100,1101,1102,1104,1226,1178,1165,1105,1228,1106,1107,1229,1111,1114,1116,1117,1118,1119,1167,1170,1254,1133,1135,1136,1220,1137,1138,1139,1140,1142,1144,1145,1205,1206,1172,1173,1174,1175,1146,1337,1149,1472],"product_brands":[],"class_list":{"0":"post-34994","1":"product","2":"type-product","3":"status-publish","4":"has-post-thumbnail","6":"product_cat-con-mas-de-100-empleados","7":"product_cat-empresas-en-mexico","8":"product_tag-b2c-email-database","9":"product_tag-base-de-datos","10":"product_tag-base-de-datos-campana-de-email-marketing","11":"product_tag-base-de-datos-campanas-de-email-marketing","12":"product_tag-base-de-datos-correo-masivo","13":"product_tag-base-de-datos-correo-masivos","14":"product_tag-base-de-datos-de-directivos","15":"product_tag-base-de-datos-de-director-general","16":"product_tag-base-de-datos-de-empresas-b2b","17":"product_tag-base-de-datos-de-tomador-de-decision","18":"product_tag-base-de-datos-direct-e-mail-marketing","19":"product_tag-base-de-datos-email-marketer","20":"product_tag-base-de-datos-email-marketing","21":"product_tag-base-de-datos-email-masivos","22":"product_tag-base-de-datos-email-publicidad","23":"product_tag-base-de-datos-email-publicitario","24":"product_tag-base-de-datos-emailing","25":"product_tag-base-de-datos-empresas","26":"product_tag-base-de-datos-empresas-de-email-marketing","27":"product_tag-base-de-datos-enviar-email-masivo","28":"product_tag-base-de-datos-envio-de-email-masivo","29":"product_tag-base-de-datos-envio-masivo","30":"product_tag-base-de-datos-envio-masivo-correo","31":"product_tag-base-de-datos-envio-masivo-correos","32":"product_tag-base-de-datos-envio-masivo-de-emails","33":"product_tag-base-de-datos-envio-masivos","34":"product_tag-base-de-datos-envios-de-correo-masivos","35":"product_tag-base-de-datos-envios-masivos","36":"product_tag-base-de-datos-gerente","37":"product_tag-base-de-datos-guanajuato","38":"product_tag-base-de-datos-marketing","39":"product_tag-base-de-datos-marketing-por-e-mail","40":"product_tag-base-de-datos-marketing-por-email","41":"product_tag-base-de-datos-nuevo-leon","42":"product_tag-base-de-datos-para-marketing","43":"product_tag-base-de-datos-publicidad-por-email","44":"product_tag-base-de-datos-queretaro","45":"product_tag-base-de-datos-socio","46":"product_tag-bases-de-datos-correos","47":"product_tag-bases-de-datos-correos-electronicos","48":"product_tag-bases-de-datos-de-emails","49":"product_tag-bases-de-datos-de-marketing","50":"product_tag-bases-de-datos-de-telefonos","51":"product_tag-bases-de-datos-email","52":"product_tag-bases-de-datos-emailing","53":"product_tag-bases-de-datos-emails","54":"product_tag-bases-de-datos-industrias","55":"product_tag-bases-de-datos-mailing","56":"product_tag-bases-de-datos-numeros-de-telefonos","57":"product_tag-bases-de-datos-para-ventas","58":"product_tag-bases-de-datos-telefono","59":"product_tag-bases-de-datos-telefonos-fijos","60":"product_tag-big-corporates-database","61":"product_tag-business-email-database","62":"product_tag-business-mailing-database","63":"product_tag-buy-email-database","64":"product_tag-buy-email-list","65":"product_tag-buy-email-list-database","66":"product_tag-company-database","67":"product_tag-company-email-address-list","68":"product_tag-database","69":"product_tag-databases","70":"product_tag-email-address-list","71":"product_tag-email-lists","72":"product_tag-email-marketing-list","73":"product_tag-gerentes","74":"product_tag-list-of-email-addresses","75":"product_tag-lista-de-correos","76":"product_tag-lista-de-correos-electronicos","77":"product_tag-mail-marketing","78":"product_tag-mailing-list","79":"product_tag-marketing-correo-electronico","80":"product_tag-marketing-lists","81":"product_tag-nuevo-leon-database","82":"product_tag-phone","83":"product_tag-phone-database","84":"product_tag-phone-lists","85":"product_tag-phone-number","86":"product_tag-phone-number-list","87":"product_tag-publicidad-por-base-de-datos-correo-electronico","88":"product_tag-queretaro","89":"product_tag-telefono","90":"product_tag-tijuana","92":"first","93":"instock","94":"sale","95":"virtual","96":"purchasable","97":"product-type-simple","98":"entry","99":"content-bg","100":"loop-entry"},"aioseo_notices":[],"_links":{"self":[{"href":"https:\/\/edirectorios.com.mx\/directorios-latinoamerica\/wp-json\/wp\/v2\/product\/34994","targetHints":{"allow":["GET"]}}],"collection":[{"href":"https:\/\/edirectorios.com.mx\/directorios-latinoamerica\/wp-json\/wp\/v2\/product"}],"about":[{"href":"https:\/\/edirectorios.com.mx\/directorios-latinoamerica\/wp-json\/wp\/v2\/types\/product"}],"version-history":[{"count":1,"href":"https:\/\/edirectorios.com.mx\/directorios-latinoamerica\/wp-json\/wp\/v2\/product\/34994\/revisions"}],"predecessor-version":[{"id":35024,"href":"https:\/\/edirectorios.com.mx\/directorios-latinoamerica\/wp-json\/wp\/v2\/product\/34994\/revisions\/35024"}],"wp:featuredmedia":[{"embeddable":true,"href":"https:\/\/edirectorios.com.mx\/directorios-latinoamerica\/wp-json\/wp\/v2\/media\/31013"}],"wp:attachment":[{"href":"https:\/\/edirectorios.com.mx\/directorios-latinoamerica\/wp-json\/wp\/v2\/media?parent=34994"}],"wp:term":[{"taxonomy":"product_brand","embeddable":true,"href":"https:\/\/edirectorios.com.mx\/directorios-latinoamerica\/wp-json\/wp\/v2\/product_brand?post=34994"},{"taxonomy":"product_cat","embeddable":true,"href":"https:\/\/edirectorios.com.mx\/directorios-latinoamerica\/wp-json\/wp\/v2\/product_cat?post=34994"},{"taxonomy":"product_tag","embeddable":true,"href":"https:\/\/edirectorios.com.mx\/directorios-latinoamerica\/wp-json\/wp\/v2\/product_tag?post=34994"},{"taxonomy":"product_brands","embeddable":true,"href":"https:\/\/edirectorios.com.mx\/directorios-latinoamerica\/wp-json\/wp\/v2\/product_brands?post=34994"}],"curies":[{"name":"wp","href":"https:\/\/api.w.org\/{rel}","templated":true}]}}