{"id":34993,"date":"2025-12-12T16:59:01","date_gmt":"2025-12-12T16:59:01","guid":{"rendered":"https:\/\/edirectorios.com.mx\/directorios-latinoamerica\/?post_type=product&#038;p=34993"},"modified":"2025-12-12T16:59:21","modified_gmt":"2025-12-12T16:59:21","slug":"senoras-de-25-a-60-anos-en-estado-de-nuevo-leon-estado-de-tamaulipas-coahuila-y-estado-de-san-luis-potosi","status":"publish","type":"product","link":"https:\/\/edirectorios.com.mx\/directorios-latinoamerica\/product\/senoras-de-25-a-60-anos-en-estado-de-nuevo-leon-estado-de-tamaulipas-coahuila-y-estado-de-san-luis-potosi\/","title":{"rendered":"Se\u00f1oras de 25 a 60 a\u00f1os, en Estado de Nuevo Le\u00f3n, Estado de Tamaulipas, Coahuila y Estado de San Luis Potos\u00ed."},"content":{"rendered":"","protected":false},"excerpt":{"rendered":"<p>&nbsp;<\/p>\n<div class=\"row\">\n<div class=\"col-sm\"><strong>C\u00f3digo:<\/strong> <strong class=\"text-danger\">GSNF-O0<\/strong><\/div>\n<div class=\"col-sm\"><strong>N\u00famero de registros: <\/strong>1200<\/div>\n<\/div>\n<div class=\"row\">\n<div class=\"col-sm \"><strong>Folio: <\/strong><span class=\"text-danger\">03VIFM0918-086<\/span><\/div>\n<\/div>\n<p><strong>Segmentaci\u00f3n:<\/strong><\/p>\n<div class=\"row\">\n<div class=\"col-sm \">Se\u00f1oras de 25 a 60 a\u00f1os de edad, econ\u00f3micamente activas en los siguientes Mpios. de: Santiago, El \u00c1lamo, Allende, Montemorelos, Linares, Galeana, Chipinque, Carretera Nacional, Escobedo, Pesquer\u00eda y a Apodaca del Estado de Nuevo Le\u00f3n. En las Ciudades de: Ciudad Victoria, Reynosa, R\u00edo Bravo, Tampico, Jim\u00e9nez y Abasolo del Estado de Tamaulipas. En las Ciudades de: Tampico Alto, Poza Rica y Tuxpan. En la Ciudad de Saltillo, Coahuila. En la Ciudad de Matehuala y San Luis Potos\u00ed, del Estado de San Luis Potos\u00ed.<\/div>\n<\/div>\n<p><strong>Campos Contenidos:<\/strong><\/p>\n<div class=\"row\">\n<div class=\"col-sm \">Nombre \/ Direcci\u00f3n \/ Ciudad \/ Estado \/ Tel\u00e9fono celular \/ Email.<\/div>\n<\/div>\n<div class=\"row\">\n<div class=\"col-sm\"><strong>Garant\u00eda:\u00a0<\/strong>75%-85%\u00a0<strong>Precio Original:<del>\u00a0<\/del><\/strong><del>$604 USD<\/del>\u00a0<strong>Descuento Especial:\u00a0<\/strong><strong class=\"text-danger\">25%<\/strong><\/div>\n<\/div>\n<div class=\"row\">\n<div class=\"col text-center\"><strong>Total a Pagar:\u00a0<\/strong><strong class=\"text-danger\">$453 USD<\/strong><\/div>\n<\/div>\n","protected":false},"featured_media":31224,"template":"","meta":{"_bst_post_transparent":"","_bst_post_title":"","_bst_post_layout":"","_bst_post_sidebar_id":"","_bst_post_content_style":"","_bst_post_vertical_padding":"","_bst_post_feature":"","_bst_post_feature_position":"","_bst_post_header":false,"_bst_post_footer":false},"product_brand":[],"product_cat":[1180],"product_tag":[1062,1182,1063,1064,1404,1067,1068,1294,1405,1071,1074,1075,1076,1077,1078,1079,1081,1082,1157,1083,1084,1085,1158,1086,1159,1088,1089,1090,1188,1295,1092,1093,1217,1406,1097,1098,1099,1100,1102,1104,1226,1165,1228,1190,1116,1117,1118,1191,1192,1193,1194,1195,1196,1197,1198,1199,1200,1170,1133,1135,1136,1137,1138,1139,1296,1140,1142,1144,1145,1407,1297,1298,1299,1300,1301,1302,1205,1303,1146],"product_brands":[],"class_list":{"0":"post-34993","1":"product","2":"type-product","3":"status-publish","4":"has-post-thumbnail","6":"product_cat-personas-en-mexico","7":"product_tag-b2c-email-database","8":"product_tag-base-de-datos","9":"product_tag-base-de-datos-campana-de-email-marketing","10":"product_tag-base-de-datos-campanas-de-email-marketing","11":"product_tag-base-de-datos-celulares","12":"product_tag-base-de-datos-correo-masivo","13":"product_tag-base-de-datos-correo-masivos","14":"product_tag-base-de-datos-de-numeros-celulares","15":"product_tag-base-de-datos-de-telefonos-moviles","16":"product_tag-base-de-datos-direct-e-mail-marketing","17":"product_tag-base-de-datos-email-marketer","18":"product_tag-base-de-datos-email-marketing","19":"product_tag-base-de-datos-email-masivos","20":"product_tag-base-de-datos-email-publicidad","21":"product_tag-base-de-datos-email-publicitario","22":"product_tag-base-de-datos-emailing","23":"product_tag-base-de-datos-enviar-email-masivo","24":"product_tag-base-de-datos-envio-de-email-masivo","25":"product_tag-base-de-datos-envio-masivo","26":"product_tag-base-de-datos-envio-masivo-correo","27":"product_tag-base-de-datos-envio-masivo-correos","28":"product_tag-base-de-datos-envio-masivo-de-emails","29":"product_tag-base-de-datos-envio-masivos","30":"product_tag-base-de-datos-envios-de-correo-masivos","31":"product_tag-base-de-datos-envios-masivos","32":"product_tag-base-de-datos-marketing","33":"product_tag-base-de-datos-marketing-por-e-mail","34":"product_tag-base-de-datos-marketing-por-email","35":"product_tag-base-de-datos-nuevo-leon","36":"product_tag-base-de-datos-numeros-de-telefonos-celulares","37":"product_tag-base-de-datos-para-marketing","38":"product_tag-base-de-datos-publicidad-por-email","39":"product_tag-base-de-datos-san-luis-potosi","40":"product_tag-base-de-datos-telefonos-moviles","41":"product_tag-bases-de-datos-correos","42":"product_tag-bases-de-datos-correos-electronicos","43":"product_tag-bases-de-datos-de-emails","44":"product_tag-bases-de-datos-de-marketing","45":"product_tag-bases-de-datos-email","46":"product_tag-bases-de-datos-emailing","47":"product_tag-bases-de-datos-emails","48":"product_tag-bases-de-datos-mailing","49":"product_tag-bases-de-datos-para-ventas","50":"product_tag-big-consumer-database","51":"product_tag-buy-email-database","52":"product_tag-buy-email-list","53":"product_tag-buy-email-list-database","54":"product_tag-consumer-contact-lists","55":"product_tag-consumer-database","56":"product_tag-consumer-directory","57":"product_tag-consumer-email-database","58":"product_tag-consumer-email-list","59":"product_tag-consumer-email-lists","60":"product_tag-consumer-list","61":"product_tag-consumer-mailing-database","62":"product_tag-consumer-mailing-list","63":"product_tag-consumer-mailing-lists","64":"product_tag-database","65":"product_tag-email-address-list","66":"product_tag-email-lists","67":"product_tag-email-marketing-list","68":"product_tag-list-of-email-addresses","69":"product_tag-lista-de-correos","70":"product_tag-lista-de-correos-electronicos","71":"product_tag-lista-de-numeros-de-telefonos-celulares","72":"product_tag-mail-marketing","73":"product_tag-mailing-list","74":"product_tag-marketing-correo-electronico","75":"product_tag-marketing-lists","76":"product_tag-mobile","77":"product_tag-mobile-database","78":"product_tag-mobile-directory","79":"product_tag-mobile-list","80":"product_tag-mobile-number-database","81":"product_tag-mobile-number-list","82":"product_tag-mobile-phone-number","83":"product_tag-nuevo-leon-database","84":"product_tag-numeros-de-telefonos-celulares","85":"product_tag-publicidad-por-base-de-datos-correo-electronico","87":"first","88":"instock","89":"sale","90":"virtual","91":"purchasable","92":"product-type-simple","93":"entry","94":"content-bg","95":"loop-entry"},"aioseo_notices":[],"_links":{"self":[{"href":"https:\/\/edirectorios.com.mx\/directorios-latinoamerica\/wp-json\/wp\/v2\/product\/34993","targetHints":{"allow":["GET"]}}],"collection":[{"href":"https:\/\/edirectorios.com.mx\/directorios-latinoamerica\/wp-json\/wp\/v2\/product"}],"about":[{"href":"https:\/\/edirectorios.com.mx\/directorios-latinoamerica\/wp-json\/wp\/v2\/types\/product"}],"version-history":[{"count":1,"href":"https:\/\/edirectorios.com.mx\/directorios-latinoamerica\/wp-json\/wp\/v2\/product\/34993\/revisions"}],"predecessor-version":[{"id":35023,"href":"https:\/\/edirectorios.com.mx\/directorios-latinoamerica\/wp-json\/wp\/v2\/product\/34993\/revisions\/35023"}],"wp:featuredmedia":[{"embeddable":true,"href":"https:\/\/edirectorios.com.mx\/directorios-latinoamerica\/wp-json\/wp\/v2\/media\/31224"}],"wp:attachment":[{"href":"https:\/\/edirectorios.com.mx\/directorios-latinoamerica\/wp-json\/wp\/v2\/media?parent=34993"}],"wp:term":[{"taxonomy":"product_brand","embeddable":true,"href":"https:\/\/edirectorios.com.mx\/directorios-latinoamerica\/wp-json\/wp\/v2\/product_brand?post=34993"},{"taxonomy":"product_cat","embeddable":true,"href":"https:\/\/edirectorios.com.mx\/directorios-latinoamerica\/wp-json\/wp\/v2\/product_cat?post=34993"},{"taxonomy":"product_tag","embeddable":true,"href":"https:\/\/edirectorios.com.mx\/directorios-latinoamerica\/wp-json\/wp\/v2\/product_tag?post=34993"},{"taxonomy":"product_brands","embeddable":true,"href":"https:\/\/edirectorios.com.mx\/directorios-latinoamerica\/wp-json\/wp\/v2\/product_brands?post=34993"}],"curies":[{"name":"wp","href":"https:\/\/api.w.org\/{rel}","templated":true}]}}