{"id":34930,"date":"2025-12-12T16:58:11","date_gmt":"2025-12-12T16:58:11","guid":{"rendered":"https:\/\/edirectorios.com.mx\/directorios-latinoamerica\/?post_type=product&#038;p=34930"},"modified":"2025-12-12T16:58:38","modified_gmt":"2025-12-12T16:58:38","slug":"empresas-mas-importantes-de-los-sectores-petroleo-mineria-servicios-publicos-e-industrias-y-servicios-a-nivel-nacional","status":"publish","type":"product","link":"https:\/\/edirectorios.com.mx\/directorios-latinoamerica\/product\/empresas-mas-importantes-de-los-sectores-petroleo-mineria-servicios-publicos-e-industrias-y-servicios-a-nivel-nacional\/","title":{"rendered":"Empresas m\u00e1s importantes de los  sectores: petr\u00f3leo, miner\u00eda, servicios p\u00fablicos e industrias y servicios a Nivel Nacional."},"content":{"rendered":"","protected":false},"excerpt":{"rendered":"<p>&nbsp;<\/p>\n<div class=\"row\">\n<div class=\"col-sm\"><strong>C\u00f3digo:<\/strong> <strong class=\"text-danger\">JSTJ-D3<\/strong><\/div>\n<div class=\"col-sm\"><strong>N\u00famero de registros: <\/strong>300<\/div>\n<\/div>\n<div class=\"row\">\n<div class=\"col-sm \"><strong>Folio: <\/strong><span class=\"text-danger\">03ACIIR1018-080<\/span><\/div>\n<\/div>\n<p><strong>Segmentaci\u00f3n:<\/strong><\/p>\n<div class=\"row\">\n<div class=\"col-sm \"><span class=\"text-justify\">Empresas m\u00e1s importantes de los diferentes sectores de: petr\u00f3leo, miner\u00eda, servicios p\u00fablicos e industrias y servicios a Nivel Nacional.<\/span><\/div>\n<\/div>\n<p><strong>Campos Contenidos:<\/strong><\/p>\n<div class=\"row\">\n<div class=\"col-sm \"><span class=\"text-justify\">Empresa \/ Giro \/ Direcci\u00f3n \/ Ciudad \/ Estado \/ Contacto \/ Puesto: Director de Abastecimiento o Director de Compras o Gerente de Compras o Supply Chain Manager o Procurement Manager \/ Tel\u00e9fono Fijo \/ Email<\/span><\/div>\n<\/div>\n<div class=\"row\">\n<div class=\"col-sm\"><strong>Garant\u00eda:\u00a0<\/strong>75%-85%\u00a0<strong>Precio Original:\u00a0<\/strong><del>$246 USD<\/del>\u00a0<strong>Descuento Especial:\u00a0<\/strong><strong class=\"text-danger\">25%<\/strong><\/div>\n<\/div>\n<div class=\"row\">\n<div class=\"col text-center\"><strong>Total a Pagar:\u00a0<\/strong><strong class=\"text-danger\">$197 USD<\/strong><\/div>\n<\/div>\n","protected":false},"featured_media":31013,"template":"","meta":{"_bst_post_transparent":"","_bst_post_title":"","_bst_post_layout":"","_bst_post_sidebar_id":"","_bst_post_content_style":"","_bst_post_vertical_padding":"","_bst_post_feature":"","_bst_post_feature_position":"","_bst_post_header":false,"_bst_post_footer":false},"product_brand":[],"product_cat":[1060],"product_tag":[1062,1182,1063,1064,1067,1068,1211,1418,1071,1072,1074,1075,1076,1077,1078,1079,1155,1080,1081,1082,1157,1083,1084,1085,1158,1086,1159,1160,1088,1089,1090,1224,1092,1093,1097,1098,1099,1100,1101,1102,1104,1226,1178,1165,1105,1228,1106,1107,1229,1110,1111,1114,1116,1117,1118,1119,1167,1170,1254,1126,1127,1129,1130,1131,1133,1135,1136,1137,1138,1139,1140,1142,1471,1144,1145,1230,1206,1172,1173,1174,1175,1146,1149],"product_brands":[],"class_list":{"0":"post-34930","1":"product","2":"type-product","3":"status-publish","4":"has-post-thumbnail","6":"product_cat-empresas-en-mexico","7":"product_tag-b2c-email-database","8":"product_tag-base-de-datos","9":"product_tag-base-de-datos-campana-de-email-marketing","10":"product_tag-base-de-datos-campanas-de-email-marketing","11":"product_tag-base-de-datos-correo-masivo","12":"product_tag-base-de-datos-correo-masivos","13":"product_tag-base-de-datos-de-empresas-b2b","14":"product_tag-base-de-datos-de-mineria","15":"product_tag-base-de-datos-direct-e-mail-marketing","16":"product_tag-base-de-datos-director","17":"product_tag-base-de-datos-email-marketer","18":"product_tag-base-de-datos-email-marketing","19":"product_tag-base-de-datos-email-masivos","20":"product_tag-base-de-datos-email-publicidad","21":"product_tag-base-de-datos-email-publicitario","22":"product_tag-base-de-datos-emailing","23":"product_tag-base-de-datos-empresas","24":"product_tag-base-de-datos-empresas-de-email-marketing","25":"product_tag-base-de-datos-enviar-email-masivo","26":"product_tag-base-de-datos-envio-de-email-masivo","27":"product_tag-base-de-datos-envio-masivo","28":"product_tag-base-de-datos-envio-masivo-correo","29":"product_tag-base-de-datos-envio-masivo-correos","30":"product_tag-base-de-datos-envio-masivo-de-emails","31":"product_tag-base-de-datos-envio-masivos","32":"product_tag-base-de-datos-envios-de-correo-masivos","33":"product_tag-base-de-datos-envios-masivos","34":"product_tag-base-de-datos-gerente","35":"product_tag-base-de-datos-marketing","36":"product_tag-base-de-datos-marketing-por-e-mail","37":"product_tag-base-de-datos-marketing-por-email","38":"product_tag-base-de-datos-nivel-nacional","39":"product_tag-base-de-datos-para-marketing","40":"product_tag-base-de-datos-publicidad-por-email","41":"product_tag-bases-de-datos-correos","42":"product_tag-bases-de-datos-correos-electronicos","43":"product_tag-bases-de-datos-de-emails","44":"product_tag-bases-de-datos-de-marketing","45":"product_tag-bases-de-datos-de-telefonos","46":"product_tag-bases-de-datos-email","47":"product_tag-bases-de-datos-emailing","48":"product_tag-bases-de-datos-emails","49":"product_tag-bases-de-datos-industrias","50":"product_tag-bases-de-datos-mailing","51":"product_tag-bases-de-datos-numeros-de-telefonos","52":"product_tag-bases-de-datos-para-ventas","53":"product_tag-bases-de-datos-telefono","54":"product_tag-bases-de-datos-telefonos-fijos","55":"product_tag-big-corporates-database","56":"product_tag-business-directory","57":"product_tag-business-email-database","58":"product_tag-business-mailing-database","59":"product_tag-buy-email-database","60":"product_tag-buy-email-list","61":"product_tag-buy-email-list-database","62":"product_tag-company-database","63":"product_tag-company-email-address-list","64":"product_tag-database","65":"product_tag-databases","66":"product_tag-directorio-emailing","67":"product_tag-directorio-empresarial","68":"product_tag-directorio-empresas","69":"product_tag-directorios-de-empresas","70":"product_tag-directorios-empresas","71":"product_tag-email-address-list","72":"product_tag-email-lists","73":"product_tag-email-marketing-list","74":"product_tag-list-of-email-addresses","75":"product_tag-lista-de-correos","76":"product_tag-lista-de-correos-electronicos","77":"product_tag-mail-marketing","78":"product_tag-mailing-list","79":"product_tag-manager","80":"product_tag-marketing-correo-electronico","81":"product_tag-marketing-lists","82":"product_tag-national-database","83":"product_tag-phone","84":"product_tag-phone-database","85":"product_tag-phone-lists","86":"product_tag-phone-number","87":"product_tag-phone-number-list","88":"product_tag-publicidad-por-base-de-datos-correo-electronico","89":"product_tag-telefono","91":"first","92":"instock","93":"sale","94":"virtual","95":"purchasable","96":"product-type-simple","97":"entry","98":"content-bg","99":"loop-entry"},"aioseo_notices":[],"_links":{"self":[{"href":"https:\/\/edirectorios.com.mx\/directorios-latinoamerica\/wp-json\/wp\/v2\/product\/34930","targetHints":{"allow":["GET"]}}],"collection":[{"href":"https:\/\/edirectorios.com.mx\/directorios-latinoamerica\/wp-json\/wp\/v2\/product"}],"about":[{"href":"https:\/\/edirectorios.com.mx\/directorios-latinoamerica\/wp-json\/wp\/v2\/types\/product"}],"version-history":[{"count":1,"href":"https:\/\/edirectorios.com.mx\/directorios-latinoamerica\/wp-json\/wp\/v2\/product\/34930\/revisions"}],"predecessor-version":[{"id":34975,"href":"https:\/\/edirectorios.com.mx\/directorios-latinoamerica\/wp-json\/wp\/v2\/product\/34930\/revisions\/34975"}],"wp:featuredmedia":[{"embeddable":true,"href":"https:\/\/edirectorios.com.mx\/directorios-latinoamerica\/wp-json\/wp\/v2\/media\/31013"}],"wp:attachment":[{"href":"https:\/\/edirectorios.com.mx\/directorios-latinoamerica\/wp-json\/wp\/v2\/media?parent=34930"}],"wp:term":[{"taxonomy":"product_brand","embeddable":true,"href":"https:\/\/edirectorios.com.mx\/directorios-latinoamerica\/wp-json\/wp\/v2\/product_brand?post=34930"},{"taxonomy":"product_cat","embeddable":true,"href":"https:\/\/edirectorios.com.mx\/directorios-latinoamerica\/wp-json\/wp\/v2\/product_cat?post=34930"},{"taxonomy":"product_tag","embeddable":true,"href":"https:\/\/edirectorios.com.mx\/directorios-latinoamerica\/wp-json\/wp\/v2\/product_tag?post=34930"},{"taxonomy":"product_brands","embeddable":true,"href":"https:\/\/edirectorios.com.mx\/directorios-latinoamerica\/wp-json\/wp\/v2\/product_brands?post=34930"}],"curies":[{"name":"wp","href":"https:\/\/api.w.org\/{rel}","templated":true}]}}