{"id":34903,"date":"2025-12-12T16:57:47","date_gmt":"2025-12-12T16:57:47","guid":{"rendered":"https:\/\/edirectorios.com.mx\/directorios-latinoamerica\/?post_type=product&#038;p=34903"},"modified":"2025-12-12T16:58:22","modified_gmt":"2025-12-12T16:58:22","slug":"empresas-industriales-manufactureras-y-productoras-a-nivel-nacional","status":"publish","type":"product","link":"https:\/\/edirectorios.com.mx\/directorios-latinoamerica\/product\/empresas-industriales-manufactureras-y-productoras-a-nivel-nacional\/","title":{"rendered":"Empresas industriales, manufactureras y productoras a Nivel Nacional."},"content":{"rendered":"","protected":false},"excerpt":{"rendered":"<p>&nbsp;<\/p>\n<div class=\"row\">\n<div class=\"col-sm\"><strong>C\u00f3digo:<\/strong> <strong class=\"text-danger\">ZVBH-D2<\/strong><\/div>\n<div class=\"col-sm\"><strong>N\u00famero de registros:\u00a0<\/strong>2,430<\/div>\n<\/div>\n<div class=\"row\">\n<div class=\"col-sm \"><strong>Folio: <\/strong><span class=\"text-danger\">03FAYU1018-100<\/span><\/div>\n<\/div>\n<p><strong>Segmentaci\u00f3n:<\/strong><\/p>\n<div class=\"row\">\n<div class=\"col-sm \"><span class=\"text-justify\">Empresas industriales, manufactureras y productoras espec\u00edficamente: Miner\u00eda, Generaci\u00f3n de energ\u00eda, Construcci\u00f3n e ingenier\u00eda civil, Producci\u00f3n de alimentos y bebidas, Textiles, vestido, cuero y piel, Madera,, papel o impresi\u00f3n, Qu\u00edmicos, pl\u00e1stico o hule, Cer\u00e1mica, vidrio, cemento, canteras, Metales o productos met\u00e1licos, Maquinaria pesada, Computadoras o electr\u00f3nicos, Accesorios o aparatos el\u00e9ctricos, Autos, camionetas, motos o partes automotrices Camiones, remolques Aviones, trenes o barcos a Nivel Nacional.<\/span><\/div>\n<\/div>\n<p><strong>Campos Contenidos:<\/strong><\/p>\n<div class=\"row\">\n<div class=\"col-sm \"><span class=\"text-justify\">Empresa \/ Giro \/ \u00c1rea de la industria \/ Direcci\u00f3n \/ Ciudad \/ Estado \/ Contacto \/ Puesto: Director General o Director de operaciones o director de compra o director de innovaci\u00f3n \/ Tel\u00e9fono \/ Email.<\/span><\/div>\n<\/div>\n<div class=\"row\">\n<div class=\"col-sm\"><strong>Garant\u00eda:\u00a0<\/strong>75%-85%\u00a0<strong>Precio Original:\u00a0<\/strong><del>$1259 USD<\/del>\u00a0<strong>Descuento Especial:\u00a0<\/strong><strong class=\"text-danger\">25%<\/strong><\/div>\n<\/div>\n<div class=\"row\">\n<div class=\"col text-center\"><strong>Total a Pagar:\u00a0<\/strong><strong class=\"text-danger\">$944 USD<\/strong><\/div>\n<\/div>\n","protected":false},"featured_media":31017,"template":"","meta":{"_bst_post_transparent":"","_bst_post_title":"","_bst_post_layout":"","_bst_post_sidebar_id":"","_bst_post_content_style":"","_bst_post_vertical_padding":"","_bst_post_feature":"","_bst_post_feature_position":"","_bst_post_header":false,"_bst_post_footer":false},"product_brand":[],"product_cat":[1060,1259],"product_tag":[1062,1063,1064,1067,1068,1151,1069,1426,1418,1071,1072,1074,1075,1076,1077,1078,1079,1080,1081,1082,1083,1084,1085,1086,1261,1088,1090,1224,1093,1097,1098,1099,1101,1102,1103,1104,1226,1178,1105,1106,1107,1229,1110,1111,1112,1114,1115,1116,1117,1118,1119,1120,1121,1122,1123,1124,1170,1125,1126,1127,1128,1129,1130,1131,1132,1133,1134,1135,1136,1219,1137,1138,1139,1140,1141,1142,1144,1145,1206,1172,1173,1174,1175,1146,1149],"product_brands":[],"class_list":{"0":"post-34903","1":"product","2":"type-product","3":"status-publish","4":"has-post-thumbnail","6":"product_cat-empresas-en-mexico","7":"product_cat-manufactureras","8":"product_tag-b2c-email-database","9":"product_tag-base-de-datos-campana-de-email-marketing","10":"product_tag-base-de-datos-campanas-de-email-marketing","11":"product_tag-base-de-datos-correo-masivo","12":"product_tag-base-de-datos-correo-masivos","13":"product_tag-base-de-datos-de-construccion","14":"product_tag-base-de-datos-de-director-general","15":"product_tag-base-de-datos-de-ingenieros","16":"product_tag-base-de-datos-de-mineria","17":"product_tag-base-de-datos-direct-e-mail-marketing","18":"product_tag-base-de-datos-director","19":"product_tag-base-de-datos-email-marketer","20":"product_tag-base-de-datos-email-marketing","21":"product_tag-base-de-datos-email-masivos","22":"product_tag-base-de-datos-email-publicidad","23":"product_tag-base-de-datos-email-publicitario","24":"product_tag-base-de-datos-emailing","25":"product_tag-base-de-datos-empresas-de-email-marketing","26":"product_tag-base-de-datos-enviar-email-masivo","27":"product_tag-base-de-datos-envio-de-email-masivo","28":"product_tag-base-de-datos-envio-masivo-correo","29":"product_tag-base-de-datos-envio-masivo-correos","30":"product_tag-base-de-datos-envio-masivo-de-emails","31":"product_tag-base-de-datos-envios-de-correo-masivos","32":"product_tag-base-de-datos-manufacturera","33":"product_tag-base-de-datos-marketing","34":"product_tag-base-de-datos-marketing-por-email","35":"product_tag-base-de-datos-nivel-nacional","36":"product_tag-base-de-datos-publicidad-por-email","37":"product_tag-bases-de-datos-correos","38":"product_tag-bases-de-datos-correos-electronicos","39":"product_tag-bases-de-datos-de-emails","40":"product_tag-bases-de-datos-de-telefonos","41":"product_tag-bases-de-datos-email","42":"product_tag-bases-de-datos-email-empresas","43":"product_tag-bases-de-datos-emailing","44":"product_tag-bases-de-datos-emails","45":"product_tag-bases-de-datos-industrias","46":"product_tag-bases-de-datos-numeros-de-telefonos","47":"product_tag-bases-de-datos-telefono","48":"product_tag-bases-de-datos-telefonos-fijos","49":"product_tag-big-corporates-database","50":"product_tag-business-directory","51":"product_tag-business-email-database","52":"product_tag-business-email-list","53":"product_tag-business-mailing-database","54":"product_tag-business-mailing-lists","55":"product_tag-buy-email-database","56":"product_tag-buy-email-list","57":"product_tag-buy-email-list-database","58":"product_tag-company-database","59":"product_tag-correo-de-empresas","60":"product_tag-correos-de-empresas","61":"product_tag-correos-electronicos-de-empresas","62":"product_tag-correos-electronicos-empresas","63":"product_tag-correos-empresariales","64":"product_tag-database","65":"product_tag-director","66":"product_tag-directorio-emailing","67":"product_tag-directorio-empresarial","68":"product_tag-directorio-empresariales","69":"product_tag-directorio-empresas","70":"product_tag-directorios-de-empresas","71":"product_tag-directorios-empresas","72":"product_tag-e-mail-database","73":"product_tag-email-address-list","74":"product_tag-email-database","75":"product_tag-email-lists","76":"product_tag-email-marketing-list","77":"product_tag-engineering-services-databases","78":"product_tag-list-of-email-addresses","79":"product_tag-lista-de-correos","80":"product_tag-lista-de-correos-electronicos","81":"product_tag-mail-marketing","82":"product_tag-mailing-database","83":"product_tag-mailing-list","84":"product_tag-marketing-correo-electronico","85":"product_tag-marketing-lists","86":"product_tag-phone","87":"product_tag-phone-database","88":"product_tag-phone-lists","89":"product_tag-phone-number","90":"product_tag-phone-number-list","91":"product_tag-publicidad-por-base-de-datos-correo-electronico","92":"product_tag-telefono","94":"first","95":"instock","96":"sale","97":"virtual","98":"purchasable","99":"product-type-simple","100":"entry","101":"content-bg","102":"loop-entry"},"aioseo_notices":[],"_links":{"self":[{"href":"https:\/\/edirectorios.com.mx\/directorios-latinoamerica\/wp-json\/wp\/v2\/product\/34903","targetHints":{"allow":["GET"]}}],"collection":[{"href":"https:\/\/edirectorios.com.mx\/directorios-latinoamerica\/wp-json\/wp\/v2\/product"}],"about":[{"href":"https:\/\/edirectorios.com.mx\/directorios-latinoamerica\/wp-json\/wp\/v2\/types\/product"}],"version-history":[{"count":1,"href":"https:\/\/edirectorios.com.mx\/directorios-latinoamerica\/wp-json\/wp\/v2\/product\/34903\/revisions"}],"predecessor-version":[{"id":34950,"href":"https:\/\/edirectorios.com.mx\/directorios-latinoamerica\/wp-json\/wp\/v2\/product\/34903\/revisions\/34950"}],"wp:featuredmedia":[{"embeddable":true,"href":"https:\/\/edirectorios.com.mx\/directorios-latinoamerica\/wp-json\/wp\/v2\/media\/31017"}],"wp:attachment":[{"href":"https:\/\/edirectorios.com.mx\/directorios-latinoamerica\/wp-json\/wp\/v2\/media?parent=34903"}],"wp:term":[{"taxonomy":"product_brand","embeddable":true,"href":"https:\/\/edirectorios.com.mx\/directorios-latinoamerica\/wp-json\/wp\/v2\/product_brand?post=34903"},{"taxonomy":"product_cat","embeddable":true,"href":"https:\/\/edirectorios.com.mx\/directorios-latinoamerica\/wp-json\/wp\/v2\/product_cat?post=34903"},{"taxonomy":"product_tag","embeddable":true,"href":"https:\/\/edirectorios.com.mx\/directorios-latinoamerica\/wp-json\/wp\/v2\/product_tag?post=34903"},{"taxonomy":"product_brands","embeddable":true,"href":"https:\/\/edirectorios.com.mx\/directorios-latinoamerica\/wp-json\/wp\/v2\/product_brands?post=34903"}],"curies":[{"name":"wp","href":"https:\/\/api.w.org\/{rel}","templated":true}]}}