{"id":34897,"date":"2025-12-12T16:57:46","date_gmt":"2025-12-12T16:57:46","guid":{"rendered":"https:\/\/edirectorios.com.mx\/directorios-latinoamerica\/?post_type=product&#038;p=34897"},"modified":"2025-12-12T16:58:13","modified_gmt":"2025-12-12T16:58:13","slug":"empresas-con-mas-de-250-empleados-en-el-estado-de-mexico-ciudad-de-mexico-y-estado-de-morelos","status":"publish","type":"product","link":"https:\/\/edirectorios.com.mx\/directorios-latinoamerica\/product\/empresas-con-mas-de-250-empleados-en-el-estado-de-mexico-ciudad-de-mexico-y-estado-de-morelos\/","title":{"rendered":"Empresas con m\u00e1s de 250 empleados en el Estado de M\u00e9xico, Ciudad de M\u00e9xico y Estado de Morelos."},"content":{"rendered":"","protected":false},"excerpt":{"rendered":"<p>&nbsp;<\/p>\n<div class=\"row\">\n<div class=\"col-sm\"><strong>C\u00f3digo:<\/strong> <span style=\"color: #d12c2c;\"><strong>BSLU-F2<\/strong><\/span><\/div>\n<div class=\"col-sm\"><strong>N\u00famero de registros: <\/strong>500<\/div>\n<\/div>\n<div class=\"row\">\n<div class=\"col-sm \"><strong>Folio: <\/strong><span style=\"color: #d12c2c;\">eD<\/span><\/div>\n<\/div>\n<p><strong>Segmentaci\u00f3n:<\/strong><\/p>\n<div class=\"row\">\n<div class=\"col-sm \">Empresas con m\u00e1s de 250 empleados, 50% empresas del sector privado y 50% empresas del sector p\u00fablico en el Estado de M\u00e9xico, Ciudad de M\u00e9xico y Estado de Morelos.<\/div>\n<\/div>\n<p><strong>Campos Contenidos:<\/strong><\/p>\n<div class=\"row\">\n<div class=\"col-sm \">Empresa \/ Giro \/ Direcci\u00f3n \/ Ciudad \/ Estado \/ Contacto \/ Puesto: Gerentes o administrativos (puesto de nivel medio, no due\u00f1os) \/ Tel\u00e9fono \/ Email gen\u00e9rico de empresa.<\/div>\n<\/div>\n<div class=\"row\">\n<div class=\"col-sm\"><strong>Garant\u00eda: 80%-85%<\/strong>\u00a0<strong>Precio Original:\u00a0<\/strong><del>$282 USD<\/del>\u00a0<strong>Descuento Especial:\u00a0<span style=\"color: #d12c2c;\">20<\/span><\/strong><span style=\"color: #d12c2c;\"><strong class=\"text-danger\">%<\/strong><\/span><\/div>\n<\/div>\n<div class=\"row\">\n<div class=\"col text-center\"><strong>Total a Pagar:<span style=\"color: #d12c2c;\">\u00a0<\/span><\/strong><span style=\"color: #d12c2c;\"><strong class=\"text-danger\">$225 USD<\/strong><\/span><\/div>\n<\/div>\n","protected":false},"featured_media":31282,"template":"","meta":{"_bst_post_transparent":"","_bst_post_title":"","_bst_post_layout":"","_bst_post_sidebar_id":"","_bst_post_content_style":"","_bst_post_vertical_padding":"","_bst_post_feature":"","_bst_post_feature_position":"","_bst_post_header":false,"_bst_post_footer":false},"product_brand":[],"product_cat":[1379,1060],"product_tag":[1062,1063,1064,1066,1074,1075,1076,1077,1078,1079,1154,1080,1081,1082,1085,1160,1093,1099,1101,1102,1103,1104,1105,1106,1107,1115,1116,1117,1118,1166,1119,1167,1345,1346,1120,1121,1122,1123,1124,1170,1127,1309,1128,1129,1390,1131,1310,1132,1133,1464,1134,1465,1135,1136,1171,1466,1467,1468,1137,1138,1139,1140,1141,1142,1469,1144,1145,1412,1394,1172,1148],"product_brands":[],"class_list":{"0":"post-34897","1":"product","2":"type-product","3":"status-publish","4":"has-post-thumbnail","6":"product_cat-con-mas-de-100-empleados","7":"product_cat-empresas-en-mexico","8":"product_tag-b2c-email-database","9":"product_tag-base-de-datos-campana-de-email-marketing","10":"product_tag-base-de-datos-campanas-de-email-marketing","11":"product_tag-base-de-datos-ciudad-de-mexico","12":"product_tag-base-de-datos-email-marketer","13":"product_tag-base-de-datos-email-marketing","14":"product_tag-base-de-datos-email-masivos","15":"product_tag-base-de-datos-email-publicidad","16":"product_tag-base-de-datos-email-publicitario","17":"product_tag-base-de-datos-emailing","18":"product_tag-base-de-datos-emails-mexico","19":"product_tag-base-de-datos-empresas-de-email-marketing","20":"product_tag-base-de-datos-enviar-email-masivo","21":"product_tag-base-de-datos-envio-de-email-masivo","22":"product_tag-base-de-datos-envio-masivo-de-emails","23":"product_tag-base-de-datos-gerente","24":"product_tag-base-de-datos-publicidad-por-email","25":"product_tag-bases-de-datos-de-emails","26":"product_tag-bases-de-datos-de-telefonos","27":"product_tag-bases-de-datos-email","28":"product_tag-bases-de-datos-email-empresas","29":"product_tag-bases-de-datos-emailing","30":"product_tag-bases-de-datos-numeros-de-telefonos","31":"product_tag-bases-de-datos-telefono","32":"product_tag-bases-de-datos-telefonos-fijos","33":"product_tag-business-mailing-lists","34":"product_tag-buy-email-database","35":"product_tag-buy-email-list","36":"product_tag-buy-email-list-database","37":"product_tag-companies-email-address-list","38":"product_tag-company-database","39":"product_tag-company-email-address-list","40":"product_tag-compra-base-de-datos","41":"product_tag-comprar-bases-de-datos-mexico","42":"product_tag-correo-de-empresas","43":"product_tag-correos-de-empresas","44":"product_tag-correos-electronicos-de-empresas","45":"product_tag-correos-electronicos-empresas","46":"product_tag-correos-empresariales","47":"product_tag-database","48":"product_tag-directorio-empresarial","49":"product_tag-directorio-empresarial-mexico","50":"product_tag-directorio-empresariales","51":"product_tag-directorio-empresas","52":"product_tag-directorio-mexico","53":"product_tag-directorios-empresas","54":"product_tag-directorios-en-mexico","55":"product_tag-e-mail-database","56":"product_tag-email-address-list","57":"product_tag-email-base-de-datos","58":"product_tag-email-database","59":"product_tag-email-de-empresas","60":"product_tag-email-lists","61":"product_tag-email-marketing-list","62":"product_tag-email-marketing-mexico","63":"product_tag-empresa-de-base-de-datos","64":"product_tag-empresas-bases-de-datos","65":"product_tag-empresas-de-base-de-datos","66":"product_tag-list-of-email-addresses","67":"product_tag-lista-de-correos","68":"product_tag-lista-de-correos-electronicos","69":"product_tag-mail-marketing","70":"product_tag-mailing-database","71":"product_tag-mailing-list","72":"product_tag-mails-de-empresas","73":"product_tag-marketing-correo-electronico","74":"product_tag-marketing-lists","75":"product_tag-marketing-mexico","76":"product_tag-mexico-business-directory","77":"product_tag-phone-database","78":"product_tag-tele-marketing-list","80":"first","81":"instock","82":"sale","83":"shipping-taxable","84":"purchasable","85":"product-type-simple","86":"entry","87":"content-bg","88":"loop-entry"},"aioseo_notices":[],"_links":{"self":[{"href":"https:\/\/edirectorios.com.mx\/directorios-latinoamerica\/wp-json\/wp\/v2\/product\/34897","targetHints":{"allow":["GET"]}}],"collection":[{"href":"https:\/\/edirectorios.com.mx\/directorios-latinoamerica\/wp-json\/wp\/v2\/product"}],"about":[{"href":"https:\/\/edirectorios.com.mx\/directorios-latinoamerica\/wp-json\/wp\/v2\/types\/product"}],"version-history":[{"count":1,"href":"https:\/\/edirectorios.com.mx\/directorios-latinoamerica\/wp-json\/wp\/v2\/product\/34897\/revisions"}],"predecessor-version":[{"id":34944,"href":"https:\/\/edirectorios.com.mx\/directorios-latinoamerica\/wp-json\/wp\/v2\/product\/34897\/revisions\/34944"}],"wp:featuredmedia":[{"embeddable":true,"href":"https:\/\/edirectorios.com.mx\/directorios-latinoamerica\/wp-json\/wp\/v2\/media\/31282"}],"wp:attachment":[{"href":"https:\/\/edirectorios.com.mx\/directorios-latinoamerica\/wp-json\/wp\/v2\/media?parent=34897"}],"wp:term":[{"taxonomy":"product_brand","embeddable":true,"href":"https:\/\/edirectorios.com.mx\/directorios-latinoamerica\/wp-json\/wp\/v2\/product_brand?post=34897"},{"taxonomy":"product_cat","embeddable":true,"href":"https:\/\/edirectorios.com.mx\/directorios-latinoamerica\/wp-json\/wp\/v2\/product_cat?post=34897"},{"taxonomy":"product_tag","embeddable":true,"href":"https:\/\/edirectorios.com.mx\/directorios-latinoamerica\/wp-json\/wp\/v2\/product_tag?post=34897"},{"taxonomy":"product_brands","embeddable":true,"href":"https:\/\/edirectorios.com.mx\/directorios-latinoamerica\/wp-json\/wp\/v2\/product_brands?post=34897"}],"curies":[{"name":"wp","href":"https:\/\/api.w.org\/{rel}","templated":true}]}}