{"id":34846,"date":"2025-12-12T16:56:59","date_gmt":"2025-12-12T16:56:59","guid":{"rendered":"https:\/\/edirectorios.com.mx\/directorios-latinoamerica\/?post_type=product&#038;p=34846"},"modified":"2025-12-12T16:57:36","modified_gmt":"2025-12-12T16:57:36","slug":"empresas-de-productos-de-consumo-y-retail-a-nivel-nacional","status":"publish","type":"product","link":"https:\/\/edirectorios.com.mx\/directorios-latinoamerica\/product\/empresas-de-productos-de-consumo-y-retail-a-nivel-nacional\/","title":{"rendered":"Empresas de Productos de Consumo y Retail a Nivel Nacional"},"content":{"rendered":"","protected":false},"excerpt":{"rendered":"<p>&nbsp;<\/p>\n<div class=\"row\">\n<div class=\"col-sm\"><strong>C\u00f3digo:<\/strong> <span style=\"color: #ff0000;\"><strong>KFSJ-D1<\/strong><\/span><\/div>\n<div class=\"col-sm\"><strong>N\u00famero de registros: <\/strong>500<\/div>\n<\/div>\n<div class=\"row\">\n<div class=\"col-sm \"><strong>Folio:<\/strong><span style=\"color: #ff0000;\"> EY0119B008<\/span><\/div>\n<\/div>\n<p><strong>Segmentaci\u00f3n:<\/strong><\/p>\n<div class=\"row\">\n<div class=\"col-sm \">Empresas de Productos de Consumo y Retail (En las cuales es obligatorio que vengan Chedraui, Liverpool, Jos\u00e9 Cuervo, Grupo Coppel, Soriana, Bachoco, Sigma Alimentos, Grupo Carso (Sanborns, Sears, Sax, Mixup), Elektra, Gruma, Herdez, Kellog\u2019s, La coste\u00f1a, La moderna, Fomento Econ\u00f3mico Mexicano (FEMSA), Arca Continental, Productos Verde Valle, Alfa, Grupo Bimbo, Cuauht\u00e9moc Moctezuma &#8211; Heineken, Grupo LALA, S.A.B. de C.V., Nestl\u00e9 M\u00e9xico, S.A. de C.V., Costco de M\u00e9xico, S.A. de C.V., Grupo Viz S.A. de C.V. \/ Sukarne, S.A. DE C.V, Corporativo Fragua, S.A.B. de C.V., Casa Ley, S.A. de C.V., Home Depot M\u00e9xico, S. de R.L. de C.V., Grupo KUO, S.A.B. de C.V., Nacional de Drogas (Nadro), Tiendas Elektra, Grupo Inditex M\u00e9xico, Grupo Gigante, S.A.B. de C.V., Farmacias del Ahorro \/ Comercializadora Farmac\u00e9utica de Chiapas, S.A.P.I. de C.V., Sears Roebuck de M\u00e9xico, S.A. de C.V., Philip Morris Cigatam Productos y Servicios, S.R.L. de C.V., Grupo Herdez, S.A.B. de C.V, Alpura, Diageo, Sabormex, 3M, Mattel, L\u2019oreal ) a Nivel Nacional.<\/div>\n<\/div>\n<p><strong>Campos Contenidos:<\/strong><\/p>\n<div class=\"row\">\n<div class=\"col-sm \">Empresa \/ Giro \/ Direcci\u00f3n \/ Ciudad \/ Estado \/ Contacto1 \/ Puesto 1: Director o gerente Finanzas, Marketing, Sistemas, Recursos Humanos, Operaciones, Controller, Auditor\u00eda interna, Impuestos \/ Fiscal, Innovaci\u00f3n, Planeaci\u00f3n estrat\u00e9gica, \u00c1rea Comercial \/ Ventas, Log\u00edstica, Legal \/ Tel\u00e9fono 1 \/ Email 1\/ Contacto 2 \/ Puesto 2: Director o gerente Finanzas, Marketing, Sistemas, Recursos Humanos, Operaciones, Controller, Auditor\u00eda interna, Impuestos \/ Fiscal, Innovaci\u00f3n, Planeaci\u00f3n estrat\u00e9gica, \u00c1rea Comercial \/ Ventas, Log\u00edstica, Legal \/ Tel\u00e9fono 2 \/ Email 2\/ Contacto3 \/ Puesto 3: Director o gerente Finanzas, Marketing, Sistemas, Recursos Humanos, Operaciones, Controller, Auditor\u00eda interna, Impuestos \/ Fiscal, Innovaci\u00f3n, Planeaci\u00f3n estrat\u00e9gica, \u00c1rea Comercial \/ Ventas, Log\u00edstica, Legal \/ Tel\u00e9fono 3 \/ Email 3\/ Contacto 4 \/ Puesto 4: Director o gerente Finanzas, Marketing, Sistemas, Recursos Humanos, Operaciones, Controller, Auditor\u00eda interna, Impuestos \/ Fiscal, Innovaci\u00f3n, Planeaci\u00f3n estrat\u00e9gica, \u00c1rea Comercial \/ Ventas, Log\u00edstica, Legal \/ Tel\u00e9fono 4 \/ Email 4.<\/div>\n<\/div>\n<div class=\"row\">\n<div class=\"col-sm\"><strong>Garant\u00eda: <\/strong>80%-85%\u00a0<strong>Precio Original:\u00a0<\/strong><del>$1111 USD<\/del>\u00a0<strong>Descuento Especial:\u00a0<span style=\"color: #ff0000;\">20%<\/span><\/strong><\/div>\n<\/div>\n<div class=\"row\">\n<div class=\"col text-center\"><strong>Total a Pagar:\u00a0<\/strong><span style=\"color: #ff0000;\"><strong class=\"text-danger\">$889 USD<\/strong><\/span><\/div>\n<\/div>\n","protected":false},"featured_media":31292,"template":"","meta":{"_bst_post_transparent":"","_bst_post_title":"","_bst_post_layout":"","_bst_post_sidebar_id":"","_bst_post_content_style":"","_bst_post_vertical_padding":"","_bst_post_feature":"","_bst_post_feature_position":"","_bst_post_header":false,"_bst_post_footer":false},"product_brand":[],"product_cat":[1060,1391],"product_tag":[1062,1182,1363,1063,1064,1067,1068,1071,1072,1074,1075,1076,1077,1078,1079,1080,1081,1082,1083,1084,1085,1086,1215,1335,1160,1088,1090,1224,1093,1284,1365,1285,1097,1098,1099,1101,1102,1103,1104,1178,1105,1106,1107,1109,1110,1111,1112,1113,1115,1117,1118,1166,1167,1120,1121,1122,1123,1124,1126,1127,1128,1129,1130,1131,1133,1134,1135,1136,1220,1137,1138,1139,1140,1142,1144,1145,1230,1206,1172,1173,1174,1175,1146],"product_brands":[],"class_list":{"0":"post-34846","1":"product","2":"type-product","3":"status-publish","4":"has-post-thumbnail","6":"product_cat-empresas-en-mexico","7":"product_cat-retail","8":"product_tag-b2c-email-database","9":"product_tag-base-de-datos","10":"product_tag-base-de-datos-automotriz","11":"product_tag-base-de-datos-campana-de-email-marketing","12":"product_tag-base-de-datos-campanas-de-email-marketing","13":"product_tag-base-de-datos-correo-masivo","14":"product_tag-base-de-datos-correo-masivos","15":"product_tag-base-de-datos-direct-e-mail-marketing","16":"product_tag-base-de-datos-director","17":"product_tag-base-de-datos-email-marketer","18":"product_tag-base-de-datos-email-marketing","19":"product_tag-base-de-datos-email-masivos","20":"product_tag-base-de-datos-email-publicidad","21":"product_tag-base-de-datos-email-publicitario","22":"product_tag-base-de-datos-emailing","23":"product_tag-base-de-datos-empresas-de-email-marketing","24":"product_tag-base-de-datos-enviar-email-masivo","25":"product_tag-base-de-datos-envio-de-email-masivo","26":"product_tag-base-de-datos-envio-masivo-correo","27":"product_tag-base-de-datos-envio-masivo-correos","28":"product_tag-base-de-datos-envio-masivo-de-emails","29":"product_tag-base-de-datos-envios-de-correo-masivos","30":"product_tag-base-de-datos-farmacias","31":"product_tag-base-de-datos-finanzas","32":"product_tag-base-de-datos-gerente","33":"product_tag-base-de-datos-marketing","34":"product_tag-base-de-datos-marketing-por-email","35":"product_tag-base-de-datos-nivel-nacional","36":"product_tag-base-de-datos-publicidad-por-email","37":"product_tag-base-de-datos-recursos-humanos","38":"product_tag-base-de-datos-retail","39":"product_tag-base-de-datos-sistemas","40":"product_tag-bases-de-datos-correos","41":"product_tag-bases-de-datos-correos-electronicos","42":"product_tag-bases-de-datos-de-emails","43":"product_tag-bases-de-datos-de-telefonos","44":"product_tag-bases-de-datos-email","45":"product_tag-bases-de-datos-email-empresas","46":"product_tag-bases-de-datos-emailing","47":"product_tag-bases-de-datos-industrias","48":"product_tag-bases-de-datos-numeros-de-telefonos","49":"product_tag-bases-de-datos-telefono","50":"product_tag-bases-de-datos-telefonos-fijos","51":"product_tag-business-contact-lists","52":"product_tag-business-directory","53":"product_tag-business-email-database","54":"product_tag-business-email-list","55":"product_tag-business-email-lists","56":"product_tag-business-mailing-lists","57":"product_tag-buy-email-list","58":"product_tag-buy-email-list-database","59":"product_tag-companies-email-address-list","60":"product_tag-company-email-address-list","61":"product_tag-correo-de-empresas","62":"product_tag-correos-de-empresas","63":"product_tag-correos-electronicos-de-empresas","64":"product_tag-correos-electronicos-empresas","65":"product_tag-correos-empresariales","66":"product_tag-directorio-emailing","67":"product_tag-directorio-empresarial","68":"product_tag-directorio-empresariales","69":"product_tag-directorio-empresas","70":"product_tag-directorios-de-empresas","71":"product_tag-directorios-empresas","72":"product_tag-email-address-list","73":"product_tag-email-database","74":"product_tag-email-lists","75":"product_tag-email-marketing-list","76":"product_tag-gerentes","77":"product_tag-list-of-email-addresses","78":"product_tag-lista-de-correos","79":"product_tag-lista-de-correos-electronicos","80":"product_tag-mail-marketing","81":"product_tag-mailing-list","82":"product_tag-marketing-correo-electronico","83":"product_tag-marketing-lists","84":"product_tag-national-database","85":"product_tag-phone","86":"product_tag-phone-database","87":"product_tag-phone-lists","88":"product_tag-phone-number","89":"product_tag-phone-number-list","90":"product_tag-publicidad-por-base-de-datos-correo-electronico","92":"first","93":"instock","94":"sale","95":"shipping-taxable","96":"purchasable","97":"product-type-simple","98":"entry","99":"content-bg","100":"loop-entry"},"aioseo_notices":[],"_links":{"self":[{"href":"https:\/\/edirectorios.com.mx\/directorios-latinoamerica\/wp-json\/wp\/v2\/product\/34846","targetHints":{"allow":["GET"]}}],"collection":[{"href":"https:\/\/edirectorios.com.mx\/directorios-latinoamerica\/wp-json\/wp\/v2\/product"}],"about":[{"href":"https:\/\/edirectorios.com.mx\/directorios-latinoamerica\/wp-json\/wp\/v2\/types\/product"}],"version-history":[{"count":1,"href":"https:\/\/edirectorios.com.mx\/directorios-latinoamerica\/wp-json\/wp\/v2\/product\/34846\/revisions"}],"predecessor-version":[{"id":34891,"href":"https:\/\/edirectorios.com.mx\/directorios-latinoamerica\/wp-json\/wp\/v2\/product\/34846\/revisions\/34891"}],"wp:featuredmedia":[{"embeddable":true,"href":"https:\/\/edirectorios.com.mx\/directorios-latinoamerica\/wp-json\/wp\/v2\/media\/31292"}],"wp:attachment":[{"href":"https:\/\/edirectorios.com.mx\/directorios-latinoamerica\/wp-json\/wp\/v2\/media?parent=34846"}],"wp:term":[{"taxonomy":"product_brand","embeddable":true,"href":"https:\/\/edirectorios.com.mx\/directorios-latinoamerica\/wp-json\/wp\/v2\/product_brand?post=34846"},{"taxonomy":"product_cat","embeddable":true,"href":"https:\/\/edirectorios.com.mx\/directorios-latinoamerica\/wp-json\/wp\/v2\/product_cat?post=34846"},{"taxonomy":"product_tag","embeddable":true,"href":"https:\/\/edirectorios.com.mx\/directorios-latinoamerica\/wp-json\/wp\/v2\/product_tag?post=34846"},{"taxonomy":"product_brands","embeddable":true,"href":"https:\/\/edirectorios.com.mx\/directorios-latinoamerica\/wp-json\/wp\/v2\/product_brands?post=34846"}],"curies":[{"name":"wp","href":"https:\/\/api.w.org\/{rel}","templated":true}]}}