{"id":34842,"date":"2025-12-12T16:56:58","date_gmt":"2025-12-12T16:56:58","guid":{"rendered":"https:\/\/edirectorios.com.mx\/directorios-latinoamerica\/?post_type=product&#038;p=34842"},"modified":"2025-12-12T16:57:31","modified_gmt":"2025-12-12T16:57:31","slug":"empresas-del-sector-privado-100-a-1000-empleados-facturacion-de-10-millones-de-dolares-anuales-a-nivel-nacional","status":"publish","type":"product","link":"https:\/\/edirectorios.com.mx\/directorios-latinoamerica\/product\/empresas-del-sector-privado-100-a-1000-empleados-facturacion-de-10-millones-de-dolares-anuales-a-nivel-nacional\/","title":{"rendered":"Empresas del sector privado, 100 a 1,000 empleados, facturaci\u00f3n de 10 millones de d\u00f3lares anuales  a Nivel Nacional."},"content":{"rendered":"","protected":false},"excerpt":{"rendered":"<p>&nbsp;<\/p>\n<div class=\"row\">\n<div class=\"col-sm\"><strong>C\u00f3digo:<\/strong> <span style=\"color: #ff0000;\"><strong>NPNB-K2<\/strong><\/span><\/div>\n<div class=\"col-sm\"><strong>N\u00famero de registros:<\/strong> 1000<\/div>\n<\/div>\n<div class=\"row\">\n<div class=\"col-sm \"><strong>Folio:<\/strong> <span style=\"color: #ff0000;\">BE1218B011<\/span><\/div>\n<\/div>\n<p><strong>Segmentaci\u00f3n:<\/strong><\/p>\n<div class=\"row\">\n<div class=\"col-sm \">Empresas del sector privado, que tengan de 100 a 1,000 empleados, con un nivel de facturaci\u00f3n de 10 millones de d\u00f3lares anuales (excepto banca, financieras, aseguradoras, educaci\u00f3n, gobierno, hoteler\u00eda, hospitales, legal) a Nivel Nacional.<\/div>\n<\/div>\n<p><strong>Campos Contenidos:<\/strong><\/p>\n<div class=\"row\">\n<div class=\"col-sm \">Empresa \/ Giro \/ Direcci\u00f3n \/ Ciudad \/ Estado \/ N\u00famero de de equipos de computo \/ N\u00famero de empleados \/ Sitio web \/ Contacto1 \/ Puesto: Director de sistemas \/ Tel\u00e9fono \/ email.<\/div>\n<\/div>\n<div class=\"row\">\n<div class=\"col-sm\"><strong>Garant\u00eda: <\/strong>80%-85%\u00a0<strong>Precio Original:\u00a0<\/strong><del>$778 USD<\/del>\u00a0<strong>Descuento Especial:\u00a0<span style=\"color: #ff0000;\">20<\/span><\/strong><span style=\"color: #ff0000;\"><strong class=\"text-danger\">%<\/strong><\/span><\/div>\n<\/div>\n<div class=\"row\">\n<div class=\"col text-center\"><strong>Total a Pagar:\u00a0<\/strong><strong class=\"text-danger\">$623 USD<\/strong><\/div>\n<\/div>\n","protected":false},"featured_media":31282,"template":"","meta":{"_bst_post_transparent":"","_bst_post_title":"","_bst_post_layout":"","_bst_post_sidebar_id":"","_bst_post_content_style":"","_bst_post_vertical_padding":"","_bst_post_feature":"","_bst_post_feature_position":"","_bst_post_header":false,"_bst_post_footer":false},"product_brand":[],"product_cat":[1379,1060],"product_tag":[1380,1062,1063,1064,1319,1071,1073,1074,1075,1076,1077,1078,1079,1155,1080,1081,1082,1085,1160,1088,1089,1090,1224,1275,1092,1093,1284,1285,1099,1100,1101,1102,1103,1104,1226,1105,1106,1107,1109,1110,1111,1112,1113,1114,1115,1116,1117,1118,1166,1119,1167,1199,1120,1121,1122,1123,1170,1309,1128,1129,1131,1132,1133,1134,1135,1136,1137,1138,1139,1140,1141,1142,1144,1145,1230,1172,1173,1174,1175,1148,1149],"product_brands":[],"class_list":{"0":"post-34842","1":"product","2":"type-product","3":"status-publish","4":"has-post-thumbnail","6":"product_cat-con-mas-de-100-empleados","7":"product_cat-empresas-en-mexico","8":"product_tag-american-phone-number","9":"product_tag-b2c-email-database","10":"product_tag-base-de-datos-campana-de-email-marketing","11":"product_tag-base-de-datos-campanas-de-email-marketing","12":"product_tag-base-de-datos-de-empresas-con-mas-de-100-empleados","13":"product_tag-base-de-datos-direct-e-mail-marketing","14":"product_tag-base-de-datos-e-mail-marketing","15":"product_tag-base-de-datos-email-marketer","16":"product_tag-base-de-datos-email-marketing","17":"product_tag-base-de-datos-email-masivos","18":"product_tag-base-de-datos-email-publicidad","19":"product_tag-base-de-datos-email-publicitario","20":"product_tag-base-de-datos-emailing","21":"product_tag-base-de-datos-empresas","22":"product_tag-base-de-datos-empresas-de-email-marketing","23":"product_tag-base-de-datos-enviar-email-masivo","24":"product_tag-base-de-datos-envio-de-email-masivo","25":"product_tag-base-de-datos-envio-masivo-de-emails","26":"product_tag-base-de-datos-gerente","27":"product_tag-base-de-datos-marketing","28":"product_tag-base-de-datos-marketing-por-e-mail","29":"product_tag-base-de-datos-marketing-por-email","30":"product_tag-base-de-datos-nivel-nacional","31":"product_tag-base-de-datos-para-empresas","32":"product_tag-base-de-datos-para-marketing","33":"product_tag-base-de-datos-publicidad-por-email","34":"product_tag-base-de-datos-recursos-humanos","35":"product_tag-base-de-datos-sistemas","36":"product_tag-bases-de-datos-de-emails","37":"product_tag-bases-de-datos-de-marketing","38":"product_tag-bases-de-datos-de-telefonos","39":"product_tag-bases-de-datos-email","40":"product_tag-bases-de-datos-email-empresas","41":"product_tag-bases-de-datos-emailing","42":"product_tag-bases-de-datos-emails","43":"product_tag-bases-de-datos-numeros-de-telefonos","44":"product_tag-bases-de-datos-telefono","45":"product_tag-bases-de-datos-telefonos-fijos","46":"product_tag-business-contact-lists","47":"product_tag-business-directory","48":"product_tag-business-email-database","49":"product_tag-business-email-list","50":"product_tag-business-email-lists","51":"product_tag-business-mailing-database","52":"product_tag-business-mailing-lists","53":"product_tag-buy-email-database","54":"product_tag-buy-email-list","55":"product_tag-buy-email-list-database","56":"product_tag-companies-email-address-list","57":"product_tag-company-database","58":"product_tag-company-email-address-list","59":"product_tag-consumer-mailing-list","60":"product_tag-correo-de-empresas","61":"product_tag-correos-de-empresas","62":"product_tag-correos-electronicos-de-empresas","63":"product_tag-correos-electronicos-empresas","64":"product_tag-database","65":"product_tag-directorio-empresarial-mexico","66":"product_tag-directorio-empresariales","67":"product_tag-directorio-empresas","68":"product_tag-directorios-empresas","69":"product_tag-e-mail-database","70":"product_tag-email-address-list","71":"product_tag-email-database","72":"product_tag-email-lists","73":"product_tag-email-marketing-list","74":"product_tag-list-of-email-addresses","75":"product_tag-lista-de-correos","76":"product_tag-lista-de-correos-electronicos","77":"product_tag-mail-marketing","78":"product_tag-mailing-database","79":"product_tag-mailing-list","80":"product_tag-marketing-correo-electronico","81":"product_tag-marketing-lists","82":"product_tag-national-database","83":"product_tag-phone-database","84":"product_tag-phone-lists","85":"product_tag-phone-number","86":"product_tag-phone-number-list","87":"product_tag-tele-marketing-list","88":"product_tag-telefono","90":"first","91":"instock","92":"sale","93":"virtual","94":"purchasable","95":"product-type-simple","96":"entry","97":"content-bg","98":"loop-entry"},"aioseo_notices":[],"_links":{"self":[{"href":"https:\/\/edirectorios.com.mx\/directorios-latinoamerica\/wp-json\/wp\/v2\/product\/34842","targetHints":{"allow":["GET"]}}],"collection":[{"href":"https:\/\/edirectorios.com.mx\/directorios-latinoamerica\/wp-json\/wp\/v2\/product"}],"about":[{"href":"https:\/\/edirectorios.com.mx\/directorios-latinoamerica\/wp-json\/wp\/v2\/types\/product"}],"version-history":[{"count":1,"href":"https:\/\/edirectorios.com.mx\/directorios-latinoamerica\/wp-json\/wp\/v2\/product\/34842\/revisions"}],"predecessor-version":[{"id":34887,"href":"https:\/\/edirectorios.com.mx\/directorios-latinoamerica\/wp-json\/wp\/v2\/product\/34842\/revisions\/34887"}],"wp:featuredmedia":[{"embeddable":true,"href":"https:\/\/edirectorios.com.mx\/directorios-latinoamerica\/wp-json\/wp\/v2\/media\/31282"}],"wp:attachment":[{"href":"https:\/\/edirectorios.com.mx\/directorios-latinoamerica\/wp-json\/wp\/v2\/media?parent=34842"}],"wp:term":[{"taxonomy":"product_brand","embeddable":true,"href":"https:\/\/edirectorios.com.mx\/directorios-latinoamerica\/wp-json\/wp\/v2\/product_brand?post=34842"},{"taxonomy":"product_cat","embeddable":true,"href":"https:\/\/edirectorios.com.mx\/directorios-latinoamerica\/wp-json\/wp\/v2\/product_cat?post=34842"},{"taxonomy":"product_tag","embeddable":true,"href":"https:\/\/edirectorios.com.mx\/directorios-latinoamerica\/wp-json\/wp\/v2\/product_tag?post=34842"},{"taxonomy":"product_brands","embeddable":true,"href":"https:\/\/edirectorios.com.mx\/directorios-latinoamerica\/wp-json\/wp\/v2\/product_brands?post=34842"}],"curies":[{"name":"wp","href":"https:\/\/api.w.org\/{rel}","templated":true}]}}