{"id":34821,"date":"2025-12-12T16:56:35","date_gmt":"2025-12-12T16:56:35","guid":{"rendered":"https:\/\/edirectorios.com.mx\/directorios-latinoamerica\/?post_type=product&#038;p=34821"},"modified":"2025-12-12T16:57:18","modified_gmt":"2025-12-12T16:57:18","slug":"personas-fisicas-en-el-estado-de-nuevo-leon","status":"publish","type":"product","link":"https:\/\/edirectorios.com.mx\/directorios-latinoamerica\/product\/personas-fisicas-en-el-estado-de-nuevo-leon\/","title":{"rendered":"Personas f\u00edsicas en el Estado de Nuevo Le\u00f3n."},"content":{"rendered":"","protected":false},"excerpt":{"rendered":"<p>&nbsp;<\/p>\n<div class=\"row\">\n<div class=\"col-sm\"><strong>C\u00f3digo:<\/strong> <span style=\"color: #e01b1b;\"><strong>EBNB-F6<\/strong><\/span><\/div>\n<div class=\"col-sm\"><strong>N\u00famero de registros: <\/strong>1500<\/div>\n<\/div>\n<div class=\"row\">\n<div class=\"col-sm \"><strong>Folio: <\/strong><span style=\"color: #e01b1b;\">BA0102B009<\/span><\/div>\n<\/div>\n<p><strong>Segmentaci\u00f3n:<\/strong><\/p>\n<div class=\"row\">\n<div class=\"col-sm \">Personas f\u00edsicas, mayores de edad, econ\u00f3micamente activas que sean tarjetahabientes en Apodaca (250 registros), San Nicol\u00e1s (250 registros), Monterrey (250 registros), Escobedo (250 registros), Guadalupe (250 registros) y San Pedro Garza Garc\u00eda (250 registros), del Estado de Nuevo Le\u00f3n.<\/div>\n<\/div>\n<p><strong>Campos Contenidos:<\/strong><\/p>\n<div class=\"row\">\n<div class=\"col-sm \">Nombre \/ Tel\u00e9fono fijo.<\/div>\n<\/div>\n<div class=\"row\">\n<div class=\"col-sm\"><strong>Garant\u00eda: 80%-85%<\/strong>\u00a0<strong>Precio Original:\u00a0<\/strong><del>$495 USD<\/del><strong>Descuento Especial:<span style=\"color: #ff0000;\">\u00a0<span style=\"color: #e01b1b;\">20<\/span><\/span><\/strong><span style=\"color: #e01b1b;\"><strong class=\"text-danger\">%<\/strong><\/span><\/div>\n<\/div>\n<div class=\"row\">\n<div class=\"col text-center\"><strong>Total a Pagar:\u00a0<\/strong><span style=\"color: #e01b1b;\"><strong class=\"text-danger\">$396 USD<\/strong><\/span><\/div>\n<\/div>\n","protected":false},"featured_media":31021,"template":"","meta":{"_bst_post_transparent":"","_bst_post_title":"","_bst_post_layout":"","_bst_post_sidebar_id":"","_bst_post_content_style":"","_bst_post_vertical_padding":"","_bst_post_feature":"","_bst_post_feature_position":"","_bst_post_header":false,"_bst_post_footer":false},"product_brand":[],"product_cat":[1266,1180],"product_tag":[1263,1186,1187,1312,1188,1101,1105,1106,1107,1192,1193,1197,1314,1205,1206,1172,1173,1174,1175,1149],"product_brands":[],"class_list":{"0":"post-34821","1":"product","2":"type-product","3":"status-publish","4":"has-post-thumbnail","6":"product_cat-consumidores","7":"product_cat-personas-en-mexico","8":"product_tag-base-de-datos-consumidores","9":"product_tag-base-de-datos-de-personas-fisicas","10":"product_tag-base-de-datos-de-tarjetahabientes","11":"product_tag-base-de-datos-monterrey","12":"product_tag-base-de-datos-nuevo-leon","13":"product_tag-bases-de-datos-de-telefonos","14":"product_tag-bases-de-datos-numeros-de-telefonos","15":"product_tag-bases-de-datos-telefono","16":"product_tag-bases-de-datos-telefonos-fijos","17":"product_tag-consumer-database","18":"product_tag-consumer-directory","19":"product_tag-consumer-list","20":"product_tag-directorios-monterrey","21":"product_tag-nuevo-leon-database","22":"product_tag-phone","23":"product_tag-phone-database","24":"product_tag-phone-lists","25":"product_tag-phone-number","26":"product_tag-phone-number-list","27":"product_tag-telefono","29":"first","30":"instock","31":"sale","32":"virtual","33":"purchasable","34":"product-type-simple","35":"entry","36":"content-bg","37":"loop-entry"},"aioseo_notices":[],"_links":{"self":[{"href":"https:\/\/edirectorios.com.mx\/directorios-latinoamerica\/wp-json\/wp\/v2\/product\/34821","targetHints":{"allow":["GET"]}}],"collection":[{"href":"https:\/\/edirectorios.com.mx\/directorios-latinoamerica\/wp-json\/wp\/v2\/product"}],"about":[{"href":"https:\/\/edirectorios.com.mx\/directorios-latinoamerica\/wp-json\/wp\/v2\/types\/product"}],"version-history":[{"count":1,"href":"https:\/\/edirectorios.com.mx\/directorios-latinoamerica\/wp-json\/wp\/v2\/product\/34821\/revisions"}],"predecessor-version":[{"id":34865,"href":"https:\/\/edirectorios.com.mx\/directorios-latinoamerica\/wp-json\/wp\/v2\/product\/34821\/revisions\/34865"}],"wp:featuredmedia":[{"embeddable":true,"href":"https:\/\/edirectorios.com.mx\/directorios-latinoamerica\/wp-json\/wp\/v2\/media\/31021"}],"wp:attachment":[{"href":"https:\/\/edirectorios.com.mx\/directorios-latinoamerica\/wp-json\/wp\/v2\/media?parent=34821"}],"wp:term":[{"taxonomy":"product_brand","embeddable":true,"href":"https:\/\/edirectorios.com.mx\/directorios-latinoamerica\/wp-json\/wp\/v2\/product_brand?post=34821"},{"taxonomy":"product_cat","embeddable":true,"href":"https:\/\/edirectorios.com.mx\/directorios-latinoamerica\/wp-json\/wp\/v2\/product_cat?post=34821"},{"taxonomy":"product_tag","embeddable":true,"href":"https:\/\/edirectorios.com.mx\/directorios-latinoamerica\/wp-json\/wp\/v2\/product_tag?post=34821"},{"taxonomy":"product_brands","embeddable":true,"href":"https:\/\/edirectorios.com.mx\/directorios-latinoamerica\/wp-json\/wp\/v2\/product_brands?post=34821"}],"curies":[{"name":"wp","href":"https:\/\/api.w.org\/{rel}","templated":true}]}}