{"id":34817,"date":"2025-12-12T16:56:34","date_gmt":"2025-12-12T16:56:34","guid":{"rendered":"https:\/\/edirectorios.com.mx\/directorios-latinoamerica\/?post_type=product&#038;p=34817"},"modified":"2025-12-12T16:57:14","modified_gmt":"2025-12-12T16:57:14","slug":"empresas-a-y-aa-de-outsourcing-empresas-de-seguridad-en-la-ciudad-de-mexico-estado-de-mexico-y-estado-de-queretaro","status":"publish","type":"product","link":"https:\/\/edirectorios.com.mx\/directorios-latinoamerica\/product\/empresas-a-y-aa-de-outsourcing-empresas-de-seguridad-en-la-ciudad-de-mexico-estado-de-mexico-y-estado-de-queretaro\/","title":{"rendered":"Empresas A y AA de outsourcing, empresas de seguridad en la Ciudad de M\u00e9xico, Estado de M\u00e9xico y Estado de Quer\u00e9taro."},"content":{"rendered":"","protected":false},"excerpt":{"rendered":"<p>&nbsp;<\/p>\n<div class=\"row\">\n<div class=\"col-sm\"><strong>C\u00f3digo:<\/strong> <strong class=\"text-danger\">EBDB-D5<\/strong><\/div>\n<div class=\"col-sm\"><strong>N\u00famero de registros: <\/strong>500<\/div>\n<\/div>\n<div class=\"row\">\n<div class=\"col-sm \"><strong>Folio: <\/strong><span class=\"text-danger\">PM0719B036<\/span><\/div>\n<\/div>\n<p><strong>Segmentaci\u00f3n:<\/strong><\/p>\n<div class=\"row\">\n<div class=\"col-sm \"><span class=\"text-justify\">Empresas A y AA, de los giros de outsourcing de recursos humanos, empresas de limpieza, centros de llamado o call center y empresas de seguridad, en la Ciudad de M\u00e9xico, Estado de M\u00e9xico y Estado de Quer\u00e9taro. <\/span><\/div>\n<\/div>\n<p><strong>Campos Contenidos:<\/strong><\/p>\n<div class=\"row\">\n<div class=\"col-sm \"><span class=\"text-justify\">Empresa \/ Giro \/ Rango de empleados \/ Direcci\u00f3n \/ Ciudad \/ Estado \/ Contacto \/ Puesto: Gerente o encargado de recursos humanos \/ Tel\u00e9fono fijo \/ Email \/ P\u00e1gina web*opcional.<\/span><\/div>\n<\/div>\n<div class=\"row\">\n<div class=\"col-sm\"><strong>Garant\u00eda: <\/strong>80%-85%<\/p>\n<p><strong>Precio Original: <\/strong><del>$258 USD<\/del><\/p>\n<p><strong>Descuento Especial: <\/strong><strong class=\"text-danger\">20%<\/strong><\/div>\n<\/div>\n<div class=\"row\">\n<div class=\"col text-center\"><strong>Total a Pagar: <\/strong><strong class=\"text-danger\">$207 USD<\/strong><\/div>\n<\/div>\n","protected":false},"featured_media":31282,"template":"","meta":{"_bst_post_transparent":"","_bst_post_title":"","_bst_post_layout":"","_bst_post_sidebar_id":"","_bst_post_content_style":"","_bst_post_vertical_padding":"","_bst_post_feature":"","_bst_post_feature_position":"","_bst_post_header":false,"_bst_post_footer":false},"product_brand":[],"product_cat":[1379,1060],"product_tag":[1380,1062,1063,1064,1066,1319,1274,1442,1385,1074,1075,1076,1077,1078,1079,1154,1155,1080,1386,1387,1081,1082,1085,1087,1160,1090,1388,1275,1093,1270,1284,1099,1101,1102,1103,1104,1105,1106,1107,1110,1346,1120,1121,1122,1123,1170,1309,1390,1249,1310,1133,1134,1135,1136,1171,1137,1138,1139,1140,1141,1142,1144,1145,1412,1394,1230,1172,1173,1174,1175,1148,1149],"product_brands":[],"class_list":{"0":"post-34817","1":"product","2":"type-product","3":"status-publish","4":"has-post-thumbnail","6":"product_cat-con-mas-de-100-empleados","7":"product_cat-empresas-en-mexico","8":"product_tag-american-phone-number","9":"product_tag-b2c-email-database","10":"product_tag-base-de-datos-campana-de-email-marketing","11":"product_tag-base-de-datos-campanas-de-email-marketing","12":"product_tag-base-de-datos-ciudad-de-mexico","13":"product_tag-base-de-datos-de-empresas-con-mas-de-100-empleados","14":"product_tag-base-de-datos-de-empresas-en-mexico","15":"product_tag-base-de-datos-de-empresas-mexicanas","16":"product_tag-base-de-datos-de-mexico","17":"product_tag-base-de-datos-email-marketer","18":"product_tag-base-de-datos-email-marketing","19":"product_tag-base-de-datos-email-masivos","20":"product_tag-base-de-datos-email-publicidad","21":"product_tag-base-de-datos-email-publicitario","22":"product_tag-base-de-datos-emailing","23":"product_tag-base-de-datos-emails-mexico","24":"product_tag-base-de-datos-empresas","25":"product_tag-base-de-datos-empresas-de-email-marketing","26":"product_tag-base-de-datos-empresas-en-mexico","27":"product_tag-base-de-datos-empresas-mexico","28":"product_tag-base-de-datos-enviar-email-masivo","29":"product_tag-base-de-datos-envio-de-email-masivo","30":"product_tag-base-de-datos-envio-masivo-de-emails","31":"product_tag-base-de-datos-estado-de-mexico","32":"product_tag-base-de-datos-gerente","33":"product_tag-base-de-datos-marketing-por-email","34":"product_tag-base-de-datos-mexico","35":"product_tag-base-de-datos-para-empresas","36":"product_tag-base-de-datos-publicidad-por-email","37":"product_tag-base-de-datos-queretaro","38":"product_tag-base-de-datos-recursos-humanos","39":"product_tag-bases-de-datos-de-emails","40":"product_tag-bases-de-datos-de-telefonos","41":"product_tag-bases-de-datos-email","42":"product_tag-bases-de-datos-email-empresas","43":"product_tag-bases-de-datos-emailing","44":"product_tag-bases-de-datos-numeros-de-telefonos","45":"product_tag-bases-de-datos-telefono","46":"product_tag-bases-de-datos-telefonos-fijos","47":"product_tag-business-directory","48":"product_tag-comprar-bases-de-datos-mexico","49":"product_tag-correo-de-empresas","50":"product_tag-correos-de-empresas","51":"product_tag-correos-electronicos-de-empresas","52":"product_tag-correos-electronicos-empresas","53":"product_tag-database","54":"product_tag-directorio-empresarial-mexico","55":"product_tag-directorio-mexico","56":"product_tag-directorios-empresarial-latinoamerica","57":"product_tag-directorios-en-mexico","58":"product_tag-email-address-list","59":"product_tag-email-database","60":"product_tag-email-lists","61":"product_tag-email-marketing-list","62":"product_tag-email-marketing-mexico","63":"product_tag-list-of-email-addresses","64":"product_tag-lista-de-correos","65":"product_tag-lista-de-correos-electronicos","66":"product_tag-mail-marketing","67":"product_tag-mailing-database","68":"product_tag-mailing-list","69":"product_tag-marketing-correo-electronico","70":"product_tag-marketing-lists","71":"product_tag-marketing-mexico","72":"product_tag-mexico-business-directory","73":"product_tag-national-database","74":"product_tag-phone-database","75":"product_tag-phone-lists","76":"product_tag-phone-number","77":"product_tag-phone-number-list","78":"product_tag-tele-marketing-list","79":"product_tag-telefono","81":"first","82":"instock","83":"sale","84":"virtual","85":"purchasable","86":"product-type-simple","87":"entry","88":"content-bg","89":"loop-entry"},"aioseo_notices":[],"_links":{"self":[{"href":"https:\/\/edirectorios.com.mx\/directorios-latinoamerica\/wp-json\/wp\/v2\/product\/34817","targetHints":{"allow":["GET"]}}],"collection":[{"href":"https:\/\/edirectorios.com.mx\/directorios-latinoamerica\/wp-json\/wp\/v2\/product"}],"about":[{"href":"https:\/\/edirectorios.com.mx\/directorios-latinoamerica\/wp-json\/wp\/v2\/types\/product"}],"version-history":[{"count":1,"href":"https:\/\/edirectorios.com.mx\/directorios-latinoamerica\/wp-json\/wp\/v2\/product\/34817\/revisions"}],"predecessor-version":[{"id":34861,"href":"https:\/\/edirectorios.com.mx\/directorios-latinoamerica\/wp-json\/wp\/v2\/product\/34817\/revisions\/34861"}],"wp:featuredmedia":[{"embeddable":true,"href":"https:\/\/edirectorios.com.mx\/directorios-latinoamerica\/wp-json\/wp\/v2\/media\/31282"}],"wp:attachment":[{"href":"https:\/\/edirectorios.com.mx\/directorios-latinoamerica\/wp-json\/wp\/v2\/media?parent=34817"}],"wp:term":[{"taxonomy":"product_brand","embeddable":true,"href":"https:\/\/edirectorios.com.mx\/directorios-latinoamerica\/wp-json\/wp\/v2\/product_brand?post=34817"},{"taxonomy":"product_cat","embeddable":true,"href":"https:\/\/edirectorios.com.mx\/directorios-latinoamerica\/wp-json\/wp\/v2\/product_cat?post=34817"},{"taxonomy":"product_tag","embeddable":true,"href":"https:\/\/edirectorios.com.mx\/directorios-latinoamerica\/wp-json\/wp\/v2\/product_tag?post=34817"},{"taxonomy":"product_brands","embeddable":true,"href":"https:\/\/edirectorios.com.mx\/directorios-latinoamerica\/wp-json\/wp\/v2\/product_brands?post=34817"}],"curies":[{"name":"wp","href":"https:\/\/api.w.org\/{rel}","templated":true}]}}