{"id":34786,"date":"2025-12-12T16:56:10","date_gmt":"2025-12-12T16:56:10","guid":{"rendered":"https:\/\/edirectorios.com.mx\/directorios-latinoamerica\/?post_type=product&#038;p=34786"},"modified":"2025-12-12T16:56:50","modified_gmt":"2025-12-12T16:56:50","slug":"personas-fisicas-ingresos-superiores-a-40000-00-pesos-mensuales-en-la-cdmx-y-area-metropolitana-estado-de-mexico-y-estados-de-morelos","status":"publish","type":"product","link":"https:\/\/edirectorios.com.mx\/directorios-latinoamerica\/product\/personas-fisicas-ingresos-superiores-a-40000-00-pesos-mensuales-en-la-cdmx-y-area-metropolitana-estado-de-mexico-y-estados-de-morelos\/","title":{"rendered":"Personas f\u00edsicas,  ingresos superiores a $40,000.00 pesos mensuales, en la CDMX y \u00e1rea metropolitana, Estado de M\u00e9xico y Estados de Morelos."},"content":{"rendered":"","protected":false},"excerpt":{"rendered":"<p>&nbsp;<\/p>\n<div class=\"row\">\n<div class=\"col-sm\"><strong>C\u00f3digo:<\/strong> <strong class=\"text-danger\">JMSJ-D6<\/strong><\/div>\n<div class=\"col-sm\"><strong>N\u00famero de registros: <\/strong>2000<\/div>\n<\/div>\n<div class=\"row\">\n<div class=\"col-sm \"><strong>Folio: <\/strong><span class=\"text-danger\">CM0819B044<\/span><\/div>\n<\/div>\n<p><strong>Segmentaci\u00f3n:<\/strong><\/p>\n<div class=\"row\">\n<div class=\"col-sm \"><span class=\"text-justify\">Personas f\u00edsicas, mayores de edad, econ\u00f3micamente activas que sean tarjetahabientes, con ingresos superiores a $40,000.00 pesos mensuales, en la Ciudad de M\u00e9xico y \u00e1rea metropolitana, Estado de M\u00e9xico y Estados de Morelos.<\/span><\/div>\n<\/div>\n<p><strong>Campos Contenidos:<\/strong><\/p>\n<div class=\"row\">\n<div class=\"col-sm \"><span class=\"text-justify\">Nombre \/ C\u00f3digo Postal \/ Ciudad \/ Estado \/ Correo.<\/span><\/div>\n<\/div>\n<div class=\"row\">\n<div class=\"col-sm\"><strong>Garant\u00eda: <\/strong>80%-85%<\/p>\n<p><strong>Precio Original: <\/strong><del>$583 USD<\/del><\/p>\n<p><strong>Descuento Especial: <\/strong><strong class=\"text-danger\">20%<\/strong><\/div>\n<\/div>\n<div class=\"row\">\n<div class=\"col text-center\"><strong>Total a Pagar: <\/strong><strong class=\"text-danger\">$466 USD<\/strong><\/div>\n<\/div>\n","protected":false},"featured_media":31051,"template":"","meta":{"_bst_post_transparent":"","_bst_post_title":"","_bst_post_layout":"","_bst_post_sidebar_id":"","_bst_post_content_style":"","_bst_post_vertical_padding":"","_bst_post_feature":"","_bst_post_feature_position":"","_bst_post_header":false,"_bst_post_footer":false},"product_brand":[],"product_cat":[1286,1180],"product_tag":[1062,1182,1063,1064,1066,1067,1068,1258,1207,1325,1287,1326,1186,1071,1073,1074,1075,1076,1077,1078,1079,1081,1156,1082,1083,1084,1085,1086,1087,1162,1088,1089,1090,1092,1093,1096,1097,1098,1099,1100,1102,1104,1116,1117,1118,1191,1193,1194,1195,1196,1197,1198,1200,1170,1132,1133,1134,1136,1137,1138,1139,1140,1141,1142,1143,1144,1145,1146,1148],"product_brands":[],"class_list":{"0":"post-34786","1":"product","2":"type-product","3":"status-publish","4":"has-post-thumbnail","6":"product_cat-nse-medio-y-alto","7":"product_cat-personas-en-mexico","8":"product_tag-b2c-email-database","9":"product_tag-base-de-datos","10":"product_tag-base-de-datos-campana-de-email-marketing","11":"product_tag-base-de-datos-campanas-de-email-marketing","12":"product_tag-base-de-datos-ciudad-de-mexico","13":"product_tag-base-de-datos-correo-masivo","14":"product_tag-base-de-datos-correo-masivos","15":"product_tag-base-de-datos-de-morelos","16":"product_tag-base-de-datos-de-nse","17":"product_tag-base-de-datos-de-nse-alto","18":"product_tag-base-de-datos-de-nse-medio","19":"product_tag-base-de-datos-de-nse-medio-y-alto","20":"product_tag-base-de-datos-de-personas-fisicas","21":"product_tag-base-de-datos-direct-e-mail-marketing","22":"product_tag-base-de-datos-e-mail-marketing","23":"product_tag-base-de-datos-email-marketer","24":"product_tag-base-de-datos-email-marketing","25":"product_tag-base-de-datos-email-masivos","26":"product_tag-base-de-datos-email-publicidad","27":"product_tag-base-de-datos-email-publicitario","28":"product_tag-base-de-datos-emailing","29":"product_tag-base-de-datos-enviar-email-masivo","30":"product_tag-base-de-datos-enviar-mailing","31":"product_tag-base-de-datos-envio-de-email-masivo","32":"product_tag-base-de-datos-envio-masivo-correo","33":"product_tag-base-de-datos-envio-masivo-correos","34":"product_tag-base-de-datos-envio-masivo-de-emails","35":"product_tag-base-de-datos-envios-de-correo-masivos","36":"product_tag-base-de-datos-estado-de-mexico","37":"product_tag-base-de-datos-mailing-masivo","38":"product_tag-base-de-datos-marketing","39":"product_tag-base-de-datos-marketing-por-e-mail","40":"product_tag-base-de-datos-marketing-por-email","41":"product_tag-base-de-datos-para-marketing","42":"product_tag-base-de-datos-publicidad-por-email","43":"product_tag-base-de-datos-zona-metropolitana","44":"product_tag-bases-de-datos-correos","45":"product_tag-bases-de-datos-correos-electronicos","46":"product_tag-bases-de-datos-de-emails","47":"product_tag-bases-de-datos-de-marketing","48":"product_tag-bases-de-datos-email","49":"product_tag-bases-de-datos-emailing","50":"product_tag-buy-email-database","51":"product_tag-buy-email-list","52":"product_tag-buy-email-list-database","53":"product_tag-consumer-contact-lists","54":"product_tag-consumer-directory","55":"product_tag-consumer-email-database","56":"product_tag-consumer-email-list","57":"product_tag-consumer-email-lists","58":"product_tag-consumer-list","59":"product_tag-consumer-mailing-database","60":"product_tag-consumer-mailing-lists","61":"product_tag-database","62":"product_tag-e-mail-database","63":"product_tag-email-address-list","64":"product_tag-email-database","65":"product_tag-email-marketing-list","66":"product_tag-list-of-email-addresses","67":"product_tag-lista-de-correos","68":"product_tag-lista-de-correos-electronicos","69":"product_tag-mail-marketing","70":"product_tag-mailing-database","71":"product_tag-mailing-list","72":"product_tag-marketing","73":"product_tag-marketing-correo-electronico","74":"product_tag-marketing-lists","75":"product_tag-publicidad-por-base-de-datos-correo-electronico","76":"product_tag-tele-marketing-list","78":"first","79":"instock","80":"sale","81":"virtual","82":"purchasable","83":"product-type-simple","84":"entry","85":"content-bg","86":"loop-entry"},"aioseo_notices":[],"_links":{"self":[{"href":"https:\/\/edirectorios.com.mx\/directorios-latinoamerica\/wp-json\/wp\/v2\/product\/34786","targetHints":{"allow":["GET"]}}],"collection":[{"href":"https:\/\/edirectorios.com.mx\/directorios-latinoamerica\/wp-json\/wp\/v2\/product"}],"about":[{"href":"https:\/\/edirectorios.com.mx\/directorios-latinoamerica\/wp-json\/wp\/v2\/types\/product"}],"version-history":[{"count":1,"href":"https:\/\/edirectorios.com.mx\/directorios-latinoamerica\/wp-json\/wp\/v2\/product\/34786\/revisions"}],"predecessor-version":[{"id":34833,"href":"https:\/\/edirectorios.com.mx\/directorios-latinoamerica\/wp-json\/wp\/v2\/product\/34786\/revisions\/34833"}],"wp:featuredmedia":[{"embeddable":true,"href":"https:\/\/edirectorios.com.mx\/directorios-latinoamerica\/wp-json\/wp\/v2\/media\/31051"}],"wp:attachment":[{"href":"https:\/\/edirectorios.com.mx\/directorios-latinoamerica\/wp-json\/wp\/v2\/media?parent=34786"}],"wp:term":[{"taxonomy":"product_brand","embeddable":true,"href":"https:\/\/edirectorios.com.mx\/directorios-latinoamerica\/wp-json\/wp\/v2\/product_brand?post=34786"},{"taxonomy":"product_cat","embeddable":true,"href":"https:\/\/edirectorios.com.mx\/directorios-latinoamerica\/wp-json\/wp\/v2\/product_cat?post=34786"},{"taxonomy":"product_tag","embeddable":true,"href":"https:\/\/edirectorios.com.mx\/directorios-latinoamerica\/wp-json\/wp\/v2\/product_tag?post=34786"},{"taxonomy":"product_brands","embeddable":true,"href":"https:\/\/edirectorios.com.mx\/directorios-latinoamerica\/wp-json\/wp\/v2\/product_brands?post=34786"}],"curies":[{"name":"wp","href":"https:\/\/api.w.org\/{rel}","templated":true}]}}