{"id":34785,"date":"2025-12-12T16:56:10","date_gmt":"2025-12-12T16:56:10","guid":{"rendered":"https:\/\/edirectorios.com.mx\/directorios-latinoamerica\/?post_type=product&#038;p=34785"},"modified":"2025-12-12T16:56:49","modified_gmt":"2025-12-12T16:56:49","slug":"bancos-y-financieras-a-nivel-nacional","status":"publish","type":"product","link":"https:\/\/edirectorios.com.mx\/directorios-latinoamerica\/product\/bancos-y-financieras-a-nivel-nacional\/","title":{"rendered":"Bancos y Financieras a Nivel Nacional"},"content":{"rendered":"","protected":false},"excerpt":{"rendered":"<p>&nbsp;<\/p>\n<div class=\"row\">\n<div class=\"col-sm\"><strong>C\u00f3digo:<\/strong> <strong class=\"text-danger\">KBEP-F4<\/strong><\/div>\n<div class=\"col-sm\"><strong>N\u00famero de registros: <\/strong>250<\/div>\n<\/div>\n<div class=\"row\">\n<div class=\"col-sm \"><strong>Folio: <\/strong><span class=\"text-danger\">JG0819B084<\/span><\/div>\n<\/div>\n<p><strong>Segmentaci\u00f3n:<\/strong><\/p>\n<div class=\"row\">\n<div class=\"col-sm \"><span class=\"text-justify\">Bancos y Financieras a Nivel Nacional, principalmente en los Estados de Chihuahua, Baja California Norte, Nuevo Le\u00f3n, Tamaulipas, Coahuila, Jalisco, Ciudad de M\u00e9xico, Estado de M\u00e9xico, Guanajuato, Sonora y Quer\u00e9taro. <\/span><\/div>\n<\/div>\n<p><strong>Campos Contenidos:<\/strong><\/p>\n<div class=\"row\">\n<div class=\"col-sm \"><span class=\"text-justify\">Empresa \/ Direcci\u00f3n \/ Ciudad \/ Estado \/ Contacto \/ Puesto: Ejecutivo de cuenta \/ Tel\u00e9fono \/ Email.<\/span><\/div>\n<\/div>\n<div class=\"row\">\n<div class=\"col-sm\">\n<p><strong>Garant\u00eda: <\/strong>80%-85%<\/p>\n<p><strong>Precio Original: <\/strong><del>$125 USD<\/del><\/p>\n<p><strong>Descuento Especial: <\/strong><strong class=\"text-danger\">20%<\/strong><\/p>\n<\/div>\n<\/div>\n<div class=\"row\">\n<div class=\"col text-center\"><strong>Total a Pagar: <\/strong><strong class=\"text-danger\">$100 USD<\/strong><\/div>\n<\/div>\n","protected":false},"featured_media":31094,"template":"","meta":{"_bst_post_transparent":"","_bst_post_title":"","_bst_post_layout":"","_bst_post_sidebar_id":"","_bst_post_content_style":"","_bst_post_vertical_padding":"","_bst_post_feature":"","_bst_post_feature_position":"","_bst_post_header":false,"_bst_post_footer":false},"product_brand":[],"product_cat":[1060,1330],"product_tag":[1062,1183,1063,1064,1315,1066,1268,1067,1068,1211,1071,1074,1075,1076,1077,1078,1079,1212,1213,1155,1080,1081,1082,1083,1084,1085,1086,1087,1331,1269,1088,1089,1090,1224,1188,1092,1093,1270,1271,1272,1097,1098,1099,1100,1101,1102,1103,1104,1179,1105,1106,1107,1229,1109,1110,1111,1112,1113,1114,1115,1116,1117,1118,1166,1119,1167,1120,1121,1122,1123,1124,1170,1332,1132,1133,1134,1135,1136,1137,1138,1139,1140,1141,1142,1143,1144,1145,1230,1205,1172,1173,1174,1175,1146,1337,1148,1149],"product_brands":[],"class_list":{"0":"post-34785","1":"product","2":"type-product","3":"status-publish","4":"has-post-thumbnail","6":"product_cat-empresas-en-mexico","7":"product_cat-financieras","8":"product_tag-b2c-email-database","9":"product_tag-base-de-datos-baja-california","10":"product_tag-base-de-datos-campana-de-email-marketing","11":"product_tag-base-de-datos-campanas-de-email-marketing","12":"product_tag-base-de-datos-chihuahua","13":"product_tag-base-de-datos-ciudad-de-mexico","14":"product_tag-base-de-datos-coahuila","15":"product_tag-base-de-datos-correo-masivo","16":"product_tag-base-de-datos-correo-masivos","17":"product_tag-base-de-datos-de-empresas-b2b","18":"product_tag-base-de-datos-direct-e-mail-marketing","19":"product_tag-base-de-datos-email-marketer","20":"product_tag-base-de-datos-email-marketing","21":"product_tag-base-de-datos-email-masivos","22":"product_tag-base-de-datos-email-publicidad","23":"product_tag-base-de-datos-email-publicitario","24":"product_tag-base-de-datos-emailing","25":"product_tag-base-de-datos-empresa","26":"product_tag-base-de-datos-empresarial","27":"product_tag-base-de-datos-empresas","28":"product_tag-base-de-datos-empresas-de-email-marketing","29":"product_tag-base-de-datos-enviar-email-masivo","30":"product_tag-base-de-datos-envio-de-email-masivo","31":"product_tag-base-de-datos-envio-masivo-correo","32":"product_tag-base-de-datos-envio-masivo-correos","33":"product_tag-base-de-datos-envio-masivo-de-emails","34":"product_tag-base-de-datos-envios-de-correo-masivos","35":"product_tag-base-de-datos-estado-de-mexico","36":"product_tag-base-de-datos-financieras","37":"product_tag-base-de-datos-guanajuato","38":"product_tag-base-de-datos-marketing","39":"product_tag-base-de-datos-marketing-por-e-mail","40":"product_tag-base-de-datos-marketing-por-email","41":"product_tag-base-de-datos-nivel-nacional","42":"product_tag-base-de-datos-nuevo-leon","43":"product_tag-base-de-datos-para-marketing","44":"product_tag-base-de-datos-publicidad-por-email","45":"product_tag-base-de-datos-queretaro","46":"product_tag-base-de-datos-sonora","47":"product_tag-base-de-datos-tamaulipas","48":"product_tag-bases-de-datos-correos","49":"product_tag-bases-de-datos-correos-electronicos","50":"product_tag-bases-de-datos-de-emails","51":"product_tag-bases-de-datos-de-marketing","52":"product_tag-bases-de-datos-de-telefonos","53":"product_tag-bases-de-datos-email","54":"product_tag-bases-de-datos-email-empresas","55":"product_tag-bases-de-datos-emailing","56":"product_tag-bases-de-datos-jalisco","57":"product_tag-bases-de-datos-numeros-de-telefonos","58":"product_tag-bases-de-datos-telefono","59":"product_tag-bases-de-datos-telefonos-fijos","60":"product_tag-big-corporates-database","61":"product_tag-business-contact-lists","62":"product_tag-business-directory","63":"product_tag-business-email-database","64":"product_tag-business-email-list","65":"product_tag-business-email-lists","66":"product_tag-business-mailing-database","67":"product_tag-business-mailing-lists","68":"product_tag-buy-email-database","69":"product_tag-buy-email-list","70":"product_tag-buy-email-list-database","71":"product_tag-companies-email-address-list","72":"product_tag-company-database","73":"product_tag-company-email-address-list","74":"product_tag-correo-de-empresas","75":"product_tag-correos-de-empresas","76":"product_tag-correos-electronicos-de-empresas","77":"product_tag-correos-electronicos-empresas","78":"product_tag-correos-empresariales","79":"product_tag-database","80":"product_tag-decision-makers-database","81":"product_tag-e-mail-database","82":"product_tag-email-address-list","83":"product_tag-email-database","84":"product_tag-email-lists","85":"product_tag-email-marketing-list","86":"product_tag-list-of-email-addresses","87":"product_tag-lista-de-correos","88":"product_tag-lista-de-correos-electronicos","89":"product_tag-mail-marketing","90":"product_tag-mailing-database","91":"product_tag-mailing-list","92":"product_tag-marketing","93":"product_tag-marketing-correo-electronico","94":"product_tag-marketing-lists","95":"product_tag-national-database","96":"product_tag-nuevo-leon-database","97":"product_tag-phone-database","98":"product_tag-phone-lists","99":"product_tag-phone-number","100":"product_tag-phone-number-list","101":"product_tag-publicidad-por-base-de-datos-correo-electronico","102":"product_tag-queretaro","103":"product_tag-tele-marketing-list","104":"product_tag-telefono","106":"first","107":"instock","108":"sale","109":"virtual","110":"purchasable","111":"product-type-simple","112":"entry","113":"content-bg","114":"loop-entry"},"aioseo_notices":[],"_links":{"self":[{"href":"https:\/\/edirectorios.com.mx\/directorios-latinoamerica\/wp-json\/wp\/v2\/product\/34785","targetHints":{"allow":["GET"]}}],"collection":[{"href":"https:\/\/edirectorios.com.mx\/directorios-latinoamerica\/wp-json\/wp\/v2\/product"}],"about":[{"href":"https:\/\/edirectorios.com.mx\/directorios-latinoamerica\/wp-json\/wp\/v2\/types\/product"}],"version-history":[{"count":1,"href":"https:\/\/edirectorios.com.mx\/directorios-latinoamerica\/wp-json\/wp\/v2\/product\/34785\/revisions"}],"predecessor-version":[{"id":34832,"href":"https:\/\/edirectorios.com.mx\/directorios-latinoamerica\/wp-json\/wp\/v2\/product\/34785\/revisions\/34832"}],"wp:featuredmedia":[{"embeddable":true,"href":"https:\/\/edirectorios.com.mx\/directorios-latinoamerica\/wp-json\/wp\/v2\/media\/31094"}],"wp:attachment":[{"href":"https:\/\/edirectorios.com.mx\/directorios-latinoamerica\/wp-json\/wp\/v2\/media?parent=34785"}],"wp:term":[{"taxonomy":"product_brand","embeddable":true,"href":"https:\/\/edirectorios.com.mx\/directorios-latinoamerica\/wp-json\/wp\/v2\/product_brand?post=34785"},{"taxonomy":"product_cat","embeddable":true,"href":"https:\/\/edirectorios.com.mx\/directorios-latinoamerica\/wp-json\/wp\/v2\/product_cat?post=34785"},{"taxonomy":"product_tag","embeddable":true,"href":"https:\/\/edirectorios.com.mx\/directorios-latinoamerica\/wp-json\/wp\/v2\/product_tag?post=34785"},{"taxonomy":"product_brands","embeddable":true,"href":"https:\/\/edirectorios.com.mx\/directorios-latinoamerica\/wp-json\/wp\/v2\/product_brands?post=34785"}],"curies":[{"name":"wp","href":"https:\/\/api.w.org\/{rel}","templated":true}]}}