{"id":34757,"date":"2025-12-12T16:55:44","date_gmt":"2025-12-12T16:55:44","guid":{"rendered":"https:\/\/edirectorios.com.mx\/directorios-latinoamerica\/?post_type=product&#038;p=34757"},"modified":"2025-12-12T16:56:27","modified_gmt":"2025-12-12T16:56:27","slug":"pymes-en-la-ciudad-de-mexico-y-estado-de-mexico","status":"publish","type":"product","link":"https:\/\/edirectorios.com.mx\/directorios-latinoamerica\/product\/pymes-en-la-ciudad-de-mexico-y-estado-de-mexico\/","title":{"rendered":"Pymes en la Ciudad de M\u00e9xico y Estado de M\u00e9xico."},"content":{"rendered":"","protected":false},"excerpt":{"rendered":"<p>&nbsp;<\/p>\n<div class=\"row\">\n<div class=\"col-sm\"><strong>C\u00f3digo:<\/strong> <strong class=\"text-danger\">NBPS-D9<\/strong><\/div>\n<div class=\"col-sm\"><strong>N\u00famero de registros: <\/strong>250<\/div>\n<\/div>\n<div class=\"row\">\n<div class=\"col-sm \"><strong>Folio: <\/strong><span class=\"text-danger\">MS0719M112<\/span><\/div>\n<\/div>\n<p><strong>Segmentaci\u00f3n:<\/strong><\/p>\n<div class=\"row\">\n<div class=\"col-sm \"><span class=\"text-justify\">Pymes en la Ciudad de M\u00e9xico y Tlalnepantla, Naucalpan, Cuautitl\u00e1n Izcalli y Atizap\u00e1n del Estado de M\u00e9xico.<\/span><\/div>\n<\/div>\n<p><strong>Campos Contenidos:<\/strong><\/p>\n<div class=\"row\">\n<div class=\"col-sm \"><span class=\"text-justify\">Empresa \/ Giro \/ Direcci\u00f3n \/ Ciudad \/ Estado \/ Contacto \/ Puesto: Director General, Socio, Directivos, Gerentes o Tomador de decisi\u00f3n \/ Tel\u00e9fono \/ Email \/ P\u00e1gina web*opcional.<\/span><\/div>\n<\/div>\n<div class=\"row\">\n<div class=\"col-sm\">\n<p><strong>Garant\u00eda: <\/strong>80%-85%<\/p>\n<p><strong>Precio Original: <\/strong><del>$103 USD<\/del><\/p>\n<p><strong>Descuento Especial: <\/strong><strong class=\"text-danger\">20%<\/strong><\/p>\n<\/div>\n<\/div>\n<div class=\"row\">\n<div class=\"col text-center\"><strong>Total a Pagar: <\/strong><strong class=\"text-danger\">$83 USD<\/strong><\/div>\n<\/div>\n","protected":false},"featured_media":31056,"template":"","meta":{"_bst_post_transparent":"","_bst_post_title":"","_bst_post_layout":"","_bst_post_sidebar_id":"","_bst_post_content_style":"","_bst_post_vertical_padding":"","_bst_post_feature":"","_bst_post_feature_position":"","_bst_post_header":false,"_bst_post_footer":false},"product_brand":[],"product_cat":[1060,1292],"product_tag":[1062,1063,1064,1066,1067,1068,1152,1069,1211,1293,1153,1071,1072,1073,1074,1075,1076,1077,1078,1079,1212,1213,1155,1080,1081,1082,1157,1083,1084,1085,1158,1086,1159,1087,1088,1089,1090,1092,1093,1163,1097,1098,1099,1100,1101,1102,1103,1104,1105,1106,1107,1229,1109,1110,1111,1112,1113,1114,1115,1116,1117,1118,1166,1119,1167,1120,1121,1122,1123,1124,1170,1126,1127,1128,1129,1130,1131,1132,1133,1134,1135,1136,1220,1137,1138,1139,1140,1141,1142,1143,1144,1145,1206,1172,1173,1174,1175,1146,1148,1149],"product_brands":[],"class_list":{"0":"post-34757","1":"product","2":"type-product","3":"status-publish","4":"has-post-thumbnail","6":"product_cat-empresas-en-mexico","7":"product_cat-pymes","8":"product_tag-b2c-email-database","9":"product_tag-base-de-datos-campana-de-email-marketing","10":"product_tag-base-de-datos-campanas-de-email-marketing","11":"product_tag-base-de-datos-ciudad-de-mexico","12":"product_tag-base-de-datos-correo-masivo","13":"product_tag-base-de-datos-correo-masivos","14":"product_tag-base-de-datos-de-directivos","15":"product_tag-base-de-datos-de-director-general","16":"product_tag-base-de-datos-de-empresas-b2b","17":"product_tag-base-de-datos-de-pymes","18":"product_tag-base-de-datos-de-tomador-de-decision","19":"product_tag-base-de-datos-direct-e-mail-marketing","20":"product_tag-base-de-datos-director","21":"product_tag-base-de-datos-e-mail-marketing","22":"product_tag-base-de-datos-email-marketer","23":"product_tag-base-de-datos-email-marketing","24":"product_tag-base-de-datos-email-masivos","25":"product_tag-base-de-datos-email-publicidad","26":"product_tag-base-de-datos-email-publicitario","27":"product_tag-base-de-datos-emailing","28":"product_tag-base-de-datos-empresa","29":"product_tag-base-de-datos-empresarial","30":"product_tag-base-de-datos-empresas","31":"product_tag-base-de-datos-empresas-de-email-marketing","32":"product_tag-base-de-datos-enviar-email-masivo","33":"product_tag-base-de-datos-envio-de-email-masivo","34":"product_tag-base-de-datos-envio-masivo","35":"product_tag-base-de-datos-envio-masivo-correo","36":"product_tag-base-de-datos-envio-masivo-correos","37":"product_tag-base-de-datos-envio-masivo-de-emails","38":"product_tag-base-de-datos-envio-masivos","39":"product_tag-base-de-datos-envios-de-correo-masivos","40":"product_tag-base-de-datos-envios-masivos","41":"product_tag-base-de-datos-estado-de-mexico","42":"product_tag-base-de-datos-marketing","43":"product_tag-base-de-datos-marketing-por-e-mail","44":"product_tag-base-de-datos-marketing-por-email","45":"product_tag-base-de-datos-para-marketing","46":"product_tag-base-de-datos-publicidad-por-email","47":"product_tag-base-de-datos-socio","48":"product_tag-bases-de-datos-correos","49":"product_tag-bases-de-datos-correos-electronicos","50":"product_tag-bases-de-datos-de-emails","51":"product_tag-bases-de-datos-de-marketing","52":"product_tag-bases-de-datos-de-telefonos","53":"product_tag-bases-de-datos-email","54":"product_tag-bases-de-datos-email-empresas","55":"product_tag-bases-de-datos-emailing","56":"product_tag-bases-de-datos-numeros-de-telefonos","57":"product_tag-bases-de-datos-telefono","58":"product_tag-bases-de-datos-telefonos-fijos","59":"product_tag-big-corporates-database","60":"product_tag-business-contact-lists","61":"product_tag-business-directory","62":"product_tag-business-email-database","63":"product_tag-business-email-list","64":"product_tag-business-email-lists","65":"product_tag-business-mailing-database","66":"product_tag-business-mailing-lists","67":"product_tag-buy-email-database","68":"product_tag-buy-email-list","69":"product_tag-buy-email-list-database","70":"product_tag-companies-email-address-list","71":"product_tag-company-database","72":"product_tag-company-email-address-list","73":"product_tag-correo-de-empresas","74":"product_tag-correos-de-empresas","75":"product_tag-correos-electronicos-de-empresas","76":"product_tag-correos-electronicos-empresas","77":"product_tag-correos-empresariales","78":"product_tag-database","79":"product_tag-directorio-emailing","80":"product_tag-directorio-empresarial","81":"product_tag-directorio-empresariales","82":"product_tag-directorio-empresas","83":"product_tag-directorios-de-empresas","84":"product_tag-directorios-empresas","85":"product_tag-e-mail-database","86":"product_tag-email-address-list","87":"product_tag-email-database","88":"product_tag-email-lists","89":"product_tag-email-marketing-list","90":"product_tag-gerentes","91":"product_tag-list-of-email-addresses","92":"product_tag-lista-de-correos","93":"product_tag-lista-de-correos-electronicos","94":"product_tag-mail-marketing","95":"product_tag-mailing-database","96":"product_tag-mailing-list","97":"product_tag-marketing","98":"product_tag-marketing-correo-electronico","99":"product_tag-marketing-lists","100":"product_tag-phone","101":"product_tag-phone-database","102":"product_tag-phone-lists","103":"product_tag-phone-number","104":"product_tag-phone-number-list","105":"product_tag-publicidad-por-base-de-datos-correo-electronico","106":"product_tag-tele-marketing-list","107":"product_tag-telefono","109":"first","110":"instock","111":"sale","112":"virtual","113":"purchasable","114":"product-type-simple","115":"entry","116":"content-bg","117":"loop-entry"},"aioseo_notices":[],"_links":{"self":[{"href":"https:\/\/edirectorios.com.mx\/directorios-latinoamerica\/wp-json\/wp\/v2\/product\/34757","targetHints":{"allow":["GET"]}}],"collection":[{"href":"https:\/\/edirectorios.com.mx\/directorios-latinoamerica\/wp-json\/wp\/v2\/product"}],"about":[{"href":"https:\/\/edirectorios.com.mx\/directorios-latinoamerica\/wp-json\/wp\/v2\/types\/product"}],"version-history":[{"count":1,"href":"https:\/\/edirectorios.com.mx\/directorios-latinoamerica\/wp-json\/wp\/v2\/product\/34757\/revisions"}],"predecessor-version":[{"id":34803,"href":"https:\/\/edirectorios.com.mx\/directorios-latinoamerica\/wp-json\/wp\/v2\/product\/34757\/revisions\/34803"}],"wp:featuredmedia":[{"embeddable":true,"href":"https:\/\/edirectorios.com.mx\/directorios-latinoamerica\/wp-json\/wp\/v2\/media\/31056"}],"wp:attachment":[{"href":"https:\/\/edirectorios.com.mx\/directorios-latinoamerica\/wp-json\/wp\/v2\/media?parent=34757"}],"wp:term":[{"taxonomy":"product_brand","embeddable":true,"href":"https:\/\/edirectorios.com.mx\/directorios-latinoamerica\/wp-json\/wp\/v2\/product_brand?post=34757"},{"taxonomy":"product_cat","embeddable":true,"href":"https:\/\/edirectorios.com.mx\/directorios-latinoamerica\/wp-json\/wp\/v2\/product_cat?post=34757"},{"taxonomy":"product_tag","embeddable":true,"href":"https:\/\/edirectorios.com.mx\/directorios-latinoamerica\/wp-json\/wp\/v2\/product_tag?post=34757"},{"taxonomy":"product_brands","embeddable":true,"href":"https:\/\/edirectorios.com.mx\/directorios-latinoamerica\/wp-json\/wp\/v2\/product_brands?post=34757"}],"curies":[{"name":"wp","href":"https:\/\/api.w.org\/{rel}","templated":true}]}}