{"id":34713,"date":"2025-12-12T16:55:17","date_gmt":"2025-12-12T16:55:17","guid":{"rendered":"https:\/\/edirectorios.com.mx\/directorios-latinoamerica\/?post_type=product&#038;p=34713"},"modified":"2025-12-12T16:55:51","modified_gmt":"2025-12-12T16:55:51","slug":"personas-fisicas-mayores-de-edad-economicamente-activas-que-habiten-en-la-colonia-bosque-de-las-lomas-y-la-colonia-lomas-de-tecamachalco","status":"publish","type":"product","link":"https:\/\/edirectorios.com.mx\/directorios-latinoamerica\/product\/personas-fisicas-mayores-de-edad-economicamente-activas-que-habiten-en-la-colonia-bosque-de-las-lomas-y-la-colonia-lomas-de-tecamachalco\/","title":{"rendered":"Personas f\u00edsicas, mayores de edad, econ\u00f3micamente activas que habiten en la colonia Bosque de las Lomas Y la colonia Lomas de Tecamachalco,"},"content":{"rendered":"","protected":false},"excerpt":{"rendered":"<p>&nbsp;<\/p>\n<div class=\"row\">\n<div class=\"col-sm\"><strong>C\u00f3digo:<\/strong> <strong class=\"text-danger\">BMCS-F1<\/strong><\/div>\n<div class=\"col-sm\"><strong>N\u00famero de registros:\u00a0<\/strong>250<\/div>\n<\/div>\n<div class=\"row\">\n<div class=\"col-sm \"><strong>Folio: <\/strong><span class=\"text-danger\">AB0518B102<\/span><\/div>\n<\/div>\n<p><strong>Segmentaci\u00f3n:<\/strong><\/p>\n<div class=\"row\">\n<div class=\"col-sm \">Personas f\u00edsicas, mayores de edad, econ\u00f3micamente activas que habiten en la colonia Bosque de las Lomas, c\u00f3digo postal 11700 Ciudad de M\u00e9xico. Y en la colonia Lomas de Tecamachalco, c\u00f3digo postal 52780 Naucalpan de Ju\u00e1rez, Estado De M\u00e9xico.<\/div>\n<\/div>\n<p><strong>Campos Contenidos:<\/strong><\/p>\n<div class=\"row\">\n<div class=\"col-sm \">Email.<\/div>\n<\/div>\n<div class=\"row\">\n<div class=\"col-sm\"><strong>Garant\u00eda:\u00a0<\/strong>75%-85%\u00a0<strong>Precio Original:<del>\u00a0<\/del><\/strong><del>$63 USD<\/del>\u00a0<strong>Descuento Especial:\u00a0<\/strong><strong class=\"text-danger\">25%<\/strong><\/div>\n<\/div>\n<div class=\"row\">\n<div class=\"col text-center\"><strong>Total a Pagar:\u00a0<\/strong><strong class=\"text-danger\">$47 USD<\/strong><\/div>\n<\/div>\n","protected":false},"featured_media":31002,"template":"","meta":{"_bst_post_transparent":"","_bst_post_title":"","_bst_post_layout":"","_bst_post_sidebar_id":"","_bst_post_content_style":"","_bst_post_vertical_padding":"","_bst_post_feature":"","_bst_post_feature_position":"","_bst_post_header":false,"_bst_post_footer":false},"product_brand":[],"product_cat":[1181,1180],"product_tag":[1062,1182,1063,1064,1066,1067,1068,1185,1186,1071,1073,1074,1075,1076,1077,1078,1079,1081,1156,1082,1083,1084,1085,1086,1087,1161,1162,1088,1089,1090,1092,1189,1093,1097,1098,1099,1100,1102,1104,1165,1190,1117,1118,1191,1192,1193,1194,1195,1196,1197,1198,1199,1200,1201,1202,1203,1204,1170,1126,1133,1135,1136,1137,1138,1139,1140,1142,1143,1144,1145,1146,1148],"product_brands":[],"class_list":{"0":"post-34713","1":"product","2":"type-product","3":"status-publish","4":"has-post-thumbnail","6":"product_cat-empresarios","7":"product_cat-personas-en-mexico","8":"product_tag-b2c-email-database","9":"product_tag-base-de-datos","10":"product_tag-base-de-datos-campana-de-email-marketing","11":"product_tag-base-de-datos-campanas-de-email-marketing","12":"product_tag-base-de-datos-ciudad-de-mexico","13":"product_tag-base-de-datos-correo-masivo","14":"product_tag-base-de-datos-correo-masivos","15":"product_tag-base-de-datos-de-empresarios","16":"product_tag-base-de-datos-de-personas-fisicas","17":"product_tag-base-de-datos-direct-e-mail-marketing","18":"product_tag-base-de-datos-e-mail-marketing","19":"product_tag-base-de-datos-email-marketer","20":"product_tag-base-de-datos-email-marketing","21":"product_tag-base-de-datos-email-masivos","22":"product_tag-base-de-datos-email-publicidad","23":"product_tag-base-de-datos-email-publicitario","24":"product_tag-base-de-datos-emailing","25":"product_tag-base-de-datos-enviar-email-masivo","26":"product_tag-base-de-datos-enviar-mailing","27":"product_tag-base-de-datos-envio-de-email-masivo","28":"product_tag-base-de-datos-envio-masivo-correo","29":"product_tag-base-de-datos-envio-masivo-correos","30":"product_tag-base-de-datos-envio-masivo-de-emails","31":"product_tag-base-de-datos-envios-de-correo-masivos","32":"product_tag-base-de-datos-estado-de-mexico","33":"product_tag-base-de-datos-mailing","34":"product_tag-base-de-datos-mailing-masivo","35":"product_tag-base-de-datos-marketing","36":"product_tag-base-de-datos-marketing-por-e-mail","37":"product_tag-base-de-datos-marketing-por-email","38":"product_tag-base-de-datos-para-marketing","39":"product_tag-base-de-datos-personas-de-email-marketing","40":"product_tag-base-de-datos-publicidad-por-email","41":"product_tag-bases-de-datos-correos","42":"product_tag-bases-de-datos-correos-electronicos","43":"product_tag-bases-de-datos-de-emails","44":"product_tag-bases-de-datos-de-marketing","45":"product_tag-bases-de-datos-email","46":"product_tag-bases-de-datos-emailing","47":"product_tag-bases-de-datos-mailing","48":"product_tag-big-consumer-database","49":"product_tag-buy-email-list","50":"product_tag-buy-email-list-database","51":"product_tag-consumer-contact-lists","52":"product_tag-consumer-database","53":"product_tag-consumer-directory","54":"product_tag-consumer-email-database","55":"product_tag-consumer-email-list","56":"product_tag-consumer-email-lists","57":"product_tag-consumer-list","58":"product_tag-consumer-mailing-database","59":"product_tag-consumer-mailing-list","60":"product_tag-consumer-mailing-lists","61":"product_tag-consumer-phone-list","62":"product_tag-correo-de-personas","63":"product_tag-correos-electronicos-de-personas","64":"product_tag-correos-electronicos-personas","65":"product_tag-database","66":"product_tag-directorio-emailing","67":"product_tag-email-address-list","68":"product_tag-email-lists","69":"product_tag-email-marketing-list","70":"product_tag-list-of-email-addresses","71":"product_tag-lista-de-correos","72":"product_tag-lista-de-correos-electronicos","73":"product_tag-mail-marketing","74":"product_tag-mailing-list","75":"product_tag-marketing","76":"product_tag-marketing-correo-electronico","77":"product_tag-marketing-lists","78":"product_tag-publicidad-por-base-de-datos-correo-electronico","79":"product_tag-tele-marketing-list","81":"first","82":"instock","83":"sale","84":"virtual","85":"purchasable","86":"product-type-simple","87":"entry","88":"content-bg","89":"loop-entry"},"aioseo_notices":[],"_links":{"self":[{"href":"https:\/\/edirectorios.com.mx\/directorios-latinoamerica\/wp-json\/wp\/v2\/product\/34713","targetHints":{"allow":["GET"]}}],"collection":[{"href":"https:\/\/edirectorios.com.mx\/directorios-latinoamerica\/wp-json\/wp\/v2\/product"}],"about":[{"href":"https:\/\/edirectorios.com.mx\/directorios-latinoamerica\/wp-json\/wp\/v2\/types\/product"}],"version-history":[{"count":1,"href":"https:\/\/edirectorios.com.mx\/directorios-latinoamerica\/wp-json\/wp\/v2\/product\/34713\/revisions"}],"predecessor-version":[{"id":34761,"href":"https:\/\/edirectorios.com.mx\/directorios-latinoamerica\/wp-json\/wp\/v2\/product\/34713\/revisions\/34761"}],"wp:featuredmedia":[{"embeddable":true,"href":"https:\/\/edirectorios.com.mx\/directorios-latinoamerica\/wp-json\/wp\/v2\/media\/31002"}],"wp:attachment":[{"href":"https:\/\/edirectorios.com.mx\/directorios-latinoamerica\/wp-json\/wp\/v2\/media?parent=34713"}],"wp:term":[{"taxonomy":"product_brand","embeddable":true,"href":"https:\/\/edirectorios.com.mx\/directorios-latinoamerica\/wp-json\/wp\/v2\/product_brand?post=34713"},{"taxonomy":"product_cat","embeddable":true,"href":"https:\/\/edirectorios.com.mx\/directorios-latinoamerica\/wp-json\/wp\/v2\/product_cat?post=34713"},{"taxonomy":"product_tag","embeddable":true,"href":"https:\/\/edirectorios.com.mx\/directorios-latinoamerica\/wp-json\/wp\/v2\/product_tag?post=34713"},{"taxonomy":"product_brands","embeddable":true,"href":"https:\/\/edirectorios.com.mx\/directorios-latinoamerica\/wp-json\/wp\/v2\/product_brands?post=34713"}],"curies":[{"name":"wp","href":"https:\/\/api.w.org\/{rel}","templated":true}]}}