{"id":34678,"date":"2025-12-12T16:54:52","date_gmt":"2025-12-12T16:54:52","guid":{"rendered":"https:\/\/edirectorios.com.mx\/directorios-latinoamerica\/?post_type=product&#038;p=34678"},"modified":"2025-12-12T16:55:18","modified_gmt":"2025-12-12T16:55:18","slug":"personas-fisicas-mayores-de-65-anos-con-las-areas-telefonicas-323-213-424-y-310-en-los-angeles-california","status":"publish","type":"product","link":"https:\/\/edirectorios.com.mx\/directorios-latinoamerica\/product\/personas-fisicas-mayores-de-65-anos-con-las-areas-telefonicas-323-213-424-y-310-en-los-angeles-california\/","title":{"rendered":"Personas f\u00edsicas, mayores de 65 a\u00f1os, con las \u00e1reas telef\u00f3nicas 323, 213, 424 y 310  en los \u00c1ngeles, California."},"content":{"rendered":"","protected":false},"excerpt":{"rendered":"<p>&nbsp;<\/p>\n<div class=\"row\">\n<div class=\"col-sm\"><strong>C\u00f3digo:<\/strong> <strong class=\"text-danger\">DBBU-C-4-1<\/strong><\/div>\n<div class=\"col-sm\"><strong>N\u00famero de registros:\u00a0<\/strong>250<\/div>\n<\/div>\n<div class=\"row\">\n<div class=\"col-sm \"><strong>Folio: <\/strong><span class=\"text-danger\">CA0518MB001<\/span><\/div>\n<\/div>\n<p><strong>Segmentaci\u00f3n:<\/strong><\/p>\n<div class=\"row\">\n<div class=\"col-sm \">Personas f\u00edsicas, mayores de 65 a\u00f1os, con las \u00e1reas telef\u00f3nicas 323, 213, 424 y 310 en los \u00c1ngeles, California.<\/div>\n<\/div>\n<p><strong>Campos Contenidos:<\/strong><\/p>\n<div class=\"row\">\n<div class=\"col-sm \">Nombre\/ Tel\u00e9fono.<\/div>\n<\/div>\n<div class=\"row\">\n<div class=\"col-sm\"><strong>Garant\u00eda:\u00a0<\/strong>75%-85%\u00a0<strong>Precio Original:<del>\u00a0<\/del><\/strong><del>$486 USD<\/del>\u00a0<strong>Descuento Especial:\u00a0<\/strong><strong class=\"text-danger\">25%<\/strong><\/div>\n<\/div>\n<div class=\"row\">\n<div class=\"col text-center\"><strong>Total a Pagar:\u00a0<\/strong><strong class=\"text-danger\">$365 USD<\/strong><\/div>\n<\/div>\n","protected":false},"featured_media":31224,"template":"","meta":{"_bst_post_transparent":"","_bst_post_title":"","_bst_post_layout":"","_bst_post_sidebar_id":"","_bst_post_content_style":"","_bst_post_vertical_padding":"","_bst_post_feature":"","_bst_post_feature_position":"","_bst_post_header":false,"_bst_post_footer":false},"product_brand":[],"product_cat":[1180],"product_tag":[1183,1186,1189,1101,1105,1106,1107,1202,1203,1204,1206,1172,1173,1174,1175,1149],"product_brands":[],"class_list":{"0":"post-34678","1":"product","2":"type-product","3":"status-publish","4":"has-post-thumbnail","6":"product_cat-personas-en-mexico","7":"product_tag-base-de-datos-baja-california","8":"product_tag-base-de-datos-de-personas-fisicas","9":"product_tag-base-de-datos-personas-de-email-marketing","10":"product_tag-bases-de-datos-de-telefonos","11":"product_tag-bases-de-datos-numeros-de-telefonos","12":"product_tag-bases-de-datos-telefono","13":"product_tag-bases-de-datos-telefonos-fijos","14":"product_tag-correo-de-personas","15":"product_tag-correos-electronicos-de-personas","16":"product_tag-correos-electronicos-personas","17":"product_tag-phone","18":"product_tag-phone-database","19":"product_tag-phone-lists","20":"product_tag-phone-number","21":"product_tag-phone-number-list","22":"product_tag-telefono","24":"first","25":"instock","26":"sale","27":"virtual","28":"purchasable","29":"product-type-simple","30":"entry","31":"content-bg","32":"loop-entry"},"aioseo_notices":[],"_links":{"self":[{"href":"https:\/\/edirectorios.com.mx\/directorios-latinoamerica\/wp-json\/wp\/v2\/product\/34678","targetHints":{"allow":["GET"]}}],"collection":[{"href":"https:\/\/edirectorios.com.mx\/directorios-latinoamerica\/wp-json\/wp\/v2\/product"}],"about":[{"href":"https:\/\/edirectorios.com.mx\/directorios-latinoamerica\/wp-json\/wp\/v2\/types\/product"}],"version-history":[{"count":1,"href":"https:\/\/edirectorios.com.mx\/directorios-latinoamerica\/wp-json\/wp\/v2\/product\/34678\/revisions"}],"predecessor-version":[{"id":34722,"href":"https:\/\/edirectorios.com.mx\/directorios-latinoamerica\/wp-json\/wp\/v2\/product\/34678\/revisions\/34722"}],"wp:featuredmedia":[{"embeddable":true,"href":"https:\/\/edirectorios.com.mx\/directorios-latinoamerica\/wp-json\/wp\/v2\/media\/31224"}],"wp:attachment":[{"href":"https:\/\/edirectorios.com.mx\/directorios-latinoamerica\/wp-json\/wp\/v2\/media?parent=34678"}],"wp:term":[{"taxonomy":"product_brand","embeddable":true,"href":"https:\/\/edirectorios.com.mx\/directorios-latinoamerica\/wp-json\/wp\/v2\/product_brand?post=34678"},{"taxonomy":"product_cat","embeddable":true,"href":"https:\/\/edirectorios.com.mx\/directorios-latinoamerica\/wp-json\/wp\/v2\/product_cat?post=34678"},{"taxonomy":"product_tag","embeddable":true,"href":"https:\/\/edirectorios.com.mx\/directorios-latinoamerica\/wp-json\/wp\/v2\/product_tag?post=34678"},{"taxonomy":"product_brands","embeddable":true,"href":"https:\/\/edirectorios.com.mx\/directorios-latinoamerica\/wp-json\/wp\/v2\/product_brands?post=34678"}],"curies":[{"name":"wp","href":"https:\/\/api.w.org\/{rel}","templated":true}]}}