{"id":34651,"date":"2025-12-12T16:54:28","date_gmt":"2025-12-12T16:54:28","guid":{"rendered":"https:\/\/edirectorios.com.mx\/directorios-latinoamerica\/?post_type=product&#038;p=34651"},"modified":"2025-12-12T16:55:00","modified_gmt":"2025-12-12T16:55:00","slug":"empresas-de-farmaceutica-financieras-y-retail-con-500-registros-de-cada-industria-en-la-ciudad-de-mexico-y-estado-de-mexico","status":"publish","type":"product","link":"https:\/\/edirectorios.com.mx\/directorios-latinoamerica\/product\/empresas-de-farmaceutica-financieras-y-retail-con-500-registros-de-cada-industria-en-la-ciudad-de-mexico-y-estado-de-mexico\/","title":{"rendered":"Empresas de: farmac\u00e9utica, financieras y retail con 500 registros de cada industria en la Ciudad de M\u00e9xico y Estado de M\u00e9xico."},"content":{"rendered":"","protected":false},"excerpt":{"rendered":"<div class=\"row\">\n<div class=\"col-sm\"><strong>C\u00f3digo:<\/strong> <strong class=\"text-danger\">PTTJ-E9<\/strong><\/div>\n<div class=\"col-sm\"><strong>N\u00famero de registros: <\/strong>1,500<\/div>\n<\/div>\n<div class=\"row\">\n<div class=\"col-sm \"><strong>Folio: <\/strong><span class=\"text-danger\">MM0117B085<\/span><\/div>\n<\/div>\n<p><strong>Segmentaci\u00f3n:<\/strong><\/p>\n<div class=\"row\">\n<div class=\"col-sm \"><span class=\"text-justify\">Empresas de: farmac\u00e9utica, financieras y retail con 500 registros de cada industria en la Ciudad de M\u00e9xico y Estado de M\u00e9xico. <\/span><\/div>\n<\/div>\n<p><strong>Campos Contenidos:<\/strong><\/p>\n<div class=\"row\">\n<div class=\"col-sm \"><span class=\"text-justify\">Empresa \/Giro\/ Direcci\u00f3n \/ Ciudad \/ Estado \/ Contacto \/ Puesto: Tomadores de decisi\u00f3n de TI o Ingenieros TI o Gerentes TI o Directores TI.\/ Tel\u00e9fono \/ Email. <\/span><\/div>\n<\/div>\n<div class=\"row\">\n<div class=\"col-sm\">\n<p><strong>Garant\u00eda:\u00a0<\/strong>75%-85%<\/p>\n<p><strong>Precio Original:\u00a0<\/strong><del>$981 USD<\/del><\/p>\n<p><strong>Descuento Especial:\u00a0<\/strong><strong class=\"text-danger\">25%<\/strong><\/p>\n<\/div>\n<\/div>\n<div class=\"row\">\n<div class=\"col text-center\"><strong>Total a Pagar:\u00a0<\/strong><strong class=\"text-danger\">$736 USD<\/strong><\/div>\n<\/div>\n","protected":false},"featured_media":31006,"template":"","meta":{"_bst_post_transparent":"","_bst_post_title":"","_bst_post_layout":"","_bst_post_sidebar_id":"","_bst_post_content_style":"","_bst_post_vertical_padding":"","_bst_post_feature":"","_bst_post_feature_position":"","_bst_post_header":false,"_bst_post_footer":false},"product_brand":[],"product_cat":[1060,1210],"product_tag":[1062,1063,1064,1066,1067,1068,1211,1071,1073,1074,1075,1076,1077,1078,1079,1212,1213,1155,1080,1081,1082,1083,1084,1085,1086,1087,1214,1088,1089,1090,1092,1093,1365,1097,1098,1099,1100,1101,1102,1103,1104,1178,1105,1106,1107,1109,1111,1112,1114,1115,1116,1117,1118,1166,1119,1167,1120,1121,1122,1123,1124,1170,1127,1128,1131,1132,1133,1134,1135,1136,1219,1137,1138,1139,1140,1141,1142,1144,1145,1172,1173,1174,1175,1146,1148,1149],"product_brands":[],"class_list":{"0":"post-34651","1":"product","2":"type-product","3":"status-publish","4":"has-post-thumbnail","6":"product_cat-empresas-en-mexico","7":"product_cat-farmaceuticas","8":"product_tag-b2c-email-database","9":"product_tag-base-de-datos-campana-de-email-marketing","10":"product_tag-base-de-datos-campanas-de-email-marketing","11":"product_tag-base-de-datos-ciudad-de-mexico","12":"product_tag-base-de-datos-correo-masivo","13":"product_tag-base-de-datos-correo-masivos","14":"product_tag-base-de-datos-de-empresas-b2b","15":"product_tag-base-de-datos-direct-e-mail-marketing","16":"product_tag-base-de-datos-e-mail-marketing","17":"product_tag-base-de-datos-email-marketer","18":"product_tag-base-de-datos-email-marketing","19":"product_tag-base-de-datos-email-masivos","20":"product_tag-base-de-datos-email-publicidad","21":"product_tag-base-de-datos-email-publicitario","22":"product_tag-base-de-datos-emailing","23":"product_tag-base-de-datos-empresa","24":"product_tag-base-de-datos-empresarial","25":"product_tag-base-de-datos-empresas","26":"product_tag-base-de-datos-empresas-de-email-marketing","27":"product_tag-base-de-datos-enviar-email-masivo","28":"product_tag-base-de-datos-envio-de-email-masivo","29":"product_tag-base-de-datos-envio-masivo-correo","30":"product_tag-base-de-datos-envio-masivo-correos","31":"product_tag-base-de-datos-envio-masivo-de-emails","32":"product_tag-base-de-datos-envios-de-correo-masivos","33":"product_tag-base-de-datos-estado-de-mexico","34":"product_tag-base-de-datos-farmaceutica","35":"product_tag-base-de-datos-marketing","36":"product_tag-base-de-datos-marketing-por-e-mail","37":"product_tag-base-de-datos-marketing-por-email","38":"product_tag-base-de-datos-para-marketing","39":"product_tag-base-de-datos-publicidad-por-email","40":"product_tag-base-de-datos-retail","41":"product_tag-bases-de-datos-correos","42":"product_tag-bases-de-datos-correos-electronicos","43":"product_tag-bases-de-datos-de-emails","44":"product_tag-bases-de-datos-de-marketing","45":"product_tag-bases-de-datos-de-telefonos","46":"product_tag-bases-de-datos-email","47":"product_tag-bases-de-datos-email-empresas","48":"product_tag-bases-de-datos-emailing","49":"product_tag-bases-de-datos-industrias","50":"product_tag-bases-de-datos-numeros-de-telefonos","51":"product_tag-bases-de-datos-telefono","52":"product_tag-bases-de-datos-telefonos-fijos","53":"product_tag-business-contact-lists","54":"product_tag-business-email-database","55":"product_tag-business-email-list","56":"product_tag-business-mailing-database","57":"product_tag-business-mailing-lists","58":"product_tag-buy-email-database","59":"product_tag-buy-email-list","60":"product_tag-buy-email-list-database","61":"product_tag-companies-email-address-list","62":"product_tag-company-database","63":"product_tag-company-email-address-list","64":"product_tag-correo-de-empresas","65":"product_tag-correos-de-empresas","66":"product_tag-correos-electronicos-de-empresas","67":"product_tag-correos-electronicos-empresas","68":"product_tag-correos-empresariales","69":"product_tag-database","70":"product_tag-directorio-empresarial","71":"product_tag-directorio-empresariales","72":"product_tag-directorios-empresas","73":"product_tag-e-mail-database","74":"product_tag-email-address-list","75":"product_tag-email-database","76":"product_tag-email-lists","77":"product_tag-email-marketing-list","78":"product_tag-engineering-services-databases","79":"product_tag-list-of-email-addresses","80":"product_tag-lista-de-correos","81":"product_tag-lista-de-correos-electronicos","82":"product_tag-mail-marketing","83":"product_tag-mailing-database","84":"product_tag-mailing-list","85":"product_tag-marketing-correo-electronico","86":"product_tag-marketing-lists","87":"product_tag-phone-database","88":"product_tag-phone-lists","89":"product_tag-phone-number","90":"product_tag-phone-number-list","91":"product_tag-publicidad-por-base-de-datos-correo-electronico","92":"product_tag-tele-marketing-list","93":"product_tag-telefono","95":"first","96":"instock","97":"sale","98":"virtual","99":"purchasable","100":"product-type-simple","101":"entry","102":"content-bg","103":"loop-entry"},"aioseo_notices":[],"_links":{"self":[{"href":"https:\/\/edirectorios.com.mx\/directorios-latinoamerica\/wp-json\/wp\/v2\/product\/34651","targetHints":{"allow":["GET"]}}],"collection":[{"href":"https:\/\/edirectorios.com.mx\/directorios-latinoamerica\/wp-json\/wp\/v2\/product"}],"about":[{"href":"https:\/\/edirectorios.com.mx\/directorios-latinoamerica\/wp-json\/wp\/v2\/types\/product"}],"version-history":[{"count":1,"href":"https:\/\/edirectorios.com.mx\/directorios-latinoamerica\/wp-json\/wp\/v2\/product\/34651\/revisions"}],"predecessor-version":[{"id":34697,"href":"https:\/\/edirectorios.com.mx\/directorios-latinoamerica\/wp-json\/wp\/v2\/product\/34651\/revisions\/34697"}],"wp:featuredmedia":[{"embeddable":true,"href":"https:\/\/edirectorios.com.mx\/directorios-latinoamerica\/wp-json\/wp\/v2\/media\/31006"}],"wp:attachment":[{"href":"https:\/\/edirectorios.com.mx\/directorios-latinoamerica\/wp-json\/wp\/v2\/media?parent=34651"}],"wp:term":[{"taxonomy":"product_brand","embeddable":true,"href":"https:\/\/edirectorios.com.mx\/directorios-latinoamerica\/wp-json\/wp\/v2\/product_brand?post=34651"},{"taxonomy":"product_cat","embeddable":true,"href":"https:\/\/edirectorios.com.mx\/directorios-latinoamerica\/wp-json\/wp\/v2\/product_cat?post=34651"},{"taxonomy":"product_tag","embeddable":true,"href":"https:\/\/edirectorios.com.mx\/directorios-latinoamerica\/wp-json\/wp\/v2\/product_tag?post=34651"},{"taxonomy":"product_brands","embeddable":true,"href":"https:\/\/edirectorios.com.mx\/directorios-latinoamerica\/wp-json\/wp\/v2\/product_brands?post=34651"}],"curies":[{"name":"wp","href":"https:\/\/api.w.org\/{rel}","templated":true}]}}