{"id":34618,"date":"2025-12-12T16:54:02","date_gmt":"2025-12-12T16:54:02","guid":{"rendered":"https:\/\/edirectorios.com.mx\/directorios-latinoamerica\/?post_type=product&#038;p=34618"},"modified":"2025-12-12T16:54:33","modified_gmt":"2025-12-12T16:54:33","slug":"empresas-corporativas-de-150-a-500-empleados-en-cdmx-ciudad-de-queretaro-ciudad-de-monterrey-y-ciudad-de-leon-guanajuato","status":"publish","type":"product","link":"https:\/\/edirectorios.com.mx\/directorios-latinoamerica\/product\/empresas-corporativas-de-150-a-500-empleados-en-cdmx-ciudad-de-queretaro-ciudad-de-monterrey-y-ciudad-de-leon-guanajuato\/","title":{"rendered":"Empresas corporativas de 150 a 500 empleados en CDMX, ciudad de Quer\u00e9taro, ciudad de Monterrey y ciudad de Le\u00f3n, Guanajuato."},"content":{"rendered":"","protected":false},"excerpt":{"rendered":"<p>&nbsp;<\/p>\n<div class=\"row\">\n<div class=\"col-sm\"><strong>C\u00f3digo:<\/strong> <strong class=\"text-danger\">FTBM-DE6<\/strong><\/div>\n<div class=\"col-sm\"><strong>N\u00famero de registros:<\/strong>1,200<\/div>\n<\/div>\n<div class=\"row\">\n<div class=\"col-sm \"><strong>Folio: <\/strong><span class=\"text-danger\">03SOEA0118-031<\/span><\/div>\n<\/div>\n<p><strong>Segmentaci\u00f3n:<\/strong><\/p>\n<div class=\"row\">\n<div class=\"col-sm \"><span class=\"text-justify\">Empresas corporativas de 150 a 500 empleados en la Ciudad de M\u00e9xico, ciudad de Quer\u00e9taro, ciudad de Monterrey y ciudad de Le\u00f3n, Guanajuato.<\/span><\/div>\n<\/div>\n<p><strong>Campos Contenidos:<\/strong><\/p>\n<div class=\"row\">\n<div class=\"col-sm \"><span class=\"text-justify\">Empresa \/ Giro \/ Direcci\u00f3n \/ Ciudad \/ Estado \/ Contacto \/ Puesto: Encargado de sistemas o encargado de compras de sistemas \/ Tel\u00e9fono \/ Email.<\/span><\/div>\n<\/div>\n<div class=\"row\">\n<div class=\"col-sm\"><strong>Garant\u00eda:\u00a0<\/strong>75%-85%<\/p>\n<p><strong>Precio Original:\u00a0<\/strong><del>$750 USD<\/del><\/p>\n<p><strong>Descuento Especial:\u00a0<\/strong><strong class=\"text-danger\">25%<\/strong><\/div>\n<\/div>\n<div class=\"row\">\n<div class=\"col text-center\"><strong>Total a Pagar:\u00a0<\/strong><strong class=\"text-danger\">$563 USD<\/strong><\/div>\n<\/div>\n","protected":false},"featured_media":31282,"template":"","meta":{"_bst_post_transparent":"","_bst_post_title":"","_bst_post_layout":"","_bst_post_sidebar_id":"","_bst_post_content_style":"","_bst_post_vertical_padding":"","_bst_post_feature":"","_bst_post_feature_position":"","_bst_post_header":false,"_bst_post_footer":false},"product_brand":[],"product_cat":[1379,1060],"product_tag":[1380,1062,1063,1064,1066,1319,1071,1073,1074,1075,1076,1077,1078,1079,1155,1080,1176,1081,1082,1085,1269,1088,1089,1090,1312,1224,1188,1275,1092,1093,1270,1285,1099,1100,1101,1102,1103,1104,1226,1105,1106,1107,1109,1110,1111,1112,1113,1114,1115,1116,1117,1118,1166,1119,1167,1199,1120,1121,1122,1123,1170,1309,1128,1129,1131,1314,1132,1133,1134,1135,1136,1137,1138,1139,1140,1141,1142,1144,1145,1205,1172,1173,1174,1175,1148,1149],"product_brands":[],"class_list":{"0":"post-34618","1":"product","2":"type-product","3":"status-publish","4":"has-post-thumbnail","6":"product_cat-con-mas-de-100-empleados","7":"product_cat-empresas-en-mexico","8":"product_tag-american-phone-number","9":"product_tag-b2c-email-database","10":"product_tag-base-de-datos-campana-de-email-marketing","11":"product_tag-base-de-datos-campanas-de-email-marketing","12":"product_tag-base-de-datos-ciudad-de-mexico","13":"product_tag-base-de-datos-de-empresas-con-mas-de-100-empleados","14":"product_tag-base-de-datos-direct-e-mail-marketing","15":"product_tag-base-de-datos-e-mail-marketing","16":"product_tag-base-de-datos-email-marketer","17":"product_tag-base-de-datos-email-marketing","18":"product_tag-base-de-datos-email-masivos","19":"product_tag-base-de-datos-email-publicidad","20":"product_tag-base-de-datos-email-publicitario","21":"product_tag-base-de-datos-emailing","22":"product_tag-base-de-datos-empresas","23":"product_tag-base-de-datos-empresas-de-email-marketing","24":"product_tag-base-de-datos-encargados","25":"product_tag-base-de-datos-enviar-email-masivo","26":"product_tag-base-de-datos-envio-de-email-masivo","27":"product_tag-base-de-datos-envio-masivo-de-emails","28":"product_tag-base-de-datos-guanajuato","29":"product_tag-base-de-datos-marketing","30":"product_tag-base-de-datos-marketing-por-e-mail","31":"product_tag-base-de-datos-marketing-por-email","32":"product_tag-base-de-datos-monterrey","33":"product_tag-base-de-datos-nivel-nacional","34":"product_tag-base-de-datos-nuevo-leon","35":"product_tag-base-de-datos-para-empresas","36":"product_tag-base-de-datos-para-marketing","37":"product_tag-base-de-datos-publicidad-por-email","38":"product_tag-base-de-datos-queretaro","39":"product_tag-base-de-datos-sistemas","40":"product_tag-bases-de-datos-de-emails","41":"product_tag-bases-de-datos-de-marketing","42":"product_tag-bases-de-datos-de-telefonos","43":"product_tag-bases-de-datos-email","44":"product_tag-bases-de-datos-email-empresas","45":"product_tag-bases-de-datos-emailing","46":"product_tag-bases-de-datos-emails","47":"product_tag-bases-de-datos-numeros-de-telefonos","48":"product_tag-bases-de-datos-telefono","49":"product_tag-bases-de-datos-telefonos-fijos","50":"product_tag-business-contact-lists","51":"product_tag-business-directory","52":"product_tag-business-email-database","53":"product_tag-business-email-list","54":"product_tag-business-email-lists","55":"product_tag-business-mailing-database","56":"product_tag-business-mailing-lists","57":"product_tag-buy-email-database","58":"product_tag-buy-email-list","59":"product_tag-buy-email-list-database","60":"product_tag-companies-email-address-list","61":"product_tag-company-database","62":"product_tag-company-email-address-list","63":"product_tag-consumer-mailing-list","64":"product_tag-correo-de-empresas","65":"product_tag-correos-de-empresas","66":"product_tag-correos-electronicos-de-empresas","67":"product_tag-correos-electronicos-empresas","68":"product_tag-database","69":"product_tag-directorio-empresarial-mexico","70":"product_tag-directorio-empresariales","71":"product_tag-directorio-empresas","72":"product_tag-directorios-empresas","73":"product_tag-directorios-monterrey","74":"product_tag-e-mail-database","75":"product_tag-email-address-list","76":"product_tag-email-database","77":"product_tag-email-lists","78":"product_tag-email-marketing-list","79":"product_tag-list-of-email-addresses","80":"product_tag-lista-de-correos","81":"product_tag-lista-de-correos-electronicos","82":"product_tag-mail-marketing","83":"product_tag-mailing-database","84":"product_tag-mailing-list","85":"product_tag-marketing-correo-electronico","86":"product_tag-marketing-lists","87":"product_tag-nuevo-leon-database","88":"product_tag-phone-database","89":"product_tag-phone-lists","90":"product_tag-phone-number","91":"product_tag-phone-number-list","92":"product_tag-tele-marketing-list","93":"product_tag-telefono","95":"first","96":"instock","97":"sale","98":"featured","99":"virtual","100":"purchasable","101":"product-type-simple","102":"entry","103":"content-bg","104":"loop-entry"},"aioseo_notices":[],"_links":{"self":[{"href":"https:\/\/edirectorios.com.mx\/directorios-latinoamerica\/wp-json\/wp\/v2\/product\/34618","targetHints":{"allow":["GET"]}}],"collection":[{"href":"https:\/\/edirectorios.com.mx\/directorios-latinoamerica\/wp-json\/wp\/v2\/product"}],"about":[{"href":"https:\/\/edirectorios.com.mx\/directorios-latinoamerica\/wp-json\/wp\/v2\/types\/product"}],"version-history":[{"count":1,"href":"https:\/\/edirectorios.com.mx\/directorios-latinoamerica\/wp-json\/wp\/v2\/product\/34618\/revisions"}],"predecessor-version":[{"id":34663,"href":"https:\/\/edirectorios.com.mx\/directorios-latinoamerica\/wp-json\/wp\/v2\/product\/34618\/revisions\/34663"}],"wp:featuredmedia":[{"embeddable":true,"href":"https:\/\/edirectorios.com.mx\/directorios-latinoamerica\/wp-json\/wp\/v2\/media\/31282"}],"wp:attachment":[{"href":"https:\/\/edirectorios.com.mx\/directorios-latinoamerica\/wp-json\/wp\/v2\/media?parent=34618"}],"wp:term":[{"taxonomy":"product_brand","embeddable":true,"href":"https:\/\/edirectorios.com.mx\/directorios-latinoamerica\/wp-json\/wp\/v2\/product_brand?post=34618"},{"taxonomy":"product_cat","embeddable":true,"href":"https:\/\/edirectorios.com.mx\/directorios-latinoamerica\/wp-json\/wp\/v2\/product_cat?post=34618"},{"taxonomy":"product_tag","embeddable":true,"href":"https:\/\/edirectorios.com.mx\/directorios-latinoamerica\/wp-json\/wp\/v2\/product_tag?post=34618"},{"taxonomy":"product_brands","embeddable":true,"href":"https:\/\/edirectorios.com.mx\/directorios-latinoamerica\/wp-json\/wp\/v2\/product_brands?post=34618"}],"curies":[{"name":"wp","href":"https:\/\/api.w.org\/{rel}","templated":true}]}}