{"id":34599,"date":"2025-12-12T16:53:39","date_gmt":"2025-12-12T16:53:39","guid":{"rendered":"https:\/\/edirectorios.com.mx\/directorios-latinoamerica\/?post_type=product&#038;p=34599"},"modified":"2025-12-12T16:54:23","modified_gmt":"2025-12-12T16:54:23","slug":"empresas-que-sean-grandes-en-diversos-giros-en-la-ciudad-de-mexico-y-estado-de-mexico-consultar-giros-completos","status":"publish","type":"product","link":"https:\/\/edirectorios.com.mx\/directorios-latinoamerica\/product\/empresas-que-sean-grandes-en-diversos-giros-en-la-ciudad-de-mexico-y-estado-de-mexico-consultar-giros-completos\/","title":{"rendered":"Empresas que sean grandes, en diversos giros  en la Ciudad de M\u00e9xico y Estado de M\u00e9xico. (Consultar giros completos)"},"content":{"rendered":"","protected":false},"excerpt":{"rendered":"<p>&nbsp;<\/p>\n<div class=\"row\">\n<div class=\"col-sm\"><strong>C\u00f3digo:<\/strong> <strong class=\"text-danger\">BCVS-F3<\/strong><\/div>\n<div class=\"col-sm\"><strong>N\u00famero de registros: <\/strong>250<\/div>\n<\/div>\n<div class=\"row\">\n<div class=\"col-sm \"><strong>Folio: <\/strong><span class=\"text-danger\">DP0818B137<\/span><\/div>\n<\/div>\n<p><strong>Segmentaci\u00f3n:<\/strong><\/p>\n<div class=\"row\">\n<div class=\"col-sm \"><span class=\"text-justify\">Empresas que sean grandes, corporativos de aduanas, empresas de transporte a\u00e9reo, hospitales, Colegios, universidades , escuelas en general, Transportes log\u00edsticos , empresas del sector Financiero, Aseguradoras, despachos de Abogados y contadores en la Ciudad de M\u00e9xico y Estado de M\u00e9xico.<\/span><\/div>\n<\/div>\n<p><strong>Campos Contenidos:<\/strong><\/p>\n<div class=\"row\">\n<div class=\"col-sm \"><span class=\"text-justify\">Empresa \/ Giro \/ Direcci\u00f3n \/ Ciudad \/ Estado \/ Contacto \/ Puesto: Encargado de compras \/ Tel\u00e9fono \/ Email.<\/span><\/div>\n<\/div>\n<div class=\"row\">\n<div class=\"col-sm\"><strong>Garant\u00eda: <\/strong>75%-85%<\/p>\n<p><strong>Precio Original: <\/strong><del>$128 USD<\/del><\/p>\n<p><strong>Descuento Especial: <\/strong><strong class=\"text-danger\">25%<\/strong><\/div>\n<\/div>\n<div class=\"row\">\n<div class=\"col text-center\"><strong>Total a Pagar: <\/strong><strong class=\"text-danger\">$96 USD<\/strong><\/div>\n<\/div>\n","protected":false},"featured_media":31023,"template":"","meta":{"_bst_post_transparent":"","_bst_post_title":"","_bst_post_layout":"","_bst_post_sidebar_id":"","_bst_post_content_style":"","_bst_post_vertical_padding":"","_bst_post_feature":"","_bst_post_feature_position":"","_bst_post_header":false,"_bst_post_footer":false},"product_brand":[],"product_cat":[1060,1267],"product_tag":[1062,1182,1063,1064,1066,1222,1067,1068,1255,1211,1274,1071,1073,1074,1075,1076,1077,1078,1079,1212,1213,1155,1080,1242,1176,1177,1081,1156,1082,1083,1084,1085,1086,1333,1087,1161,1162,1088,1089,1090,1275,1092,1225,1093,1304,1097,1098,1099,1100,1101,1102,1103,1104,1226,1289,1165,1105,1228,1106,1107,1109,1110,1111,1112,1113,1114,1115,1116,1117,1118,1166,1119,1167,1120,1121,1122,1123,1124,1170,1132,1133,1134,1135,1136,1276,1137,1138,1139,1140,1141,1142,1144,1145,1172,1173,1174,1175,1146,1148,1149,1231,1232],"product_brands":[],"class_list":{"0":"post-34599","1":"product","2":"type-product","3":"status-publish","4":"has-post-thumbnail","6":"product_cat-empresas-en-mexico","7":"product_cat-empresas-grandes","8":"product_tag-b2c-email-database","9":"product_tag-base-de-datos","10":"product_tag-base-de-datos-campana-de-email-marketing","11":"product_tag-base-de-datos-campanas-de-email-marketing","12":"product_tag-base-de-datos-ciudad-de-mexico","13":"product_tag-base-de-datos-compras","14":"product_tag-base-de-datos-correo-masivo","15":"product_tag-base-de-datos-correo-masivos","16":"product_tag-base-de-datos-de-corporativos","17":"product_tag-base-de-datos-de-empresas-b2b","18":"product_tag-base-de-datos-de-empresas-en-mexico","19":"product_tag-base-de-datos-direct-e-mail-marketing","20":"product_tag-base-de-datos-e-mail-marketing","21":"product_tag-base-de-datos-email-marketer","22":"product_tag-base-de-datos-email-marketing","23":"product_tag-base-de-datos-email-masivos","24":"product_tag-base-de-datos-email-publicidad","25":"product_tag-base-de-datos-email-publicitario","26":"product_tag-base-de-datos-emailing","27":"product_tag-base-de-datos-empresa","28":"product_tag-base-de-datos-empresarial","29":"product_tag-base-de-datos-empresas","30":"product_tag-base-de-datos-empresas-de-email-marketing","31":"product_tag-base-de-datos-empresas-grandes","32":"product_tag-base-de-datos-encargados","33":"product_tag-base-de-datos-encargados-de-compras","34":"product_tag-base-de-datos-enviar-email-masivo","35":"product_tag-base-de-datos-enviar-mailing","36":"product_tag-base-de-datos-envio-de-email-masivo","37":"product_tag-base-de-datos-envio-masivo-correo","38":"product_tag-base-de-datos-envio-masivo-correos","39":"product_tag-base-de-datos-envio-masivo-de-emails","40":"product_tag-base-de-datos-envios-de-correo-masivos","41":"product_tag-base-de-datos-escuelas","42":"product_tag-base-de-datos-estado-de-mexico","43":"product_tag-base-de-datos-mailing","44":"product_tag-base-de-datos-mailing-masivo","45":"product_tag-base-de-datos-marketing","46":"product_tag-base-de-datos-marketing-por-e-mail","47":"product_tag-base-de-datos-marketing-por-email","48":"product_tag-base-de-datos-para-empresas","49":"product_tag-base-de-datos-para-marketing","50":"product_tag-base-de-datos-para-ventas","51":"product_tag-base-de-datos-publicidad-por-email","52":"product_tag-base-de-datos-transporte","53":"product_tag-bases-de-datos-correos","54":"product_tag-bases-de-datos-correos-electronicos","55":"product_tag-bases-de-datos-de-emails","56":"product_tag-bases-de-datos-de-marketing","57":"product_tag-bases-de-datos-de-telefonos","58":"product_tag-bases-de-datos-email","59":"product_tag-bases-de-datos-email-empresas","60":"product_tag-bases-de-datos-emailing","61":"product_tag-bases-de-datos-emails","62":"product_tag-bases-de-datos-hospitales","63":"product_tag-bases-de-datos-mailing","64":"product_tag-bases-de-datos-numeros-de-telefonos","65":"product_tag-bases-de-datos-para-ventas","66":"product_tag-bases-de-datos-telefono","67":"product_tag-bases-de-datos-telefonos-fijos","68":"product_tag-business-contact-lists","69":"product_tag-business-directory","70":"product_tag-business-email-database","71":"product_tag-business-email-list","72":"product_tag-business-email-lists","73":"product_tag-business-mailing-database","74":"product_tag-business-mailing-lists","75":"product_tag-buy-email-database","76":"product_tag-buy-email-list","77":"product_tag-buy-email-list-database","78":"product_tag-companies-email-address-list","79":"product_tag-company-database","80":"product_tag-company-email-address-list","81":"product_tag-correo-de-empresas","82":"product_tag-correos-de-empresas","83":"product_tag-correos-electronicos-de-empresas","84":"product_tag-correos-electronicos-empresas","85":"product_tag-correos-empresariales","86":"product_tag-database","87":"product_tag-e-mail-database","88":"product_tag-email-address-list","89":"product_tag-email-database","90":"product_tag-email-lists","91":"product_tag-email-marketing-list","92":"product_tag-empresas","93":"product_tag-list-of-email-addresses","94":"product_tag-lista-de-correos","95":"product_tag-lista-de-correos-electronicos","96":"product_tag-mail-marketing","97":"product_tag-mailing-database","98":"product_tag-mailing-list","99":"product_tag-marketing-correo-electronico","100":"product_tag-marketing-lists","101":"product_tag-phone-database","102":"product_tag-phone-lists","103":"product_tag-phone-number","104":"product_tag-phone-number-list","105":"product_tag-publicidad-por-base-de-datos-correo-electronico","106":"product_tag-tele-marketing-list","107":"product_tag-telefono","108":"product_tag-venta-base-de-datos","109":"product_tag-venta-de-base-de-datos-de-empresas","111":"first","112":"instock","113":"sale","114":"featured","115":"virtual","116":"purchasable","117":"product-type-simple","118":"entry","119":"content-bg","120":"loop-entry"},"aioseo_notices":[],"_links":{"self":[{"href":"https:\/\/edirectorios.com.mx\/directorios-latinoamerica\/wp-json\/wp\/v2\/product\/34599","targetHints":{"allow":["GET"]}}],"collection":[{"href":"https:\/\/edirectorios.com.mx\/directorios-latinoamerica\/wp-json\/wp\/v2\/product"}],"about":[{"href":"https:\/\/edirectorios.com.mx\/directorios-latinoamerica\/wp-json\/wp\/v2\/types\/product"}],"version-history":[{"count":1,"href":"https:\/\/edirectorios.com.mx\/directorios-latinoamerica\/wp-json\/wp\/v2\/product\/34599\/revisions"}],"predecessor-version":[{"id":34645,"href":"https:\/\/edirectorios.com.mx\/directorios-latinoamerica\/wp-json\/wp\/v2\/product\/34599\/revisions\/34645"}],"wp:featuredmedia":[{"embeddable":true,"href":"https:\/\/edirectorios.com.mx\/directorios-latinoamerica\/wp-json\/wp\/v2\/media\/31023"}],"wp:attachment":[{"href":"https:\/\/edirectorios.com.mx\/directorios-latinoamerica\/wp-json\/wp\/v2\/media?parent=34599"}],"wp:term":[{"taxonomy":"product_brand","embeddable":true,"href":"https:\/\/edirectorios.com.mx\/directorios-latinoamerica\/wp-json\/wp\/v2\/product_brand?post=34599"},{"taxonomy":"product_cat","embeddable":true,"href":"https:\/\/edirectorios.com.mx\/directorios-latinoamerica\/wp-json\/wp\/v2\/product_cat?post=34599"},{"taxonomy":"product_tag","embeddable":true,"href":"https:\/\/edirectorios.com.mx\/directorios-latinoamerica\/wp-json\/wp\/v2\/product_tag?post=34599"},{"taxonomy":"product_brands","embeddable":true,"href":"https:\/\/edirectorios.com.mx\/directorios-latinoamerica\/wp-json\/wp\/v2\/product_brands?post=34599"}],"curies":[{"name":"wp","href":"https:\/\/api.w.org\/{rel}","templated":true}]}}