{"id":34598,"date":"2025-12-12T16:53:39","date_gmt":"2025-12-12T16:53:39","guid":{"rendered":"https:\/\/edirectorios.com.mx\/directorios-latinoamerica\/?post_type=product&#038;p=34598"},"modified":"2025-12-12T16:54:21","modified_gmt":"2025-12-12T16:54:21","slug":"viajeros-frecuentes-de-30-a-50-anos-con-ingreso-superior-a-usd50000-00-anual-casados-que-residan-en-nueva-york-o-los-angeles","status":"publish","type":"product","link":"https:\/\/edirectorios.com.mx\/directorios-latinoamerica\/product\/viajeros-frecuentes-de-30-a-50-anos-con-ingreso-superior-a-usd50000-00-anual-casados-que-residan-en-nueva-york-o-los-angeles\/","title":{"rendered":"Viajeros frecuentes, de 30 a 50 a\u00f1os con ingreso superior a USD$50,000.00 anual, casados  que Residan en  Nueva York o Los Angeles"},"content":{"rendered":"","protected":false},"excerpt":{"rendered":"<p>&nbsp;<\/p>\n<div class=\"row\">\n<div class=\"col-sm\"><strong>C\u00f3digo:<\/strong> <strong class=\"text-danger\">GSCF-K1<\/strong><\/div>\n<div class=\"col-sm\"><strong>N\u00famero de registros: <\/strong>250<\/div>\n<\/div>\n<div class=\"row\">\n<div class=\"col-sm \"><strong>Folio: <\/strong><span class=\"text-danger\">JB0618B011<\/span><\/div>\n<\/div>\n<p><strong>Segmentaci\u00f3n:<\/strong><\/p>\n<div class=\"row\">\n<div class=\"col-sm \"><span class=\"text-justify\">Viajeros frecuentes con nivel de ingreso de m\u00e1s de USD$50,000.00 por a\u00f1o con un rango de edad de 30 a 50 a\u00f1os que est\u00e9n casados preferencialmente que Residan en las ciudades de Nueva York o Los Angeles y sean ciudadanos con pasaporte vigente de EE. UU.<\/span><\/div>\n<\/div>\n<p><strong>Campos Contenidos:<\/strong><\/p>\n<div class=\"row\">\n<div class=\"col-sm \"><span class=\"text-justify\">Nombre \/ Direcci\u00f3n \/ Ciudad \/ Estado \/ Tel\u00e9fono \/ Email.<\/span><\/div>\n<\/div>\n<div class=\"row\">\n<div class=\"col-sm\">\n<p><strong>Garant\u00eda: <\/strong>75%-85%<\/p>\n<p><strong>Precio Original: <\/strong><del>$245 USD<\/del><\/p>\n<p><strong>Descuento Especial: <\/strong><strong class=\"text-danger\">25%<\/strong><\/p>\n<\/div>\n<\/div>\n<div class=\"row\">\n<div class=\"col text-center\"><strong>Total a Pagar: <\/strong><strong class=\"text-danger\">$184 USD<\/strong><\/div>\n<\/div>\n","protected":false},"featured_media":31129,"template":"","meta":{"_bst_post_transparent":"","_bst_post_title":"","_bst_post_layout":"","_bst_post_sidebar_id":"","_bst_post_content_style":"","_bst_post_vertical_padding":"","_bst_post_feature":"","_bst_post_feature_position":"","_bst_post_header":false,"_bst_post_footer":false},"product_brand":[],"product_cat":[1180,1352],"product_tag":[1062,1182,1063,1064,1067,1068,1186,1353,1071,1073,1074,1075,1076,1077,1078,1079,1081,1082,1083,1084,1085,1086,1436,1088,1089,1090,1092,1189,1093,1097,1098,1099,1100,1101,1102,1105,1106,1107,1190,1117,1118,1191,1192,1193,1194,1195,1196,1197,1198,1199,1200,1201,1202,1203,1204,1170,1133,1135,1136,1137,1138,1139,1140,1143,1144,1145,1206,1172,1173,1174,1175,1146,1148,1149,1437],"product_brands":[],"class_list":{"0":"post-34598","1":"product","2":"type-product","3":"status-publish","4":"has-post-thumbnail","6":"product_cat-personas-en-mexico","7":"product_cat-viajeros-frecuentes","8":"product_tag-b2c-email-database","9":"product_tag-base-de-datos","10":"product_tag-base-de-datos-campana-de-email-marketing","11":"product_tag-base-de-datos-campanas-de-email-marketing","12":"product_tag-base-de-datos-correo-masivo","13":"product_tag-base-de-datos-correo-masivos","14":"product_tag-base-de-datos-de-personas-fisicas","15":"product_tag-base-de-datos-de-viajeros-frecuentes","16":"product_tag-base-de-datos-direct-e-mail-marketing","17":"product_tag-base-de-datos-e-mail-marketing","18":"product_tag-base-de-datos-email-marketer","19":"product_tag-base-de-datos-email-marketing","20":"product_tag-base-de-datos-email-masivos","21":"product_tag-base-de-datos-email-publicidad","22":"product_tag-base-de-datos-email-publicitario","23":"product_tag-base-de-datos-emailing","24":"product_tag-base-de-datos-enviar-email-masivo","25":"product_tag-base-de-datos-envio-de-email-masivo","26":"product_tag-base-de-datos-envio-masivo-correo","27":"product_tag-base-de-datos-envio-masivo-correos","28":"product_tag-base-de-datos-envio-masivo-de-emails","29":"product_tag-base-de-datos-envios-de-correo-masivos","30":"product_tag-base-de-datos-estados-unidos","31":"product_tag-base-de-datos-marketing","32":"product_tag-base-de-datos-marketing-por-e-mail","33":"product_tag-base-de-datos-marketing-por-email","34":"product_tag-base-de-datos-para-marketing","35":"product_tag-base-de-datos-personas-de-email-marketing","36":"product_tag-base-de-datos-publicidad-por-email","37":"product_tag-bases-de-datos-correos","38":"product_tag-bases-de-datos-correos-electronicos","39":"product_tag-bases-de-datos-de-emails","40":"product_tag-bases-de-datos-de-marketing","41":"product_tag-bases-de-datos-de-telefonos","42":"product_tag-bases-de-datos-email","43":"product_tag-bases-de-datos-numeros-de-telefonos","44":"product_tag-bases-de-datos-telefono","45":"product_tag-bases-de-datos-telefonos-fijos","46":"product_tag-big-consumer-database","47":"product_tag-buy-email-list","48":"product_tag-buy-email-list-database","49":"product_tag-consumer-contact-lists","50":"product_tag-consumer-database","51":"product_tag-consumer-directory","52":"product_tag-consumer-email-database","53":"product_tag-consumer-email-list","54":"product_tag-consumer-email-lists","55":"product_tag-consumer-list","56":"product_tag-consumer-mailing-database","57":"product_tag-consumer-mailing-list","58":"product_tag-consumer-mailing-lists","59":"product_tag-consumer-phone-list","60":"product_tag-correo-de-personas","61":"product_tag-correos-electronicos-de-personas","62":"product_tag-correos-electronicos-personas","63":"product_tag-database","64":"product_tag-email-address-list","65":"product_tag-email-lists","66":"product_tag-email-marketing-list","67":"product_tag-list-of-email-addresses","68":"product_tag-lista-de-correos","69":"product_tag-lista-de-correos-electronicos","70":"product_tag-mail-marketing","71":"product_tag-marketing","72":"product_tag-marketing-correo-electronico","73":"product_tag-marketing-lists","74":"product_tag-phone","75":"product_tag-phone-database","76":"product_tag-phone-lists","77":"product_tag-phone-number","78":"product_tag-phone-number-list","79":"product_tag-publicidad-por-base-de-datos-correo-electronico","80":"product_tag-tele-marketing-list","81":"product_tag-telefono","82":"product_tag-usa","84":"first","85":"instock","86":"sale","87":"featured","88":"virtual","89":"purchasable","90":"product-type-simple","91":"entry","92":"content-bg","93":"loop-entry"},"aioseo_notices":[],"_links":{"self":[{"href":"https:\/\/edirectorios.com.mx\/directorios-latinoamerica\/wp-json\/wp\/v2\/product\/34598","targetHints":{"allow":["GET"]}}],"collection":[{"href":"https:\/\/edirectorios.com.mx\/directorios-latinoamerica\/wp-json\/wp\/v2\/product"}],"about":[{"href":"https:\/\/edirectorios.com.mx\/directorios-latinoamerica\/wp-json\/wp\/v2\/types\/product"}],"version-history":[{"count":1,"href":"https:\/\/edirectorios.com.mx\/directorios-latinoamerica\/wp-json\/wp\/v2\/product\/34598\/revisions"}],"predecessor-version":[{"id":34644,"href":"https:\/\/edirectorios.com.mx\/directorios-latinoamerica\/wp-json\/wp\/v2\/product\/34598\/revisions\/34644"}],"wp:featuredmedia":[{"embeddable":true,"href":"https:\/\/edirectorios.com.mx\/directorios-latinoamerica\/wp-json\/wp\/v2\/media\/31129"}],"wp:attachment":[{"href":"https:\/\/edirectorios.com.mx\/directorios-latinoamerica\/wp-json\/wp\/v2\/media?parent=34598"}],"wp:term":[{"taxonomy":"product_brand","embeddable":true,"href":"https:\/\/edirectorios.com.mx\/directorios-latinoamerica\/wp-json\/wp\/v2\/product_brand?post=34598"},{"taxonomy":"product_cat","embeddable":true,"href":"https:\/\/edirectorios.com.mx\/directorios-latinoamerica\/wp-json\/wp\/v2\/product_cat?post=34598"},{"taxonomy":"product_tag","embeddable":true,"href":"https:\/\/edirectorios.com.mx\/directorios-latinoamerica\/wp-json\/wp\/v2\/product_tag?post=34598"},{"taxonomy":"product_brands","embeddable":true,"href":"https:\/\/edirectorios.com.mx\/directorios-latinoamerica\/wp-json\/wp\/v2\/product_brands?post=34598"}],"curies":[{"name":"wp","href":"https:\/\/api.w.org\/{rel}","templated":true}]}}