{"id":34597,"date":"2025-12-12T16:53:39","date_gmt":"2025-12-12T16:53:39","guid":{"rendered":"https:\/\/edirectorios.com.mx\/directorios-latinoamerica\/?post_type=product&#038;p=34597"},"modified":"2025-12-12T16:54:20","modified_gmt":"2025-12-12T16:54:20","slug":"casados-con-hijos-entre-30-a-50-anos-economicamente-activas-con-sueldo-45000-mensuales-en-cdmx-queretaro-y-estado-de-mexico","status":"publish","type":"product","link":"https:\/\/edirectorios.com.mx\/directorios-latinoamerica\/product\/casados-con-hijos-entre-30-a-50-anos-economicamente-activas-con-sueldo-45000-mensuales-en-cdmx-queretaro-y-estado-de-mexico\/","title":{"rendered":"Casados con hijos  entre 30 a 50 a\u00f1os, econ\u00f3micamente activas con sueldo > $45,000 mensuales en CDMX, Quer\u00e9taro y Estado de M\u00e9xico."},"content":{"rendered":"","protected":false},"excerpt":{"rendered":"<p>&nbsp;<\/p>\n<div class=\"row\">\n<div class=\"col-sm\"><strong>C\u00f3digo:<\/strong> <strong class=\"text-danger\">DIFB-N3<\/strong><\/div>\n<div class=\"col-sm\"><strong>N\u00famero de registros:\u00a0<\/strong>250<\/div>\n<\/div>\n<div class=\"row\">\n<div class=\"col-sm \"><strong>Folio: <\/strong><span class=\"text-danger\">RC0118B052<\/span><\/div>\n<\/div>\n<p><strong>Segmentaci\u00f3n:<\/strong><\/p>\n<div class=\"row\">\n<div class=\"col-sm \"><span class=\"text-justify\">Casados con hijos entre 30 a 50 a\u00f1os que sean econ\u00f3micamente activas con sueldo &gt; $45,000 mensuales en las Ciudades de M\u00e9xico, Quer\u00e9taro y Estado de M\u00e9xico..<\/span><\/div>\n<\/div>\n<p><strong>Campos Contenidos:<\/strong><\/p>\n<div class=\"row\">\n<div class=\"col-sm \"><span class=\"text-justify\">Nombre \/ Direcci\u00f3n \/ Ciudad \/ Estado \/ Tel\u00e9fono \/ Email.<\/span><\/div>\n<\/div>\n<div class=\"row\">\n<div class=\"col-sm\">\n<p><strong>Garant\u00eda:\u00a0<\/strong>75%-85%<\/p>\n<p><strong>Precio Original:\u00a0<\/strong><del>$94 USD<\/del><\/p>\n<p><strong>Descuento Especial:\u00a0<\/strong><strong class=\"text-danger\">25%<\/strong><\/p>\n<\/div>\n<\/div>\n<div class=\"row\">\n<div class=\"col text-center\"><strong>Total a Pagar:\u00a0<\/strong><strong class=\"text-danger\">$71 USD<\/strong><\/div>\n<\/div>\n","protected":false},"featured_media":31019,"template":"","meta":{"_bst_post_transparent":"","_bst_post_title":"","_bst_post_layout":"","_bst_post_sidebar_id":"","_bst_post_content_style":"","_bst_post_vertical_padding":"","_bst_post_feature":"","_bst_post_feature_position":"","_bst_post_header":false,"_bst_post_footer":false},"product_brand":[],"product_cat":[1262,1180],"product_tag":[1062,1063,1064,1066,1263,1067,1068,1264,1186,1071,1073,1074,1075,1076,1077,1078,1079,1081,1082,1083,1084,1085,1086,1087,1088,1089,1090,1092,1189,1270,1097,1098,1099,1100,1101,1102,1105,1106,1107,1190,1117,1118,1191,1192,1193,1194,1195,1196,1197,1198,1199,1200,1202,1265,1203,1170,1133,1135,1136,1137,1138,1139,1144,1206,1172,1173,1174,1175,1148,1149],"product_brands":[],"class_list":{"0":"post-34597","1":"product","2":"type-product","3":"status-publish","4":"has-post-thumbnail","6":"product_cat-padres-de-familia","7":"product_cat-personas-en-mexico","8":"product_tag-b2c-email-database","9":"product_tag-base-de-datos-campana-de-email-marketing","10":"product_tag-base-de-datos-campanas-de-email-marketing","11":"product_tag-base-de-datos-ciudad-de-mexico","12":"product_tag-base-de-datos-consumidores","13":"product_tag-base-de-datos-correo-masivo","14":"product_tag-base-de-datos-correo-masivos","15":"product_tag-base-de-datos-de-padres-de-familia","16":"product_tag-base-de-datos-de-personas-fisicas","17":"product_tag-base-de-datos-direct-e-mail-marketing","18":"product_tag-base-de-datos-e-mail-marketing","19":"product_tag-base-de-datos-email-marketer","20":"product_tag-base-de-datos-email-marketing","21":"product_tag-base-de-datos-email-masivos","22":"product_tag-base-de-datos-email-publicidad","23":"product_tag-base-de-datos-email-publicitario","24":"product_tag-base-de-datos-emailing","25":"product_tag-base-de-datos-enviar-email-masivo","26":"product_tag-base-de-datos-envio-de-email-masivo","27":"product_tag-base-de-datos-envio-masivo-correo","28":"product_tag-base-de-datos-envio-masivo-correos","29":"product_tag-base-de-datos-envio-masivo-de-emails","30":"product_tag-base-de-datos-envios-de-correo-masivos","31":"product_tag-base-de-datos-estado-de-mexico","32":"product_tag-base-de-datos-marketing","33":"product_tag-base-de-datos-marketing-por-e-mail","34":"product_tag-base-de-datos-marketing-por-email","35":"product_tag-base-de-datos-para-marketing","36":"product_tag-base-de-datos-personas-de-email-marketing","37":"product_tag-base-de-datos-queretaro","38":"product_tag-bases-de-datos-correos","39":"product_tag-bases-de-datos-correos-electronicos","40":"product_tag-bases-de-datos-de-emails","41":"product_tag-bases-de-datos-de-marketing","42":"product_tag-bases-de-datos-de-telefonos","43":"product_tag-bases-de-datos-email","44":"product_tag-bases-de-datos-numeros-de-telefonos","45":"product_tag-bases-de-datos-telefono","46":"product_tag-bases-de-datos-telefonos-fijos","47":"product_tag-big-consumer-database","48":"product_tag-buy-email-list","49":"product_tag-buy-email-list-database","50":"product_tag-consumer-contact-lists","51":"product_tag-consumer-database","52":"product_tag-consumer-directory","53":"product_tag-consumer-email-database","54":"product_tag-consumer-email-list","55":"product_tag-consumer-email-lists","56":"product_tag-consumer-list","57":"product_tag-consumer-mailing-database","58":"product_tag-consumer-mailing-list","59":"product_tag-consumer-mailing-lists","60":"product_tag-correo-de-personas","61":"product_tag-correos-consumidores","62":"product_tag-correos-electronicos-de-personas","63":"product_tag-database","64":"product_tag-email-address-list","65":"product_tag-email-lists","66":"product_tag-email-marketing-list","67":"product_tag-list-of-email-addresses","68":"product_tag-lista-de-correos","69":"product_tag-lista-de-correos-electronicos","70":"product_tag-marketing-correo-electronico","71":"product_tag-phone","72":"product_tag-phone-database","73":"product_tag-phone-lists","74":"product_tag-phone-number","75":"product_tag-phone-number-list","76":"product_tag-tele-marketing-list","77":"product_tag-telefono","79":"first","80":"instock","81":"sale","82":"featured","83":"virtual","84":"purchasable","85":"product-type-simple","86":"entry","87":"content-bg","88":"loop-entry"},"aioseo_notices":[],"_links":{"self":[{"href":"https:\/\/edirectorios.com.mx\/directorios-latinoamerica\/wp-json\/wp\/v2\/product\/34597","targetHints":{"allow":["GET"]}}],"collection":[{"href":"https:\/\/edirectorios.com.mx\/directorios-latinoamerica\/wp-json\/wp\/v2\/product"}],"about":[{"href":"https:\/\/edirectorios.com.mx\/directorios-latinoamerica\/wp-json\/wp\/v2\/types\/product"}],"version-history":[{"count":1,"href":"https:\/\/edirectorios.com.mx\/directorios-latinoamerica\/wp-json\/wp\/v2\/product\/34597\/revisions"}],"predecessor-version":[{"id":34643,"href":"https:\/\/edirectorios.com.mx\/directorios-latinoamerica\/wp-json\/wp\/v2\/product\/34597\/revisions\/34643"}],"wp:featuredmedia":[{"embeddable":true,"href":"https:\/\/edirectorios.com.mx\/directorios-latinoamerica\/wp-json\/wp\/v2\/media\/31019"}],"wp:attachment":[{"href":"https:\/\/edirectorios.com.mx\/directorios-latinoamerica\/wp-json\/wp\/v2\/media?parent=34597"}],"wp:term":[{"taxonomy":"product_brand","embeddable":true,"href":"https:\/\/edirectorios.com.mx\/directorios-latinoamerica\/wp-json\/wp\/v2\/product_brand?post=34597"},{"taxonomy":"product_cat","embeddable":true,"href":"https:\/\/edirectorios.com.mx\/directorios-latinoamerica\/wp-json\/wp\/v2\/product_cat?post=34597"},{"taxonomy":"product_tag","embeddable":true,"href":"https:\/\/edirectorios.com.mx\/directorios-latinoamerica\/wp-json\/wp\/v2\/product_tag?post=34597"},{"taxonomy":"product_brands","embeddable":true,"href":"https:\/\/edirectorios.com.mx\/directorios-latinoamerica\/wp-json\/wp\/v2\/product_brands?post=34597"}],"curies":[{"name":"wp","href":"https:\/\/api.w.org\/{rel}","templated":true}]}}