{"id":34594,"date":"2025-12-12T16:53:38","date_gmt":"2025-12-12T16:53:38","guid":{"rendered":"https:\/\/edirectorios.com.mx\/directorios-latinoamerica\/?post_type=product&#038;p=34594"},"modified":"2025-12-12T16:54:16","modified_gmt":"2025-12-12T16:54:16","slug":"industrias-de-venta-al-por-mayor-y-distribucion-transportacion-bancaria-educacion-superior-servicios-profesionales-productos-de-consumo-manufactura-retail-en-mexico","status":"publish","type":"product","link":"https:\/\/edirectorios.com.mx\/directorios-latinoamerica\/product\/industrias-de-venta-al-por-mayor-y-distribucion-transportacion-bancaria-educacion-superior-servicios-profesionales-productos-de-consumo-manufactura-retail-en-mexico\/","title":{"rendered":"Industrias de: venta al por mayor y distribuci\u00f3n , transportaci\u00f3n, bancaria, Educaci\u00f3n superior, Servicios profesionales, Productos de consumo, Manufactura,  retail en M\u00e9xico."},"content":{"rendered":"","protected":false},"excerpt":{"rendered":"<p>&nbsp;<\/p>\n<div class=\"row\">\n<div class=\"col-sm\"><strong>C\u00f3digo:<\/strong> <strong class=\"text-danger\">MEFQ-U5<\/strong><\/div>\n<div class=\"col-sm\"><strong>N\u00famero de registros: <\/strong>3,200<\/div>\n<\/div>\n<div class=\"row\">\n<div class=\"col-sm \"><strong>Folio: <\/strong><span class=\"text-danger\">IB0917B052<\/span><\/div>\n<\/div>\n<p><strong>Segmentaci\u00f3n:<\/strong><\/p>\n<div class=\"row\">\n<div class=\"col-sm \"><span class=\"text-justify\">1 Industrias de venta al por mayor y distribuci\u00f3n ,2 industria de la transportaci\u00f3n, 3 industria bancaria, 4 Educaci\u00f3n superior, 5 Servicios profesionales, 6 Productos de consumo, 7 Manufactura y 8 retail con 400 registros cada industria y que facturen a partir de 50 millones de d\u00f3lares anuales a 250 millones de d\u00f3lares anuales, en el Pa\u00eds de M\u00e9xico.<\/span><\/div>\n<\/div>\n<p><strong>Campos Contenidos:<\/strong><\/p>\n<div class=\"row\">\n<div class=\"col-sm \"><span class=\"text-justify\">Empresa \/ Giro \/ Direcci\u00f3n \/ Ciudad \/ Estado \/ Contacto 1 \/ Puesto 1: 1,5,6,7 CEO o CFO o CIO. 2,3,4,8 CHRO o CIO o CFO. \/Tel\u00e9fono 1 \/ Email 1 \/ Contacto 2 \/ Puesto 2: 1,5,6,7 CEO o CFO o CIO. 2,3,4,8 CHRO o CIO o CFO. \/Tel\u00e9fono 2 \/ Email 2 \/ Contacto 1 \/ Puesto 3: 1,5,6,7 CEO o CFO o CIO. 2,3,4,8 CHRO o CIO o CFO. \/Tel\u00e9fono 3 \/ Email 3.<\/span><\/div>\n<\/div>\n<div class=\"row\">\n<div class=\"col-sm\">\n<p><strong>Garant\u00eda:\u00a0<\/strong>75%-85%<\/p>\n<p><strong>Precio Original:\u00a0<\/strong><del>$5488 USD<\/del><\/p>\n<p><strong>Descuento Especial:\u00a0<\/strong><strong class=\"text-danger\">25%<\/strong><\/p>\n<\/div>\n<\/div>\n<div class=\"row\">\n<div class=\"col text-center\"><strong>Total a Pagar:\u00a0<\/strong><strong class=\"text-danger\">$4116 USD<\/strong><\/div>\n<\/div>\n","protected":false},"featured_media":31013,"template":"","meta":{"_bst_post_transparent":"","_bst_post_title":"","_bst_post_layout":"","_bst_post_sidebar_id":"","_bst_post_content_style":"","_bst_post_vertical_padding":"","_bst_post_feature":"","_bst_post_feature_position":"","_bst_post_header":false,"_bst_post_footer":false},"product_brand":[],"product_cat":[1060],"product_tag":[1062,1182,1063,1064,1067,1068,1211,1385,1071,1074,1075,1076,1077,1078,1079,1154,1155,1080,1386,1387,1081,1082,1157,1083,1084,1085,1158,1086,1159,1088,1089,1090,1388,1092,1225,1093,1365,1097,1098,1099,1100,1101,1102,1104,1226,1178,1165,1105,1228,1106,1107,1229,1111,1114,1116,1117,1118,1318,1119,1167,1346,1170,1389,1254,1310,1133,1135,1136,1171,1137,1138,1139,1140,1142,1144,1145,1412,1394,1206,1172,1173,1174,1175,1146,1149,1435,1231,1232],"product_brands":[],"class_list":{"0":"post-34594","1":"product","2":"type-product","3":"status-publish","4":"has-post-thumbnail","6":"product_cat-empresas-en-mexico","7":"product_tag-b2c-email-database","8":"product_tag-base-de-datos","9":"product_tag-base-de-datos-campana-de-email-marketing","10":"product_tag-base-de-datos-campanas-de-email-marketing","11":"product_tag-base-de-datos-correo-masivo","12":"product_tag-base-de-datos-correo-masivos","13":"product_tag-base-de-datos-de-empresas-b2b","14":"product_tag-base-de-datos-de-mexico","15":"product_tag-base-de-datos-direct-e-mail-marketing","16":"product_tag-base-de-datos-email-marketer","17":"product_tag-base-de-datos-email-marketing","18":"product_tag-base-de-datos-email-masivos","19":"product_tag-base-de-datos-email-publicidad","20":"product_tag-base-de-datos-email-publicitario","21":"product_tag-base-de-datos-emailing","22":"product_tag-base-de-datos-emails-mexico","23":"product_tag-base-de-datos-empresas","24":"product_tag-base-de-datos-empresas-de-email-marketing","25":"product_tag-base-de-datos-empresas-en-mexico","26":"product_tag-base-de-datos-empresas-mexico","27":"product_tag-base-de-datos-enviar-email-masivo","28":"product_tag-base-de-datos-envio-de-email-masivo","29":"product_tag-base-de-datos-envio-masivo","30":"product_tag-base-de-datos-envio-masivo-correo","31":"product_tag-base-de-datos-envio-masivo-correos","32":"product_tag-base-de-datos-envio-masivo-de-emails","33":"product_tag-base-de-datos-envio-masivos","34":"product_tag-base-de-datos-envios-de-correo-masivos","35":"product_tag-base-de-datos-envios-masivos","36":"product_tag-base-de-datos-marketing","37":"product_tag-base-de-datos-marketing-por-e-mail","38":"product_tag-base-de-datos-marketing-por-email","39":"product_tag-base-de-datos-mexico","40":"product_tag-base-de-datos-para-marketing","41":"product_tag-base-de-datos-para-ventas","42":"product_tag-base-de-datos-publicidad-por-email","43":"product_tag-base-de-datos-retail","44":"product_tag-bases-de-datos-correos","45":"product_tag-bases-de-datos-correos-electronicos","46":"product_tag-bases-de-datos-de-emails","47":"product_tag-bases-de-datos-de-marketing","48":"product_tag-bases-de-datos-de-telefonos","49":"product_tag-bases-de-datos-email","50":"product_tag-bases-de-datos-emailing","51":"product_tag-bases-de-datos-emails","52":"product_tag-bases-de-datos-industrias","53":"product_tag-bases-de-datos-mailing","54":"product_tag-bases-de-datos-numeros-de-telefonos","55":"product_tag-bases-de-datos-para-ventas","56":"product_tag-bases-de-datos-telefono","57":"product_tag-bases-de-datos-telefonos-fijos","58":"product_tag-big-corporates-database","59":"product_tag-business-email-database","60":"product_tag-business-mailing-database","61":"product_tag-buy-email-database","62":"product_tag-buy-email-list","63":"product_tag-buy-email-list-database","64":"product_tag-ceo","65":"product_tag-company-database","66":"product_tag-company-email-address-list","67":"product_tag-comprar-bases-de-datos-mexico","68":"product_tag-database","69":"product_tag-database-mexico","70":"product_tag-databases","71":"product_tag-directorios-en-mexico","72":"product_tag-email-address-list","73":"product_tag-email-lists","74":"product_tag-email-marketing-list","75":"product_tag-email-marketing-mexico","76":"product_tag-list-of-email-addresses","77":"product_tag-lista-de-correos","78":"product_tag-lista-de-correos-electronicos","79":"product_tag-mail-marketing","80":"product_tag-mailing-list","81":"product_tag-marketing-correo-electronico","82":"product_tag-marketing-lists","83":"product_tag-marketing-mexico","84":"product_tag-mexico-business-directory","85":"product_tag-phone","86":"product_tag-phone-database","87":"product_tag-phone-lists","88":"product_tag-phone-number","89":"product_tag-phone-number-list","90":"product_tag-publicidad-por-base-de-datos-correo-electronico","91":"product_tag-telefono","92":"product_tag-transportacion","93":"product_tag-venta-base-de-datos","94":"product_tag-venta-de-base-de-datos-de-empresas","96":"first","97":"instock","98":"sale","99":"virtual","100":"purchasable","101":"product-type-simple","102":"entry","103":"content-bg","104":"loop-entry"},"aioseo_notices":[],"_links":{"self":[{"href":"https:\/\/edirectorios.com.mx\/directorios-latinoamerica\/wp-json\/wp\/v2\/product\/34594","targetHints":{"allow":["GET"]}}],"collection":[{"href":"https:\/\/edirectorios.com.mx\/directorios-latinoamerica\/wp-json\/wp\/v2\/product"}],"about":[{"href":"https:\/\/edirectorios.com.mx\/directorios-latinoamerica\/wp-json\/wp\/v2\/types\/product"}],"version-history":[{"count":1,"href":"https:\/\/edirectorios.com.mx\/directorios-latinoamerica\/wp-json\/wp\/v2\/product\/34594\/revisions"}],"predecessor-version":[{"id":34640,"href":"https:\/\/edirectorios.com.mx\/directorios-latinoamerica\/wp-json\/wp\/v2\/product\/34594\/revisions\/34640"}],"wp:featuredmedia":[{"embeddable":true,"href":"https:\/\/edirectorios.com.mx\/directorios-latinoamerica\/wp-json\/wp\/v2\/media\/31013"}],"wp:attachment":[{"href":"https:\/\/edirectorios.com.mx\/directorios-latinoamerica\/wp-json\/wp\/v2\/media?parent=34594"}],"wp:term":[{"taxonomy":"product_brand","embeddable":true,"href":"https:\/\/edirectorios.com.mx\/directorios-latinoamerica\/wp-json\/wp\/v2\/product_brand?post=34594"},{"taxonomy":"product_cat","embeddable":true,"href":"https:\/\/edirectorios.com.mx\/directorios-latinoamerica\/wp-json\/wp\/v2\/product_cat?post=34594"},{"taxonomy":"product_tag","embeddable":true,"href":"https:\/\/edirectorios.com.mx\/directorios-latinoamerica\/wp-json\/wp\/v2\/product_tag?post=34594"},{"taxonomy":"product_brands","embeddable":true,"href":"https:\/\/edirectorios.com.mx\/directorios-latinoamerica\/wp-json\/wp\/v2\/product_brands?post=34594"}],"curies":[{"name":"wp","href":"https:\/\/api.w.org\/{rel}","templated":true}]}}