{"id":34591,"date":"2025-12-12T16:53:38","date_gmt":"2025-12-12T16:53:38","guid":{"rendered":"https:\/\/edirectorios.com.mx\/directorios-latinoamerica\/?post_type=product&#038;p=34591"},"modified":"2025-12-12T16:54:12","modified_gmt":"2025-12-12T16:54:12","slug":"pymes-y-profesionistas-en-ciudad-de-mexico","status":"publish","type":"product","link":"https:\/\/edirectorios.com.mx\/directorios-latinoamerica\/product\/pymes-y-profesionistas-en-ciudad-de-mexico\/","title":{"rendered":"PYMES y profesionistas en Ciudad de M\u00e9xico."},"content":{"rendered":"","protected":false},"excerpt":{"rendered":"<p>&nbsp;<\/p>\n<div class=\"row\">\n<div class=\"col-sm\"><strong>C\u00f3digo:<\/strong> <strong class=\"text-danger\">EFIF-D4<\/strong><\/div>\n<div class=\"col-sm\"><strong>N\u00famero de registros: <\/strong>600<\/div>\n<\/div>\n<div class=\"row\">\n<div class=\"col-sm \"><strong>Folio: <\/strong><span class=\"text-danger\">03CE0DH918-023<\/span><\/div>\n<\/div>\n<p><strong>Segmentaci\u00f3n:<\/strong><\/p>\n<div class=\"row\">\n<div class=\"col-sm \">\n<p><span class=\"text-justify\">*Empresas Pymes en la Ciudad de M\u00e9xico (300 REGISTROS).<\/span><\/p>\n<p>*Personas F\u00edsicas mayores de edad econ\u00f3micamente activas, que sean profesionistas y padres de familia con hijos menores de edad o adolescentes que sean de NSE Medio en las Delegaciones de: \u00c1lvaro Obreg\u00f3n, Benito Ju\u00e1rez y Coyoac\u00e1n de la Ciudad de M\u00e9xico (300 REGISTROS).<\/p>\n<\/div>\n<\/div>\n<p><strong>Campos Contenidos:<\/strong><\/p>\n<div class=\"row\">\n<div class=\"col-sm \">\n<p><span class=\"text-justify\">*Empresa \/ Giro \/ Direcci\u00f3n \/ Ciudad \/ Estado \/ Contacto \/ Puesto: Director General o Socios o Directivos o Gerentes Generales o Tomador de decisi\u00f3n \/ Tel\u00e9fono \/ Email.<\/span><\/p>\n<p>*Nombre \/ Direcci\u00f3n \/ Ciudad \/ Estado \/ Tel\u00e9fono \/ Email.<\/p>\n<\/div>\n<\/div>\n<div class=\"row\">\n<div class=\"col-sm\">\n<p><strong>Garant\u00eda: <\/strong>75%-85%<\/p>\n<p><strong>Precio Original: <\/strong><del>$271 USD<\/del><\/p>\n<p><strong>Descuento Especial: <\/strong><strong class=\"text-danger\">25%<\/strong><\/p>\n<\/div>\n<\/div>\n<div class=\"row\">\n<div class=\"col text-center\"><strong>Total a Pagar: <\/strong><strong class=\"text-danger\">$203 USD<\/strong><\/div>\n<\/div>\n","protected":false},"featured_media":31056,"template":"","meta":{"_bst_post_transparent":"","_bst_post_title":"","_bst_post_layout":"","_bst_post_sidebar_id":"","_bst_post_content_style":"","_bst_post_vertical_padding":"","_bst_post_feature":"","_bst_post_feature_position":"","_bst_post_header":false,"_bst_post_footer":false},"product_brand":[],"product_cat":[1060,1292],"product_tag":[1062,1063,1064,1066,1067,1068,1152,1069,1186,1293,1153,1071,1072,1073,1074,1075,1076,1077,1078,1079,1080,1081,1082,1157,1083,1084,1085,1158,1086,1159,1160,1088,1089,1090,1092,1093,1163,1097,1098,1099,1100,1101,1102,1103,1104,1105,1106,1107,1229,1109,1110,1111,1112,1113,1114,1115,1116,1117,1118,1166,1119,1167,1120,1121,1122,1123,1124,1170,1308,1126,1127,1128,1129,1130,1131,1132,1133,1134,1135,1136,1220,1137,1138,1139,1140,1141,1142,1143,1144,1145,1206,1172,1173,1174,1175,1146,1148,1149],"product_brands":[],"class_list":{"0":"post-34591","1":"product","2":"type-product","3":"status-publish","4":"has-post-thumbnail","6":"product_cat-empresas-en-mexico","7":"product_cat-pymes","8":"product_tag-b2c-email-database","9":"product_tag-base-de-datos-campana-de-email-marketing","10":"product_tag-base-de-datos-campanas-de-email-marketing","11":"product_tag-base-de-datos-ciudad-de-mexico","12":"product_tag-base-de-datos-correo-masivo","13":"product_tag-base-de-datos-correo-masivos","14":"product_tag-base-de-datos-de-directivos","15":"product_tag-base-de-datos-de-director-general","16":"product_tag-base-de-datos-de-personas-fisicas","17":"product_tag-base-de-datos-de-pymes","18":"product_tag-base-de-datos-de-tomador-de-decision","19":"product_tag-base-de-datos-direct-e-mail-marketing","20":"product_tag-base-de-datos-director","21":"product_tag-base-de-datos-e-mail-marketing","22":"product_tag-base-de-datos-email-marketer","23":"product_tag-base-de-datos-email-marketing","24":"product_tag-base-de-datos-email-masivos","25":"product_tag-base-de-datos-email-publicidad","26":"product_tag-base-de-datos-email-publicitario","27":"product_tag-base-de-datos-emailing","28":"product_tag-base-de-datos-empresas-de-email-marketing","29":"product_tag-base-de-datos-enviar-email-masivo","30":"product_tag-base-de-datos-envio-de-email-masivo","31":"product_tag-base-de-datos-envio-masivo","32":"product_tag-base-de-datos-envio-masivo-correo","33":"product_tag-base-de-datos-envio-masivo-correos","34":"product_tag-base-de-datos-envio-masivo-de-emails","35":"product_tag-base-de-datos-envio-masivos","36":"product_tag-base-de-datos-envios-de-correo-masivos","37":"product_tag-base-de-datos-envios-masivos","38":"product_tag-base-de-datos-gerente","39":"product_tag-base-de-datos-marketing","40":"product_tag-base-de-datos-marketing-por-e-mail","41":"product_tag-base-de-datos-marketing-por-email","42":"product_tag-base-de-datos-para-marketing","43":"product_tag-base-de-datos-publicidad-por-email","44":"product_tag-base-de-datos-socio","45":"product_tag-bases-de-datos-correos","46":"product_tag-bases-de-datos-correos-electronicos","47":"product_tag-bases-de-datos-de-emails","48":"product_tag-bases-de-datos-de-marketing","49":"product_tag-bases-de-datos-de-telefonos","50":"product_tag-bases-de-datos-email","51":"product_tag-bases-de-datos-email-empresas","52":"product_tag-bases-de-datos-emailing","53":"product_tag-bases-de-datos-numeros-de-telefonos","54":"product_tag-bases-de-datos-telefono","55":"product_tag-bases-de-datos-telefonos-fijos","56":"product_tag-big-corporates-database","57":"product_tag-business-contact-lists","58":"product_tag-business-directory","59":"product_tag-business-email-database","60":"product_tag-business-email-list","61":"product_tag-business-email-lists","62":"product_tag-business-mailing-database","63":"product_tag-business-mailing-lists","64":"product_tag-buy-email-database","65":"product_tag-buy-email-list","66":"product_tag-buy-email-list-database","67":"product_tag-companies-email-address-list","68":"product_tag-company-database","69":"product_tag-company-email-address-list","70":"product_tag-correo-de-empresas","71":"product_tag-correos-de-empresas","72":"product_tag-correos-electronicos-de-empresas","73":"product_tag-correos-electronicos-empresas","74":"product_tag-correos-empresariales","75":"product_tag-database","76":"product_tag-directores","77":"product_tag-directorio-emailing","78":"product_tag-directorio-empresarial","79":"product_tag-directorio-empresariales","80":"product_tag-directorio-empresas","81":"product_tag-directorios-de-empresas","82":"product_tag-directorios-empresas","83":"product_tag-e-mail-database","84":"product_tag-email-address-list","85":"product_tag-email-database","86":"product_tag-email-lists","87":"product_tag-email-marketing-list","88":"product_tag-gerentes","89":"product_tag-list-of-email-addresses","90":"product_tag-lista-de-correos","91":"product_tag-lista-de-correos-electronicos","92":"product_tag-mail-marketing","93":"product_tag-mailing-database","94":"product_tag-mailing-list","95":"product_tag-marketing","96":"product_tag-marketing-correo-electronico","97":"product_tag-marketing-lists","98":"product_tag-phone","99":"product_tag-phone-database","100":"product_tag-phone-lists","101":"product_tag-phone-number","102":"product_tag-phone-number-list","103":"product_tag-publicidad-por-base-de-datos-correo-electronico","104":"product_tag-tele-marketing-list","105":"product_tag-telefono","107":"first","108":"instock","109":"sale","110":"virtual","111":"purchasable","112":"product-type-simple","113":"entry","114":"content-bg","115":"loop-entry"},"aioseo_notices":[],"_links":{"self":[{"href":"https:\/\/edirectorios.com.mx\/directorios-latinoamerica\/wp-json\/wp\/v2\/product\/34591","targetHints":{"allow":["GET"]}}],"collection":[{"href":"https:\/\/edirectorios.com.mx\/directorios-latinoamerica\/wp-json\/wp\/v2\/product"}],"about":[{"href":"https:\/\/edirectorios.com.mx\/directorios-latinoamerica\/wp-json\/wp\/v2\/types\/product"}],"version-history":[{"count":1,"href":"https:\/\/edirectorios.com.mx\/directorios-latinoamerica\/wp-json\/wp\/v2\/product\/34591\/revisions"}],"predecessor-version":[{"id":34637,"href":"https:\/\/edirectorios.com.mx\/directorios-latinoamerica\/wp-json\/wp\/v2\/product\/34591\/revisions\/34637"}],"wp:featuredmedia":[{"embeddable":true,"href":"https:\/\/edirectorios.com.mx\/directorios-latinoamerica\/wp-json\/wp\/v2\/media\/31056"}],"wp:attachment":[{"href":"https:\/\/edirectorios.com.mx\/directorios-latinoamerica\/wp-json\/wp\/v2\/media?parent=34591"}],"wp:term":[{"taxonomy":"product_brand","embeddable":true,"href":"https:\/\/edirectorios.com.mx\/directorios-latinoamerica\/wp-json\/wp\/v2\/product_brand?post=34591"},{"taxonomy":"product_cat","embeddable":true,"href":"https:\/\/edirectorios.com.mx\/directorios-latinoamerica\/wp-json\/wp\/v2\/product_cat?post=34591"},{"taxonomy":"product_tag","embeddable":true,"href":"https:\/\/edirectorios.com.mx\/directorios-latinoamerica\/wp-json\/wp\/v2\/product_tag?post=34591"},{"taxonomy":"product_brands","embeddable":true,"href":"https:\/\/edirectorios.com.mx\/directorios-latinoamerica\/wp-json\/wp\/v2\/product_brands?post=34591"}],"curies":[{"name":"wp","href":"https:\/\/api.w.org\/{rel}","templated":true}]}}