{"id":34537,"date":"2025-12-12T16:52:47","date_gmt":"2025-12-12T16:52:47","guid":{"rendered":"https:\/\/edirectorios.com.mx\/directorios-latinoamerica\/?post_type=product&#038;p=34537"},"modified":"2025-12-12T16:53:31","modified_gmt":"2025-12-12T16:53:31","slug":"ferreterias-no-tlapalerias-no-tiendas-de-materiales-de-construccion-con-ventas-de-de-50000-hasta-500000-mensuales-a-nivel-nacional-2","status":"publish","type":"product","link":"https:\/\/edirectorios.com.mx\/directorios-latinoamerica\/product\/ferreterias-no-tlapalerias-no-tiendas-de-materiales-de-construccion-con-ventas-de-de-50000-hasta-500000-mensuales-a-nivel-nacional-2\/","title":{"rendered":"Ferreter\u00edas (no tlapaler\u00edas, no tiendas de materiales de construcci\u00f3n) con ventas de +de $50,000 hasta $500,000\u00a0 mensuales a Nivel Nacional."},"content":{"rendered":"","protected":false},"excerpt":{"rendered":"<p>&nbsp;<\/p>\n<div class=\"row\">\n<div class=\"col-sm\"><strong>C\u00f3digo:<\/strong> <strong class=\"text-danger\">QBCS-D4-1<\/strong><\/div>\n<div class=\"col-sm\"><strong>N\u00famero de registros: <\/strong>1000<\/div>\n<\/div>\n<div class=\"row\">\n<div class=\"col-sm \"><strong>Folio: <\/strong><span class=\"text-danger\">SG0916B100<\/span><\/div>\n<\/div>\n<p><strong>Segmentaci\u00f3n:<\/strong><\/p>\n<div class=\"row\">\n<div class=\"col-sm \"><span class=\"text-justify\">Ferreter\u00edas (no tlapaler\u00edas, no tiendas de materiales de construcci\u00f3n) con ventas de +de $50,000 hasta $500,000\u00a0 mensuales a Nivel Nacional.<\/span><\/div>\n<\/div>\n<p><strong>Campos Contenidos:<\/strong><\/p>\n<div class=\"row\">\n<div class=\"col-sm \"><span class=\"text-justify\">Empresa \/ Giro \/ Direcci\u00f3n \/ Ciudad \/ Estado \/ Contacto \/ Puesto: Director General, Socio, Directivos, Gerentes o Tomador de decisi\u00f3n \/ Tel\u00e9fono \/ Email.<\/span><\/div>\n<\/div>\n<div class=\"row\">\n<div class=\"col-sm\">\n<p><strong>Garant\u00eda: <\/strong>75%-85%<\/p>\n<p><strong>Precio Original: <\/strong><del>$749 USD<\/del><\/p>\n<p><strong>Descuento Especial: <\/strong><strong class=\"text-danger\">25%<\/strong><\/p>\n<\/div>\n<\/div>\n<div class=\"row\">\n<div class=\"col text-center\"><strong>Total a Pagar: <\/strong><strong class=\"text-danger\">$562 USD<\/strong><\/div>\n<\/div>\n","protected":false},"featured_media":31013,"template":"","meta":{"_bst_post_transparent":"","_bst_post_title":"","_bst_post_layout":"","_bst_post_sidebar_id":"","_bst_post_content_style":"","_bst_post_vertical_padding":"","_bst_post_feature":"","_bst_post_feature_position":"","_bst_post_header":false,"_bst_post_footer":false},"product_brand":[],"product_cat":[1060],"product_tag":[1062,1182,1063,1064,1067,1068,1152,1069,1211,1153,1071,1074,1075,1076,1077,1078,1079,1155,1080,1081,1082,1157,1083,1084,1085,1158,1086,1159,1334,1160,1088,1089,1090,1224,1092,1093,1163,1097,1098,1099,1100,1102,1104,1226,1165,1228,1229,1111,1114,1116,1117,1118,1119,1167,1170,1254,1133,1135,1136,1220,1137,1138,1139,1140,1142,1144,1145,1230,1146],"product_brands":[],"class_list":{"0":"post-34537","1":"product","2":"type-product","3":"status-publish","4":"has-post-thumbnail","6":"product_cat-empresas-en-mexico","7":"product_tag-b2c-email-database","8":"product_tag-base-de-datos","9":"product_tag-base-de-datos-campana-de-email-marketing","10":"product_tag-base-de-datos-campanas-de-email-marketing","11":"product_tag-base-de-datos-correo-masivo","12":"product_tag-base-de-datos-correo-masivos","13":"product_tag-base-de-datos-de-directivos","14":"product_tag-base-de-datos-de-director-general","15":"product_tag-base-de-datos-de-empresas-b2b","16":"product_tag-base-de-datos-de-tomador-de-decision","17":"product_tag-base-de-datos-direct-e-mail-marketing","18":"product_tag-base-de-datos-email-marketer","19":"product_tag-base-de-datos-email-marketing","20":"product_tag-base-de-datos-email-masivos","21":"product_tag-base-de-datos-email-publicidad","22":"product_tag-base-de-datos-email-publicitario","23":"product_tag-base-de-datos-emailing","24":"product_tag-base-de-datos-empresas","25":"product_tag-base-de-datos-empresas-de-email-marketing","26":"product_tag-base-de-datos-enviar-email-masivo","27":"product_tag-base-de-datos-envio-de-email-masivo","28":"product_tag-base-de-datos-envio-masivo","29":"product_tag-base-de-datos-envio-masivo-correo","30":"product_tag-base-de-datos-envio-masivo-correos","31":"product_tag-base-de-datos-envio-masivo-de-emails","32":"product_tag-base-de-datos-envio-masivos","33":"product_tag-base-de-datos-envios-de-correo-masivos","34":"product_tag-base-de-datos-envios-masivos","35":"product_tag-base-de-datos-ferreterias","36":"product_tag-base-de-datos-gerente","37":"product_tag-base-de-datos-marketing","38":"product_tag-base-de-datos-marketing-por-e-mail","39":"product_tag-base-de-datos-marketing-por-email","40":"product_tag-base-de-datos-nivel-nacional","41":"product_tag-base-de-datos-para-marketing","42":"product_tag-base-de-datos-publicidad-por-email","43":"product_tag-base-de-datos-socio","44":"product_tag-bases-de-datos-correos","45":"product_tag-bases-de-datos-correos-electronicos","46":"product_tag-bases-de-datos-de-emails","47":"product_tag-bases-de-datos-de-marketing","48":"product_tag-bases-de-datos-email","49":"product_tag-bases-de-datos-emailing","50":"product_tag-bases-de-datos-emails","51":"product_tag-bases-de-datos-mailing","52":"product_tag-bases-de-datos-para-ventas","53":"product_tag-big-corporates-database","54":"product_tag-business-email-database","55":"product_tag-business-mailing-database","56":"product_tag-buy-email-database","57":"product_tag-buy-email-list","58":"product_tag-buy-email-list-database","59":"product_tag-company-database","60":"product_tag-company-email-address-list","61":"product_tag-database","62":"product_tag-databases","63":"product_tag-email-address-list","64":"product_tag-email-lists","65":"product_tag-email-marketing-list","66":"product_tag-gerentes","67":"product_tag-list-of-email-addresses","68":"product_tag-lista-de-correos","69":"product_tag-lista-de-correos-electronicos","70":"product_tag-mail-marketing","71":"product_tag-mailing-list","72":"product_tag-marketing-correo-electronico","73":"product_tag-marketing-lists","74":"product_tag-national-database","75":"product_tag-publicidad-por-base-de-datos-correo-electronico","77":"first","78":"instock","79":"sale","80":"shipping-taxable","81":"purchasable","82":"product-type-simple","83":"entry","84":"content-bg","85":"loop-entry"},"aioseo_notices":[],"_links":{"self":[{"href":"https:\/\/edirectorios.com.mx\/directorios-latinoamerica\/wp-json\/wp\/v2\/product\/34537","targetHints":{"allow":["GET"]}}],"collection":[{"href":"https:\/\/edirectorios.com.mx\/directorios-latinoamerica\/wp-json\/wp\/v2\/product"}],"about":[{"href":"https:\/\/edirectorios.com.mx\/directorios-latinoamerica\/wp-json\/wp\/v2\/types\/product"}],"version-history":[{"count":1,"href":"https:\/\/edirectorios.com.mx\/directorios-latinoamerica\/wp-json\/wp\/v2\/product\/34537\/revisions"}],"predecessor-version":[{"id":34581,"href":"https:\/\/edirectorios.com.mx\/directorios-latinoamerica\/wp-json\/wp\/v2\/product\/34537\/revisions\/34581"}],"wp:featuredmedia":[{"embeddable":true,"href":"https:\/\/edirectorios.com.mx\/directorios-latinoamerica\/wp-json\/wp\/v2\/media\/31013"}],"wp:attachment":[{"href":"https:\/\/edirectorios.com.mx\/directorios-latinoamerica\/wp-json\/wp\/v2\/media?parent=34537"}],"wp:term":[{"taxonomy":"product_brand","embeddable":true,"href":"https:\/\/edirectorios.com.mx\/directorios-latinoamerica\/wp-json\/wp\/v2\/product_brand?post=34537"},{"taxonomy":"product_cat","embeddable":true,"href":"https:\/\/edirectorios.com.mx\/directorios-latinoamerica\/wp-json\/wp\/v2\/product_cat?post=34537"},{"taxonomy":"product_tag","embeddable":true,"href":"https:\/\/edirectorios.com.mx\/directorios-latinoamerica\/wp-json\/wp\/v2\/product_tag?post=34537"},{"taxonomy":"product_brands","embeddable":true,"href":"https:\/\/edirectorios.com.mx\/directorios-latinoamerica\/wp-json\/wp\/v2\/product_brands?post=34537"}],"curies":[{"name":"wp","href":"https:\/\/api.w.org\/{rel}","templated":true}]}}