{"id":34510,"date":"2025-12-12T16:52:21","date_gmt":"2025-12-12T16:52:21","guid":{"rendered":"https:\/\/edirectorios.com.mx\/directorios-latinoamerica\/?post_type=product&#038;p=34510"},"modified":"2025-12-12T16:53:06","modified_gmt":"2025-12-12T16:53:06","slug":"ejecutivos-o-administrativos-que-tengan-entre-25-y-33-anos-de-un-nse-medio-alto-con-ingresos-de-10000-en-adelante-en-cuernavaca","status":"publish","type":"product","link":"https:\/\/edirectorios.com.mx\/directorios-latinoamerica\/product\/ejecutivos-o-administrativos-que-tengan-entre-25-y-33-anos-de-un-nse-medio-alto-con-ingresos-de-10000-en-adelante-en-cuernavaca\/","title":{"rendered":"Ejecutivos o administrativos que tengan entre 25 y 33 a\u00f1os, de un NSE medio\/alto con ingresos de $10,000 en adelante en Cuernavaca"},"content":{"rendered":"","protected":false},"excerpt":{"rendered":"<p>&nbsp;<\/p>\n<div class=\"row\">\n<div class=\"col-sm\"><strong>C\u00f3digo:<\/strong> <strong class=\"text-danger\">MVWB-N6<\/strong><\/div>\n<div class=\"col-sm\"><strong>N\u00famero de registros:\u00a0<\/strong>250<\/div>\n<\/div>\n<div class=\"row\">\n<div class=\"col-sm \"><strong>Folio: <\/strong><span class=\"text-danger\">LV0718B016<\/span><\/div>\n<\/div>\n<p><strong>Segmentaci\u00f3n:<\/strong><\/p>\n<div class=\"row\">\n<div class=\"col-sm \">Personas f\u00edsicas que sean ejecutivos o administrativos que tengan preparatoria o maestr\u00eda terminada y tengan entre 25 y 33 a\u00f1os de edad, de un NSE medio\/alto que sean econ\u00f3micamente activas con ingresos de $10,000 en adelante en la Ciudad de Cuernavaca y sus alrededores (50km m\u00e1ximo).<\/div>\n<\/div>\n<p><strong>Campos Contenidos:<\/strong><\/p>\n<div class=\"row\">\n<div class=\"col-sm \">Nombre \/ Direcci\u00f3n \/ Ciudad \/ Estado \/ Tel\u00e9fono \/ Email.<\/div>\n<\/div>\n<div class=\"row\">\n<div class=\"col-sm\"><strong>Garant\u00eda:\u00a0<\/strong>75%-85%\u00a0<strong>Precio Original:<del>\u00a0<\/del><\/strong><del>$224 USD<\/del> <strong>Descuento Especial:\u00a0<\/strong><strong class=\"text-danger\">25%<\/strong><\/div>\n<\/div>\n<div class=\"row\">\n<div class=\"col text-center\"><strong>Total a Pagar:\u00a0<\/strong><strong class=\"text-danger\">$168 USD<\/strong><\/div>\n<\/div>\n","protected":false},"featured_media":31021,"template":"","meta":{"_bst_post_transparent":"","_bst_post_title":"","_bst_post_layout":"","_bst_post_sidebar_id":"","_bst_post_content_style":"","_bst_post_vertical_padding":"","_bst_post_feature":"","_bst_post_feature_position":"","_bst_post_header":false,"_bst_post_footer":false},"product_brand":[],"product_cat":[1266,1180],"product_tag":[1062,1063,1064,1263,1067,1068,1207,1325,1287,1326,1186,1071,1073,1074,1075,1076,1077,1078,1079,1081,1082,1157,1083,1084,1085,1158,1086,1159,1088,1089,1090,1092,1189,1093,1097,1098,1099,1100,1101,1102,1104,1105,1106,1107,1190,1109,1116,1117,1118,1191,1192,1194,1195,1196,1197,1198,1199,1200,1201,1202,1265,1203,1204,1170,1132,1133,1134,1135,1136,1137,1138,1139,1140,1142,1143,1144,1145,1206,1172,1173,1174,1175,1146,1148,1149],"product_brands":[],"class_list":{"0":"post-34510","1":"product","2":"type-product","3":"status-publish","4":"has-post-thumbnail","6":"product_cat-consumidores","7":"product_cat-personas-en-mexico","8":"product_tag-b2c-email-database","9":"product_tag-base-de-datos-campana-de-email-marketing","10":"product_tag-base-de-datos-campanas-de-email-marketing","11":"product_tag-base-de-datos-consumidores","12":"product_tag-base-de-datos-correo-masivo","13":"product_tag-base-de-datos-correo-masivos","14":"product_tag-base-de-datos-de-nse","15":"product_tag-base-de-datos-de-nse-alto","16":"product_tag-base-de-datos-de-nse-medio","17":"product_tag-base-de-datos-de-nse-medio-y-alto","18":"product_tag-base-de-datos-de-personas-fisicas","19":"product_tag-base-de-datos-direct-e-mail-marketing","20":"product_tag-base-de-datos-e-mail-marketing","21":"product_tag-base-de-datos-email-marketer","22":"product_tag-base-de-datos-email-marketing","23":"product_tag-base-de-datos-email-masivos","24":"product_tag-base-de-datos-email-publicidad","25":"product_tag-base-de-datos-email-publicitario","26":"product_tag-base-de-datos-emailing","27":"product_tag-base-de-datos-enviar-email-masivo","28":"product_tag-base-de-datos-envio-de-email-masivo","29":"product_tag-base-de-datos-envio-masivo","30":"product_tag-base-de-datos-envio-masivo-correo","31":"product_tag-base-de-datos-envio-masivo-correos","32":"product_tag-base-de-datos-envio-masivo-de-emails","33":"product_tag-base-de-datos-envio-masivos","34":"product_tag-base-de-datos-envios-de-correo-masivos","35":"product_tag-base-de-datos-envios-masivos","36":"product_tag-base-de-datos-marketing","37":"product_tag-base-de-datos-marketing-por-e-mail","38":"product_tag-base-de-datos-marketing-por-email","39":"product_tag-base-de-datos-para-marketing","40":"product_tag-base-de-datos-personas-de-email-marketing","41":"product_tag-base-de-datos-publicidad-por-email","42":"product_tag-bases-de-datos-correos","43":"product_tag-bases-de-datos-correos-electronicos","44":"product_tag-bases-de-datos-de-emails","45":"product_tag-bases-de-datos-de-marketing","46":"product_tag-bases-de-datos-de-telefonos","47":"product_tag-bases-de-datos-email","48":"product_tag-bases-de-datos-emailing","49":"product_tag-bases-de-datos-numeros-de-telefonos","50":"product_tag-bases-de-datos-telefono","51":"product_tag-bases-de-datos-telefonos-fijos","52":"product_tag-big-consumer-database","53":"product_tag-business-contact-lists","54":"product_tag-buy-email-database","55":"product_tag-buy-email-list","56":"product_tag-buy-email-list-database","57":"product_tag-consumer-contact-lists","58":"product_tag-consumer-database","59":"product_tag-consumer-email-database","60":"product_tag-consumer-email-list","61":"product_tag-consumer-email-lists","62":"product_tag-consumer-list","63":"product_tag-consumer-mailing-database","64":"product_tag-consumer-mailing-list","65":"product_tag-consumer-mailing-lists","66":"product_tag-consumer-phone-list","67":"product_tag-correo-de-personas","68":"product_tag-correos-consumidores","69":"product_tag-correos-electronicos-de-personas","70":"product_tag-correos-electronicos-personas","71":"product_tag-database","72":"product_tag-e-mail-database","73":"product_tag-email-address-list","74":"product_tag-email-database","75":"product_tag-email-lists","76":"product_tag-email-marketing-list","77":"product_tag-list-of-email-addresses","78":"product_tag-lista-de-correos","79":"product_tag-lista-de-correos-electronicos","80":"product_tag-mail-marketing","81":"product_tag-mailing-list","82":"product_tag-marketing","83":"product_tag-marketing-correo-electronico","84":"product_tag-marketing-lists","85":"product_tag-phone","86":"product_tag-phone-database","87":"product_tag-phone-lists","88":"product_tag-phone-number","89":"product_tag-phone-number-list","90":"product_tag-publicidad-por-base-de-datos-correo-electronico","91":"product_tag-tele-marketing-list","92":"product_tag-telefono","94":"first","95":"instock","96":"sale","97":"featured","98":"virtual","99":"purchasable","100":"product-type-simple","101":"entry","102":"content-bg","103":"loop-entry"},"aioseo_notices":[],"_links":{"self":[{"href":"https:\/\/edirectorios.com.mx\/directorios-latinoamerica\/wp-json\/wp\/v2\/product\/34510","targetHints":{"allow":["GET"]}}],"collection":[{"href":"https:\/\/edirectorios.com.mx\/directorios-latinoamerica\/wp-json\/wp\/v2\/product"}],"about":[{"href":"https:\/\/edirectorios.com.mx\/directorios-latinoamerica\/wp-json\/wp\/v2\/types\/product"}],"version-history":[{"count":1,"href":"https:\/\/edirectorios.com.mx\/directorios-latinoamerica\/wp-json\/wp\/v2\/product\/34510\/revisions"}],"predecessor-version":[{"id":34554,"href":"https:\/\/edirectorios.com.mx\/directorios-latinoamerica\/wp-json\/wp\/v2\/product\/34510\/revisions\/34554"}],"wp:featuredmedia":[{"embeddable":true,"href":"https:\/\/edirectorios.com.mx\/directorios-latinoamerica\/wp-json\/wp\/v2\/media\/31021"}],"wp:attachment":[{"href":"https:\/\/edirectorios.com.mx\/directorios-latinoamerica\/wp-json\/wp\/v2\/media?parent=34510"}],"wp:term":[{"taxonomy":"product_brand","embeddable":true,"href":"https:\/\/edirectorios.com.mx\/directorios-latinoamerica\/wp-json\/wp\/v2\/product_brand?post=34510"},{"taxonomy":"product_cat","embeddable":true,"href":"https:\/\/edirectorios.com.mx\/directorios-latinoamerica\/wp-json\/wp\/v2\/product_cat?post=34510"},{"taxonomy":"product_tag","embeddable":true,"href":"https:\/\/edirectorios.com.mx\/directorios-latinoamerica\/wp-json\/wp\/v2\/product_tag?post=34510"},{"taxonomy":"product_brands","embeddable":true,"href":"https:\/\/edirectorios.com.mx\/directorios-latinoamerica\/wp-json\/wp\/v2\/product_brands?post=34510"}],"curies":[{"name":"wp","href":"https:\/\/api.w.org\/{rel}","templated":true}]}}