{"id":34464,"date":"2025-12-12T16:51:54","date_gmt":"2025-12-12T16:51:54","guid":{"rendered":"https:\/\/edirectorios.com.mx\/directorios-latinoamerica\/?post_type=product&#038;p=34464"},"modified":"2025-12-12T16:52:12","modified_gmt":"2025-12-12T16:52:12","slug":"personas-fisicas-de-18-a-44-anos-en-los-estados-de-jalisco-aguascalientes-colima-michoacan-nayarit-zacatecas-guanajuato-veracruz-chihuahua-baja-california","status":"publish","type":"product","link":"https:\/\/edirectorios.com.mx\/directorios-latinoamerica\/product\/personas-fisicas-de-18-a-44-anos-en-los-estados-de-jalisco-aguascalientes-colima-michoacan-nayarit-zacatecas-guanajuato-veracruz-chihuahua-baja-california\/","title":{"rendered":"Personas f\u00edsicas de 18 a 44 a\u00f1os en los Estados de Jalisco, Aguascalientes, Colima, Michoac\u00e1n, Nayarit, Zacatecas, Guanajuato, Veracruz, Chihuahua, Baja California."},"content":{"rendered":"","protected":false},"excerpt":{"rendered":"<p>&nbsp;<\/p>\n<div class=\"row\">\n<div class=\"col-sm\"><strong>C\u00f3digo:<\/strong> <strong class=\"text-danger\">WJBM-K5<\/strong><\/div>\n<div class=\"col-sm\"><strong>N\u00famero de registros: <\/strong>2400<\/div>\n<\/div>\n<div class=\"row\">\n<div class=\"col-sm \"><strong>Folio: <\/strong><span class=\"text-danger\">03CGVM0318-028<\/span><\/div>\n<\/div>\n<p><strong>Segmentaci\u00f3n:<\/strong><\/p>\n<div class=\"row\">\n<div class=\"col-sm \"><span class=\"text-justify\">Personas F\u00edsicas de 18 a 44 a\u00f1os de edad en los Estados de Jalisco, Aguascalientes, Colima, Michoac\u00e1n, Nayarit, Zacatecas, Guanajuato, Veracruz, Chihuahua, Baja California.<\/span><\/div>\n<\/div>\n<p><strong>Campos Contenidos:<\/strong><\/p>\n<div class=\"row\">\n<div class=\"col-sm \"><span class=\"text-justify\">Nombre \/ Tel\u00e9fono Celular \/ Email.<\/span><\/div>\n<\/div>\n<div class=\"row\">\n<div class=\"col-sm\">\n<p><strong>Garant\u00eda: <\/strong>75%-85%<\/p>\n<p><strong>Precio Original: <\/strong><del>$1063 USD<\/del><\/p>\n<p><strong>Descuento Especial: <\/strong><strong class=\"text-danger\">25%<\/strong><\/p>\n<\/div>\n<\/div>\n<div class=\"row\">\n<div class=\"col text-center\"><strong>Total a Pagar: <\/strong><strong class=\"text-danger\">$797 USD<\/strong><\/div>\n<\/div>\n","protected":false},"featured_media":31021,"template":"","meta":{"_bst_post_transparent":"","_bst_post_title":"","_bst_post_layout":"","_bst_post_sidebar_id":"","_bst_post_content_style":"","_bst_post_vertical_padding":"","_bst_post_feature":"","_bst_post_feature_position":"","_bst_post_header":false,"_bst_post_footer":false},"product_brand":[],"product_cat":[1266,1180],"product_tag":[1062,1306,1183,1063,1064,1404,1315,1263,1067,1068,1294,1186,1405,1071,1073,1074,1075,1076,1077,1078,1079,1081,1082,1157,1083,1084,1085,1158,1086,1159,1269,1088,1089,1090,1295,1092,1189,1093,1406,1095,1097,1098,1099,1100,1102,1104,1179,1108,1190,1109,1116,1117,1118,1191,1192,1194,1195,1196,1197,1198,1199,1200,1201,1202,1265,1203,1204,1170,1132,1133,1134,1135,1136,1137,1138,1139,1296,1140,1142,1143,1144,1145,1407,1297,1298,1299,1300,1301,1302,1303,1146,1148],"product_brands":[],"class_list":{"0":"post-34464","1":"product","2":"type-product","3":"status-publish","4":"has-post-thumbnail","6":"product_cat-consumidores","7":"product_cat-personas-en-mexico","8":"product_tag-b2c-email-database","9":"product_tag-base-de-datos-aguascalientes","10":"product_tag-base-de-datos-baja-california","11":"product_tag-base-de-datos-campana-de-email-marketing","12":"product_tag-base-de-datos-campanas-de-email-marketing","13":"product_tag-base-de-datos-celulares","14":"product_tag-base-de-datos-chihuahua","15":"product_tag-base-de-datos-consumidores","16":"product_tag-base-de-datos-correo-masivo","17":"product_tag-base-de-datos-correo-masivos","18":"product_tag-base-de-datos-de-numeros-celulares","19":"product_tag-base-de-datos-de-personas-fisicas","20":"product_tag-base-de-datos-de-telefonos-moviles","21":"product_tag-base-de-datos-direct-e-mail-marketing","22":"product_tag-base-de-datos-e-mail-marketing","23":"product_tag-base-de-datos-email-marketer","24":"product_tag-base-de-datos-email-marketing","25":"product_tag-base-de-datos-email-masivos","26":"product_tag-base-de-datos-email-publicidad","27":"product_tag-base-de-datos-email-publicitario","28":"product_tag-base-de-datos-emailing","29":"product_tag-base-de-datos-enviar-email-masivo","30":"product_tag-base-de-datos-envio-de-email-masivo","31":"product_tag-base-de-datos-envio-masivo","32":"product_tag-base-de-datos-envio-masivo-correo","33":"product_tag-base-de-datos-envio-masivo-correos","34":"product_tag-base-de-datos-envio-masivo-de-emails","35":"product_tag-base-de-datos-envio-masivos","36":"product_tag-base-de-datos-envios-de-correo-masivos","37":"product_tag-base-de-datos-envios-masivos","38":"product_tag-base-de-datos-guanajuato","39":"product_tag-base-de-datos-marketing","40":"product_tag-base-de-datos-marketing-por-e-mail","41":"product_tag-base-de-datos-marketing-por-email","42":"product_tag-base-de-datos-numeros-de-telefonos-celulares","43":"product_tag-base-de-datos-para-marketing","44":"product_tag-base-de-datos-personas-de-email-marketing","45":"product_tag-base-de-datos-publicidad-por-email","46":"product_tag-base-de-datos-telefonos-moviles","47":"product_tag-base-de-datos-veracruz","48":"product_tag-bases-de-datos-correos","49":"product_tag-bases-de-datos-correos-electronicos","50":"product_tag-bases-de-datos-de-emails","51":"product_tag-bases-de-datos-de-marketing","52":"product_tag-bases-de-datos-email","53":"product_tag-bases-de-datos-emailing","54":"product_tag-bases-de-datos-jalisco","55":"product_tag-bases-de-datos-veracruz","56":"product_tag-big-consumer-database","57":"product_tag-business-contact-lists","58":"product_tag-buy-email-database","59":"product_tag-buy-email-list","60":"product_tag-buy-email-list-database","61":"product_tag-consumer-contact-lists","62":"product_tag-consumer-database","63":"product_tag-consumer-email-database","64":"product_tag-consumer-email-list","65":"product_tag-consumer-email-lists","66":"product_tag-consumer-list","67":"product_tag-consumer-mailing-database","68":"product_tag-consumer-mailing-list","69":"product_tag-consumer-mailing-lists","70":"product_tag-consumer-phone-list","71":"product_tag-correo-de-personas","72":"product_tag-correos-consumidores","73":"product_tag-correos-electronicos-de-personas","74":"product_tag-correos-electronicos-personas","75":"product_tag-database","76":"product_tag-e-mail-database","77":"product_tag-email-address-list","78":"product_tag-email-database","79":"product_tag-email-lists","80":"product_tag-email-marketing-list","81":"product_tag-list-of-email-addresses","82":"product_tag-lista-de-correos","83":"product_tag-lista-de-correos-electronicos","84":"product_tag-lista-de-numeros-de-telefonos-celulares","85":"product_tag-mail-marketing","86":"product_tag-mailing-list","87":"product_tag-marketing","88":"product_tag-marketing-correo-electronico","89":"product_tag-marketing-lists","90":"product_tag-mobile","91":"product_tag-mobile-database","92":"product_tag-mobile-directory","93":"product_tag-mobile-list","94":"product_tag-mobile-number-database","95":"product_tag-mobile-number-list","96":"product_tag-mobile-phone-number","97":"product_tag-numeros-de-telefonos-celulares","98":"product_tag-publicidad-por-base-de-datos-correo-electronico","99":"product_tag-tele-marketing-list","101":"first","102":"instock","103":"sale","104":"virtual","105":"purchasable","106":"product-type-simple","107":"entry","108":"content-bg","109":"loop-entry"},"aioseo_notices":[],"_links":{"self":[{"href":"https:\/\/edirectorios.com.mx\/directorios-latinoamerica\/wp-json\/wp\/v2\/product\/34464","targetHints":{"allow":["GET"]}}],"collection":[{"href":"https:\/\/edirectorios.com.mx\/directorios-latinoamerica\/wp-json\/wp\/v2\/product"}],"about":[{"href":"https:\/\/edirectorios.com.mx\/directorios-latinoamerica\/wp-json\/wp\/v2\/types\/product"}],"version-history":[{"count":1,"href":"https:\/\/edirectorios.com.mx\/directorios-latinoamerica\/wp-json\/wp\/v2\/product\/34464\/revisions"}],"predecessor-version":[{"id":34494,"href":"https:\/\/edirectorios.com.mx\/directorios-latinoamerica\/wp-json\/wp\/v2\/product\/34464\/revisions\/34494"}],"wp:featuredmedia":[{"embeddable":true,"href":"https:\/\/edirectorios.com.mx\/directorios-latinoamerica\/wp-json\/wp\/v2\/media\/31021"}],"wp:attachment":[{"href":"https:\/\/edirectorios.com.mx\/directorios-latinoamerica\/wp-json\/wp\/v2\/media?parent=34464"}],"wp:term":[{"taxonomy":"product_brand","embeddable":true,"href":"https:\/\/edirectorios.com.mx\/directorios-latinoamerica\/wp-json\/wp\/v2\/product_brand?post=34464"},{"taxonomy":"product_cat","embeddable":true,"href":"https:\/\/edirectorios.com.mx\/directorios-latinoamerica\/wp-json\/wp\/v2\/product_cat?post=34464"},{"taxonomy":"product_tag","embeddable":true,"href":"https:\/\/edirectorios.com.mx\/directorios-latinoamerica\/wp-json\/wp\/v2\/product_tag?post=34464"},{"taxonomy":"product_brands","embeddable":true,"href":"https:\/\/edirectorios.com.mx\/directorios-latinoamerica\/wp-json\/wp\/v2\/product_brands?post=34464"}],"curies":[{"name":"wp","href":"https:\/\/api.w.org\/{rel}","templated":true}]}}