{"id":34377,"date":"2025-12-12T16:50:40","date_gmt":"2025-12-12T16:50:40","guid":{"rendered":"https:\/\/edirectorios.com.mx\/directorios-latinoamerica\/?post_type=product&#038;p=34377"},"modified":"2025-12-12T16:51:21","modified_gmt":"2025-12-12T16:51:21","slug":"empresas-de-retail-pharma-3pl-cpg-vestido-calzado-manufactura-distribucion-grandes-que-facturen-al-ano-mas-de-250-millones-de-pesos","status":"publish","type":"product","link":"https:\/\/edirectorios.com.mx\/directorios-latinoamerica\/product\/empresas-de-retail-pharma-3pl-cpg-vestido-calzado-manufactura-distribucion-grandes-que-facturen-al-ano-mas-de-250-millones-de-pesos\/","title":{"rendered":"Empresas de Retail, Pharma, 3PL, CPG, Vestido\/Calzado, Manufactura, Distribuci\u00f3n, grandes: que facturen al a\u00f1o m\u00e1s de $ 250 millones de pesos."},"content":{"rendered":"","protected":false},"excerpt":{"rendered":"<p>&nbsp;<\/p>\n<div class=\"row\">\n<div class=\"col-sm\"><strong>C\u00f3digo:<\/strong> <strong class=\"text-danger\">MBMB-H4<\/strong><\/div>\n<div class=\"col-sm\"><strong>N\u00famero de registros: <\/strong>300<\/div>\n<\/div>\n<div class=\"row\">\n<div class=\"col-sm \"><strong>Folio: <\/strong><span class=\"text-danger\">03MALL1216-024<\/span><\/div>\n<\/div>\n<p><strong>Segmentaci\u00f3n:<\/strong><\/p>\n<div class=\"row\">\n<div class=\"col-sm \"><span class=\"text-justify\">Empresas de Retail, Pharma, 3PL, CPG, Vestido\/Calzado, Manufactura, Distribuci\u00f3n, que sean empresas grandes: con nivel de Facturaci\u00f3n anual de m\u00e1s de $ 250 millones de pesos a Nivel Nacional.<\/span><\/div>\n<\/div>\n<p><strong>Campos Contenidos:<\/strong><\/p>\n<div class=\"row\">\n<div class=\"col-sm \"><span class=\"text-justify\">Empresa \/ Giro \/ Ciudad \/ Estado \/ Contacto 1 \/ Puesto1: CEO \/ Presidente \/ Gerente General \/ Director General \/ Tel\u00e9fono 1 \/ Email 1. \/ Contacto 2 \/ Puesto 2: CFO \/ Vice presidente de Finanzas \/ Tel\u00e9fono 2\/ Email 2 . \/ Contacto 3 \/ Puesto 3: CIO \/ Vice Presidente de TI \/ Tel\u00e9fono 3 \/ Email 3.<\/span><\/div>\n<\/div>\n<div class=\"row\">\n<div class=\"col-sm\">\n<p><strong>Garant\u00eda: <\/strong>65%-75%<\/p>\n<p><strong>Precio Original: <\/strong><del>$426 USD<\/del><\/p>\n<p><strong>Descuento Especial: <\/strong><strong class=\"text-danger\">35%<\/strong><\/p>\n<\/div>\n<\/div>\n<div class=\"row\">\n<div class=\"col text-center\"><strong>Total a Pagar: <\/strong><strong class=\"text-danger\">$277 USD<\/strong><\/div>\n<\/div>\n","protected":false},"featured_media":31017,"template":"","meta":{"_bst_post_transparent":"","_bst_post_title":"","_bst_post_layout":"","_bst_post_sidebar_id":"","_bst_post_content_style":"","_bst_post_vertical_padding":"","_bst_post_feature":"","_bst_post_feature_position":"","_bst_post_header":false,"_bst_post_footer":false},"product_brand":[],"product_cat":[1060,1259],"product_tag":[1062,1063,1064,1067,1068,1069,1071,1072,1074,1075,1076,1077,1078,1079,1080,1081,1082,1083,1084,1085,1086,1335,1160,1261,1088,1090,1224,1093,1365,1097,1098,1099,1101,1102,1103,1104,1226,1105,1106,1107,1229,1111,1112,1114,1115,1116,1117,1118,1318,1119,1120,1121,1122,1123,1124,1170,1126,1127,1128,1129,1130,1131,1132,1133,1134,1135,1136,1219,1137,1138,1139,1140,1141,1142,1144,1145,1230,1206,1172,1173,1174,1175,1146,1149],"product_brands":[],"class_list":{"0":"post-34377","1":"product","2":"type-product","3":"status-publish","4":"has-post-thumbnail","6":"product_cat-empresas-en-mexico","7":"product_cat-manufactureras","8":"product_tag-b2c-email-database","9":"product_tag-base-de-datos-campana-de-email-marketing","10":"product_tag-base-de-datos-campanas-de-email-marketing","11":"product_tag-base-de-datos-correo-masivo","12":"product_tag-base-de-datos-correo-masivos","13":"product_tag-base-de-datos-de-director-general","14":"product_tag-base-de-datos-direct-e-mail-marketing","15":"product_tag-base-de-datos-director","16":"product_tag-base-de-datos-email-marketer","17":"product_tag-base-de-datos-email-marketing","18":"product_tag-base-de-datos-email-masivos","19":"product_tag-base-de-datos-email-publicidad","20":"product_tag-base-de-datos-email-publicitario","21":"product_tag-base-de-datos-emailing","22":"product_tag-base-de-datos-empresas-de-email-marketing","23":"product_tag-base-de-datos-enviar-email-masivo","24":"product_tag-base-de-datos-envio-de-email-masivo","25":"product_tag-base-de-datos-envio-masivo-correo","26":"product_tag-base-de-datos-envio-masivo-correos","27":"product_tag-base-de-datos-envio-masivo-de-emails","28":"product_tag-base-de-datos-envios-de-correo-masivos","29":"product_tag-base-de-datos-finanzas","30":"product_tag-base-de-datos-gerente","31":"product_tag-base-de-datos-manufacturera","32":"product_tag-base-de-datos-marketing","33":"product_tag-base-de-datos-marketing-por-email","34":"product_tag-base-de-datos-nivel-nacional","35":"product_tag-base-de-datos-publicidad-por-email","36":"product_tag-base-de-datos-retail","37":"product_tag-bases-de-datos-correos","38":"product_tag-bases-de-datos-correos-electronicos","39":"product_tag-bases-de-datos-de-emails","40":"product_tag-bases-de-datos-de-telefonos","41":"product_tag-bases-de-datos-email","42":"product_tag-bases-de-datos-email-empresas","43":"product_tag-bases-de-datos-emailing","44":"product_tag-bases-de-datos-emails","45":"product_tag-bases-de-datos-numeros-de-telefonos","46":"product_tag-bases-de-datos-telefono","47":"product_tag-bases-de-datos-telefonos-fijos","48":"product_tag-big-corporates-database","49":"product_tag-business-email-database","50":"product_tag-business-email-list","51":"product_tag-business-mailing-database","52":"product_tag-business-mailing-lists","53":"product_tag-buy-email-database","54":"product_tag-buy-email-list","55":"product_tag-buy-email-list-database","56":"product_tag-ceo","57":"product_tag-company-database","58":"product_tag-correo-de-empresas","59":"product_tag-correos-de-empresas","60":"product_tag-correos-electronicos-de-empresas","61":"product_tag-correos-electronicos-empresas","62":"product_tag-correos-empresariales","63":"product_tag-database","64":"product_tag-directorio-emailing","65":"product_tag-directorio-empresarial","66":"product_tag-directorio-empresariales","67":"product_tag-directorio-empresas","68":"product_tag-directorios-de-empresas","69":"product_tag-directorios-empresas","70":"product_tag-e-mail-database","71":"product_tag-email-address-list","72":"product_tag-email-database","73":"product_tag-email-lists","74":"product_tag-email-marketing-list","75":"product_tag-engineering-services-databases","76":"product_tag-list-of-email-addresses","77":"product_tag-lista-de-correos","78":"product_tag-lista-de-correos-electronicos","79":"product_tag-mail-marketing","80":"product_tag-mailing-database","81":"product_tag-mailing-list","82":"product_tag-marketing-correo-electronico","83":"product_tag-marketing-lists","84":"product_tag-national-database","85":"product_tag-phone","86":"product_tag-phone-database","87":"product_tag-phone-lists","88":"product_tag-phone-number","89":"product_tag-phone-number-list","90":"product_tag-publicidad-por-base-de-datos-correo-electronico","91":"product_tag-telefono","93":"first","94":"instock","95":"sale","96":"virtual","97":"purchasable","98":"product-type-simple","99":"entry","100":"content-bg","101":"loop-entry"},"aioseo_notices":[],"_links":{"self":[{"href":"https:\/\/edirectorios.com.mx\/directorios-latinoamerica\/wp-json\/wp\/v2\/product\/34377","targetHints":{"allow":["GET"]}}],"collection":[{"href":"https:\/\/edirectorios.com.mx\/directorios-latinoamerica\/wp-json\/wp\/v2\/product"}],"about":[{"href":"https:\/\/edirectorios.com.mx\/directorios-latinoamerica\/wp-json\/wp\/v2\/types\/product"}],"version-history":[{"count":1,"href":"https:\/\/edirectorios.com.mx\/directorios-latinoamerica\/wp-json\/wp\/v2\/product\/34377\/revisions"}],"predecessor-version":[{"id":34424,"href":"https:\/\/edirectorios.com.mx\/directorios-latinoamerica\/wp-json\/wp\/v2\/product\/34377\/revisions\/34424"}],"wp:featuredmedia":[{"embeddable":true,"href":"https:\/\/edirectorios.com.mx\/directorios-latinoamerica\/wp-json\/wp\/v2\/media\/31017"}],"wp:attachment":[{"href":"https:\/\/edirectorios.com.mx\/directorios-latinoamerica\/wp-json\/wp\/v2\/media?parent=34377"}],"wp:term":[{"taxonomy":"product_brand","embeddable":true,"href":"https:\/\/edirectorios.com.mx\/directorios-latinoamerica\/wp-json\/wp\/v2\/product_brand?post=34377"},{"taxonomy":"product_cat","embeddable":true,"href":"https:\/\/edirectorios.com.mx\/directorios-latinoamerica\/wp-json\/wp\/v2\/product_cat?post=34377"},{"taxonomy":"product_tag","embeddable":true,"href":"https:\/\/edirectorios.com.mx\/directorios-latinoamerica\/wp-json\/wp\/v2\/product_tag?post=34377"},{"taxonomy":"product_brands","embeddable":true,"href":"https:\/\/edirectorios.com.mx\/directorios-latinoamerica\/wp-json\/wp\/v2\/product_brands?post=34377"}],"curies":[{"name":"wp","href":"https:\/\/api.w.org\/{rel}","templated":true}]}}