{"id":34370,"date":"2025-12-12T16:50:39","date_gmt":"2025-12-12T16:50:39","guid":{"rendered":"https:\/\/edirectorios.com.mx\/directorios-latinoamerica\/?post_type=product&#038;p=34370"},"modified":"2025-12-12T16:51:11","modified_gmt":"2025-12-12T16:51:11","slug":"industrias-medianas-grandes-de-retail-cpg-manufactura-embotelladoras-autoservicios-transporte-farmaceuticas-autopartes-y-mas-giros-a-nivel-nacional","status":"publish","type":"product","link":"https:\/\/edirectorios.com.mx\/directorios-latinoamerica\/product\/industrias-medianas-grandes-de-retail-cpg-manufactura-embotelladoras-autoservicios-transporte-farmaceuticas-autopartes-y-mas-giros-a-nivel-nacional\/","title":{"rendered":"Industrias medianas grandes de: Retail, CPG, Manufactura, Embotelladoras, Autoservicios, Transporte, Farmac\u00e9uticas, Autopartes&#8230;y m\u00e1s giros a Nivel Nacional."},"content":{"rendered":"","protected":false},"excerpt":{"rendered":"<p>&nbsp;<\/p>\n<div class=\"row\">\n<div class=\"col-sm\"><strong>C\u00f3digo:<\/strong> <strong class=\"text-danger\">IFUP-U9<\/strong><\/div>\n<div class=\"col-sm\"><strong>N\u00famero de registros: <\/strong>250<\/div>\n<\/div>\n<div class=\"row\">\n<div class=\"col-sm \"><strong>Folio: <\/strong><span class=\"text-danger\">OW0518B113<\/span><\/div>\n<\/div>\n<p><strong>Segmentaci\u00f3n:<\/strong><\/p>\n<div class=\"row\">\n<div class=\"col-sm \">Industrias medianas grandes de: Retail, CPG, Manufactura, Embotelladoras, Autoservicios, Transporte, Farmac\u00e9uticas, Autopartes, MRO (Mantenimiento, Reparaci\u00f3n, Operaci\u00f3n), Hospitalidad, Salud y Belleza, Moda, Mascotas, Muebler\u00edas, Aerol\u00edneas. Electr\u00f3nicos, Juguetes. Entretenimiento ( que tengan un Modelo de empresa: B2B y B2C) a Nivel Nacional.<\/div>\n<\/div>\n<p><strong>Campos Contenidos:<\/strong><\/p>\n<div class=\"row\">\n<div class=\"col-sm \">Empresa \/ Giro \/ Direcci\u00f3n \/ Ciudad \/ Estado \/ Contacto \/ Puesto: Directores de eCommerce o Directores de mercadotecnia o Directores de Inform\u00e1tica (IT) o Directores de Innovaci\u00f3n \/ Tel\u00e9fono \/ Email.<\/div>\n<\/div>\n<div class=\"row\">\n<div class=\"col-sm\"><strong>Garant\u00eda:\u00a0<\/strong>75%-85% <strong>Precio Original:\u00a0<\/strong><del>$144 USD<\/del><strong>Descuento Especial:\u00a0<\/strong><strong class=\"text-danger\">25%<\/strong><\/div>\n<\/div>\n<div class=\"row\">\n<div class=\"col text-center\"><strong>Total a Pagar:\u00a0<\/strong><strong class=\"text-danger\">$108 USD<\/strong><\/div>\n<\/div>\n","protected":false},"featured_media":31292,"template":"","meta":{"_bst_post_transparent":"","_bst_post_title":"","_bst_post_layout":"","_bst_post_sidebar_id":"","_bst_post_content_style":"","_bst_post_vertical_padding":"","_bst_post_feature":"","_bst_post_feature_position":"","_bst_post_header":false,"_bst_post_footer":false},"product_brand":[],"product_cat":[1060,1391],"product_tag":[1062,1182,1363,1063,1064,1067,1068,1071,1072,1074,1075,1076,1077,1078,1079,1080,1081,1082,1083,1084,1085,1086,1214,1261,1088,1090,1224,1093,1365,1304,1097,1098,1099,1101,1246,1102,1103,1104,1289,1178,1105,1106,1107,1109,1110,1111,1112,1113,1115,1117,1118,1166,1167,1120,1121,1122,1123,1124,1126,1127,1133,1134,1135,1136,1137,1138,1139,1140,1142,1144,1145,1230,1206,1172,1173,1174,1175,1146],"product_brands":[],"class_list":{"0":"post-34370","1":"product","2":"type-product","3":"status-publish","4":"has-post-thumbnail","6":"product_cat-empresas-en-mexico","7":"product_cat-retail","8":"product_tag-b2c-email-database","9":"product_tag-base-de-datos","10":"product_tag-base-de-datos-automotriz","11":"product_tag-base-de-datos-campana-de-email-marketing","12":"product_tag-base-de-datos-campanas-de-email-marketing","13":"product_tag-base-de-datos-correo-masivo","14":"product_tag-base-de-datos-correo-masivos","15":"product_tag-base-de-datos-direct-e-mail-marketing","16":"product_tag-base-de-datos-director","17":"product_tag-base-de-datos-email-marketer","18":"product_tag-base-de-datos-email-marketing","19":"product_tag-base-de-datos-email-masivos","20":"product_tag-base-de-datos-email-publicidad","21":"product_tag-base-de-datos-email-publicitario","22":"product_tag-base-de-datos-emailing","23":"product_tag-base-de-datos-empresas-de-email-marketing","24":"product_tag-base-de-datos-enviar-email-masivo","25":"product_tag-base-de-datos-envio-de-email-masivo","26":"product_tag-base-de-datos-envio-masivo-correo","27":"product_tag-base-de-datos-envio-masivo-correos","28":"product_tag-base-de-datos-envio-masivo-de-emails","29":"product_tag-base-de-datos-envios-de-correo-masivos","30":"product_tag-base-de-datos-farmaceutica","31":"product_tag-base-de-datos-manufacturera","32":"product_tag-base-de-datos-marketing","33":"product_tag-base-de-datos-marketing-por-email","34":"product_tag-base-de-datos-nivel-nacional","35":"product_tag-base-de-datos-publicidad-por-email","36":"product_tag-base-de-datos-retail","37":"product_tag-base-de-datos-transporte","38":"product_tag-bases-de-datos-correos","39":"product_tag-bases-de-datos-correos-electronicos","40":"product_tag-bases-de-datos-de-emails","41":"product_tag-bases-de-datos-de-telefonos","42":"product_tag-bases-de-datos-director-de-ti","43":"product_tag-bases-de-datos-email","44":"product_tag-bases-de-datos-email-empresas","45":"product_tag-bases-de-datos-emailing","46":"product_tag-bases-de-datos-hospitales","47":"product_tag-bases-de-datos-industrias","48":"product_tag-bases-de-datos-numeros-de-telefonos","49":"product_tag-bases-de-datos-telefono","50":"product_tag-bases-de-datos-telefonos-fijos","51":"product_tag-business-contact-lists","52":"product_tag-business-directory","53":"product_tag-business-email-database","54":"product_tag-business-email-list","55":"product_tag-business-email-lists","56":"product_tag-business-mailing-lists","57":"product_tag-buy-email-list","58":"product_tag-buy-email-list-database","59":"product_tag-companies-email-address-list","60":"product_tag-company-email-address-list","61":"product_tag-correo-de-empresas","62":"product_tag-correos-de-empresas","63":"product_tag-correos-electronicos-de-empresas","64":"product_tag-correos-electronicos-empresas","65":"product_tag-correos-empresariales","66":"product_tag-directorio-emailing","67":"product_tag-directorio-empresarial","68":"product_tag-email-address-list","69":"product_tag-email-database","70":"product_tag-email-lists","71":"product_tag-email-marketing-list","72":"product_tag-list-of-email-addresses","73":"product_tag-lista-de-correos","74":"product_tag-lista-de-correos-electronicos","75":"product_tag-mail-marketing","76":"product_tag-mailing-list","77":"product_tag-marketing-correo-electronico","78":"product_tag-marketing-lists","79":"product_tag-national-database","80":"product_tag-phone","81":"product_tag-phone-database","82":"product_tag-phone-lists","83":"product_tag-phone-number","84":"product_tag-phone-number-list","85":"product_tag-publicidad-por-base-de-datos-correo-electronico","87":"first","88":"instock","89":"sale","90":"virtual","91":"purchasable","92":"product-type-simple","93":"entry","94":"content-bg","95":"loop-entry"},"aioseo_notices":[],"_links":{"self":[{"href":"https:\/\/edirectorios.com.mx\/directorios-latinoamerica\/wp-json\/wp\/v2\/product\/34370","targetHints":{"allow":["GET"]}}],"collection":[{"href":"https:\/\/edirectorios.com.mx\/directorios-latinoamerica\/wp-json\/wp\/v2\/product"}],"about":[{"href":"https:\/\/edirectorios.com.mx\/directorios-latinoamerica\/wp-json\/wp\/v2\/types\/product"}],"version-history":[{"count":1,"href":"https:\/\/edirectorios.com.mx\/directorios-latinoamerica\/wp-json\/wp\/v2\/product\/34370\/revisions"}],"predecessor-version":[{"id":34417,"href":"https:\/\/edirectorios.com.mx\/directorios-latinoamerica\/wp-json\/wp\/v2\/product\/34370\/revisions\/34417"}],"wp:featuredmedia":[{"embeddable":true,"href":"https:\/\/edirectorios.com.mx\/directorios-latinoamerica\/wp-json\/wp\/v2\/media\/31292"}],"wp:attachment":[{"href":"https:\/\/edirectorios.com.mx\/directorios-latinoamerica\/wp-json\/wp\/v2\/media?parent=34370"}],"wp:term":[{"taxonomy":"product_brand","embeddable":true,"href":"https:\/\/edirectorios.com.mx\/directorios-latinoamerica\/wp-json\/wp\/v2\/product_brand?post=34370"},{"taxonomy":"product_cat","embeddable":true,"href":"https:\/\/edirectorios.com.mx\/directorios-latinoamerica\/wp-json\/wp\/v2\/product_cat?post=34370"},{"taxonomy":"product_tag","embeddable":true,"href":"https:\/\/edirectorios.com.mx\/directorios-latinoamerica\/wp-json\/wp\/v2\/product_tag?post=34370"},{"taxonomy":"product_brands","embeddable":true,"href":"https:\/\/edirectorios.com.mx\/directorios-latinoamerica\/wp-json\/wp\/v2\/product_brands?post=34370"}],"curies":[{"name":"wp","href":"https:\/\/api.w.org\/{rel}","templated":true}]}}