{"id":34369,"date":"2025-12-12T16:50:39","date_gmt":"2025-12-12T16:50:39","guid":{"rendered":"https:\/\/edirectorios.com.mx\/directorios-latinoamerica\/?post_type=product&#038;p=34369"},"modified":"2025-12-12T16:51:10","modified_gmt":"2025-12-12T16:51:10","slug":"personas-fisicas-de-entre-27-a-55-anos-economicamente-activas-y-tarjetas-habientes-en-la-ciudad-de-mexico","status":"publish","type":"product","link":"https:\/\/edirectorios.com.mx\/directorios-latinoamerica\/product\/personas-fisicas-de-entre-27-a-55-anos-economicamente-activas-y-tarjetas-habientes-en-la-ciudad-de-mexico\/","title":{"rendered":"Personas f\u00edsicas de entre 27 a 55 a\u00f1os econ\u00f3micamente activas y tarjetas habientes en la Ciudad De M\u00e9xico."},"content":{"rendered":"","protected":false},"excerpt":{"rendered":"<p>&nbsp;<\/p>\n<div class=\"row\">\n<div class=\"col-sm\"><strong>C\u00f3digo:<\/strong> <strong class=\"text-danger\">DBKV-G-0<\/strong><\/div>\n<div class=\"col-sm\"><strong>N\u00famero de registros: <\/strong>16,000<\/div>\n<\/div>\n<div class=\"row\">\n<div class=\"col-sm \"><strong>Folio: <\/strong><span class=\"text-danger\">TH0618B027<\/span><\/div>\n<\/div>\n<p><strong>Segmentaci\u00f3n:<\/strong><\/p>\n<div class=\"row\">\n<div class=\"col-sm \">Personas f\u00edsicas de entre 27 a 55 a\u00f1os econ\u00f3micamente activas y tarjetas habientes en la Ciudad De M\u00e9xico.<\/div>\n<\/div>\n<p><strong>Campos Contenidos:<\/strong><\/p>\n<div class=\"row\">\n<div class=\"col-sm \">Email.<\/div>\n<\/div>\n<div class=\"row\">\n<div class=\"col-sm\"><strong>Garant\u00eda:\u00a0<\/strong>75%-85%\u00a0<strong>Precio Original:\u00a0<\/strong><del>$1757 USD<\/del> <strong>Descuento Especial:\u00a0<\/strong><strong class=\"text-danger\">25%<\/strong><\/div>\n<\/div>\n<div class=\"row\">\n<div class=\"col text-center\"><strong>Total a Pagar:\u00a0<\/strong><strong class=\"text-danger\">$1318 USD<\/strong><\/div>\n<\/div>\n","protected":false},"featured_media":31021,"template":"","meta":{"_bst_post_transparent":"","_bst_post_title":"","_bst_post_layout":"","_bst_post_sidebar_id":"","_bst_post_content_style":"","_bst_post_vertical_padding":"","_bst_post_feature":"","_bst_post_feature_position":"","_bst_post_header":false,"_bst_post_footer":false},"product_brand":[],"product_cat":[1266,1180],"product_tag":[1062,1063,1064,1066,1263,1067,1068,1186,1187,1071,1073,1074,1075,1076,1077,1078,1079,1081,1082,1157,1083,1084,1085,1158,1086,1159,1088,1089,1090,1092,1189,1093,1097,1098,1099,1100,1102,1104,1190,1109,1116,1117,1118,1191,1192,1194,1195,1196,1197,1198,1199,1200,1201,1202,1265,1203,1204,1170,1132,1133,1134,1135,1136,1137,1138,1139,1140,1142,1143,1144,1145,1146,1148],"product_brands":[],"class_list":{"0":"post-34369","1":"product","2":"type-product","3":"status-publish","4":"has-post-thumbnail","6":"product_cat-consumidores","7":"product_cat-personas-en-mexico","8":"product_tag-b2c-email-database","9":"product_tag-base-de-datos-campana-de-email-marketing","10":"product_tag-base-de-datos-campanas-de-email-marketing","11":"product_tag-base-de-datos-ciudad-de-mexico","12":"product_tag-base-de-datos-consumidores","13":"product_tag-base-de-datos-correo-masivo","14":"product_tag-base-de-datos-correo-masivos","15":"product_tag-base-de-datos-de-personas-fisicas","16":"product_tag-base-de-datos-de-tarjetahabientes","17":"product_tag-base-de-datos-direct-e-mail-marketing","18":"product_tag-base-de-datos-e-mail-marketing","19":"product_tag-base-de-datos-email-marketer","20":"product_tag-base-de-datos-email-marketing","21":"product_tag-base-de-datos-email-masivos","22":"product_tag-base-de-datos-email-publicidad","23":"product_tag-base-de-datos-email-publicitario","24":"product_tag-base-de-datos-emailing","25":"product_tag-base-de-datos-enviar-email-masivo","26":"product_tag-base-de-datos-envio-de-email-masivo","27":"product_tag-base-de-datos-envio-masivo","28":"product_tag-base-de-datos-envio-masivo-correo","29":"product_tag-base-de-datos-envio-masivo-correos","30":"product_tag-base-de-datos-envio-masivo-de-emails","31":"product_tag-base-de-datos-envio-masivos","32":"product_tag-base-de-datos-envios-de-correo-masivos","33":"product_tag-base-de-datos-envios-masivos","34":"product_tag-base-de-datos-marketing","35":"product_tag-base-de-datos-marketing-por-e-mail","36":"product_tag-base-de-datos-marketing-por-email","37":"product_tag-base-de-datos-para-marketing","38":"product_tag-base-de-datos-personas-de-email-marketing","39":"product_tag-base-de-datos-publicidad-por-email","40":"product_tag-bases-de-datos-correos","41":"product_tag-bases-de-datos-correos-electronicos","42":"product_tag-bases-de-datos-de-emails","43":"product_tag-bases-de-datos-de-marketing","44":"product_tag-bases-de-datos-email","45":"product_tag-bases-de-datos-emailing","46":"product_tag-big-consumer-database","47":"product_tag-business-contact-lists","48":"product_tag-buy-email-database","49":"product_tag-buy-email-list","50":"product_tag-buy-email-list-database","51":"product_tag-consumer-contact-lists","52":"product_tag-consumer-database","53":"product_tag-consumer-email-database","54":"product_tag-consumer-email-list","55":"product_tag-consumer-email-lists","56":"product_tag-consumer-list","57":"product_tag-consumer-mailing-database","58":"product_tag-consumer-mailing-list","59":"product_tag-consumer-mailing-lists","60":"product_tag-consumer-phone-list","61":"product_tag-correo-de-personas","62":"product_tag-correos-consumidores","63":"product_tag-correos-electronicos-de-personas","64":"product_tag-correos-electronicos-personas","65":"product_tag-database","66":"product_tag-e-mail-database","67":"product_tag-email-address-list","68":"product_tag-email-database","69":"product_tag-email-lists","70":"product_tag-email-marketing-list","71":"product_tag-list-of-email-addresses","72":"product_tag-lista-de-correos","73":"product_tag-lista-de-correos-electronicos","74":"product_tag-mail-marketing","75":"product_tag-mailing-list","76":"product_tag-marketing","77":"product_tag-marketing-correo-electronico","78":"product_tag-marketing-lists","79":"product_tag-publicidad-por-base-de-datos-correo-electronico","80":"product_tag-tele-marketing-list","82":"first","83":"instock","84":"sale","85":"virtual","86":"purchasable","87":"product-type-simple","88":"entry","89":"content-bg","90":"loop-entry"},"aioseo_notices":[],"_links":{"self":[{"href":"https:\/\/edirectorios.com.mx\/directorios-latinoamerica\/wp-json\/wp\/v2\/product\/34369","targetHints":{"allow":["GET"]}}],"collection":[{"href":"https:\/\/edirectorios.com.mx\/directorios-latinoamerica\/wp-json\/wp\/v2\/product"}],"about":[{"href":"https:\/\/edirectorios.com.mx\/directorios-latinoamerica\/wp-json\/wp\/v2\/types\/product"}],"version-history":[{"count":1,"href":"https:\/\/edirectorios.com.mx\/directorios-latinoamerica\/wp-json\/wp\/v2\/product\/34369\/revisions"}],"predecessor-version":[{"id":34416,"href":"https:\/\/edirectorios.com.mx\/directorios-latinoamerica\/wp-json\/wp\/v2\/product\/34369\/revisions\/34416"}],"wp:featuredmedia":[{"embeddable":true,"href":"https:\/\/edirectorios.com.mx\/directorios-latinoamerica\/wp-json\/wp\/v2\/media\/31021"}],"wp:attachment":[{"href":"https:\/\/edirectorios.com.mx\/directorios-latinoamerica\/wp-json\/wp\/v2\/media?parent=34369"}],"wp:term":[{"taxonomy":"product_brand","embeddable":true,"href":"https:\/\/edirectorios.com.mx\/directorios-latinoamerica\/wp-json\/wp\/v2\/product_brand?post=34369"},{"taxonomy":"product_cat","embeddable":true,"href":"https:\/\/edirectorios.com.mx\/directorios-latinoamerica\/wp-json\/wp\/v2\/product_cat?post=34369"},{"taxonomy":"product_tag","embeddable":true,"href":"https:\/\/edirectorios.com.mx\/directorios-latinoamerica\/wp-json\/wp\/v2\/product_tag?post=34369"},{"taxonomy":"product_brands","embeddable":true,"href":"https:\/\/edirectorios.com.mx\/directorios-latinoamerica\/wp-json\/wp\/v2\/product_brands?post=34369"}],"curies":[{"name":"wp","href":"https:\/\/api.w.org\/{rel}","templated":true}]}}