{"id":34339,"date":"2025-12-12T16:50:14","date_gmt":"2025-12-12T16:50:14","guid":{"rendered":"https:\/\/edirectorios.com.mx\/directorios-latinoamerica\/?post_type=product&#038;p=34339"},"modified":"2025-12-12T16:50:50","modified_gmt":"2025-12-12T16:50:50","slug":"industrias-automotrices-en-los-estados-de-san-luis-potosi-queretaro-hidalgo-guanajuato-ciudad-de-mexico-puebla-nuevo-leon-unicamente-monterrey-y-saltillo","status":"publish","type":"product","link":"https:\/\/edirectorios.com.mx\/directorios-latinoamerica\/product\/industrias-automotrices-en-los-estados-de-san-luis-potosi-queretaro-hidalgo-guanajuato-ciudad-de-mexico-puebla-nuevo-leon-unicamente-monterrey-y-saltillo\/","title":{"rendered":"Industrias automotrices en los Estados de San Luis Potos\u00ed, Quer\u00e9taro, Hidalgo, Guanajuato, Ciudad de M\u00e9xico, Puebla, Nuevo Le\u00f3n (\u00fanicamente Monterrey y Saltillo)."},"content":{"rendered":"","protected":false},"excerpt":{"rendered":"<p>&nbsp;<\/p>\n<div class=\"row\">\n<div class=\"col-sm\"><strong>C\u00f3digo:<\/strong> <strong class=\"text-danger\">QBSJ-W0<\/strong><\/div>\n<div class=\"col-sm\"><strong>N\u00famero de registros: <\/strong>500<\/div>\n<\/div>\n<div class=\"row\">\n<div class=\"col-sm \"><strong>Folio: <\/strong><span class=\"text-danger\">CA1017B098<\/span><\/div>\n<\/div>\n<p><strong>Segmentaci\u00f3n:<\/strong><\/p>\n<div class=\"row\">\n<div class=\"col-sm \"><span class=\"text-justify\">Industrias automotrices en los Estados de San Luis Potos\u00ed, Quer\u00e9taro, Hidalgo, Guanajuato, Ciudad de M\u00e9xico, Puebla, Nuevo Le\u00f3n (\u00fanicamente Monterrey y Saltillo).<\/span><\/div>\n<\/div>\n<p><strong>Campos Contenidos:<\/strong><\/p>\n<div class=\"row\">\n<div class=\"col-sm \"><span class=\"text-justify\">Empresa \/ Giro \/ Direcci\u00f3n \/ Ciudad \/ Estado \/ Contacto \/ Puesto: Encargados de compra o encargados t\u00e9cnicos\/ Tel\u00e9fono \/ Email.<\/span><\/div>\n<\/div>\n<div class=\"row\">\n<div class=\"col-sm\">\n<p><strong>Garant\u00eda:\u00a0<\/strong>65%-75%<\/p>\n<p><strong>Precio Original:\u00a0<\/strong><del>$425 USD<\/del><\/p>\n<p><strong>Descuento Especial:\u00a0<\/strong><strong class=\"text-danger\">35%<\/strong><\/p>\n<\/div>\n<\/div>\n<div class=\"row\">\n<div class=\"col text-center\"><strong>Total a Pagar:\u00a0<\/strong><strong class=\"text-danger\">$319 USD<\/strong><\/div>\n<\/div>\n","protected":false},"featured_media":31203,"template":"","meta":{"_bst_post_transparent":"","_bst_post_title":"","_bst_post_layout":"","_bst_post_sidebar_id":"","_bst_post_content_style":"","_bst_post_vertical_padding":"","_bst_post_feature":"","_bst_post_feature_position":"","_bst_post_header":false,"_bst_post_footer":false},"product_brand":[],"product_cat":[1060,1369],"product_tag":[1062,1182,1363,1063,1064,1066,1222,1067,1068,1070,1071,1074,1075,1076,1077,1078,1079,1080,1176,1177,1081,1082,1083,1084,1085,1086,1269,1088,1090,1312,1188,1093,1270,1217,1097,1098,1099,1101,1102,1103,1104,1178,1105,1106,1107,1109,1111,1112,1113,1115,1117,1118,1166,1167,1345,1346,1120,1121,1122,1123,1124,1314,1133,1134,1135,1136,1137,1138,1139,1140,1142,1144,1145,1205,1206,1172,1173,1174,1175,1146,1337],"product_brands":[],"class_list":{"0":"post-34339","1":"product","2":"type-product","3":"status-publish","4":"has-post-thumbnail","6":"product_cat-empresas-en-mexico","7":"product_cat-industria-automotriz","8":"product_tag-b2c-email-database","9":"product_tag-base-de-datos","10":"product_tag-base-de-datos-automotriz","11":"product_tag-base-de-datos-campana-de-email-marketing","12":"product_tag-base-de-datos-campanas-de-email-marketing","13":"product_tag-base-de-datos-ciudad-de-mexico","14":"product_tag-base-de-datos-compras","15":"product_tag-base-de-datos-correo-masivo","16":"product_tag-base-de-datos-correo-masivos","17":"product_tag-base-de-datos-de-empresas-puebla","18":"product_tag-base-de-datos-direct-e-mail-marketing","19":"product_tag-base-de-datos-email-marketer","20":"product_tag-base-de-datos-email-marketing","21":"product_tag-base-de-datos-email-masivos","22":"product_tag-base-de-datos-email-publicidad","23":"product_tag-base-de-datos-email-publicitario","24":"product_tag-base-de-datos-emailing","25":"product_tag-base-de-datos-empresas-de-email-marketing","26":"product_tag-base-de-datos-encargados","27":"product_tag-base-de-datos-encargados-de-compras","28":"product_tag-base-de-datos-enviar-email-masivo","29":"product_tag-base-de-datos-envio-de-email-masivo","30":"product_tag-base-de-datos-envio-masivo-correo","31":"product_tag-base-de-datos-envio-masivo-correos","32":"product_tag-base-de-datos-envio-masivo-de-emails","33":"product_tag-base-de-datos-envios-de-correo-masivos","34":"product_tag-base-de-datos-guanajuato","35":"product_tag-base-de-datos-marketing","36":"product_tag-base-de-datos-marketing-por-email","37":"product_tag-base-de-datos-monterrey","38":"product_tag-base-de-datos-nuevo-leon","39":"product_tag-base-de-datos-publicidad-por-email","40":"product_tag-base-de-datos-queretaro","41":"product_tag-base-de-datos-san-luis-potosi","42":"product_tag-bases-de-datos-correos","43":"product_tag-bases-de-datos-correos-electronicos","44":"product_tag-bases-de-datos-de-emails","45":"product_tag-bases-de-datos-de-telefonos","46":"product_tag-bases-de-datos-email","47":"product_tag-bases-de-datos-email-empresas","48":"product_tag-bases-de-datos-emailing","49":"product_tag-bases-de-datos-industrias","50":"product_tag-bases-de-datos-numeros-de-telefonos","51":"product_tag-bases-de-datos-telefono","52":"product_tag-bases-de-datos-telefonos-fijos","53":"product_tag-business-contact-lists","54":"product_tag-business-email-database","55":"product_tag-business-email-list","56":"product_tag-business-email-lists","57":"product_tag-business-mailing-lists","58":"product_tag-buy-email-list","59":"product_tag-buy-email-list-database","60":"product_tag-companies-email-address-list","61":"product_tag-company-email-address-list","62":"product_tag-compra-base-de-datos","63":"product_tag-comprar-bases-de-datos-mexico","64":"product_tag-correo-de-empresas","65":"product_tag-correos-de-empresas","66":"product_tag-correos-electronicos-de-empresas","67":"product_tag-correos-electronicos-empresas","68":"product_tag-correos-empresariales","69":"product_tag-directorios-monterrey","70":"product_tag-email-address-list","71":"product_tag-email-database","72":"product_tag-email-lists","73":"product_tag-email-marketing-list","74":"product_tag-list-of-email-addresses","75":"product_tag-lista-de-correos","76":"product_tag-lista-de-correos-electronicos","77":"product_tag-mail-marketing","78":"product_tag-mailing-list","79":"product_tag-marketing-correo-electronico","80":"product_tag-marketing-lists","81":"product_tag-nuevo-leon-database","82":"product_tag-phone","83":"product_tag-phone-database","84":"product_tag-phone-lists","85":"product_tag-phone-number","86":"product_tag-phone-number-list","87":"product_tag-publicidad-por-base-de-datos-correo-electronico","88":"product_tag-queretaro","90":"first","91":"instock","92":"sale","93":"virtual","94":"purchasable","95":"product-type-simple","96":"entry","97":"content-bg","98":"loop-entry"},"aioseo_notices":[],"_links":{"self":[{"href":"https:\/\/edirectorios.com.mx\/directorios-latinoamerica\/wp-json\/wp\/v2\/product\/34339","targetHints":{"allow":["GET"]}}],"collection":[{"href":"https:\/\/edirectorios.com.mx\/directorios-latinoamerica\/wp-json\/wp\/v2\/product"}],"about":[{"href":"https:\/\/edirectorios.com.mx\/directorios-latinoamerica\/wp-json\/wp\/v2\/types\/product"}],"version-history":[{"count":1,"href":"https:\/\/edirectorios.com.mx\/directorios-latinoamerica\/wp-json\/wp\/v2\/product\/34339\/revisions"}],"predecessor-version":[{"id":34387,"href":"https:\/\/edirectorios.com.mx\/directorios-latinoamerica\/wp-json\/wp\/v2\/product\/34339\/revisions\/34387"}],"wp:featuredmedia":[{"embeddable":true,"href":"https:\/\/edirectorios.com.mx\/directorios-latinoamerica\/wp-json\/wp\/v2\/media\/31203"}],"wp:attachment":[{"href":"https:\/\/edirectorios.com.mx\/directorios-latinoamerica\/wp-json\/wp\/v2\/media?parent=34339"}],"wp:term":[{"taxonomy":"product_brand","embeddable":true,"href":"https:\/\/edirectorios.com.mx\/directorios-latinoamerica\/wp-json\/wp\/v2\/product_brand?post=34339"},{"taxonomy":"product_cat","embeddable":true,"href":"https:\/\/edirectorios.com.mx\/directorios-latinoamerica\/wp-json\/wp\/v2\/product_cat?post=34339"},{"taxonomy":"product_tag","embeddable":true,"href":"https:\/\/edirectorios.com.mx\/directorios-latinoamerica\/wp-json\/wp\/v2\/product_tag?post=34339"},{"taxonomy":"product_brands","embeddable":true,"href":"https:\/\/edirectorios.com.mx\/directorios-latinoamerica\/wp-json\/wp\/v2\/product_brands?post=34339"}],"curies":[{"name":"wp","href":"https:\/\/api.w.org\/{rel}","templated":true}]}}