{"id":34334,"date":"2025-12-12T16:50:13","date_gmt":"2025-12-12T16:50:13","guid":{"rendered":"https:\/\/edirectorios.com.mx\/directorios-latinoamerica\/?post_type=product&#038;p=34334"},"modified":"2025-12-12T16:50:43","modified_gmt":"2025-12-12T16:50:43","slug":"empresas-con-mas-de-150-empleados-en-las-ciudades-de-mexico-guadalajara-monterrey-queretaro-leon-toluca-y-aguascalientes","status":"publish","type":"product","link":"https:\/\/edirectorios.com.mx\/directorios-latinoamerica\/product\/empresas-con-mas-de-150-empleados-en-las-ciudades-de-mexico-guadalajara-monterrey-queretaro-leon-toluca-y-aguascalientes\/","title":{"rendered":"Empresas con m\u00e1s de 150 empleados en las Ciudades de M\u00e9xico, Guadalajara  Monterrey, Quer\u00e9taro, Le\u00f3n, Toluca y Aguascalientes."},"content":{"rendered":"","protected":false},"excerpt":{"rendered":"<p>&nbsp;<\/p>\n<div class=\"row\">\n<div class=\"col-sm\"><strong>C\u00f3digo:<\/strong> <span style=\"color: #ff0000;\"><strong>QJFT-K5<\/strong><\/span><\/div>\n<div class=\"col-sm\"><strong>N\u00famero de registros: 1000<\/strong><\/div>\n<\/div>\n<div class=\"row\">\n<div class=\"col-sm \"><strong>Folio:<span style=\"color: #ff0000;\"> DE0418MB053<\/span><\/strong><\/div>\n<\/div>\n<p><strong>Segmentaci\u00f3n:<\/strong><\/p>\n<div class=\"row\">\n<div class=\"col-sm \">Empresas con m\u00e1s de 150 empleados en las Ciudades de M\u00e9xico, Guadalajara Monterrey, Quer\u00e9taro, Le\u00f3n, Toluca y Aguascalientes.<\/div>\n<\/div>\n<p><strong>Campos Contenidos:<\/strong><\/p>\n<div class=\"row\">\n<div class=\"col-sm \">Empresa \/ Giro \/ Direcci\u00f3n \/ Ciudad \/ Estado \/ Contacto \/ Puesto: encargado de capacitaci\u00f3n O recursos humanos O desarrollo organizacional\/ Tel\u00e9fono \/ Email<\/div>\n<\/div>\n<div class=\"row\">\n<div class=\"col-sm\"><strong>Garant\u00eda: 75%-85%<\/strong>\u00a0<strong>Precio Original:\u00a0<\/strong><del>$431 USD<\/del>\u00a0<strong>Descuento Especial:\u00a0<span style=\"color: #ff0000;\">2<\/span><\/strong><span style=\"color: #ff0000;\"><strong class=\"text-danger\">5%<\/strong><\/span><\/div>\n<\/div>\n<div class=\"row\">\n<div class=\"col text-center\"><strong>Total a Pagar:\u00a0<\/strong><span style=\"color: #ff0000;\"><strong class=\"text-danger\">$323 USD<\/strong><\/span><\/div>\n<\/div>\n","protected":false},"featured_media":31282,"template":"","meta":{"_bst_post_transparent":"","_bst_post_title":"","_bst_post_layout":"","_bst_post_sidebar_id":"","_bst_post_content_style":"","_bst_post_vertical_padding":"","_bst_post_feature":"","_bst_post_feature_position":"","_bst_post_header":false,"_bst_post_footer":false},"product_brand":[],"product_cat":[1379,1060],"product_tag":[1380,1062,1306,1063,1064,1066,1319,1071,1073,1074,1075,1076,1077,1078,1079,1155,1080,1176,1081,1082,1085,1216,1088,1089,1090,1312,1188,1275,1092,1093,1270,1358,1099,1100,1101,1102,1103,1104,1226,1105,1106,1107,1109,1110,1111,1112,1113,1114,1115,1116,1117,1118,1166,1119,1167,1120,1121,1122,1123,1170,1309,1128,1129,1131,1218,1314,1132,1133,1134,1135,1136,1137,1138,1139,1140,1141,1142,1144,1145,1230,1205,1172,1173,1174,1175,1148,1149],"product_brands":[],"class_list":{"0":"post-34334","1":"product","2":"type-product","3":"status-publish","4":"has-post-thumbnail","6":"product_cat-con-mas-de-100-empleados","7":"product_cat-empresas-en-mexico","8":"product_tag-american-phone-number","9":"product_tag-b2c-email-database","10":"product_tag-base-de-datos-aguascalientes","11":"product_tag-base-de-datos-campana-de-email-marketing","12":"product_tag-base-de-datos-campanas-de-email-marketing","13":"product_tag-base-de-datos-ciudad-de-mexico","14":"product_tag-base-de-datos-de-empresas-con-mas-de-100-empleados","15":"product_tag-base-de-datos-direct-e-mail-marketing","16":"product_tag-base-de-datos-e-mail-marketing","17":"product_tag-base-de-datos-email-marketer","18":"product_tag-base-de-datos-email-marketing","19":"product_tag-base-de-datos-email-masivos","20":"product_tag-base-de-datos-email-publicidad","21":"product_tag-base-de-datos-email-publicitario","22":"product_tag-base-de-datos-emailing","23":"product_tag-base-de-datos-empresas","24":"product_tag-base-de-datos-empresas-de-email-marketing","25":"product_tag-base-de-datos-encargados","26":"product_tag-base-de-datos-enviar-email-masivo","27":"product_tag-base-de-datos-envio-de-email-masivo","28":"product_tag-base-de-datos-envio-masivo-de-emails","29":"product_tag-base-de-datos-guadalajara","30":"product_tag-base-de-datos-marketing","31":"product_tag-base-de-datos-marketing-por-e-mail","32":"product_tag-base-de-datos-marketing-por-email","33":"product_tag-base-de-datos-monterrey","34":"product_tag-base-de-datos-nuevo-leon","35":"product_tag-base-de-datos-para-empresas","36":"product_tag-base-de-datos-para-marketing","37":"product_tag-base-de-datos-publicidad-por-email","38":"product_tag-base-de-datos-queretaro","39":"product_tag-base-de-datos-toluca","40":"product_tag-bases-de-datos-de-emails","41":"product_tag-bases-de-datos-de-marketing","42":"product_tag-bases-de-datos-de-telefonos","43":"product_tag-bases-de-datos-email","44":"product_tag-bases-de-datos-email-empresas","45":"product_tag-bases-de-datos-emailing","46":"product_tag-bases-de-datos-emails","47":"product_tag-bases-de-datos-numeros-de-telefonos","48":"product_tag-bases-de-datos-telefono","49":"product_tag-bases-de-datos-telefonos-fijos","50":"product_tag-business-contact-lists","51":"product_tag-business-directory","52":"product_tag-business-email-database","53":"product_tag-business-email-list","54":"product_tag-business-email-lists","55":"product_tag-business-mailing-database","56":"product_tag-business-mailing-lists","57":"product_tag-buy-email-database","58":"product_tag-buy-email-list","59":"product_tag-buy-email-list-database","60":"product_tag-companies-email-address-list","61":"product_tag-company-database","62":"product_tag-company-email-address-list","63":"product_tag-correo-de-empresas","64":"product_tag-correos-de-empresas","65":"product_tag-correos-electronicos-de-empresas","66":"product_tag-correos-electronicos-empresas","67":"product_tag-database","68":"product_tag-directorio-empresarial-mexico","69":"product_tag-directorio-empresariales","70":"product_tag-directorio-empresas","71":"product_tag-directorios-empresas","72":"product_tag-directorios-guadalajara","73":"product_tag-directorios-monterrey","74":"product_tag-e-mail-database","75":"product_tag-email-address-list","76":"product_tag-email-database","77":"product_tag-email-lists","78":"product_tag-email-marketing-list","79":"product_tag-list-of-email-addresses","80":"product_tag-lista-de-correos","81":"product_tag-lista-de-correos-electronicos","82":"product_tag-mail-marketing","83":"product_tag-mailing-database","84":"product_tag-mailing-list","85":"product_tag-marketing-correo-electronico","86":"product_tag-marketing-lists","87":"product_tag-national-database","88":"product_tag-nuevo-leon-database","89":"product_tag-phone-database","90":"product_tag-phone-lists","91":"product_tag-phone-number","92":"product_tag-phone-number-list","93":"product_tag-tele-marketing-list","94":"product_tag-telefono","96":"first","97":"instock","98":"sale","99":"shipping-taxable","100":"purchasable","101":"product-type-simple","102":"entry","103":"content-bg","104":"loop-entry"},"aioseo_notices":[],"_links":{"self":[{"href":"https:\/\/edirectorios.com.mx\/directorios-latinoamerica\/wp-json\/wp\/v2\/product\/34334","targetHints":{"allow":["GET"]}}],"collection":[{"href":"https:\/\/edirectorios.com.mx\/directorios-latinoamerica\/wp-json\/wp\/v2\/product"}],"about":[{"href":"https:\/\/edirectorios.com.mx\/directorios-latinoamerica\/wp-json\/wp\/v2\/types\/product"}],"version-history":[{"count":1,"href":"https:\/\/edirectorios.com.mx\/directorios-latinoamerica\/wp-json\/wp\/v2\/product\/34334\/revisions"}],"predecessor-version":[{"id":34382,"href":"https:\/\/edirectorios.com.mx\/directorios-latinoamerica\/wp-json\/wp\/v2\/product\/34334\/revisions\/34382"}],"wp:featuredmedia":[{"embeddable":true,"href":"https:\/\/edirectorios.com.mx\/directorios-latinoamerica\/wp-json\/wp\/v2\/media\/31282"}],"wp:attachment":[{"href":"https:\/\/edirectorios.com.mx\/directorios-latinoamerica\/wp-json\/wp\/v2\/media?parent=34334"}],"wp:term":[{"taxonomy":"product_brand","embeddable":true,"href":"https:\/\/edirectorios.com.mx\/directorios-latinoamerica\/wp-json\/wp\/v2\/product_brand?post=34334"},{"taxonomy":"product_cat","embeddable":true,"href":"https:\/\/edirectorios.com.mx\/directorios-latinoamerica\/wp-json\/wp\/v2\/product_cat?post=34334"},{"taxonomy":"product_tag","embeddable":true,"href":"https:\/\/edirectorios.com.mx\/directorios-latinoamerica\/wp-json\/wp\/v2\/product_tag?post=34334"},{"taxonomy":"product_brands","embeddable":true,"href":"https:\/\/edirectorios.com.mx\/directorios-latinoamerica\/wp-json\/wp\/v2\/product_brands?post=34334"}],"curies":[{"name":"wp","href":"https:\/\/api.w.org\/{rel}","templated":true}]}}