{"id":34333,"date":"2025-12-12T16:50:13","date_gmt":"2025-12-12T16:50:13","guid":{"rendered":"https:\/\/edirectorios.com.mx\/directorios-latinoamerica\/?post_type=product&#038;p=34333"},"modified":"2025-12-12T16:50:42","modified_gmt":"2025-12-12T16:50:42","slug":"operadores-de-produccion-contadores-vendedores-tecnicos-en-moldes-de-colada-caliente-dermatologos-empleadas-de-mostrador-en-pedro-escobedo-el-marques-y-queretaro","status":"publish","type":"product","link":"https:\/\/edirectorios.com.mx\/directorios-latinoamerica\/product\/operadores-de-produccion-contadores-vendedores-tecnicos-en-moldes-de-colada-caliente-dermatologos-empleadas-de-mostrador-en-pedro-escobedo-el-marques-y-queretaro\/","title":{"rendered":"Operadores de producci\u00f3n. Contadores, Vendedores T\u00e9cnicos en moldes de colada caliente, Dermat\u00f3logos, Empleadas de mostrador en Pedro Escobedo, el Marqu\u00e9s y  Quer\u00e9taro"},"content":{"rendered":"","protected":false},"excerpt":{"rendered":"<p>&nbsp;<\/p>\n<div class=\"row\">\n<div class=\"col-sm\"><strong>C\u00f3digo:<\/strong> <strong class=\"text-danger\">ABDI-R9<\/strong><\/div>\n<div class=\"col-sm\"><strong>N\u00famero de registros: <\/strong>250<\/div>\n<\/div>\n<div class=\"row\">\n<div class=\"col-sm \"><strong>Folio: <\/strong><span class=\"text-danger\">YC0418B061<\/span><\/div>\n<\/div>\n<p><strong>Segmentaci\u00f3n:<\/strong><\/p>\n<div class=\"row\">\n<div class=\"col-sm \">140 registros de Operadores de producci\u00f3n (Primaria a preparatoria, Edad: 18 a 50 a\u00f1os, Experiencia en fabrica). 20 registros de Contadores generales (Lic en contabilidad titulado, experiencia en 1 a\u00f1o en adelante). 20 registros de Vendedores (Perfil de vendedor, Seguros, telecomunicaciones, servicios contables, Deseable Licenciatura en \u00e1rea econ\u00f3mica administrativa). 20 registros de T\u00e9cnicos en moldes de colada caliente (Experiencia en moldes de colada caliente inyecci\u00f3n de pl\u00e1stico, Escolaridad: Preparatoria). 10 registros de Dermat\u00f3logos (Lic en Medicina, con especialidad en dermatolog\u00eda) y 40 registros de Empleadas de mostrador (Experiencia en atenci\u00f3n al cliente, ventas, Escolaridad: Secundaria a Lic trunca. Edad: 18 a 50 a\u00f1os) en Pedro Escobedo, el Marqu\u00e9s y Quer\u00e9taro del Estado de<\/div>\n<\/div>\n<p><strong>Campos Contenidos:<\/strong><\/p>\n<div class=\"row\">\n<div class=\"col-sm \">Nombre \/ Direcci\u00f3n \/ Ciudad \/ Estado \/ Tel\u00e9fono \/ Email.<\/div>\n<\/div>\n<div class=\"row\">\n<div class=\"col-sm\">\n<p><strong>Garant\u00eda:\u00a0<\/strong>75%-85%<\/p>\n<p><strong>Precio Original:\u00a0<\/strong><del>$121 USD<\/del><\/p>\n<p><strong>Descuento Especial:\u00a0<\/strong><strong class=\"text-danger\">25%<\/strong><\/p>\n<\/div>\n<\/div>\n<div class=\"row\">\n<div class=\"col text-center\"><strong>Total a Pagar:\u00a0<\/strong><strong class=\"text-danger\">$91 USD<\/strong><\/div>\n<\/div>\n","protected":false},"featured_media":31045,"template":"","meta":{"_bst_post_transparent":"","_bst_post_title":"","_bst_post_layout":"","_bst_post_sidebar_id":"","_bst_post_content_style":"","_bst_post_vertical_padding":"","_bst_post_feature":"","_bst_post_feature_position":"","_bst_post_header":false,"_bst_post_footer":false},"product_brand":[],"product_cat":[1180,1281],"product_tag":[1062,1063,1064,1263,1367,1067,1068,1282,1071,1073,1074,1075,1076,1077,1078,1079,1081,1082,1083,1084,1085,1086,1088,1089,1090,1092,1189,1270,1097,1098,1099,1100,1101,1102,1105,1106,1107,1190,1117,1118,1191,1192,1193,1194,1195,1196,1197,1198,1199,1200,1202,1265,1203,1170,1133,1135,1136,1137,1138,1139,1144,1206,1172,1173,1174,1175,1283,1148,1149],"product_brands":[],"class_list":{"0":"post-34333","1":"product","2":"type-product","3":"status-publish","4":"has-post-thumbnail","6":"product_cat-personas-en-mexico","7":"product_cat-profesionistas","8":"product_tag-b2c-email-database","9":"product_tag-base-de-datos-campana-de-email-marketing","10":"product_tag-base-de-datos-campanas-de-email-marketing","11":"product_tag-base-de-datos-consumidores","12":"product_tag-base-de-datos-contadores","13":"product_tag-base-de-datos-correo-masivo","14":"product_tag-base-de-datos-correo-masivos","15":"product_tag-base-de-datos-de-profesionistas","16":"product_tag-base-de-datos-direct-e-mail-marketing","17":"product_tag-base-de-datos-e-mail-marketing","18":"product_tag-base-de-datos-email-marketer","19":"product_tag-base-de-datos-email-marketing","20":"product_tag-base-de-datos-email-masivos","21":"product_tag-base-de-datos-email-publicidad","22":"product_tag-base-de-datos-email-publicitario","23":"product_tag-base-de-datos-emailing","24":"product_tag-base-de-datos-enviar-email-masivo","25":"product_tag-base-de-datos-envio-de-email-masivo","26":"product_tag-base-de-datos-envio-masivo-correo","27":"product_tag-base-de-datos-envio-masivo-correos","28":"product_tag-base-de-datos-envio-masivo-de-emails","29":"product_tag-base-de-datos-envios-de-correo-masivos","30":"product_tag-base-de-datos-marketing","31":"product_tag-base-de-datos-marketing-por-e-mail","32":"product_tag-base-de-datos-marketing-por-email","33":"product_tag-base-de-datos-para-marketing","34":"product_tag-base-de-datos-personas-de-email-marketing","35":"product_tag-base-de-datos-queretaro","36":"product_tag-bases-de-datos-correos","37":"product_tag-bases-de-datos-correos-electronicos","38":"product_tag-bases-de-datos-de-emails","39":"product_tag-bases-de-datos-de-marketing","40":"product_tag-bases-de-datos-de-telefonos","41":"product_tag-bases-de-datos-email","42":"product_tag-bases-de-datos-numeros-de-telefonos","43":"product_tag-bases-de-datos-telefono","44":"product_tag-bases-de-datos-telefonos-fijos","45":"product_tag-big-consumer-database","46":"product_tag-buy-email-list","47":"product_tag-buy-email-list-database","48":"product_tag-consumer-contact-lists","49":"product_tag-consumer-database","50":"product_tag-consumer-directory","51":"product_tag-consumer-email-database","52":"product_tag-consumer-email-list","53":"product_tag-consumer-email-lists","54":"product_tag-consumer-list","55":"product_tag-consumer-mailing-database","56":"product_tag-consumer-mailing-list","57":"product_tag-consumer-mailing-lists","58":"product_tag-correo-de-personas","59":"product_tag-correos-consumidores","60":"product_tag-correos-electronicos-de-personas","61":"product_tag-database","62":"product_tag-email-address-list","63":"product_tag-email-lists","64":"product_tag-email-marketing-list","65":"product_tag-list-of-email-addresses","66":"product_tag-lista-de-correos","67":"product_tag-lista-de-correos-electronicos","68":"product_tag-marketing-correo-electronico","69":"product_tag-phone","70":"product_tag-phone-database","71":"product_tag-phone-lists","72":"product_tag-phone-number","73":"product_tag-phone-number-list","74":"product_tag-professionals-database","75":"product_tag-tele-marketing-list","76":"product_tag-telefono","78":"first","79":"instock","80":"sale","81":"virtual","82":"purchasable","83":"product-type-simple","84":"entry","85":"content-bg","86":"loop-entry"},"aioseo_notices":[],"_links":{"self":[{"href":"https:\/\/edirectorios.com.mx\/directorios-latinoamerica\/wp-json\/wp\/v2\/product\/34333","targetHints":{"allow":["GET"]}}],"collection":[{"href":"https:\/\/edirectorios.com.mx\/directorios-latinoamerica\/wp-json\/wp\/v2\/product"}],"about":[{"href":"https:\/\/edirectorios.com.mx\/directorios-latinoamerica\/wp-json\/wp\/v2\/types\/product"}],"version-history":[{"count":1,"href":"https:\/\/edirectorios.com.mx\/directorios-latinoamerica\/wp-json\/wp\/v2\/product\/34333\/revisions"}],"predecessor-version":[{"id":34381,"href":"https:\/\/edirectorios.com.mx\/directorios-latinoamerica\/wp-json\/wp\/v2\/product\/34333\/revisions\/34381"}],"wp:featuredmedia":[{"embeddable":true,"href":"https:\/\/edirectorios.com.mx\/directorios-latinoamerica\/wp-json\/wp\/v2\/media\/31045"}],"wp:attachment":[{"href":"https:\/\/edirectorios.com.mx\/directorios-latinoamerica\/wp-json\/wp\/v2\/media?parent=34333"}],"wp:term":[{"taxonomy":"product_brand","embeddable":true,"href":"https:\/\/edirectorios.com.mx\/directorios-latinoamerica\/wp-json\/wp\/v2\/product_brand?post=34333"},{"taxonomy":"product_cat","embeddable":true,"href":"https:\/\/edirectorios.com.mx\/directorios-latinoamerica\/wp-json\/wp\/v2\/product_cat?post=34333"},{"taxonomy":"product_tag","embeddable":true,"href":"https:\/\/edirectorios.com.mx\/directorios-latinoamerica\/wp-json\/wp\/v2\/product_tag?post=34333"},{"taxonomy":"product_brands","embeddable":true,"href":"https:\/\/edirectorios.com.mx\/directorios-latinoamerica\/wp-json\/wp\/v2\/product_brands?post=34333"}],"curies":[{"name":"wp","href":"https:\/\/api.w.org\/{rel}","templated":true}]}}