{"id":34331,"date":"2025-12-12T16:50:13","date_gmt":"2025-12-12T16:50:13","guid":{"rendered":"https:\/\/edirectorios.com.mx\/directorios-latinoamerica\/?post_type=product&#038;p=34331"},"modified":"2025-12-12T16:50:35","modified_gmt":"2025-12-12T16:50:35","slug":"empresas-de-200-a-1500-empleados-del-giro-automotriz-farmaceutico-outsourcing-y-textil-con-mas-de-200-empleados-en-puebla","status":"publish","type":"product","link":"https:\/\/edirectorios.com.mx\/directorios-latinoamerica\/product\/empresas-de-200-a-1500-empleados-del-giro-automotriz-farmaceutico-outsourcing-y-textil-con-mas-de-200-empleados-en-puebla\/","title":{"rendered":"Empresas de 200 a 1500 empleados, del giro automotriz, farmac\u00e9utico, outsourcing y textil con m\u00e1s de 200 empleados en Puebla."},"content":{"rendered":"","protected":false},"excerpt":{"rendered":"<div class=\"row\">\n<div class=\"col-sm\"><strong>C\u00f3digo: <span style=\"color: #ff0000;\">KBSJ-Q9<\/span><\/strong><\/div>\n<div class=\"col-sm\"><strong>N\u00famero de registros: 300<\/strong><\/div>\n<\/div>\n<div class=\"row\">\n<div class=\"col-sm \"><strong>Folio: <span style=\"color: #ff0000;\">03TRJR0418-010 <\/span><\/strong><\/div>\n<\/div>\n<p><strong>Segmentaci\u00f3n:<\/strong><\/p>\n<div class=\"row\">\n<div class=\"col-sm \">Empresas de 200 a 1500 empleados, del giro automotriz, farmac\u00e9utico, outsourcing y textil con m\u00e1s de 200 empleados en el Estado de Puebla.<\/div>\n<\/div>\n<p><strong>Campos Contenidos:<\/strong><\/p>\n<div class=\"row\">\n<div class=\"col-sm \">Empresa \/ Giro \/ Direcci\u00f3n \/ Ciudad \/ Estado \/ Contacto \/ Puesto: Tomadores de decisi\u00f3n de las \u00e1reas de TI o del \u00c1rea de RRHH o del \u00c1rea de finanzas o del \u00c1rea de administraci\u00f3n \/ Tel\u00e9fono \/ Email.<\/div>\n<\/div>\n<div class=\"row\">\n<div class=\"col-sm\"><strong>Garant\u00eda: 75%-85%<\/strong>\u00a0<strong>Precio Original:\u00a0<\/strong><del>$232 USD<\/del>\u00a0<strong>Descuento Especial:\u00a0<span style=\"color: #ff0000;\">2<\/span><\/strong><span style=\"color: #ff0000;\"><strong class=\"text-danger\">5%<\/strong><\/span><\/div>\n<\/div>\n<div class=\"row\">\n<div class=\"col text-center\"><strong>Total a Pagar:\u00a0<\/strong><span style=\"color: #ff0000;\"><strong class=\"text-danger\">$174 USD<\/strong><\/span><\/div>\n<\/div>\n","protected":false},"featured_media":31282,"template":"","meta":{"_bst_post_transparent":"","_bst_post_title":"","_bst_post_layout":"","_bst_post_sidebar_id":"","_bst_post_content_style":"","_bst_post_vertical_padding":"","_bst_post_feature":"","_bst_post_feature_position":"","_bst_post_header":false,"_bst_post_footer":false},"product_brand":[],"product_cat":[1379,1060],"product_tag":[1380,1062,1182,1063,1064,1222,1067,1068,1319,1153,1071,1073,1074,1075,1076,1077,1078,1079,1155,1080,1081,1082,1085,1335,1088,1089,1090,1224,1275,1092,1093,1284,1099,1100,1101,1102,1103,1104,1226,1105,1106,1107,1109,1110,1111,1112,1113,1114,1115,1116,1117,1118,1166,1119,1167,1120,1121,1122,1123,1170,1309,1128,1129,1131,1132,1133,1134,1135,1136,1137,1138,1139,1140,1141,1142,1144,1145,1230,1172,1173,1174,1175,1148,1149],"product_brands":[],"class_list":{"0":"post-34331","1":"product","2":"type-product","3":"status-publish","4":"has-post-thumbnail","6":"product_cat-con-mas-de-100-empleados","7":"product_cat-empresas-en-mexico","8":"product_tag-american-phone-number","9":"product_tag-b2c-email-database","10":"product_tag-base-de-datos","11":"product_tag-base-de-datos-campana-de-email-marketing","12":"product_tag-base-de-datos-campanas-de-email-marketing","13":"product_tag-base-de-datos-compras","14":"product_tag-base-de-datos-correo-masivo","15":"product_tag-base-de-datos-correo-masivos","16":"product_tag-base-de-datos-de-empresas-con-mas-de-100-empleados","17":"product_tag-base-de-datos-de-tomador-de-decision","18":"product_tag-base-de-datos-direct-e-mail-marketing","19":"product_tag-base-de-datos-e-mail-marketing","20":"product_tag-base-de-datos-email-marketer","21":"product_tag-base-de-datos-email-marketing","22":"product_tag-base-de-datos-email-masivos","23":"product_tag-base-de-datos-email-publicidad","24":"product_tag-base-de-datos-email-publicitario","25":"product_tag-base-de-datos-emailing","26":"product_tag-base-de-datos-empresas","27":"product_tag-base-de-datos-empresas-de-email-marketing","28":"product_tag-base-de-datos-enviar-email-masivo","29":"product_tag-base-de-datos-envio-de-email-masivo","30":"product_tag-base-de-datos-envio-masivo-de-emails","31":"product_tag-base-de-datos-finanzas","32":"product_tag-base-de-datos-marketing","33":"product_tag-base-de-datos-marketing-por-e-mail","34":"product_tag-base-de-datos-marketing-por-email","35":"product_tag-base-de-datos-nivel-nacional","36":"product_tag-base-de-datos-para-empresas","37":"product_tag-base-de-datos-para-marketing","38":"product_tag-base-de-datos-publicidad-por-email","39":"product_tag-base-de-datos-recursos-humanos","40":"product_tag-bases-de-datos-de-emails","41":"product_tag-bases-de-datos-de-marketing","42":"product_tag-bases-de-datos-de-telefonos","43":"product_tag-bases-de-datos-email","44":"product_tag-bases-de-datos-email-empresas","45":"product_tag-bases-de-datos-emailing","46":"product_tag-bases-de-datos-emails","47":"product_tag-bases-de-datos-numeros-de-telefonos","48":"product_tag-bases-de-datos-telefono","49":"product_tag-bases-de-datos-telefonos-fijos","50":"product_tag-business-contact-lists","51":"product_tag-business-directory","52":"product_tag-business-email-database","53":"product_tag-business-email-list","54":"product_tag-business-email-lists","55":"product_tag-business-mailing-database","56":"product_tag-business-mailing-lists","57":"product_tag-buy-email-database","58":"product_tag-buy-email-list","59":"product_tag-buy-email-list-database","60":"product_tag-companies-email-address-list","61":"product_tag-company-database","62":"product_tag-company-email-address-list","63":"product_tag-correo-de-empresas","64":"product_tag-correos-de-empresas","65":"product_tag-correos-electronicos-de-empresas","66":"product_tag-correos-electronicos-empresas","67":"product_tag-database","68":"product_tag-directorio-empresarial-mexico","69":"product_tag-directorio-empresariales","70":"product_tag-directorio-empresas","71":"product_tag-directorios-empresas","72":"product_tag-e-mail-database","73":"product_tag-email-address-list","74":"product_tag-email-database","75":"product_tag-email-lists","76":"product_tag-email-marketing-list","77":"product_tag-list-of-email-addresses","78":"product_tag-lista-de-correos","79":"product_tag-lista-de-correos-electronicos","80":"product_tag-mail-marketing","81":"product_tag-mailing-database","82":"product_tag-mailing-list","83":"product_tag-marketing-correo-electronico","84":"product_tag-marketing-lists","85":"product_tag-national-database","86":"product_tag-phone-database","87":"product_tag-phone-lists","88":"product_tag-phone-number","89":"product_tag-phone-number-list","90":"product_tag-tele-marketing-list","91":"product_tag-telefono","93":"first","94":"instock","95":"sale","96":"shipping-taxable","97":"purchasable","98":"product-type-simple","99":"entry","100":"content-bg","101":"loop-entry"},"aioseo_notices":[],"_links":{"self":[{"href":"https:\/\/edirectorios.com.mx\/directorios-latinoamerica\/wp-json\/wp\/v2\/product\/34331","targetHints":{"allow":["GET"]}}],"collection":[{"href":"https:\/\/edirectorios.com.mx\/directorios-latinoamerica\/wp-json\/wp\/v2\/product"}],"about":[{"href":"https:\/\/edirectorios.com.mx\/directorios-latinoamerica\/wp-json\/wp\/v2\/types\/product"}],"version-history":[{"count":1,"href":"https:\/\/edirectorios.com.mx\/directorios-latinoamerica\/wp-json\/wp\/v2\/product\/34331\/revisions"}],"predecessor-version":[{"id":34361,"href":"https:\/\/edirectorios.com.mx\/directorios-latinoamerica\/wp-json\/wp\/v2\/product\/34331\/revisions\/34361"}],"wp:featuredmedia":[{"embeddable":true,"href":"https:\/\/edirectorios.com.mx\/directorios-latinoamerica\/wp-json\/wp\/v2\/media\/31282"}],"wp:attachment":[{"href":"https:\/\/edirectorios.com.mx\/directorios-latinoamerica\/wp-json\/wp\/v2\/media?parent=34331"}],"wp:term":[{"taxonomy":"product_brand","embeddable":true,"href":"https:\/\/edirectorios.com.mx\/directorios-latinoamerica\/wp-json\/wp\/v2\/product_brand?post=34331"},{"taxonomy":"product_cat","embeddable":true,"href":"https:\/\/edirectorios.com.mx\/directorios-latinoamerica\/wp-json\/wp\/v2\/product_cat?post=34331"},{"taxonomy":"product_tag","embeddable":true,"href":"https:\/\/edirectorios.com.mx\/directorios-latinoamerica\/wp-json\/wp\/v2\/product_tag?post=34331"},{"taxonomy":"product_brands","embeddable":true,"href":"https:\/\/edirectorios.com.mx\/directorios-latinoamerica\/wp-json\/wp\/v2\/product_brands?post=34331"}],"curies":[{"name":"wp","href":"https:\/\/api.w.org\/{rel}","templated":true}]}}