{"id":34267,"date":"2025-12-12T16:49:24","date_gmt":"2025-12-12T16:49:24","guid":{"rendered":"https:\/\/edirectorios.com.mx\/directorios-latinoamerica\/?post_type=product&#038;p=34267"},"modified":"2025-12-12T16:49:56","modified_gmt":"2025-12-12T16:49:56","slug":"industrias-empresas-grandes-y-tiendas-departamentales","status":"publish","type":"product","link":"https:\/\/edirectorios.com.mx\/directorios-latinoamerica\/product\/industrias-empresas-grandes-y-tiendas-departamentales\/","title":{"rendered":"Industrias, empresas grandes y tiendas departamentales"},"content":{"rendered":"","protected":false},"excerpt":{"rendered":"<p>&nbsp;<\/p>\n<div class=\"row\">\n<div class=\"col-sm\"><strong>C\u00f3digo:<\/strong> <strong class=\"text-danger\">KAHA-EA<\/strong><\/div>\n<div class=\"col-sm\"><strong>N\u00famero de registros: <\/strong>500<\/div>\n<\/div>\n<div class=\"row\">\n<div class=\"col-sm \"><strong>Folio: <\/strong><span class=\"text-danger\">CB0617MB103<\/span><\/div>\n<\/div>\n<p><strong>Segmentaci\u00f3n:<\/strong><\/p>\n<div class=\"row\">\n<div class=\"col-sm \"><span class=\"text-justify\">Industrias, empresas grandes y tiendas departamentales en la Ciudad de M\u00e9xico, Toluca y Ciudades del Estado de M\u00e9xico que sean aleda\u00f1as a la Ciudad de M\u00e9xico. <\/span><\/div>\n<\/div>\n<p><strong>Campos Contenidos:<\/strong><\/p>\n<div class=\"row\">\n<div class=\"col-sm \"><span class=\"text-justify\">Empresa \/ Direcci\u00f3n \/ Ciudad \/ Estado \/ Contacto \/ Puesto: Directores o gerentes del \u00e1rea de mantenimiento\/ Tel\u00e9fono \/ Email.<\/span><\/div>\n<\/div>\n<div class=\"row\">\n<div class=\"col-sm\"><strong>Garant\u00eda:\u00a0<\/strong>65%-75%<\/p>\n<p><strong>Precio Original:\u00a0<\/strong><del>$340 USD<\/del><\/p>\n<p><strong>Descuento Especial:\u00a0<\/strong><strong class=\"text-danger\">35%<\/strong><\/div>\n<\/div>\n<div class=\"row\">\n<div class=\"col text-center\"><strong>Total a Pagar:\u00a0<\/strong><strong class=\"text-danger\">$221 USD<\/strong><\/div>\n<\/div>\n","protected":false},"featured_media":31023,"template":"","meta":{"_bst_post_transparent":"","_bst_post_title":"","_bst_post_layout":"","_bst_post_sidebar_id":"","_bst_post_content_style":"","_bst_post_vertical_padding":"","_bst_post_feature":"","_bst_post_feature_position":"","_bst_post_header":false,"_bst_post_footer":false},"product_brand":[],"product_cat":[1060,1267],"product_tag":[1062,1182,1063,1064,1066,1222,1067,1068,1211,1274,1071,1073,1074,1075,1076,1077,1078,1079,1212,1213,1155,1080,1242,1081,1156,1082,1083,1084,1085,1086,1087,1161,1162,1088,1089,1090,1275,1092,1225,1093,1358,1097,1098,1099,1100,1101,1102,1103,1104,1226,1178,1165,1105,1228,1106,1107,1109,1110,1111,1112,1113,1114,1115,1116,1117,1118,1166,1119,1167,1120,1121,1122,1123,1124,1170,1132,1133,1134,1135,1136,1276,1137,1138,1139,1140,1141,1142,1144,1145,1172,1173,1174,1175,1146,1148,1149,1231,1232],"product_brands":[],"class_list":{"0":"post-34267","1":"product","2":"type-product","3":"status-publish","4":"has-post-thumbnail","6":"product_cat-empresas-en-mexico","7":"product_cat-empresas-grandes","8":"product_tag-b2c-email-database","9":"product_tag-base-de-datos","10":"product_tag-base-de-datos-campana-de-email-marketing","11":"product_tag-base-de-datos-campanas-de-email-marketing","12":"product_tag-base-de-datos-ciudad-de-mexico","13":"product_tag-base-de-datos-compras","14":"product_tag-base-de-datos-correo-masivo","15":"product_tag-base-de-datos-correo-masivos","16":"product_tag-base-de-datos-de-empresas-b2b","17":"product_tag-base-de-datos-de-empresas-en-mexico","18":"product_tag-base-de-datos-direct-e-mail-marketing","19":"product_tag-base-de-datos-e-mail-marketing","20":"product_tag-base-de-datos-email-marketer","21":"product_tag-base-de-datos-email-marketing","22":"product_tag-base-de-datos-email-masivos","23":"product_tag-base-de-datos-email-publicidad","24":"product_tag-base-de-datos-email-publicitario","25":"product_tag-base-de-datos-emailing","26":"product_tag-base-de-datos-empresa","27":"product_tag-base-de-datos-empresarial","28":"product_tag-base-de-datos-empresas","29":"product_tag-base-de-datos-empresas-de-email-marketing","30":"product_tag-base-de-datos-empresas-grandes","31":"product_tag-base-de-datos-enviar-email-masivo","32":"product_tag-base-de-datos-enviar-mailing","33":"product_tag-base-de-datos-envio-de-email-masivo","34":"product_tag-base-de-datos-envio-masivo-correo","35":"product_tag-base-de-datos-envio-masivo-correos","36":"product_tag-base-de-datos-envio-masivo-de-emails","37":"product_tag-base-de-datos-envios-de-correo-masivos","38":"product_tag-base-de-datos-estado-de-mexico","39":"product_tag-base-de-datos-mailing","40":"product_tag-base-de-datos-mailing-masivo","41":"product_tag-base-de-datos-marketing","42":"product_tag-base-de-datos-marketing-por-e-mail","43":"product_tag-base-de-datos-marketing-por-email","44":"product_tag-base-de-datos-para-empresas","45":"product_tag-base-de-datos-para-marketing","46":"product_tag-base-de-datos-para-ventas","47":"product_tag-base-de-datos-publicidad-por-email","48":"product_tag-base-de-datos-toluca","49":"product_tag-bases-de-datos-correos","50":"product_tag-bases-de-datos-correos-electronicos","51":"product_tag-bases-de-datos-de-emails","52":"product_tag-bases-de-datos-de-marketing","53":"product_tag-bases-de-datos-de-telefonos","54":"product_tag-bases-de-datos-email","55":"product_tag-bases-de-datos-email-empresas","56":"product_tag-bases-de-datos-emailing","57":"product_tag-bases-de-datos-emails","58":"product_tag-bases-de-datos-industrias","59":"product_tag-bases-de-datos-mailing","60":"product_tag-bases-de-datos-numeros-de-telefonos","61":"product_tag-bases-de-datos-para-ventas","62":"product_tag-bases-de-datos-telefono","63":"product_tag-bases-de-datos-telefonos-fijos","64":"product_tag-business-contact-lists","65":"product_tag-business-directory","66":"product_tag-business-email-database","67":"product_tag-business-email-list","68":"product_tag-business-email-lists","69":"product_tag-business-mailing-database","70":"product_tag-business-mailing-lists","71":"product_tag-buy-email-database","72":"product_tag-buy-email-list","73":"product_tag-buy-email-list-database","74":"product_tag-companies-email-address-list","75":"product_tag-company-database","76":"product_tag-company-email-address-list","77":"product_tag-correo-de-empresas","78":"product_tag-correos-de-empresas","79":"product_tag-correos-electronicos-de-empresas","80":"product_tag-correos-electronicos-empresas","81":"product_tag-correos-empresariales","82":"product_tag-database","83":"product_tag-e-mail-database","84":"product_tag-email-address-list","85":"product_tag-email-database","86":"product_tag-email-lists","87":"product_tag-email-marketing-list","88":"product_tag-empresas","89":"product_tag-list-of-email-addresses","90":"product_tag-lista-de-correos","91":"product_tag-lista-de-correos-electronicos","92":"product_tag-mail-marketing","93":"product_tag-mailing-database","94":"product_tag-mailing-list","95":"product_tag-marketing-correo-electronico","96":"product_tag-marketing-lists","97":"product_tag-phone-database","98":"product_tag-phone-lists","99":"product_tag-phone-number","100":"product_tag-phone-number-list","101":"product_tag-publicidad-por-base-de-datos-correo-electronico","102":"product_tag-tele-marketing-list","103":"product_tag-telefono","104":"product_tag-venta-base-de-datos","105":"product_tag-venta-de-base-de-datos-de-empresas","107":"first","108":"instock","109":"sale","110":"virtual","111":"purchasable","112":"product-type-simple","113":"entry","114":"content-bg","115":"loop-entry"},"aioseo_notices":[],"_links":{"self":[{"href":"https:\/\/edirectorios.com.mx\/directorios-latinoamerica\/wp-json\/wp\/v2\/product\/34267","targetHints":{"allow":["GET"]}}],"collection":[{"href":"https:\/\/edirectorios.com.mx\/directorios-latinoamerica\/wp-json\/wp\/v2\/product"}],"about":[{"href":"https:\/\/edirectorios.com.mx\/directorios-latinoamerica\/wp-json\/wp\/v2\/types\/product"}],"version-history":[{"count":1,"href":"https:\/\/edirectorios.com.mx\/directorios-latinoamerica\/wp-json\/wp\/v2\/product\/34267\/revisions"}],"predecessor-version":[{"id":34315,"href":"https:\/\/edirectorios.com.mx\/directorios-latinoamerica\/wp-json\/wp\/v2\/product\/34267\/revisions\/34315"}],"wp:featuredmedia":[{"embeddable":true,"href":"https:\/\/edirectorios.com.mx\/directorios-latinoamerica\/wp-json\/wp\/v2\/media\/31023"}],"wp:attachment":[{"href":"https:\/\/edirectorios.com.mx\/directorios-latinoamerica\/wp-json\/wp\/v2\/media?parent=34267"}],"wp:term":[{"taxonomy":"product_brand","embeddable":true,"href":"https:\/\/edirectorios.com.mx\/directorios-latinoamerica\/wp-json\/wp\/v2\/product_brand?post=34267"},{"taxonomy":"product_cat","embeddable":true,"href":"https:\/\/edirectorios.com.mx\/directorios-latinoamerica\/wp-json\/wp\/v2\/product_cat?post=34267"},{"taxonomy":"product_tag","embeddable":true,"href":"https:\/\/edirectorios.com.mx\/directorios-latinoamerica\/wp-json\/wp\/v2\/product_tag?post=34267"},{"taxonomy":"product_brands","embeddable":true,"href":"https:\/\/edirectorios.com.mx\/directorios-latinoamerica\/wp-json\/wp\/v2\/product_brands?post=34267"}],"curies":[{"name":"wp","href":"https:\/\/api.w.org\/{rel}","templated":true}]}}