{"id":34232,"date":"2025-12-12T16:48:58","date_gmt":"2025-12-12T16:48:58","guid":{"rendered":"https:\/\/edirectorios.com.mx\/directorios-latinoamerica\/?post_type=product&#038;p=34232"},"modified":"2025-12-12T16:49:32","modified_gmt":"2025-12-12T16:49:32","slug":"empresas-del-sector-financiero-manufacturo-y-distribucion-retail-y-servicios-en-el-bajio-y-zona-norte-del-pais","status":"publish","type":"product","link":"https:\/\/edirectorios.com.mx\/directorios-latinoamerica\/product\/empresas-del-sector-financiero-manufacturo-y-distribucion-retail-y-servicios-en-el-bajio-y-zona-norte-del-pais\/","title":{"rendered":"Empresas del sector: Financiero, manufacturo y distribuci\u00f3n, Retail y Servicios en el Baj\u00edo  y Zona Norte del Pa\u00eds."},"content":{"rendered":"","protected":false},"excerpt":{"rendered":"<p>&nbsp;<\/p>\n<div class=\"row\">\n<div class=\"col-sm\"><strong>C\u00f3digo:<\/strong> <strong class=\"text-danger\">MAAM-E9-1<\/strong><\/div>\n<div class=\"col-sm\"><strong>N\u00famero de registros:\u00a0<\/strong>1000<\/div>\n<\/div>\n<div class=\"row\">\n<div class=\"col-sm \"><strong>Folio: <\/strong><span class=\"text-danger\">MM0117B085<\/span><\/div>\n<\/div>\n<p><strong>Segmentaci\u00f3n:<\/strong><\/p>\n<div class=\"row\">\n<div class=\"col-sm \"><span class=\"text-justify\">Empresas de los sectores: Financiero, manufacturo y distribuci\u00f3n, Retail y Servicios en el Baj\u00edo (JALISCO, MICHOACAN, GUANAJUATO, Sur de SIN) Zona Centro del pa\u00eds (CIUDAD DE MEXICO,\u00a0 ESTADO DE MEXICO, QUERETARO, SAN LUIS POTOSI, PUEBLA) y Zona Norte del Pa\u00eds (NUEVO LEON, TAMAULIPAS, CHI).<\/span><\/div>\n<\/div>\n<p><strong>Campos Contenidos:<\/strong><\/p>\n<div class=\"row\">\n<div class=\"col-sm \"><span class=\"text-justify\">Empresa \/ Direcci\u00f3n \/ Ciudad \/ Estado \/ Contacto \/ Puesto: Principalmente CXX o directivos, gerentes medios altos de Tecnolog\u00eda e informaci\u00f3n o Redes o comunicaciones o CHief Financial Officers o Compras o adquisiciones \/ Tel\u00e9fono \/ Email.<\/span><\/div>\n<\/div>\n<div class=\"row\">\n<div class=\"col-sm\">\n<p><strong>Garant\u00eda:\u00a0<\/strong>65%-75%<\/p>\n<p><strong>Precio Original:\u00a0<\/strong><del>$276 USD<\/del><\/p>\n<p><strong>Descuento Especial:\u00a0<\/strong><strong class=\"text-danger\">35%<\/strong><\/p>\n<\/div>\n<\/div>\n<div class=\"row\">\n<div class=\"col text-center\"><strong>Total a Pagar:\u00a0<\/strong><strong class=\"text-danger\">$179 USD<\/strong><\/div>\n<\/div>\n","protected":false},"featured_media":31094,"template":"","meta":{"_bst_post_transparent":"","_bst_post_title":"","_bst_post_layout":"","_bst_post_sidebar_id":"","_bst_post_content_style":"","_bst_post_vertical_padding":"","_bst_post_feature":"","_bst_post_feature_position":"","_bst_post_header":false,"_bst_post_footer":false},"product_brand":[],"product_cat":[1060,1330],"product_tag":[1062,1063,1064,1066,1222,1067,1068,1152,1211,1070,1071,1074,1075,1076,1077,1078,1079,1212,1213,1155,1080,1081,1082,1083,1084,1085,1086,1087,1331,1160,1269,1261,1088,1089,1090,1188,1092,1093,1270,1365,1217,1272,1313,1291,1408,1097,1098,1099,1100,1101,1102,1103,1104,1179,1105,1106,1107,1229,1109,1110,1111,1112,1113,1114,1115,1116,1117,1118,1166,1119,1167,1120,1121,1122,1123,1124,1170,1332,1132,1133,1134,1135,1136,1220,1137,1138,1139,1140,1141,1142,1143,1144,1145,1205,1172,1173,1174,1175,1146,1148,1149],"product_brands":[],"class_list":{"0":"post-34232","1":"product","2":"type-product","3":"status-publish","4":"has-post-thumbnail","6":"product_cat-empresas-en-mexico","7":"product_cat-financieras","8":"product_tag-b2c-email-database","9":"product_tag-base-de-datos-campana-de-email-marketing","10":"product_tag-base-de-datos-campanas-de-email-marketing","11":"product_tag-base-de-datos-ciudad-de-mexico","12":"product_tag-base-de-datos-compras","13":"product_tag-base-de-datos-correo-masivo","14":"product_tag-base-de-datos-correo-masivos","15":"product_tag-base-de-datos-de-directivos","16":"product_tag-base-de-datos-de-empresas-b2b","17":"product_tag-base-de-datos-de-empresas-puebla","18":"product_tag-base-de-datos-direct-e-mail-marketing","19":"product_tag-base-de-datos-email-marketer","20":"product_tag-base-de-datos-email-marketing","21":"product_tag-base-de-datos-email-masivos","22":"product_tag-base-de-datos-email-publicidad","23":"product_tag-base-de-datos-email-publicitario","24":"product_tag-base-de-datos-emailing","25":"product_tag-base-de-datos-empresa","26":"product_tag-base-de-datos-empresarial","27":"product_tag-base-de-datos-empresas","28":"product_tag-base-de-datos-empresas-de-email-marketing","29":"product_tag-base-de-datos-enviar-email-masivo","30":"product_tag-base-de-datos-envio-de-email-masivo","31":"product_tag-base-de-datos-envio-masivo-correo","32":"product_tag-base-de-datos-envio-masivo-correos","33":"product_tag-base-de-datos-envio-masivo-de-emails","34":"product_tag-base-de-datos-envios-de-correo-masivos","35":"product_tag-base-de-datos-estado-de-mexico","36":"product_tag-base-de-datos-financieras","37":"product_tag-base-de-datos-gerente","38":"product_tag-base-de-datos-guanajuato","39":"product_tag-base-de-datos-manufacturera","40":"product_tag-base-de-datos-marketing","41":"product_tag-base-de-datos-marketing-por-e-mail","42":"product_tag-base-de-datos-marketing-por-email","43":"product_tag-base-de-datos-nuevo-leon","44":"product_tag-base-de-datos-para-marketing","45":"product_tag-base-de-datos-publicidad-por-email","46":"product_tag-base-de-datos-queretaro","47":"product_tag-base-de-datos-retail","48":"product_tag-base-de-datos-san-luis-potosi","49":"product_tag-base-de-datos-tamaulipas","50":"product_tag-base-de-datos-tecnologia","51":"product_tag-base-de-datos-tecnologias-de-la-informacion","52":"product_tag-base-de-datos-telecomunicaciones","53":"product_tag-bases-de-datos-correos","54":"product_tag-bases-de-datos-correos-electronicos","55":"product_tag-bases-de-datos-de-emails","56":"product_tag-bases-de-datos-de-marketing","57":"product_tag-bases-de-datos-de-telefonos","58":"product_tag-bases-de-datos-email","59":"product_tag-bases-de-datos-email-empresas","60":"product_tag-bases-de-datos-emailing","61":"product_tag-bases-de-datos-jalisco","62":"product_tag-bases-de-datos-numeros-de-telefonos","63":"product_tag-bases-de-datos-telefono","64":"product_tag-bases-de-datos-telefonos-fijos","65":"product_tag-big-corporates-database","66":"product_tag-business-contact-lists","67":"product_tag-business-directory","68":"product_tag-business-email-database","69":"product_tag-business-email-list","70":"product_tag-business-email-lists","71":"product_tag-business-mailing-database","72":"product_tag-business-mailing-lists","73":"product_tag-buy-email-database","74":"product_tag-buy-email-list","75":"product_tag-buy-email-list-database","76":"product_tag-companies-email-address-list","77":"product_tag-company-database","78":"product_tag-company-email-address-list","79":"product_tag-correo-de-empresas","80":"product_tag-correos-de-empresas","81":"product_tag-correos-electronicos-de-empresas","82":"product_tag-correos-electronicos-empresas","83":"product_tag-correos-empresariales","84":"product_tag-database","85":"product_tag-decision-makers-database","86":"product_tag-e-mail-database","87":"product_tag-email-address-list","88":"product_tag-email-database","89":"product_tag-email-lists","90":"product_tag-email-marketing-list","91":"product_tag-gerentes","92":"product_tag-list-of-email-addresses","93":"product_tag-lista-de-correos","94":"product_tag-lista-de-correos-electronicos","95":"product_tag-mail-marketing","96":"product_tag-mailing-database","97":"product_tag-mailing-list","98":"product_tag-marketing","99":"product_tag-marketing-correo-electronico","100":"product_tag-marketing-lists","101":"product_tag-nuevo-leon-database","102":"product_tag-phone-database","103":"product_tag-phone-lists","104":"product_tag-phone-number","105":"product_tag-phone-number-list","106":"product_tag-publicidad-por-base-de-datos-correo-electronico","107":"product_tag-tele-marketing-list","108":"product_tag-telefono","110":"first","111":"instock","112":"sale","113":"virtual","114":"purchasable","115":"product-type-simple","116":"entry","117":"content-bg","118":"loop-entry"},"aioseo_notices":[],"_links":{"self":[{"href":"https:\/\/edirectorios.com.mx\/directorios-latinoamerica\/wp-json\/wp\/v2\/product\/34232","targetHints":{"allow":["GET"]}}],"collection":[{"href":"https:\/\/edirectorios.com.mx\/directorios-latinoamerica\/wp-json\/wp\/v2\/product"}],"about":[{"href":"https:\/\/edirectorios.com.mx\/directorios-latinoamerica\/wp-json\/wp\/v2\/types\/product"}],"version-history":[{"count":1,"href":"https:\/\/edirectorios.com.mx\/directorios-latinoamerica\/wp-json\/wp\/v2\/product\/34232\/revisions"}],"predecessor-version":[{"id":34280,"href":"https:\/\/edirectorios.com.mx\/directorios-latinoamerica\/wp-json\/wp\/v2\/product\/34232\/revisions\/34280"}],"wp:featuredmedia":[{"embeddable":true,"href":"https:\/\/edirectorios.com.mx\/directorios-latinoamerica\/wp-json\/wp\/v2\/media\/31094"}],"wp:attachment":[{"href":"https:\/\/edirectorios.com.mx\/directorios-latinoamerica\/wp-json\/wp\/v2\/media?parent=34232"}],"wp:term":[{"taxonomy":"product_brand","embeddable":true,"href":"https:\/\/edirectorios.com.mx\/directorios-latinoamerica\/wp-json\/wp\/v2\/product_brand?post=34232"},{"taxonomy":"product_cat","embeddable":true,"href":"https:\/\/edirectorios.com.mx\/directorios-latinoamerica\/wp-json\/wp\/v2\/product_cat?post=34232"},{"taxonomy":"product_tag","embeddable":true,"href":"https:\/\/edirectorios.com.mx\/directorios-latinoamerica\/wp-json\/wp\/v2\/product_tag?post=34232"},{"taxonomy":"product_brands","embeddable":true,"href":"https:\/\/edirectorios.com.mx\/directorios-latinoamerica\/wp-json\/wp\/v2\/product_brands?post=34232"}],"curies":[{"name":"wp","href":"https:\/\/api.w.org\/{rel}","templated":true}]}}