{"id":34224,"date":"2025-12-12T16:48:58","date_gmt":"2025-12-12T16:48:58","guid":{"rendered":"https:\/\/edirectorios.com.mx\/directorios-latinoamerica\/?post_type=product&#038;p=34224"},"modified":"2025-12-12T16:49:19","modified_gmt":"2025-12-12T16:49:19","slug":"escuelas-privadas-y-publicas-primarias-y-secundarias-ciudad-de-mexico-estado-de-mexico-ciudad-de-gdl","status":"publish","type":"product","link":"https:\/\/edirectorios.com.mx\/directorios-latinoamerica\/product\/escuelas-privadas-y-publicas-primarias-y-secundarias-ciudad-de-mexico-estado-de-mexico-ciudad-de-gdl\/","title":{"rendered":"Escuelas privadas y p\u00fablicas (Primarias y Secundarias) Ciudad de M\u00e9xico, Estado de M\u00e9xico, Ciudad de Gdl."},"content":{"rendered":"","protected":false},"excerpt":{"rendered":"<p>&nbsp;<\/p>\n<div class=\"row\">\n<div class=\"col-sm\"><strong>C\u00f3digo:<\/strong> <span style=\"color: #cf3030;\"><strong>FACA-C8<\/strong><\/span><\/div>\n<div class=\"col-sm\"><strong>N\u00famero de registros: <\/strong>4000<\/div>\n<\/div>\n<div class=\"row\">\n<div class=\"col-sm \"><strong>Folio: <\/strong><span style=\"color: #cf3030;\">03GPFC0218-068<\/span><\/div>\n<\/div>\n<p><strong>Segmentaci\u00f3n:<\/strong><\/p>\n<div class=\"row\">\n<div class=\"col-sm \">Escuelas privadas y p\u00fablicas (Primarias y Secundarias) Ciudad de M\u00e9xico, Estado de M\u00e9xico, Ciudad de Guadalajara.<\/div>\n<\/div>\n<p><strong>Campos Contenidos:<\/strong><\/p>\n<div class=\"row\">\n<div class=\"col-sm \">Empresa \/ Giro \/ Direcci\u00f3n \/ Ciudad \/ Estado \/ Contacto \/ Puesto: Director General o Socios o Directivos o Gerentes Generales o Tomador de decisi\u00f3n \/ Tel\u00e9fono \/ Email.<\/div>\n<\/div>\n<div class=\"row\">\n<div class=\"col-sm\"><strong>Garant\u00eda: 75%-85%<\/strong>\u00a0<strong>Precio Original:\u00a0<\/strong><del>$1773 USD<\/del>\u00a0<strong>Descuento Especial:\u00a0<span style=\"color: #cf3030;\">2<\/span><\/strong><span style=\"color: #cf3030;\"><strong class=\"text-danger\">5%<\/strong><\/span><\/div>\n<\/div>\n<div class=\"row\">\n<div class=\"col text-center\"><strong>Total a Pagar:\u00a0<\/strong><span style=\"color: #cf3030;\"><strong class=\"text-danger\">$1330 USD<\/strong><\/span><\/div>\n<\/div>\n","protected":false},"featured_media":31043,"template":"","meta":{"_bst_post_transparent":"","_bst_post_title":"","_bst_post_layout":"","_bst_post_sidebar_id":"","_bst_post_content_style":"","_bst_post_vertical_padding":"","_bst_post_feature":"","_bst_post_feature_position":"","_bst_post_header":false,"_bst_post_footer":false},"product_brand":[],"product_cat":[1278,1060,1277],"product_tag":[1062,1182,1063,1064,1066,1067,1068,1402,1403,1071,1073,1074,1075,1076,1077,1078,1079,1080,1081,1156,1082,1083,1084,1085,1086,1333,1087,1216,1162,1088,1089,1090,1092,1093,1097,1098,1099,1100,1101,1102,1103,1104,1105,1106,1107,1229,1109,1110,1111,1112,1113,1114,1115,1116,1117,1118,1166,1119,1120,1121,1122,1123,1124,1170,1218,1132,1133,1134,1136,1137,1138,1139,1140,1141,1142,1143,1144,1145,1206,1172,1173,1174,1175,1146,1148],"product_brands":[],"class_list":{"0":"post-34224","1":"product","2":"type-product","3":"status-publish","4":"has-post-thumbnail","6":"product_cat-ciudad-de-mexico","7":"product_cat-empresas-en-mexico","8":"product_cat-zonas-mas-solicitadas","9":"product_tag-b2c-email-database","10":"product_tag-base-de-datos","11":"product_tag-base-de-datos-campana-de-email-marketing","12":"product_tag-base-de-datos-campanas-de-email-marketing","13":"product_tag-base-de-datos-ciudad-de-mexico","14":"product_tag-base-de-datos-correo-masivo","15":"product_tag-base-de-datos-correo-masivos","16":"product_tag-base-de-datos-de-primarias","17":"product_tag-base-de-datos-de-secundarias","18":"product_tag-base-de-datos-direct-e-mail-marketing","19":"product_tag-base-de-datos-e-mail-marketing","20":"product_tag-base-de-datos-email-marketer","21":"product_tag-base-de-datos-email-marketing","22":"product_tag-base-de-datos-email-masivos","23":"product_tag-base-de-datos-email-publicidad","24":"product_tag-base-de-datos-email-publicitario","25":"product_tag-base-de-datos-emailing","26":"product_tag-base-de-datos-empresas-de-email-marketing","27":"product_tag-base-de-datos-enviar-email-masivo","28":"product_tag-base-de-datos-enviar-mailing","29":"product_tag-base-de-datos-envio-de-email-masivo","30":"product_tag-base-de-datos-envio-masivo-correo","31":"product_tag-base-de-datos-envio-masivo-correos","32":"product_tag-base-de-datos-envio-masivo-de-emails","33":"product_tag-base-de-datos-envios-de-correo-masivos","34":"product_tag-base-de-datos-escuelas","35":"product_tag-base-de-datos-estado-de-mexico","36":"product_tag-base-de-datos-guadalajara","37":"product_tag-base-de-datos-mailing-masivo","38":"product_tag-base-de-datos-marketing","39":"product_tag-base-de-datos-marketing-por-e-mail","40":"product_tag-base-de-datos-marketing-por-email","41":"product_tag-base-de-datos-para-marketing","42":"product_tag-base-de-datos-publicidad-por-email","43":"product_tag-bases-de-datos-correos","44":"product_tag-bases-de-datos-correos-electronicos","45":"product_tag-bases-de-datos-de-emails","46":"product_tag-bases-de-datos-de-marketing","47":"product_tag-bases-de-datos-de-telefonos","48":"product_tag-bases-de-datos-email","49":"product_tag-bases-de-datos-email-empresas","50":"product_tag-bases-de-datos-emailing","51":"product_tag-bases-de-datos-numeros-de-telefonos","52":"product_tag-bases-de-datos-telefono","53":"product_tag-bases-de-datos-telefonos-fijos","54":"product_tag-big-corporates-database","55":"product_tag-business-contact-lists","56":"product_tag-business-directory","57":"product_tag-business-email-database","58":"product_tag-business-email-list","59":"product_tag-business-email-lists","60":"product_tag-business-mailing-database","61":"product_tag-business-mailing-lists","62":"product_tag-buy-email-database","63":"product_tag-buy-email-list","64":"product_tag-buy-email-list-database","65":"product_tag-companies-email-address-list","66":"product_tag-company-database","67":"product_tag-correo-de-empresas","68":"product_tag-correos-de-empresas","69":"product_tag-correos-electronicos-de-empresas","70":"product_tag-correos-electronicos-empresas","71":"product_tag-correos-empresariales","72":"product_tag-database","73":"product_tag-directorios-guadalajara","74":"product_tag-e-mail-database","75":"product_tag-email-address-list","76":"product_tag-email-database","77":"product_tag-email-marketing-list","78":"product_tag-list-of-email-addresses","79":"product_tag-lista-de-correos","80":"product_tag-lista-de-correos-electronicos","81":"product_tag-mail-marketing","82":"product_tag-mailing-database","83":"product_tag-mailing-list","84":"product_tag-marketing","85":"product_tag-marketing-correo-electronico","86":"product_tag-marketing-lists","87":"product_tag-phone","88":"product_tag-phone-database","89":"product_tag-phone-lists","90":"product_tag-phone-number","91":"product_tag-phone-number-list","92":"product_tag-publicidad-por-base-de-datos-correo-electronico","93":"product_tag-tele-marketing-list","95":"first","96":"instock","97":"sale","98":"virtual","99":"purchasable","100":"product-type-simple","101":"entry","102":"content-bg","103":"loop-entry"},"aioseo_notices":[],"_links":{"self":[{"href":"https:\/\/edirectorios.com.mx\/directorios-latinoamerica\/wp-json\/wp\/v2\/product\/34224","targetHints":{"allow":["GET"]}}],"collection":[{"href":"https:\/\/edirectorios.com.mx\/directorios-latinoamerica\/wp-json\/wp\/v2\/product"}],"about":[{"href":"https:\/\/edirectorios.com.mx\/directorios-latinoamerica\/wp-json\/wp\/v2\/types\/product"}],"version-history":[{"count":1,"href":"https:\/\/edirectorios.com.mx\/directorios-latinoamerica\/wp-json\/wp\/v2\/product\/34224\/revisions"}],"predecessor-version":[{"id":34254,"href":"https:\/\/edirectorios.com.mx\/directorios-latinoamerica\/wp-json\/wp\/v2\/product\/34224\/revisions\/34254"}],"wp:featuredmedia":[{"embeddable":true,"href":"https:\/\/edirectorios.com.mx\/directorios-latinoamerica\/wp-json\/wp\/v2\/media\/31043"}],"wp:attachment":[{"href":"https:\/\/edirectorios.com.mx\/directorios-latinoamerica\/wp-json\/wp\/v2\/media?parent=34224"}],"wp:term":[{"taxonomy":"product_brand","embeddable":true,"href":"https:\/\/edirectorios.com.mx\/directorios-latinoamerica\/wp-json\/wp\/v2\/product_brand?post=34224"},{"taxonomy":"product_cat","embeddable":true,"href":"https:\/\/edirectorios.com.mx\/directorios-latinoamerica\/wp-json\/wp\/v2\/product_cat?post=34224"},{"taxonomy":"product_tag","embeddable":true,"href":"https:\/\/edirectorios.com.mx\/directorios-latinoamerica\/wp-json\/wp\/v2\/product_tag?post=34224"},{"taxonomy":"product_brands","embeddable":true,"href":"https:\/\/edirectorios.com.mx\/directorios-latinoamerica\/wp-json\/wp\/v2\/product_brands?post=34224"}],"curies":[{"name":"wp","href":"https:\/\/api.w.org\/{rel}","templated":true}]}}