{"id":34181,"date":"2025-12-12T16:48:33","date_gmt":"2025-12-12T16:48:33","guid":{"rendered":"https:\/\/edirectorios.com.mx\/directorios-latinoamerica\/?post_type=product&#038;p=34181"},"modified":"2025-12-12T16:48:51","modified_gmt":"2025-12-12T16:48:51","slug":"empresas-que-importen-y-o-exporten-a-nivel-nacional","status":"publish","type":"product","link":"https:\/\/edirectorios.com.mx\/directorios-latinoamerica\/product\/empresas-que-importen-y-o-exporten-a-nivel-nacional\/","title":{"rendered":"Empresas que importen y\/o exporten a Nivel Nacional."},"content":{"rendered":"","protected":false},"excerpt":{"rendered":"<p>&nbsp;<\/p>\n<div class=\"row\">\n<div class=\"col-sm\"><strong>C\u00f3digo:<\/strong> <strong class=\"text-danger\">QAHA-W0<\/strong><\/div>\n<div class=\"col-sm\"><strong>N\u00famero de registros:\u00a0<\/strong>1000<\/div>\n<\/div>\n<div class=\"row\">\n<div class=\"col-sm \"><strong>Folio: <\/strong><span class=\"text-danger\">KA0517B047<\/span><\/div>\n<\/div>\n<p><strong>Segmentaci\u00f3n:<\/strong><\/p>\n<div class=\"row\">\n<div class=\"col-sm \">\u00a0Empresas que importen y\/o exporten a Nivel Nacional.<\/div>\n<\/div>\n<p><strong>Campos Contenidos:<\/strong><\/p>\n<div class=\"row\">\n<div class=\"col-sm \">Empresa \/ Direcci\u00f3n \/ Ciudad \/ Estado \/ Contacto \/ Puesto: Encargado de importaci\u00f3n o exportaci\u00f3n o encargado de log\u00edstica o comercio exterior o aduanas \/ Tel\u00e9fono \/ Email.<\/div>\n<\/div>\n<div class=\"row\">\n<div class=\"col-sm\">\n<p><strong>Garant\u00eda:\u00a0<\/strong>65%-75%<\/p>\n<p><strong>Precio Original:\u00a0<\/strong><del>$632 USD<\/del><\/p>\n<p><strong>Descuento Especial:\u00a0<\/strong><strong class=\"text-danger\">35%<\/strong><\/p>\n<\/div>\n<\/div>\n<div class=\"row\">\n<div class=\"col text-center\"><strong>Total a Pagar:\u00a0<\/strong><strong class=\"text-danger\">$411 USD<\/strong><\/div>\n<\/div>\n","protected":false},"featured_media":31013,"template":"","meta":{"_bst_post_transparent":"","_bst_post_title":"","_bst_post_layout":"","_bst_post_sidebar_id":"","_bst_post_content_style":"","_bst_post_vertical_padding":"","_bst_post_feature":"","_bst_post_feature_position":"","_bst_post_header":false,"_bst_post_footer":false},"product_brand":[],"product_cat":[1060],"product_tag":[1062,1182,1063,1064,1067,1068,1211,1071,1074,1075,1076,1077,1078,1079,1155,1080,1176,1081,1082,1157,1083,1084,1085,1158,1086,1159,1256,1257,1088,1089,1090,1224,1092,1093,1097,1098,1099,1100,1101,1102,1104,1226,1165,1105,1228,1106,1107,1229,1111,1114,1116,1117,1118,1119,1167,1170,1254,1133,1135,1136,1137,1138,1139,1140,1142,1144,1145,1230,1206,1172,1173,1174,1175,1146,1149],"product_brands":[],"class_list":{"0":"post-34181","1":"product","2":"type-product","3":"status-publish","4":"has-post-thumbnail","6":"product_cat-empresas-en-mexico","7":"product_tag-b2c-email-database","8":"product_tag-base-de-datos","9":"product_tag-base-de-datos-campana-de-email-marketing","10":"product_tag-base-de-datos-campanas-de-email-marketing","11":"product_tag-base-de-datos-correo-masivo","12":"product_tag-base-de-datos-correo-masivos","13":"product_tag-base-de-datos-de-empresas-b2b","14":"product_tag-base-de-datos-direct-e-mail-marketing","15":"product_tag-base-de-datos-email-marketer","16":"product_tag-base-de-datos-email-marketing","17":"product_tag-base-de-datos-email-masivos","18":"product_tag-base-de-datos-email-publicidad","19":"product_tag-base-de-datos-email-publicitario","20":"product_tag-base-de-datos-emailing","21":"product_tag-base-de-datos-empresas","22":"product_tag-base-de-datos-empresas-de-email-marketing","23":"product_tag-base-de-datos-encargados","24":"product_tag-base-de-datos-enviar-email-masivo","25":"product_tag-base-de-datos-envio-de-email-masivo","26":"product_tag-base-de-datos-envio-masivo","27":"product_tag-base-de-datos-envio-masivo-correo","28":"product_tag-base-de-datos-envio-masivo-correos","29":"product_tag-base-de-datos-envio-masivo-de-emails","30":"product_tag-base-de-datos-envio-masivos","31":"product_tag-base-de-datos-envios-de-correo-masivos","32":"product_tag-base-de-datos-envios-masivos","33":"product_tag-base-de-datos-exportadores","34":"product_tag-base-de-datos-importadoras","35":"product_tag-base-de-datos-marketing","36":"product_tag-base-de-datos-marketing-por-e-mail","37":"product_tag-base-de-datos-marketing-por-email","38":"product_tag-base-de-datos-nivel-nacional","39":"product_tag-base-de-datos-para-marketing","40":"product_tag-base-de-datos-publicidad-por-email","41":"product_tag-bases-de-datos-correos","42":"product_tag-bases-de-datos-correos-electronicos","43":"product_tag-bases-de-datos-de-emails","44":"product_tag-bases-de-datos-de-marketing","45":"product_tag-bases-de-datos-de-telefonos","46":"product_tag-bases-de-datos-email","47":"product_tag-bases-de-datos-emailing","48":"product_tag-bases-de-datos-emails","49":"product_tag-bases-de-datos-mailing","50":"product_tag-bases-de-datos-numeros-de-telefonos","51":"product_tag-bases-de-datos-para-ventas","52":"product_tag-bases-de-datos-telefono","53":"product_tag-bases-de-datos-telefonos-fijos","54":"product_tag-big-corporates-database","55":"product_tag-business-email-database","56":"product_tag-business-mailing-database","57":"product_tag-buy-email-database","58":"product_tag-buy-email-list","59":"product_tag-buy-email-list-database","60":"product_tag-company-database","61":"product_tag-company-email-address-list","62":"product_tag-database","63":"product_tag-databases","64":"product_tag-email-address-list","65":"product_tag-email-lists","66":"product_tag-email-marketing-list","67":"product_tag-list-of-email-addresses","68":"product_tag-lista-de-correos","69":"product_tag-lista-de-correos-electronicos","70":"product_tag-mail-marketing","71":"product_tag-mailing-list","72":"product_tag-marketing-correo-electronico","73":"product_tag-marketing-lists","74":"product_tag-national-database","75":"product_tag-phone","76":"product_tag-phone-database","77":"product_tag-phone-lists","78":"product_tag-phone-number","79":"product_tag-phone-number-list","80":"product_tag-publicidad-por-base-de-datos-correo-electronico","81":"product_tag-telefono","83":"first","84":"instock","85":"sale","86":"virtual","87":"purchasable","88":"product-type-simple","89":"entry","90":"content-bg","91":"loop-entry"},"aioseo_notices":[],"_links":{"self":[{"href":"https:\/\/edirectorios.com.mx\/directorios-latinoamerica\/wp-json\/wp\/v2\/product\/34181","targetHints":{"allow":["GET"]}}],"collection":[{"href":"https:\/\/edirectorios.com.mx\/directorios-latinoamerica\/wp-json\/wp\/v2\/product"}],"about":[{"href":"https:\/\/edirectorios.com.mx\/directorios-latinoamerica\/wp-json\/wp\/v2\/types\/product"}],"version-history":[{"count":1,"href":"https:\/\/edirectorios.com.mx\/directorios-latinoamerica\/wp-json\/wp\/v2\/product\/34181\/revisions"}],"predecessor-version":[{"id":34211,"href":"https:\/\/edirectorios.com.mx\/directorios-latinoamerica\/wp-json\/wp\/v2\/product\/34181\/revisions\/34211"}],"wp:featuredmedia":[{"embeddable":true,"href":"https:\/\/edirectorios.com.mx\/directorios-latinoamerica\/wp-json\/wp\/v2\/media\/31013"}],"wp:attachment":[{"href":"https:\/\/edirectorios.com.mx\/directorios-latinoamerica\/wp-json\/wp\/v2\/media?parent=34181"}],"wp:term":[{"taxonomy":"product_brand","embeddable":true,"href":"https:\/\/edirectorios.com.mx\/directorios-latinoamerica\/wp-json\/wp\/v2\/product_brand?post=34181"},{"taxonomy":"product_cat","embeddable":true,"href":"https:\/\/edirectorios.com.mx\/directorios-latinoamerica\/wp-json\/wp\/v2\/product_cat?post=34181"},{"taxonomy":"product_tag","embeddable":true,"href":"https:\/\/edirectorios.com.mx\/directorios-latinoamerica\/wp-json\/wp\/v2\/product_tag?post=34181"},{"taxonomy":"product_brands","embeddable":true,"href":"https:\/\/edirectorios.com.mx\/directorios-latinoamerica\/wp-json\/wp\/v2\/product_brands?post=34181"}],"curies":[{"name":"wp","href":"https:\/\/api.w.org\/{rel}","templated":true}]}}