{"id":34145,"date":"2025-12-12T16:48:10","date_gmt":"2025-12-12T16:48:10","guid":{"rendered":"https:\/\/edirectorios.com.mx\/directorios-latinoamerica\/?post_type=product&#038;p=34145"},"modified":"2025-12-12T16:48:39","modified_gmt":"2025-12-12T16:48:39","slug":"personas-fisicas-mayores-de-edad-economicamente-activas-tarjetahabientes-vivan-o-trabajen-en-la-zona-polanco-de-la-ciudad-de-mexico","status":"publish","type":"product","link":"https:\/\/edirectorios.com.mx\/directorios-latinoamerica\/product\/personas-fisicas-mayores-de-edad-economicamente-activas-tarjetahabientes-vivan-o-trabajen-en-la-zona-polanco-de-la-ciudad-de-mexico\/","title":{"rendered":"Personas f\u00edsicas, mayores de edad, econ\u00f3micamente activas, tarjetahabientes, vivan o trabajen en la zona Polanco de la Ciudad de M\u00e9xico."},"content":{"rendered":"","protected":false},"excerpt":{"rendered":"<p>&nbsp;<\/p>\n<div class=\"row\">\n<div class=\"col-sm\"><strong>C\u00f3digo:<\/strong> <strong class=\"text-danger\">BMGL-J1<\/strong><\/div>\n<div class=\"col-sm\"><strong>N\u00famero de registros: <\/strong>250<\/div>\n<\/div>\n<div class=\"row\">\n<div class=\"col-sm \"><strong>Folio:\u00a0<\/strong><span class=\"text-danger\">CM1117B073<\/span><\/div>\n<\/div>\n<p><strong>Segmentaci\u00f3n:<\/strong><\/p>\n<div class=\"row\">\n<div class=\"col-sm \">Personas f\u00edsicas, mayores de edad, econ\u00f3micamente activas y tarjetahabientes que vivan o trabajen en la zona de Polanco en las colonias: 10 de abril, Granada, Ampliaci\u00f3n Granada, Irrigaci\u00f3n, Polanco (todas las secciones), An\u00e1huac (todas las secciones), Pensil, Tacuba, Lomas de Sotelo de la Ciudad de M\u00e9xico.<\/div>\n<\/div>\n<p><strong>Campos Contenidos:<\/strong><\/p>\n<div class=\"row\">\n<div class=\"col-sm \"><span class=\"text-justify\">Nombre \/ Direcci\u00f3n \/ Ciudad \/ Estado \/ Tel\u00e9fono \/ Email.<\/span><\/div>\n<\/div>\n<div class=\"row\">\n<div class=\"col-sm\">\n<p><strong>Garant\u00eda:\u00a0<\/strong>65%-75%<\/p>\n<p><strong>Precio Original:\u00a0<\/strong><del>$117 USD<\/del><\/p>\n<p><strong>Descuento Especial:\u00a0<\/strong><strong class=\"text-danger\">35%<\/strong><\/p>\n<\/div>\n<\/div>\n<div class=\"row\">\n<div class=\"col text-center\"><strong>Total a Pagar:\u00a0<\/strong><strong class=\"text-danger\">$76 USD<\/strong><\/div>\n<\/div>\n","protected":false},"featured_media":31021,"template":"","meta":{"_bst_post_transparent":"","_bst_post_title":"","_bst_post_layout":"","_bst_post_sidebar_id":"","_bst_post_content_style":"","_bst_post_vertical_padding":"","_bst_post_feature":"","_bst_post_feature_position":"","_bst_post_header":false,"_bst_post_footer":false},"product_brand":[],"product_cat":[1266,1180],"product_tag":[1062,1063,1064,1066,1263,1067,1068,1186,1187,1071,1073,1074,1075,1076,1077,1078,1079,1081,1082,1157,1083,1084,1085,1158,1086,1159,1088,1089,1090,1092,1189,1093,1097,1098,1099,1100,1101,1102,1104,1105,1106,1107,1190,1109,1116,1117,1118,1191,1192,1194,1195,1196,1197,1198,1199,1200,1201,1202,1265,1203,1204,1170,1132,1133,1134,1135,1136,1137,1138,1139,1140,1142,1143,1144,1145,1206,1172,1173,1174,1175,1146,1148,1149],"product_brands":[],"class_list":{"0":"post-34145","1":"product","2":"type-product","3":"status-publish","4":"has-post-thumbnail","6":"product_cat-consumidores","7":"product_cat-personas-en-mexico","8":"product_tag-b2c-email-database","9":"product_tag-base-de-datos-campana-de-email-marketing","10":"product_tag-base-de-datos-campanas-de-email-marketing","11":"product_tag-base-de-datos-ciudad-de-mexico","12":"product_tag-base-de-datos-consumidores","13":"product_tag-base-de-datos-correo-masivo","14":"product_tag-base-de-datos-correo-masivos","15":"product_tag-base-de-datos-de-personas-fisicas","16":"product_tag-base-de-datos-de-tarjetahabientes","17":"product_tag-base-de-datos-direct-e-mail-marketing","18":"product_tag-base-de-datos-e-mail-marketing","19":"product_tag-base-de-datos-email-marketer","20":"product_tag-base-de-datos-email-marketing","21":"product_tag-base-de-datos-email-masivos","22":"product_tag-base-de-datos-email-publicidad","23":"product_tag-base-de-datos-email-publicitario","24":"product_tag-base-de-datos-emailing","25":"product_tag-base-de-datos-enviar-email-masivo","26":"product_tag-base-de-datos-envio-de-email-masivo","27":"product_tag-base-de-datos-envio-masivo","28":"product_tag-base-de-datos-envio-masivo-correo","29":"product_tag-base-de-datos-envio-masivo-correos","30":"product_tag-base-de-datos-envio-masivo-de-emails","31":"product_tag-base-de-datos-envio-masivos","32":"product_tag-base-de-datos-envios-de-correo-masivos","33":"product_tag-base-de-datos-envios-masivos","34":"product_tag-base-de-datos-marketing","35":"product_tag-base-de-datos-marketing-por-e-mail","36":"product_tag-base-de-datos-marketing-por-email","37":"product_tag-base-de-datos-para-marketing","38":"product_tag-base-de-datos-personas-de-email-marketing","39":"product_tag-base-de-datos-publicidad-por-email","40":"product_tag-bases-de-datos-correos","41":"product_tag-bases-de-datos-correos-electronicos","42":"product_tag-bases-de-datos-de-emails","43":"product_tag-bases-de-datos-de-marketing","44":"product_tag-bases-de-datos-de-telefonos","45":"product_tag-bases-de-datos-email","46":"product_tag-bases-de-datos-emailing","47":"product_tag-bases-de-datos-numeros-de-telefonos","48":"product_tag-bases-de-datos-telefono","49":"product_tag-bases-de-datos-telefonos-fijos","50":"product_tag-big-consumer-database","51":"product_tag-business-contact-lists","52":"product_tag-buy-email-database","53":"product_tag-buy-email-list","54":"product_tag-buy-email-list-database","55":"product_tag-consumer-contact-lists","56":"product_tag-consumer-database","57":"product_tag-consumer-email-database","58":"product_tag-consumer-email-list","59":"product_tag-consumer-email-lists","60":"product_tag-consumer-list","61":"product_tag-consumer-mailing-database","62":"product_tag-consumer-mailing-list","63":"product_tag-consumer-mailing-lists","64":"product_tag-consumer-phone-list","65":"product_tag-correo-de-personas","66":"product_tag-correos-consumidores","67":"product_tag-correos-electronicos-de-personas","68":"product_tag-correos-electronicos-personas","69":"product_tag-database","70":"product_tag-e-mail-database","71":"product_tag-email-address-list","72":"product_tag-email-database","73":"product_tag-email-lists","74":"product_tag-email-marketing-list","75":"product_tag-list-of-email-addresses","76":"product_tag-lista-de-correos","77":"product_tag-lista-de-correos-electronicos","78":"product_tag-mail-marketing","79":"product_tag-mailing-list","80":"product_tag-marketing","81":"product_tag-marketing-correo-electronico","82":"product_tag-marketing-lists","83":"product_tag-phone","84":"product_tag-phone-database","85":"product_tag-phone-lists","86":"product_tag-phone-number","87":"product_tag-phone-number-list","88":"product_tag-publicidad-por-base-de-datos-correo-electronico","89":"product_tag-tele-marketing-list","90":"product_tag-telefono","92":"first","93":"instock","94":"sale","95":"virtual","96":"purchasable","97":"product-type-simple","98":"entry","99":"content-bg","100":"loop-entry"},"aioseo_notices":[],"_links":{"self":[{"href":"https:\/\/edirectorios.com.mx\/directorios-latinoamerica\/wp-json\/wp\/v2\/product\/34145","targetHints":{"allow":["GET"]}}],"collection":[{"href":"https:\/\/edirectorios.com.mx\/directorios-latinoamerica\/wp-json\/wp\/v2\/product"}],"about":[{"href":"https:\/\/edirectorios.com.mx\/directorios-latinoamerica\/wp-json\/wp\/v2\/types\/product"}],"version-history":[{"count":1,"href":"https:\/\/edirectorios.com.mx\/directorios-latinoamerica\/wp-json\/wp\/v2\/product\/34145\/revisions"}],"predecessor-version":[{"id":34197,"href":"https:\/\/edirectorios.com.mx\/directorios-latinoamerica\/wp-json\/wp\/v2\/product\/34145\/revisions\/34197"}],"wp:featuredmedia":[{"embeddable":true,"href":"https:\/\/edirectorios.com.mx\/directorios-latinoamerica\/wp-json\/wp\/v2\/media\/31021"}],"wp:attachment":[{"href":"https:\/\/edirectorios.com.mx\/directorios-latinoamerica\/wp-json\/wp\/v2\/media?parent=34145"}],"wp:term":[{"taxonomy":"product_brand","embeddable":true,"href":"https:\/\/edirectorios.com.mx\/directorios-latinoamerica\/wp-json\/wp\/v2\/product_brand?post=34145"},{"taxonomy":"product_cat","embeddable":true,"href":"https:\/\/edirectorios.com.mx\/directorios-latinoamerica\/wp-json\/wp\/v2\/product_cat?post=34145"},{"taxonomy":"product_tag","embeddable":true,"href":"https:\/\/edirectorios.com.mx\/directorios-latinoamerica\/wp-json\/wp\/v2\/product_tag?post=34145"},{"taxonomy":"product_brands","embeddable":true,"href":"https:\/\/edirectorios.com.mx\/directorios-latinoamerica\/wp-json\/wp\/v2\/product_brands?post=34145"}],"curies":[{"name":"wp","href":"https:\/\/api.w.org\/{rel}","templated":true}]}}