{"id":34134,"date":"2025-12-12T16:48:09","date_gmt":"2025-12-12T16:48:09","guid":{"rendered":"https:\/\/edirectorios.com.mx\/directorios-latinoamerica\/?post_type=product&#038;p=34134"},"modified":"2025-12-12T16:48:25","modified_gmt":"2025-12-12T16:48:25","slug":"jovenes-18-a-35-anos-economicamente-activas-estudiantes-nse-c-a-b-con-bachillerato-terminado-o-por-concluir-perfil-de-carreras-de-medicina","status":"publish","type":"product","link":"https:\/\/edirectorios.com.mx\/directorios-latinoamerica\/product\/jovenes-18-a-35-anos-economicamente-activas-estudiantes-nse-c-a-b-con-bachillerato-terminado-o-por-concluir-perfil-de-carreras-de-medicina\/","title":{"rendered":"J\u00f3venes, 18 a 35 a\u00f1os econ\u00f3micamente activas, estudiantes NSE C+, A\/B con bachillerato terminado o por concluir, perfil de carreras de medicina."},"content":{"rendered":"","protected":false},"excerpt":{"rendered":"<p>&nbsp;<\/p>\n<div class=\"row\">\n<div class=\"col-sm\"><strong>C\u00f3digo: <span style=\"color: #ff0000;\">TISA-0D<\/span><\/strong><\/div>\n<div class=\"col-sm\"><strong>N\u00famero de registros: 250<\/strong><\/div>\n<\/div>\n<div class=\"row\">\n<div class=\"col-sm \"><strong>Folio: <span style=\"color: #ff0000;\">SR0417B061<\/span><\/strong><\/div>\n<\/div>\n<p><strong>Segmentaci\u00f3n:<\/strong><\/p>\n<div class=\"row\">\n<div class=\"col-sm \">J\u00f3venes de 18 a 35 a\u00f1os econ\u00f3micamente activas, o estudiantes de NSE C+, A\/B con bachillerato terminado o por concluir con perfil de carreras de medicina en la Ciudad de M\u00e9xico y Cuautitl\u00e1n y Atizapan de Zaragoza en el Estado de M\u00e9xico.<\/div>\n<\/div>\n<p><strong>Campos Contenidos:<\/strong><\/p>\n<div class=\"row\">\n<div class=\"col-sm \">Nombre \/ Direcci\u00f3n \/ Ciudad \/ Estado \/ Tel\u00e9fono \/ Correo.<\/div>\n<\/div>\n<div class=\"row\">\n<div class=\"col-sm\"><strong>Garant\u00eda:\u00a0<\/strong>65%-75%\u00a0<strong>Precio Original:\u00a0<\/strong><del>$179 USD<\/del> <strong>Descuento Especial:\u00a0<\/strong><span style=\"color: #ff0000;\"><strong class=\"text-danger\">35%<\/strong><\/span><\/div>\n<\/div>\n<div class=\"row\">\n<div class=\"col text-center\"><strong>Total a Pagar:\u00a0<\/strong><span style=\"color: #ff0000;\"><strong class=\"text-danger\">$117 USD<\/strong><\/span><\/div>\n<\/div>\n","protected":false},"featured_media":31287,"template":"","meta":{"_bst_post_transparent":"","_bst_post_title":"","_bst_post_layout":"","_bst_post_sidebar_id":"","_bst_post_content_style":"","_bst_post_vertical_padding":"","_bst_post_feature":"","_bst_post_feature_position":"","_bst_post_header":false,"_bst_post_footer":false},"product_brand":[],"product_cat":[1382,1180],"product_tag":[1062,1182,1063,1064,1066,1067,1068,1383,1384,1207,1208,1209,1186,1071,1073,1074,1075,1076,1077,1078,1079,1081,1082,1083,1084,1085,1086,1087,1088,1089,1090,1092,1189,1093,1097,1098,1099,1100,1101,1102,1105,1106,1107,1190,1117,1118,1191,1192,1193,1194,1195,1196,1197,1198,1199,1200,1201,1202,1203,1204,1170,1133,1135,1136,1137,1138,1139,1140,1143,1144,1145,1206,1172,1173,1174,1175,1146,1148,1149],"product_brands":[],"class_list":{"0":"post-34134","1":"product","2":"type-product","3":"status-publish","4":"has-post-thumbnail","6":"product_cat-estudiantes","7":"product_cat-personas-en-mexico","8":"product_tag-b2c-email-database","9":"product_tag-base-de-datos","10":"product_tag-base-de-datos-campana-de-email-marketing","11":"product_tag-base-de-datos-campanas-de-email-marketing","12":"product_tag-base-de-datos-ciudad-de-mexico","13":"product_tag-base-de-datos-correo-masivo","14":"product_tag-base-de-datos-correo-masivos","15":"product_tag-base-de-datos-de-bachillerato","16":"product_tag-base-de-datos-de-estudiantes","17":"product_tag-base-de-datos-de-nse","18":"product_tag-base-de-datos-de-nse-a-b","19":"product_tag-base-de-datos-de-nse-c","20":"product_tag-base-de-datos-de-personas-fisicas","21":"product_tag-base-de-datos-direct-e-mail-marketing","22":"product_tag-base-de-datos-e-mail-marketing","23":"product_tag-base-de-datos-email-marketer","24":"product_tag-base-de-datos-email-marketing","25":"product_tag-base-de-datos-email-masivos","26":"product_tag-base-de-datos-email-publicidad","27":"product_tag-base-de-datos-email-publicitario","28":"product_tag-base-de-datos-emailing","29":"product_tag-base-de-datos-enviar-email-masivo","30":"product_tag-base-de-datos-envio-de-email-masivo","31":"product_tag-base-de-datos-envio-masivo-correo","32":"product_tag-base-de-datos-envio-masivo-correos","33":"product_tag-base-de-datos-envio-masivo-de-emails","34":"product_tag-base-de-datos-envios-de-correo-masivos","35":"product_tag-base-de-datos-estado-de-mexico","36":"product_tag-base-de-datos-marketing","37":"product_tag-base-de-datos-marketing-por-e-mail","38":"product_tag-base-de-datos-marketing-por-email","39":"product_tag-base-de-datos-para-marketing","40":"product_tag-base-de-datos-personas-de-email-marketing","41":"product_tag-base-de-datos-publicidad-por-email","42":"product_tag-bases-de-datos-correos","43":"product_tag-bases-de-datos-correos-electronicos","44":"product_tag-bases-de-datos-de-emails","45":"product_tag-bases-de-datos-de-marketing","46":"product_tag-bases-de-datos-de-telefonos","47":"product_tag-bases-de-datos-email","48":"product_tag-bases-de-datos-numeros-de-telefonos","49":"product_tag-bases-de-datos-telefono","50":"product_tag-bases-de-datos-telefonos-fijos","51":"product_tag-big-consumer-database","52":"product_tag-buy-email-list","53":"product_tag-buy-email-list-database","54":"product_tag-consumer-contact-lists","55":"product_tag-consumer-database","56":"product_tag-consumer-directory","57":"product_tag-consumer-email-database","58":"product_tag-consumer-email-list","59":"product_tag-consumer-email-lists","60":"product_tag-consumer-list","61":"product_tag-consumer-mailing-database","62":"product_tag-consumer-mailing-list","63":"product_tag-consumer-mailing-lists","64":"product_tag-consumer-phone-list","65":"product_tag-correo-de-personas","66":"product_tag-correos-electronicos-de-personas","67":"product_tag-correos-electronicos-personas","68":"product_tag-database","69":"product_tag-email-address-list","70":"product_tag-email-lists","71":"product_tag-email-marketing-list","72":"product_tag-list-of-email-addresses","73":"product_tag-lista-de-correos","74":"product_tag-lista-de-correos-electronicos","75":"product_tag-mail-marketing","76":"product_tag-marketing","77":"product_tag-marketing-correo-electronico","78":"product_tag-marketing-lists","79":"product_tag-phone","80":"product_tag-phone-database","81":"product_tag-phone-lists","82":"product_tag-phone-number","83":"product_tag-phone-number-list","84":"product_tag-publicidad-por-base-de-datos-correo-electronico","85":"product_tag-tele-marketing-list","86":"product_tag-telefono","88":"first","89":"instock","90":"sale","91":"virtual","92":"purchasable","93":"product-type-simple","94":"entry","95":"content-bg","96":"loop-entry"},"aioseo_notices":[],"_links":{"self":[{"href":"https:\/\/edirectorios.com.mx\/directorios-latinoamerica\/wp-json\/wp\/v2\/product\/34134","targetHints":{"allow":["GET"]}}],"collection":[{"href":"https:\/\/edirectorios.com.mx\/directorios-latinoamerica\/wp-json\/wp\/v2\/product"}],"about":[{"href":"https:\/\/edirectorios.com.mx\/directorios-latinoamerica\/wp-json\/wp\/v2\/types\/product"}],"version-history":[{"count":1,"href":"https:\/\/edirectorios.com.mx\/directorios-latinoamerica\/wp-json\/wp\/v2\/product\/34134\/revisions"}],"predecessor-version":[{"id":34164,"href":"https:\/\/edirectorios.com.mx\/directorios-latinoamerica\/wp-json\/wp\/v2\/product\/34134\/revisions\/34164"}],"wp:featuredmedia":[{"embeddable":true,"href":"https:\/\/edirectorios.com.mx\/directorios-latinoamerica\/wp-json\/wp\/v2\/media\/31287"}],"wp:attachment":[{"href":"https:\/\/edirectorios.com.mx\/directorios-latinoamerica\/wp-json\/wp\/v2\/media?parent=34134"}],"wp:term":[{"taxonomy":"product_brand","embeddable":true,"href":"https:\/\/edirectorios.com.mx\/directorios-latinoamerica\/wp-json\/wp\/v2\/product_brand?post=34134"},{"taxonomy":"product_cat","embeddable":true,"href":"https:\/\/edirectorios.com.mx\/directorios-latinoamerica\/wp-json\/wp\/v2\/product_cat?post=34134"},{"taxonomy":"product_tag","embeddable":true,"href":"https:\/\/edirectorios.com.mx\/directorios-latinoamerica\/wp-json\/wp\/v2\/product_tag?post=34134"},{"taxonomy":"product_brands","embeddable":true,"href":"https:\/\/edirectorios.com.mx\/directorios-latinoamerica\/wp-json\/wp\/v2\/product_brands?post=34134"}],"curies":[{"name":"wp","href":"https:\/\/api.w.org\/{rel}","templated":true}]}}