{"id":34131,"date":"2025-12-12T16:48:08","date_gmt":"2025-12-12T16:48:08","guid":{"rendered":"https:\/\/edirectorios.com.mx\/directorios-latinoamerica\/?post_type=product&#038;p=34131"},"modified":"2025-12-12T16:48:23","modified_gmt":"2025-12-12T16:48:23","slug":"empresas-con-mas-de-100-empleados-a-nivel-nacional","status":"publish","type":"product","link":"https:\/\/edirectorios.com.mx\/directorios-latinoamerica\/product\/empresas-con-mas-de-100-empleados-a-nivel-nacional\/","title":{"rendered":"Empresas con m\u00e1s de 100 empleados a Nivel Nacional."},"content":{"rendered":"","protected":false},"excerpt":{"rendered":"<p>&nbsp;<\/p>\n<div class=\"row\">\n<div class=\"col-sm\"><strong>C\u00f3digo:<\/strong> <strong class=\"text-danger\">NASA-D-1<\/strong><\/div>\n<div class=\"col-sm\"><strong>N\u00famero de registros: <\/strong>15,000<\/div>\n<\/div>\n<div class=\"row\">\n<div class=\"col-sm \"><strong>Folio: <\/strong><span class=\"text-danger\">03SOJR0215-144<\/span><\/div>\n<\/div>\n<p><strong>Segmentaci\u00f3n:<\/strong><\/p>\n<div class=\"row\">\n<div class=\"col-sm \">Empresas con m\u00e1s de 100 empleados a Nivel Nacional.<\/div>\n<\/div>\n<p><strong>Campos Contenidos:<\/strong><\/p>\n<div class=\"row\">\n<div class=\"col-sm \"><span class=\"text-justify\">Empresa (Raz\u00f3n Social) \/ Giro \/ Direcci\u00f3n \/ Ciudad \/ Estado \/ Contacto (nombre y apellido) \/ Puesto: Director de RH o Director o Gerente de Compensaciones o Director o Gerente de N\u00f3mina o Supervisor o Coordinador de RH o Analista de RH (\u00c9ste \u00faltimo en menor cantidad) \/ Tel\u00e9fono \/ Email \/ Rango de No. de empleados.<\/span><\/div>\n<\/div>\n<div class=\"row\">\n<div class=\"col-sm\"><strong>Garant\u00eda:\u00a0<\/strong>65%-75%<\/p>\n<p><strong>Precio Original:\u00a0<\/strong><del>$7515 USD<\/del><\/p>\n<p><strong>Descuento Especial:\u00a0<\/strong><strong class=\"text-danger\">35%<\/strong><\/div>\n<\/div>\n<div class=\"row\">\n<div class=\"col text-center\"><strong>Total a Pagar:\u00a0<\/strong><strong class=\"text-danger\">$4885 USD<\/strong><\/div>\n<\/div>\n","protected":false},"featured_media":31282,"template":"","meta":{"_bst_post_transparent":"","_bst_post_title":"","_bst_post_layout":"","_bst_post_sidebar_id":"","_bst_post_content_style":"","_bst_post_vertical_padding":"","_bst_post_feature":"","_bst_post_feature_position":"","_bst_post_header":false,"_bst_post_footer":false},"product_brand":[],"product_cat":[1379,1060],"product_tag":[1380,1062,1063,1064,1152,1319,1071,1072,1073,1074,1075,1076,1077,1078,1079,1155,1080,1081,1082,1085,1160,1088,1089,1090,1224,1275,1092,1093,1284,1099,1100,1101,1102,1103,1104,1226,1105,1106,1107,1109,1110,1111,1112,1113,1114,1115,1116,1117,1118,1166,1119,1167,1120,1121,1122,1123,1170,1127,1309,1128,1129,1131,1132,1133,1134,1135,1136,1137,1138,1139,1140,1141,1142,1144,1145,1230,1172,1173,1174,1175,1148,1149],"product_brands":[],"class_list":{"0":"post-34131","1":"product","2":"type-product","3":"status-publish","4":"has-post-thumbnail","6":"product_cat-con-mas-de-100-empleados","7":"product_cat-empresas-en-mexico","8":"product_tag-american-phone-number","9":"product_tag-b2c-email-database","10":"product_tag-base-de-datos-campana-de-email-marketing","11":"product_tag-base-de-datos-campanas-de-email-marketing","12":"product_tag-base-de-datos-de-directivos","13":"product_tag-base-de-datos-de-empresas-con-mas-de-100-empleados","14":"product_tag-base-de-datos-direct-e-mail-marketing","15":"product_tag-base-de-datos-director","16":"product_tag-base-de-datos-e-mail-marketing","17":"product_tag-base-de-datos-email-marketer","18":"product_tag-base-de-datos-email-marketing","19":"product_tag-base-de-datos-email-masivos","20":"product_tag-base-de-datos-email-publicidad","21":"product_tag-base-de-datos-email-publicitario","22":"product_tag-base-de-datos-emailing","23":"product_tag-base-de-datos-empresas","24":"product_tag-base-de-datos-empresas-de-email-marketing","25":"product_tag-base-de-datos-enviar-email-masivo","26":"product_tag-base-de-datos-envio-de-email-masivo","27":"product_tag-base-de-datos-envio-masivo-de-emails","28":"product_tag-base-de-datos-gerente","29":"product_tag-base-de-datos-marketing","30":"product_tag-base-de-datos-marketing-por-e-mail","31":"product_tag-base-de-datos-marketing-por-email","32":"product_tag-base-de-datos-nivel-nacional","33":"product_tag-base-de-datos-para-empresas","34":"product_tag-base-de-datos-para-marketing","35":"product_tag-base-de-datos-publicidad-por-email","36":"product_tag-base-de-datos-recursos-humanos","37":"product_tag-bases-de-datos-de-emails","38":"product_tag-bases-de-datos-de-marketing","39":"product_tag-bases-de-datos-de-telefonos","40":"product_tag-bases-de-datos-email","41":"product_tag-bases-de-datos-email-empresas","42":"product_tag-bases-de-datos-emailing","43":"product_tag-bases-de-datos-emails","44":"product_tag-bases-de-datos-numeros-de-telefonos","45":"product_tag-bases-de-datos-telefono","46":"product_tag-bases-de-datos-telefonos-fijos","47":"product_tag-business-contact-lists","48":"product_tag-business-directory","49":"product_tag-business-email-database","50":"product_tag-business-email-list","51":"product_tag-business-email-lists","52":"product_tag-business-mailing-database","53":"product_tag-business-mailing-lists","54":"product_tag-buy-email-database","55":"product_tag-buy-email-list","56":"product_tag-buy-email-list-database","57":"product_tag-companies-email-address-list","58":"product_tag-company-database","59":"product_tag-company-email-address-list","60":"product_tag-correo-de-empresas","61":"product_tag-correos-de-empresas","62":"product_tag-correos-electronicos-de-empresas","63":"product_tag-correos-electronicos-empresas","64":"product_tag-database","65":"product_tag-directorio-empresarial","66":"product_tag-directorio-empresarial-mexico","67":"product_tag-directorio-empresariales","68":"product_tag-directorio-empresas","69":"product_tag-directorios-empresas","70":"product_tag-e-mail-database","71":"product_tag-email-address-list","72":"product_tag-email-database","73":"product_tag-email-lists","74":"product_tag-email-marketing-list","75":"product_tag-list-of-email-addresses","76":"product_tag-lista-de-correos","77":"product_tag-lista-de-correos-electronicos","78":"product_tag-mail-marketing","79":"product_tag-mailing-database","80":"product_tag-mailing-list","81":"product_tag-marketing-correo-electronico","82":"product_tag-marketing-lists","83":"product_tag-national-database","84":"product_tag-phone-database","85":"product_tag-phone-lists","86":"product_tag-phone-number","87":"product_tag-phone-number-list","88":"product_tag-tele-marketing-list","89":"product_tag-telefono","91":"first","92":"instock","93":"sale","94":"virtual","95":"purchasable","96":"product-type-simple","97":"entry","98":"content-bg","99":"loop-entry"},"aioseo_notices":[],"_links":{"self":[{"href":"https:\/\/edirectorios.com.mx\/directorios-latinoamerica\/wp-json\/wp\/v2\/product\/34131","targetHints":{"allow":["GET"]}}],"collection":[{"href":"https:\/\/edirectorios.com.mx\/directorios-latinoamerica\/wp-json\/wp\/v2\/product"}],"about":[{"href":"https:\/\/edirectorios.com.mx\/directorios-latinoamerica\/wp-json\/wp\/v2\/types\/product"}],"version-history":[{"count":1,"href":"https:\/\/edirectorios.com.mx\/directorios-latinoamerica\/wp-json\/wp\/v2\/product\/34131\/revisions"}],"predecessor-version":[{"id":34161,"href":"https:\/\/edirectorios.com.mx\/directorios-latinoamerica\/wp-json\/wp\/v2\/product\/34131\/revisions\/34161"}],"wp:featuredmedia":[{"embeddable":true,"href":"https:\/\/edirectorios.com.mx\/directorios-latinoamerica\/wp-json\/wp\/v2\/media\/31282"}],"wp:attachment":[{"href":"https:\/\/edirectorios.com.mx\/directorios-latinoamerica\/wp-json\/wp\/v2\/media?parent=34131"}],"wp:term":[{"taxonomy":"product_brand","embeddable":true,"href":"https:\/\/edirectorios.com.mx\/directorios-latinoamerica\/wp-json\/wp\/v2\/product_brand?post=34131"},{"taxonomy":"product_cat","embeddable":true,"href":"https:\/\/edirectorios.com.mx\/directorios-latinoamerica\/wp-json\/wp\/v2\/product_cat?post=34131"},{"taxonomy":"product_tag","embeddable":true,"href":"https:\/\/edirectorios.com.mx\/directorios-latinoamerica\/wp-json\/wp\/v2\/product_tag?post=34131"},{"taxonomy":"product_brands","embeddable":true,"href":"https:\/\/edirectorios.com.mx\/directorios-latinoamerica\/wp-json\/wp\/v2\/product_brands?post=34131"}],"curies":[{"name":"wp","href":"https:\/\/api.w.org\/{rel}","templated":true}]}}