{"id":34129,"date":"2025-12-12T16:48:08","date_gmt":"2025-12-12T16:48:08","guid":{"rendered":"https:\/\/edirectorios.com.mx\/directorios-latinoamerica\/?post_type=product&#038;p=34129"},"modified":"2025-12-12T16:48:21","modified_gmt":"2025-12-12T16:48:21","slug":"empresas-del-giro-automotriz-farmaceutico-medico-alimentos-y-bebidas-manufacturero-y-logistica-en-el-pais-de-costa-rica","status":"publish","type":"product","link":"https:\/\/edirectorios.com.mx\/directorios-latinoamerica\/product\/empresas-del-giro-automotriz-farmaceutico-medico-alimentos-y-bebidas-manufacturero-y-logistica-en-el-pais-de-costa-rica\/","title":{"rendered":"Empresas del giro: automotriz, farmac\u00e9utico, m\u00e9dico, alimentos y bebidas, manufacturero Y log\u00edstica en el pa\u00eds de Costa Rica."},"content":{"rendered":"","protected":false},"excerpt":{"rendered":"<p>&nbsp;<\/p>\n<div class=\"row\">\n<div class=\"col-sm\"><strong>C\u00f3digo:<\/strong> <strong class=\"text-danger\">NASO-R5<\/strong><\/div>\n<div class=\"col-sm\"><strong>N\u00famero de registros: <\/strong>250<\/div>\n<\/div>\n<div class=\"row\">\n<div class=\"col-sm \"><strong>Folio: <\/strong><span class=\"text-danger\">OA1117B009<\/span><\/div>\n<\/div>\n<p><strong>Segmentaci\u00f3n:<\/strong><\/p>\n<div class=\"row\">\n<div class=\"col-sm \">Empresas del giro: automotriz, farmac\u00e9utico, medico, alimentos y bebidas, manufacturero Y log\u00edstica en el pa\u00eds de Costa Rica.<\/div>\n<\/div>\n<p><strong>Campos Contenidos:<\/strong><\/p>\n<div class=\"row\">\n<div class=\"col-sm \"><span class=\"text-justify\">Empresa \/ Giro \/ Direcci\u00f3n \/ Ciudad \/ Estado \/ Contacto \/ Puesto: Director General, Socio, Directivos, Gerentes o Tomador de decisi\u00f3n \/ Tel\u00e9fono \/ Email.<\/span><\/div>\n<\/div>\n<div class=\"row\">\n<div class=\"col-sm\">\n<p><strong>Garant\u00eda:\u00a0<\/strong>65%-75%<\/p>\n<p><strong>Precio Original:\u00a0<\/strong><del>$187 USD<\/del><\/p>\n<p><strong>Descuento Especial:\u00a0<\/strong><strong class=\"text-danger\">35%<\/strong><\/p>\n<\/div>\n<\/div>\n<div class=\"row\">\n<div class=\"col text-center\"><strong>Total a Pagar:\u00a0<\/strong><strong class=\"text-danger\">$121 USD<\/strong><\/div>\n<\/div>\n","protected":false},"featured_media":31010,"template":"","meta":{"_bst_post_transparent":"","_bst_post_title":"","_bst_post_layout":"","_bst_post_sidebar_id":"","_bst_post_content_style":"","_bst_post_vertical_padding":"","_bst_post_feature":"","_bst_post_feature_position":"","_bst_post_header":false,"_bst_post_footer":false},"product_brand":[],"product_cat":[1234,1233],"product_tag":[1062,1182,1260,1363,1063,1064,1067,1068,1377,1152,1069,1211,1153,1071,1074,1075,1076,1077,1078,1079,1155,1081,1082,1157,1083,1084,1085,1158,1086,1159,1214,1160,1339,1088,1089,1090,1361,1092,1093,1163,1097,1098,1099,1100,1101,1102,1104,1226,1165,1105,1228,1106,1107,1116,1117,1118,1378,1170,1133,1135,1136,1220,1137,1138,1139,1140,1142,1144,1145,1206,1172,1173,1174,1175,1146,1149],"product_brands":[],"class_list":{"0":"post-34129","1":"product","2":"type-product","3":"status-publish","4":"has-post-thumbnail","6":"product_cat-empresas","7":"product_cat-latinoamerica","8":"product_tag-b2c-email-database","9":"product_tag-base-de-datos","10":"product_tag-base-de-datos-alimentos","11":"product_tag-base-de-datos-automotriz","12":"product_tag-base-de-datos-campana-de-email-marketing","13":"product_tag-base-de-datos-campanas-de-email-marketing","14":"product_tag-base-de-datos-correo-masivo","15":"product_tag-base-de-datos-correo-masivos","16":"product_tag-base-de-datos-costa-rica","17":"product_tag-base-de-datos-de-directivos","18":"product_tag-base-de-datos-de-director-general","19":"product_tag-base-de-datos-de-empresas-b2b","20":"product_tag-base-de-datos-de-tomador-de-decision","21":"product_tag-base-de-datos-direct-e-mail-marketing","22":"product_tag-base-de-datos-email-marketer","23":"product_tag-base-de-datos-email-marketing","24":"product_tag-base-de-datos-email-masivos","25":"product_tag-base-de-datos-email-publicidad","26":"product_tag-base-de-datos-email-publicitario","27":"product_tag-base-de-datos-emailing","28":"product_tag-base-de-datos-empresas","29":"product_tag-base-de-datos-enviar-email-masivo","30":"product_tag-base-de-datos-envio-de-email-masivo","31":"product_tag-base-de-datos-envio-masivo","32":"product_tag-base-de-datos-envio-masivo-correo","33":"product_tag-base-de-datos-envio-masivo-correos","34":"product_tag-base-de-datos-envio-masivo-de-emails","35":"product_tag-base-de-datos-envio-masivos","36":"product_tag-base-de-datos-envios-de-correo-masivos","37":"product_tag-base-de-datos-envios-masivos","38":"product_tag-base-de-datos-farmaceutica","39":"product_tag-base-de-datos-gerente","40":"product_tag-base-de-datos-logistica","41":"product_tag-base-de-datos-marketing","42":"product_tag-base-de-datos-marketing-por-e-mail","43":"product_tag-base-de-datos-marketing-por-email","44":"product_tag-base-de-datos-medicos","45":"product_tag-base-de-datos-para-marketing","46":"product_tag-base-de-datos-publicidad-por-email","47":"product_tag-base-de-datos-socio","48":"product_tag-bases-de-datos-correos","49":"product_tag-bases-de-datos-correos-electronicos","50":"product_tag-bases-de-datos-de-emails","51":"product_tag-bases-de-datos-de-marketing","52":"product_tag-bases-de-datos-de-telefonos","53":"product_tag-bases-de-datos-email","54":"product_tag-bases-de-datos-emailing","55":"product_tag-bases-de-datos-emails","56":"product_tag-bases-de-datos-mailing","57":"product_tag-bases-de-datos-numeros-de-telefonos","58":"product_tag-bases-de-datos-para-ventas","59":"product_tag-bases-de-datos-telefono","60":"product_tag-bases-de-datos-telefonos-fijos","61":"product_tag-buy-email-database","62":"product_tag-buy-email-list","63":"product_tag-buy-email-list-database","64":"product_tag-costa-rica-database","65":"product_tag-database","66":"product_tag-email-address-list","67":"product_tag-email-lists","68":"product_tag-email-marketing-list","69":"product_tag-gerentes","70":"product_tag-list-of-email-addresses","71":"product_tag-lista-de-correos","72":"product_tag-lista-de-correos-electronicos","73":"product_tag-mail-marketing","74":"product_tag-mailing-list","75":"product_tag-marketing-correo-electronico","76":"product_tag-marketing-lists","77":"product_tag-phone","78":"product_tag-phone-database","79":"product_tag-phone-lists","80":"product_tag-phone-number","81":"product_tag-phone-number-list","82":"product_tag-publicidad-por-base-de-datos-correo-electronico","83":"product_tag-telefono","85":"first","86":"instock","87":"sale","88":"virtual","89":"purchasable","90":"product-type-simple","91":"entry","92":"content-bg","93":"loop-entry"},"aioseo_notices":[],"_links":{"self":[{"href":"https:\/\/edirectorios.com.mx\/directorios-latinoamerica\/wp-json\/wp\/v2\/product\/34129","targetHints":{"allow":["GET"]}}],"collection":[{"href":"https:\/\/edirectorios.com.mx\/directorios-latinoamerica\/wp-json\/wp\/v2\/product"}],"about":[{"href":"https:\/\/edirectorios.com.mx\/directorios-latinoamerica\/wp-json\/wp\/v2\/types\/product"}],"version-history":[{"count":1,"href":"https:\/\/edirectorios.com.mx\/directorios-latinoamerica\/wp-json\/wp\/v2\/product\/34129\/revisions"}],"predecessor-version":[{"id":34159,"href":"https:\/\/edirectorios.com.mx\/directorios-latinoamerica\/wp-json\/wp\/v2\/product\/34129\/revisions\/34159"}],"wp:featuredmedia":[{"embeddable":true,"href":"https:\/\/edirectorios.com.mx\/directorios-latinoamerica\/wp-json\/wp\/v2\/media\/31010"}],"wp:attachment":[{"href":"https:\/\/edirectorios.com.mx\/directorios-latinoamerica\/wp-json\/wp\/v2\/media?parent=34129"}],"wp:term":[{"taxonomy":"product_brand","embeddable":true,"href":"https:\/\/edirectorios.com.mx\/directorios-latinoamerica\/wp-json\/wp\/v2\/product_brand?post=34129"},{"taxonomy":"product_cat","embeddable":true,"href":"https:\/\/edirectorios.com.mx\/directorios-latinoamerica\/wp-json\/wp\/v2\/product_cat?post=34129"},{"taxonomy":"product_tag","embeddable":true,"href":"https:\/\/edirectorios.com.mx\/directorios-latinoamerica\/wp-json\/wp\/v2\/product_tag?post=34129"},{"taxonomy":"product_brands","embeddable":true,"href":"https:\/\/edirectorios.com.mx\/directorios-latinoamerica\/wp-json\/wp\/v2\/product_brands?post=34129"}],"curies":[{"name":"wp","href":"https:\/\/api.w.org\/{rel}","templated":true}]}}