{"id":34098,"date":"2025-12-12T16:47:44","date_gmt":"2025-12-12T16:47:44","guid":{"rendered":"https:\/\/edirectorios.com.mx\/directorios-latinoamerica\/?post_type=product&#038;p=34098"},"modified":"2025-12-12T16:48:13","modified_gmt":"2025-12-12T16:48:13","slug":"personas-fisicas-18-a-40-anos-con-ingresos-mayores-a-15000-pesos-mensuales-en-ciudad-de-mexico-y-estados-aledanos","status":"publish","type":"product","link":"https:\/\/edirectorios.com.mx\/directorios-latinoamerica\/product\/personas-fisicas-18-a-40-anos-con-ingresos-mayores-a-15000-pesos-mensuales-en-ciudad-de-mexico-y-estados-aledanos\/","title":{"rendered":"Personas f\u00edsicas, 18 a 40 a\u00f1os, con ingresos mayores a $15,000 pesos mensuales en Ciudad de M\u00e9xico y Estados Aleda\u00f1os"},"content":{"rendered":"","protected":false},"excerpt":{"rendered":"<p>&nbsp;<\/p>\n<div class=\"row\">\n<div class=\"col-sm\"><strong>C\u00f3digo:<\/strong> <strong class=\"text-danger\">QGIN-N1<\/strong><\/div>\n<div class=\"col-sm\"><strong>N\u00famero de registros: <\/strong>2,000<\/div>\n<\/div>\n<div class=\"row\">\n<div class=\"col-sm \"><strong>Folio: <\/strong><span class=\"text-danger\">SB1017B093<\/span><\/div>\n<\/div>\n<p><strong>Segmentaci\u00f3n:<\/strong><\/p>\n<div class=\"row\">\n<div class=\"col-sm \">Personas f\u00edsicas, 18 a 40 a\u00f1os, con ingresos mayores a $15,000 pesos mensuales en Ciudad de M\u00e9xico y Estados Aleda\u00f1os.<\/div>\n<\/div>\n<p><strong>Campos Contenidos:<\/strong><\/p>\n<div class=\"row\">\n<div class=\"col-sm \"><span class=\"text-justify\">Nombre \/ Direcci\u00f3n \/ Ciudad \/ Estado \/ Tel\u00e9fono \/ Email.<\/span><\/div>\n<\/div>\n<div class=\"row\">\n<div class=\"col-sm\">\n<p><strong>Garant\u00eda:\u00a0<\/strong>65%-75%<\/p>\n<p><strong>Precio Original:<del>\u00a0<\/del><\/strong><del>$497 USD<\/del><\/p>\n<p><strong>Descuento Especial:\u00a0<\/strong><strong class=\"text-danger\">35%<\/strong><\/p>\n<\/div>\n<\/div>\n<div class=\"row\">\n<div class=\"col text-center\"><strong>Total a Pagar:\u00a0<\/strong><strong class=\"text-danger\">$323 USD<\/strong><\/div>\n<\/div>\n","protected":false},"featured_media":31021,"template":"","meta":{"_bst_post_transparent":"","_bst_post_title":"","_bst_post_layout":"","_bst_post_sidebar_id":"","_bst_post_content_style":"","_bst_post_vertical_padding":"","_bst_post_feature":"","_bst_post_feature_position":"","_bst_post_header":false,"_bst_post_footer":false},"product_brand":[],"product_cat":[1266,1180],"product_tag":[1062,1063,1064,1066,1263,1067,1068,1186,1071,1073,1074,1075,1076,1077,1078,1079,1081,1082,1157,1083,1084,1085,1158,1086,1159,1088,1089,1090,1092,1189,1093,1097,1098,1099,1100,1101,1102,1104,1105,1106,1107,1190,1109,1116,1117,1118,1191,1192,1194,1195,1196,1197,1198,1199,1200,1201,1202,1265,1203,1204,1170,1132,1133,1134,1135,1136,1137,1138,1139,1140,1142,1143,1144,1145,1206,1172,1173,1174,1175,1146,1148,1149],"product_brands":[],"class_list":{"0":"post-34098","1":"product","2":"type-product","3":"status-publish","4":"has-post-thumbnail","6":"product_cat-consumidores","7":"product_cat-personas-en-mexico","8":"product_tag-b2c-email-database","9":"product_tag-base-de-datos-campana-de-email-marketing","10":"product_tag-base-de-datos-campanas-de-email-marketing","11":"product_tag-base-de-datos-ciudad-de-mexico","12":"product_tag-base-de-datos-consumidores","13":"product_tag-base-de-datos-correo-masivo","14":"product_tag-base-de-datos-correo-masivos","15":"product_tag-base-de-datos-de-personas-fisicas","16":"product_tag-base-de-datos-direct-e-mail-marketing","17":"product_tag-base-de-datos-e-mail-marketing","18":"product_tag-base-de-datos-email-marketer","19":"product_tag-base-de-datos-email-marketing","20":"product_tag-base-de-datos-email-masivos","21":"product_tag-base-de-datos-email-publicidad","22":"product_tag-base-de-datos-email-publicitario","23":"product_tag-base-de-datos-emailing","24":"product_tag-base-de-datos-enviar-email-masivo","25":"product_tag-base-de-datos-envio-de-email-masivo","26":"product_tag-base-de-datos-envio-masivo","27":"product_tag-base-de-datos-envio-masivo-correo","28":"product_tag-base-de-datos-envio-masivo-correos","29":"product_tag-base-de-datos-envio-masivo-de-emails","30":"product_tag-base-de-datos-envio-masivos","31":"product_tag-base-de-datos-envios-de-correo-masivos","32":"product_tag-base-de-datos-envios-masivos","33":"product_tag-base-de-datos-marketing","34":"product_tag-base-de-datos-marketing-por-e-mail","35":"product_tag-base-de-datos-marketing-por-email","36":"product_tag-base-de-datos-para-marketing","37":"product_tag-base-de-datos-personas-de-email-marketing","38":"product_tag-base-de-datos-publicidad-por-email","39":"product_tag-bases-de-datos-correos","40":"product_tag-bases-de-datos-correos-electronicos","41":"product_tag-bases-de-datos-de-emails","42":"product_tag-bases-de-datos-de-marketing","43":"product_tag-bases-de-datos-de-telefonos","44":"product_tag-bases-de-datos-email","45":"product_tag-bases-de-datos-emailing","46":"product_tag-bases-de-datos-numeros-de-telefonos","47":"product_tag-bases-de-datos-telefono","48":"product_tag-bases-de-datos-telefonos-fijos","49":"product_tag-big-consumer-database","50":"product_tag-business-contact-lists","51":"product_tag-buy-email-database","52":"product_tag-buy-email-list","53":"product_tag-buy-email-list-database","54":"product_tag-consumer-contact-lists","55":"product_tag-consumer-database","56":"product_tag-consumer-email-database","57":"product_tag-consumer-email-list","58":"product_tag-consumer-email-lists","59":"product_tag-consumer-list","60":"product_tag-consumer-mailing-database","61":"product_tag-consumer-mailing-list","62":"product_tag-consumer-mailing-lists","63":"product_tag-consumer-phone-list","64":"product_tag-correo-de-personas","65":"product_tag-correos-consumidores","66":"product_tag-correos-electronicos-de-personas","67":"product_tag-correos-electronicos-personas","68":"product_tag-database","69":"product_tag-e-mail-database","70":"product_tag-email-address-list","71":"product_tag-email-database","72":"product_tag-email-lists","73":"product_tag-email-marketing-list","74":"product_tag-list-of-email-addresses","75":"product_tag-lista-de-correos","76":"product_tag-lista-de-correos-electronicos","77":"product_tag-mail-marketing","78":"product_tag-mailing-list","79":"product_tag-marketing","80":"product_tag-marketing-correo-electronico","81":"product_tag-marketing-lists","82":"product_tag-phone","83":"product_tag-phone-database","84":"product_tag-phone-lists","85":"product_tag-phone-number","86":"product_tag-phone-number-list","87":"product_tag-publicidad-por-base-de-datos-correo-electronico","88":"product_tag-tele-marketing-list","89":"product_tag-telefono","91":"first","92":"instock","93":"sale","94":"virtual","95":"purchasable","96":"product-type-simple","97":"entry","98":"content-bg","99":"loop-entry"},"aioseo_notices":[],"_links":{"self":[{"href":"https:\/\/edirectorios.com.mx\/directorios-latinoamerica\/wp-json\/wp\/v2\/product\/34098","targetHints":{"allow":["GET"]}}],"collection":[{"href":"https:\/\/edirectorios.com.mx\/directorios-latinoamerica\/wp-json\/wp\/v2\/product"}],"about":[{"href":"https:\/\/edirectorios.com.mx\/directorios-latinoamerica\/wp-json\/wp\/v2\/types\/product"}],"version-history":[{"count":1,"href":"https:\/\/edirectorios.com.mx\/directorios-latinoamerica\/wp-json\/wp\/v2\/product\/34098\/revisions"}],"predecessor-version":[{"id":34150,"href":"https:\/\/edirectorios.com.mx\/directorios-latinoamerica\/wp-json\/wp\/v2\/product\/34098\/revisions\/34150"}],"wp:featuredmedia":[{"embeddable":true,"href":"https:\/\/edirectorios.com.mx\/directorios-latinoamerica\/wp-json\/wp\/v2\/media\/31021"}],"wp:attachment":[{"href":"https:\/\/edirectorios.com.mx\/directorios-latinoamerica\/wp-json\/wp\/v2\/media?parent=34098"}],"wp:term":[{"taxonomy":"product_brand","embeddable":true,"href":"https:\/\/edirectorios.com.mx\/directorios-latinoamerica\/wp-json\/wp\/v2\/product_brand?post=34098"},{"taxonomy":"product_cat","embeddable":true,"href":"https:\/\/edirectorios.com.mx\/directorios-latinoamerica\/wp-json\/wp\/v2\/product_cat?post=34098"},{"taxonomy":"product_tag","embeddable":true,"href":"https:\/\/edirectorios.com.mx\/directorios-latinoamerica\/wp-json\/wp\/v2\/product_tag?post=34098"},{"taxonomy":"product_brands","embeddable":true,"href":"https:\/\/edirectorios.com.mx\/directorios-latinoamerica\/wp-json\/wp\/v2\/product_brands?post=34098"}],"curies":[{"name":"wp","href":"https:\/\/api.w.org\/{rel}","templated":true}]}}