{"id":34096,"date":"2025-12-12T16:47:44","date_gmt":"2025-12-12T16:47:44","guid":{"rendered":"https:\/\/edirectorios.com.mx\/directorios-latinoamerica\/?post_type=product&#038;p=34096"},"modified":"2025-12-12T16:48:11","modified_gmt":"2025-12-12T16:48:11","slug":"empresas-del-sector-manufacturero-que-se-dediquen-a-productos-de-plastico-partes-para-vehiculos-automotores-empresas-del-sector-de-distribucion-y-financiero","status":"publish","type":"product","link":"https:\/\/edirectorios.com.mx\/directorios-latinoamerica\/product\/empresas-del-sector-manufacturero-que-se-dediquen-a-productos-de-plastico-partes-para-vehiculos-automotores-empresas-del-sector-de-distribucion-y-financiero\/","title":{"rendered":"Empresas del sector manufacturero que se dediquen a: productos de pl\u00e1stico, partes para veh\u00edculos automotores&#8230;, Empresas del sector de distribuci\u00f3n y financiero."},"content":{"rendered":"","protected":false},"excerpt":{"rendered":"<p>&nbsp;<\/p>\n<div class=\"row\">\n<div class=\"col-sm\"><strong>C\u00f3digo:<\/strong> <strong class=\"text-danger\">NAPU-D6<\/strong><\/div>\n<div class=\"col-sm\"><strong>N\u00famero de registros: <\/strong>1,000<\/div>\n<\/div>\n<div class=\"row\">\n<div class=\"col-sm \"><strong>Folio:\u00a0<\/strong><span class=\"text-danger\">CC0517B092<\/span><\/div>\n<\/div>\n<p><strong>Segmentaci\u00f3n:<\/strong><\/p>\n<div class=\"row\">\n<div class=\"col-sm \">Empresas del sector manufacturero que se dediquen a: productos de pl\u00e1stico, partes para veh\u00edculos automotores, componentes el\u00e9ctricos, confecci\u00f3n de prendas de vestir, equipo no el\u00e9ctrico dental y oft\u00e1lmico, industria de las bebidas, autom\u00f3viles y camionetas, productos farmac\u00e9uticos, chocolates dulces y similares y aparatos el\u00e9ctricos de uso domestico y empresas de comercio de: materias primas para la industria al por mayor, autom\u00f3viles y camionetas al por menor, lubricantes y combustibles al por mayor, productos farmac\u00e9uticos al por mayor, refacciones para autom\u00f3viles al por menor y ferreter\u00edas y tlapaler\u00edas y Empresas del sector de distribuci\u00f3n y financiero. que tengan de 31 a 100 empleados cuya facturaci\u00f3n sea Entre 5-20 millones d\u00f3lares anuales( 600 registros) Entre 20-100 millones de dolares anuales (400 registros).<\/div>\n<\/div>\n<p><strong>Campos Contenidos:<\/strong><\/p>\n<div class=\"row\">\n<div class=\"col-sm \"><span class=\"text-justify\">Empresa \/ Giro\/ c\u00f3digo SCIAN \/ Rango de empleados\/ Monto de facturaci\u00f3n\/ Direcci\u00f3n \/c\u00f3digo postal\/ Ciudad \/ Estado \/ Contacto \/ Puesto: gerente o directores de sistemas o gerentes o directores de tecnolog\u00edas de la informaci\u00f3n\/ Tel\u00e9fono \/ Email.<\/span><\/div>\n<\/div>\n<div class=\"row\">\n<div class=\"col-sm\">\n<p><strong>Garant\u00eda:\u00a0<\/strong>65%-75%<\/p>\n<p><strong>Precio Original:\u00a0<\/strong><del>$1362 USD<\/del><\/p>\n<p><strong>Descuento Especial:\u00a0<\/strong><strong class=\"text-danger\">35%<\/strong><\/p>\n<\/div>\n<\/div>\n<div class=\"row\">\n<div class=\"col text-center\"><strong>Total a Pagar:\u00a0<\/strong><strong class=\"text-danger\">$886 USD<\/strong><\/div>\n<\/div>\n","protected":false},"featured_media":31017,"template":"","meta":{"_bst_post_transparent":"","_bst_post_title":"","_bst_post_layout":"","_bst_post_sidebar_id":"","_bst_post_content_style":"","_bst_post_vertical_padding":"","_bst_post_feature":"","_bst_post_feature_position":"","_bst_post_header":false,"_bst_post_footer":false},"product_brand":[],"product_cat":[1060,1259],"product_tag":[1062,1063,1064,1067,1068,1071,1072,1359,1074,1075,1076,1077,1078,1079,1080,1081,1082,1083,1084,1085,1086,1160,1261,1088,1090,1093,1285,1097,1098,1099,1101,1246,1102,1103,1104,1226,1105,1106,1107,1229,1111,1112,1114,1115,1116,1117,1118,1119,1120,1121,1122,1123,1124,1170,1132,1133,1134,1135,1136,1219,1220,1137,1138,1139,1140,1141,1142,1144,1145,1206,1172,1173,1174,1175,1146,1149],"product_brands":[],"class_list":{"0":"post-34096","1":"product","2":"type-product","3":"status-publish","4":"has-post-thumbnail","6":"product_cat-empresas-en-mexico","7":"product_cat-manufactureras","8":"product_tag-b2c-email-database","9":"product_tag-base-de-datos-campana-de-email-marketing","10":"product_tag-base-de-datos-campanas-de-email-marketing","11":"product_tag-base-de-datos-correo-masivo","12":"product_tag-base-de-datos-correo-masivos","13":"product_tag-base-de-datos-direct-e-mail-marketing","14":"product_tag-base-de-datos-director","15":"product_tag-base-de-datos-director-de-tecnologia","16":"product_tag-base-de-datos-email-marketer","17":"product_tag-base-de-datos-email-marketing","18":"product_tag-base-de-datos-email-masivos","19":"product_tag-base-de-datos-email-publicidad","20":"product_tag-base-de-datos-email-publicitario","21":"product_tag-base-de-datos-emailing","22":"product_tag-base-de-datos-empresas-de-email-marketing","23":"product_tag-base-de-datos-enviar-email-masivo","24":"product_tag-base-de-datos-envio-de-email-masivo","25":"product_tag-base-de-datos-envio-masivo-correo","26":"product_tag-base-de-datos-envio-masivo-correos","27":"product_tag-base-de-datos-envio-masivo-de-emails","28":"product_tag-base-de-datos-envios-de-correo-masivos","29":"product_tag-base-de-datos-gerente","30":"product_tag-base-de-datos-manufacturera","31":"product_tag-base-de-datos-marketing","32":"product_tag-base-de-datos-marketing-por-email","33":"product_tag-base-de-datos-publicidad-por-email","34":"product_tag-base-de-datos-sistemas","35":"product_tag-bases-de-datos-correos","36":"product_tag-bases-de-datos-correos-electronicos","37":"product_tag-bases-de-datos-de-emails","38":"product_tag-bases-de-datos-de-telefonos","39":"product_tag-bases-de-datos-director-de-ti","40":"product_tag-bases-de-datos-email","41":"product_tag-bases-de-datos-email-empresas","42":"product_tag-bases-de-datos-emailing","43":"product_tag-bases-de-datos-emails","44":"product_tag-bases-de-datos-numeros-de-telefonos","45":"product_tag-bases-de-datos-telefono","46":"product_tag-bases-de-datos-telefonos-fijos","47":"product_tag-big-corporates-database","48":"product_tag-business-email-database","49":"product_tag-business-email-list","50":"product_tag-business-mailing-database","51":"product_tag-business-mailing-lists","52":"product_tag-buy-email-database","53":"product_tag-buy-email-list","54":"product_tag-buy-email-list-database","55":"product_tag-company-database","56":"product_tag-correo-de-empresas","57":"product_tag-correos-de-empresas","58":"product_tag-correos-electronicos-de-empresas","59":"product_tag-correos-electronicos-empresas","60":"product_tag-correos-empresariales","61":"product_tag-database","62":"product_tag-e-mail-database","63":"product_tag-email-address-list","64":"product_tag-email-database","65":"product_tag-email-lists","66":"product_tag-email-marketing-list","67":"product_tag-engineering-services-databases","68":"product_tag-gerentes","69":"product_tag-list-of-email-addresses","70":"product_tag-lista-de-correos","71":"product_tag-lista-de-correos-electronicos","72":"product_tag-mail-marketing","73":"product_tag-mailing-database","74":"product_tag-mailing-list","75":"product_tag-marketing-correo-electronico","76":"product_tag-marketing-lists","77":"product_tag-phone","78":"product_tag-phone-database","79":"product_tag-phone-lists","80":"product_tag-phone-number","81":"product_tag-phone-number-list","82":"product_tag-publicidad-por-base-de-datos-correo-electronico","83":"product_tag-telefono","85":"first","86":"instock","87":"sale","88":"virtual","89":"purchasable","90":"product-type-simple","91":"entry","92":"content-bg","93":"loop-entry"},"aioseo_notices":[],"_links":{"self":[{"href":"https:\/\/edirectorios.com.mx\/directorios-latinoamerica\/wp-json\/wp\/v2\/product\/34096","targetHints":{"allow":["GET"]}}],"collection":[{"href":"https:\/\/edirectorios.com.mx\/directorios-latinoamerica\/wp-json\/wp\/v2\/product"}],"about":[{"href":"https:\/\/edirectorios.com.mx\/directorios-latinoamerica\/wp-json\/wp\/v2\/types\/product"}],"version-history":[{"count":1,"href":"https:\/\/edirectorios.com.mx\/directorios-latinoamerica\/wp-json\/wp\/v2\/product\/34096\/revisions"}],"predecessor-version":[{"id":34148,"href":"https:\/\/edirectorios.com.mx\/directorios-latinoamerica\/wp-json\/wp\/v2\/product\/34096\/revisions\/34148"}],"wp:featuredmedia":[{"embeddable":true,"href":"https:\/\/edirectorios.com.mx\/directorios-latinoamerica\/wp-json\/wp\/v2\/media\/31017"}],"wp:attachment":[{"href":"https:\/\/edirectorios.com.mx\/directorios-latinoamerica\/wp-json\/wp\/v2\/media?parent=34096"}],"wp:term":[{"taxonomy":"product_brand","embeddable":true,"href":"https:\/\/edirectorios.com.mx\/directorios-latinoamerica\/wp-json\/wp\/v2\/product_brand?post=34096"},{"taxonomy":"product_cat","embeddable":true,"href":"https:\/\/edirectorios.com.mx\/directorios-latinoamerica\/wp-json\/wp\/v2\/product_cat?post=34096"},{"taxonomy":"product_tag","embeddable":true,"href":"https:\/\/edirectorios.com.mx\/directorios-latinoamerica\/wp-json\/wp\/v2\/product_tag?post=34096"},{"taxonomy":"product_brands","embeddable":true,"href":"https:\/\/edirectorios.com.mx\/directorios-latinoamerica\/wp-json\/wp\/v2\/product_brands?post=34096"}],"curies":[{"name":"wp","href":"https:\/\/api.w.org\/{rel}","templated":true}]}}