{"id":34050,"date":"2025-12-12T16:47:18","date_gmt":"2025-12-12T16:47:18","guid":{"rendered":"https:\/\/edirectorios.com.mx\/directorios-latinoamerica\/?post_type=product&#038;p=34050"},"modified":"2025-12-12T16:47:38","modified_gmt":"2025-12-12T16:47:38","slug":"empresas-medianas-y-grandes-en-culiacan-mazatlan-los-mochis-sinaloa-y-pequenas-en-culiacan-ademas-de-universidades-publicas-y-privadas-en-mexico","status":"publish","type":"product","link":"https:\/\/edirectorios.com.mx\/directorios-latinoamerica\/product\/empresas-medianas-y-grandes-en-culiacan-mazatlan-los-mochis-sinaloa-y-pequenas-en-culiacan-ademas-de-universidades-publicas-y-privadas-en-mexico\/","title":{"rendered":"Empresas medianas y grandes en Culiac\u00e1n, Mazatl\u00e1n, Los Mochis, Sinaloa y peque\u00f1as en Culiac\u00e1n adem\u00e1s de  Universidades p\u00fablicas y privadas en M\u00e9xico."},"content":{"rendered":"","protected":false},"excerpt":{"rendered":"<p>&nbsp;<\/p>\n<div class=\"row\">\n<div class=\"col-sm\"><strong>C\u00f3digo:<\/strong> <strong class=\"text-danger\">MIVG-T8<\/strong><\/div>\n<div class=\"col-sm\"><strong>N\u00famero de registros: <\/strong>500<\/div>\n<\/div>\n<div class=\"row\">\n<div class=\"col-sm \"><strong>Folio: <\/strong><span class=\"text-danger\">MB0117MB007<\/span><\/div>\n<\/div>\n<p><strong>Segmentaci\u00f3n:<\/strong><\/p>\n<div class=\"row\">\n<div class=\"col-sm \"><span class=\"text-justify\">*Empresas medianas y grandes en las ciudades de Culiac\u00e1n (200 registros), Mazatl\u00e1n, Los Mochis (50 registros) Sinaloa  y empresas peque\u00f1as de m\u00e1s de 20 empleados en la ciudad de Culiac\u00e1n. Principalmente medianas y grandes y la mayor\u00eda en Culiac\u00e1n (250 REGISTROS).<br \/>                                                   *Universidades p\u00fablicas y privadas m\u00e1s prestigiosas de las principales ciudades del pa\u00eds (250 REGISTROS).<\/span><\/div>\n<\/div>\n<p><strong>Campos Contenidos:<\/strong><\/p>\n<div class=\"row\">\n<div class=\"col-sm \"><span class=\"text-justify\">*Empresa \/ Direcci\u00f3n \/ Ciudad \/ Numero de empleados \/ Estado \/ Contacto \/ Puesto: Director General, Socio, Directivos Generales, Gerente General o Due\u00f1o \/ Tel\u00e9fono \/ Email.<br \/>                                                                                                       *Universidad\/ Direcci\u00f3n \/ Ciudad \/ Estado \/ Contacto \/ Puesto: Rector o Director  \/ Tel\u00e9fono \/ Email.<\/span><\/div>\n<\/div>\n<div class=\"row\">\n<div class=\"col-sm\"><strong>Garant\u00eda: <\/strong>65%-75%<\/p>\n<p><strong >Precio Original: <\/strong><span style=\"text-decoration: line-through;\">$282 USD<\/span><\/p>\n<p><strong>Descuento Especial: <\/strong><strong class=\"text-danger\">35%<\/strong><\/div>\n<\/div>\n<div class=\"row\">\n<div class=\"col text-center\"><strong>Total a Pagar: <\/strong><strong class=\"text-danger\">$184 USD<\/strong><\/div>\n<\/div>\n","protected":false},"featured_media":31023,"template":"","meta":{"_bst_post_transparent":"","_bst_post_title":"","_bst_post_layout":"","_bst_post_sidebar_id":"","_bst_post_content_style":"","_bst_post_vertical_padding":"","_bst_post_feature":"","_bst_post_feature_position":"","_bst_post_header":false,"_bst_post_footer":false},"product_brand":[],"product_cat":[1060,1267],"product_tag":[1062,1182,1063,1064,1222,1067,1068,1338,1152,1069,1211,1274,1071,1072,1073,1074,1075,1076,1077,1078,1079,1212,1213,1155,1080,1242,1243,1081,1156,1082,1083,1084,1085,1086,1160,1161,1162,1088,1089,1090,1275,1092,1225,1093,1316,1163,1368,1097,1098,1099,1100,1101,1102,1103,1104,1226,1165,1105,1228,1106,1107,1109,1110,1111,1112,1113,1114,1115,1116,1117,1118,1166,1119,1167,1120,1121,1122,1123,1124,1170,1127,1128,1129,1131,1310,1279,1132,1133,1134,1135,1136,1276,1220,1137,1138,1139,1140,1141,1142,1144,1145,1172,1173,1174,1175,1146,1148,1149,1231,1232],"product_brands":[],"class_list":{"0":"post-34050","1":"product","2":"type-product","3":"status-publish","4":"has-post-thumbnail","6":"product_cat-empresas-en-mexico","7":"product_cat-empresas-grandes","8":"product_tag-b2c-email-database","9":"product_tag-base-de-datos","10":"product_tag-base-de-datos-campana-de-email-marketing","11":"product_tag-base-de-datos-campanas-de-email-marketing","12":"product_tag-base-de-datos-compras","13":"product_tag-base-de-datos-correo-masivo","14":"product_tag-base-de-datos-correo-masivos","15":"product_tag-base-de-datos-culiacan","16":"product_tag-base-de-datos-de-directivos","17":"product_tag-base-de-datos-de-director-general","18":"product_tag-base-de-datos-de-empresas-b2b","19":"product_tag-base-de-datos-de-empresas-en-mexico","20":"product_tag-base-de-datos-direct-e-mail-marketing","21":"product_tag-base-de-datos-director","22":"product_tag-base-de-datos-e-mail-marketing","23":"product_tag-base-de-datos-email-marketer","24":"product_tag-base-de-datos-email-marketing","25":"product_tag-base-de-datos-email-masivos","26":"product_tag-base-de-datos-email-publicidad","27":"product_tag-base-de-datos-email-publicitario","28":"product_tag-base-de-datos-emailing","29":"product_tag-base-de-datos-empresa","30":"product_tag-base-de-datos-empresarial","31":"product_tag-base-de-datos-empresas","32":"product_tag-base-de-datos-empresas-de-email-marketing","33":"product_tag-base-de-datos-empresas-grandes","34":"product_tag-base-de-datos-empresas-medianas","35":"product_tag-base-de-datos-enviar-email-masivo","36":"product_tag-base-de-datos-enviar-mailing","37":"product_tag-base-de-datos-envio-de-email-masivo","38":"product_tag-base-de-datos-envio-masivo-correo","39":"product_tag-base-de-datos-envio-masivo-correos","40":"product_tag-base-de-datos-envio-masivo-de-emails","41":"product_tag-base-de-datos-envios-de-correo-masivos","42":"product_tag-base-de-datos-gerente","43":"product_tag-base-de-datos-mailing","44":"product_tag-base-de-datos-mailing-masivo","45":"product_tag-base-de-datos-marketing","46":"product_tag-base-de-datos-marketing-por-e-mail","47":"product_tag-base-de-datos-marketing-por-email","48":"product_tag-base-de-datos-para-empresas","49":"product_tag-base-de-datos-para-marketing","50":"product_tag-base-de-datos-para-ventas","51":"product_tag-base-de-datos-publicidad-por-email","52":"product_tag-base-de-datos-sinaloa","53":"product_tag-base-de-datos-socio","54":"product_tag-base-de-datos-universidades","55":"product_tag-bases-de-datos-correos","56":"product_tag-bases-de-datos-correos-electronicos","57":"product_tag-bases-de-datos-de-emails","58":"product_tag-bases-de-datos-de-marketing","59":"product_tag-bases-de-datos-de-telefonos","60":"product_tag-bases-de-datos-email","61":"product_tag-bases-de-datos-email-empresas","62":"product_tag-bases-de-datos-emailing","63":"product_tag-bases-de-datos-emails","64":"product_tag-bases-de-datos-mailing","65":"product_tag-bases-de-datos-numeros-de-telefonos","66":"product_tag-bases-de-datos-para-ventas","67":"product_tag-bases-de-datos-telefono","68":"product_tag-bases-de-datos-telefonos-fijos","69":"product_tag-business-contact-lists","70":"product_tag-business-directory","71":"product_tag-business-email-database","72":"product_tag-business-email-list","73":"product_tag-business-email-lists","74":"product_tag-business-mailing-database","75":"product_tag-business-mailing-lists","76":"product_tag-buy-email-database","77":"product_tag-buy-email-list","78":"product_tag-buy-email-list-database","79":"product_tag-companies-email-address-list","80":"product_tag-company-database","81":"product_tag-company-email-address-list","82":"product_tag-correo-de-empresas","83":"product_tag-correos-de-empresas","84":"product_tag-correos-electronicos-de-empresas","85":"product_tag-correos-electronicos-empresas","86":"product_tag-correos-empresariales","87":"product_tag-database","88":"product_tag-directorio-empresarial","89":"product_tag-directorio-empresariales","90":"product_tag-directorio-empresas","91":"product_tag-directorios-empresas","92":"product_tag-directorios-en-mexico","93":"product_tag-dueno","94":"product_tag-e-mail-database","95":"product_tag-email-address-list","96":"product_tag-email-database","97":"product_tag-email-lists","98":"product_tag-email-marketing-list","99":"product_tag-empresas","100":"product_tag-gerentes","101":"product_tag-list-of-email-addresses","102":"product_tag-lista-de-correos","103":"product_tag-lista-de-correos-electronicos","104":"product_tag-mail-marketing","105":"product_tag-mailing-database","106":"product_tag-mailing-list","107":"product_tag-marketing-correo-electronico","108":"product_tag-marketing-lists","109":"product_tag-phone-database","110":"product_tag-phone-lists","111":"product_tag-phone-number","112":"product_tag-phone-number-list","113":"product_tag-publicidad-por-base-de-datos-correo-electronico","114":"product_tag-tele-marketing-list","115":"product_tag-telefono","116":"product_tag-venta-base-de-datos","117":"product_tag-venta-de-base-de-datos-de-empresas","119":"first","120":"instock","121":"sale","122":"virtual","123":"purchasable","124":"product-type-simple","125":"entry","126":"content-bg","127":"loop-entry"},"aioseo_notices":[],"_links":{"self":[{"href":"https:\/\/edirectorios.com.mx\/directorios-latinoamerica\/wp-json\/wp\/v2\/product\/34050","targetHints":{"allow":["GET"]}}],"collection":[{"href":"https:\/\/edirectorios.com.mx\/directorios-latinoamerica\/wp-json\/wp\/v2\/product"}],"about":[{"href":"https:\/\/edirectorios.com.mx\/directorios-latinoamerica\/wp-json\/wp\/v2\/types\/product"}],"version-history":[{"count":1,"href":"https:\/\/edirectorios.com.mx\/directorios-latinoamerica\/wp-json\/wp\/v2\/product\/34050\/revisions"}],"predecessor-version":[{"id":34080,"href":"https:\/\/edirectorios.com.mx\/directorios-latinoamerica\/wp-json\/wp\/v2\/product\/34050\/revisions\/34080"}],"wp:featuredmedia":[{"embeddable":true,"href":"https:\/\/edirectorios.com.mx\/directorios-latinoamerica\/wp-json\/wp\/v2\/media\/31023"}],"wp:attachment":[{"href":"https:\/\/edirectorios.com.mx\/directorios-latinoamerica\/wp-json\/wp\/v2\/media?parent=34050"}],"wp:term":[{"taxonomy":"product_brand","embeddable":true,"href":"https:\/\/edirectorios.com.mx\/directorios-latinoamerica\/wp-json\/wp\/v2\/product_brand?post=34050"},{"taxonomy":"product_cat","embeddable":true,"href":"https:\/\/edirectorios.com.mx\/directorios-latinoamerica\/wp-json\/wp\/v2\/product_cat?post=34050"},{"taxonomy":"product_tag","embeddable":true,"href":"https:\/\/edirectorios.com.mx\/directorios-latinoamerica\/wp-json\/wp\/v2\/product_tag?post=34050"},{"taxonomy":"product_brands","embeddable":true,"href":"https:\/\/edirectorios.com.mx\/directorios-latinoamerica\/wp-json\/wp\/v2\/product_brands?post=34050"}],"curies":[{"name":"wp","href":"https:\/\/api.w.org\/{rel}","templated":true}]}}