{"id":33994,"date":"2025-12-12T16:46:51","date_gmt":"2025-12-12T16:46:51","guid":{"rendered":"https:\/\/edirectorios.com.mx\/directorios-latinoamerica\/?post_type=product&#038;p=33994"},"modified":"2025-12-12T16:47:04","modified_gmt":"2025-12-12T16:47:04","slug":"despachos-juridicos-medianos-y-grandes-en-la-ciudad-de-mexico-y-area-metropolitana","status":"publish","type":"product","link":"https:\/\/edirectorios.com.mx\/directorios-latinoamerica\/product\/despachos-juridicos-medianos-y-grandes-en-la-ciudad-de-mexico-y-area-metropolitana\/","title":{"rendered":"Despachos Jur\u00eddicos medianos y grandes en la Ciudad de M\u00e9xico y \u00c1rea Metropolitana."},"content":{"rendered":"","protected":false},"excerpt":{"rendered":"<p>&nbsp;<\/p>\n<div class=\"row\">\n<div class=\"col-sm\"><strong>C\u00f3digo: <span style=\"color: #ff0000;\">DHMI-P9<\/span><\/strong><\/div>\n<div class=\"col-sm\"><strong>N\u00famero de registros: 2400<\/strong><\/div>\n<\/div>\n<div class=\"row\">\n<div class=\"col-sm \"><strong>Folio: <span style=\"color: #ff0000;\">03PADB0217-004<\/span><\/strong><\/div>\n<\/div>\n<p><strong>Segmentaci\u00f3n:<\/strong><\/p>\n<div class=\"row\">\n<div class=\"col-sm \">Despachos Jur\u00eddicos medianos y grandes en la Ciudad de M\u00e9xico y \u00c1rea Metropolitana.<\/div>\n<\/div>\n<p><strong>Campos Contenidos:<\/strong><\/p>\n<div class=\"row\">\n<div class=\"col-sm \">Empresa \/ Giro \/ Direcci\u00f3n \/ Ciudad \/ Estado \/ Contacto \/ Puesto: Director General o Socios o Directivos o Gerentes Generales o Tomadores de decisi\u00f3n \/ Tel\u00e9fono \/ Email.<\/div>\n<\/div>\n<div class=\"row\">\n<div class=\"col-sm\"><strong>Garant\u00eda:\u00a0<\/strong>65%-75%\u00a0<strong>Precio Original:<del>\u00a0<\/del><\/strong><del>$1133 USD<\/del> <strong>Descuento Especial:\u00a0<\/strong><span style=\"color: #ff0000;\"><strong class=\"text-danger\">35%<\/strong><\/span><\/div>\n<\/div>\n<div class=\"row\">\n<div class=\"col text-center\"><strong>Total a Pagar:\u00a0<\/strong><span style=\"color: #ff0000;\"><strong class=\"text-danger\">$736 USD<\/strong><\/span><\/div>\n<\/div>\n","protected":false},"featured_media":31131,"template":"","meta":{"_bst_post_transparent":"","_bst_post_title":"","_bst_post_layout":"","_bst_post_sidebar_id":"","_bst_post_content_style":"","_bst_post_vertical_padding":"","_bst_post_feature":"","_bst_post_feature_position":"","_bst_post_header":false,"_bst_post_footer":false},"product_brand":[],"product_cat":[1340,1060,1354],"product_tag":[1062,1063,1064,1066,1067,1068,1342,1152,1069,1153,1071,1074,1075,1076,1077,1078,1079,1080,1081,1082,1157,1083,1084,1085,1158,1086,1159,1088,1090,1093,1163,1096,1097,1098,1099,1101,1102,1103,1104,1105,1106,1107,1229,1109,1111,1112,1113,1114,1115,1116,1117,1118,1166,1119,1167,1120,1121,1122,1123,1124,1170,1332,1132,1133,1134,1135,1136,1220,1137,1138,1139,1140,1141,1142,1144,1145,1206,1172,1173,1174,1175,1146,1149],"product_brands":[],"class_list":{"0":"post-33994","1":"product","2":"type-product","3":"status-publish","4":"has-post-thumbnail","6":"product_cat-despachos","7":"product_cat-empresas-en-mexico","8":"product_cat-juridicos","9":"product_tag-b2c-email-database","10":"product_tag-base-de-datos-campana-de-email-marketing","11":"product_tag-base-de-datos-campanas-de-email-marketing","12":"product_tag-base-de-datos-ciudad-de-mexico","13":"product_tag-base-de-datos-correo-masivo","14":"product_tag-base-de-datos-correo-masivos","15":"product_tag-base-de-datos-de-despachos","16":"product_tag-base-de-datos-de-directivos","17":"product_tag-base-de-datos-de-director-general","18":"product_tag-base-de-datos-de-tomador-de-decision","19":"product_tag-base-de-datos-direct-e-mail-marketing","20":"product_tag-base-de-datos-email-marketer","21":"product_tag-base-de-datos-email-marketing","22":"product_tag-base-de-datos-email-masivos","23":"product_tag-base-de-datos-email-publicidad","24":"product_tag-base-de-datos-email-publicitario","25":"product_tag-base-de-datos-emailing","26":"product_tag-base-de-datos-empresas-de-email-marketing","27":"product_tag-base-de-datos-enviar-email-masivo","28":"product_tag-base-de-datos-envio-de-email-masivo","29":"product_tag-base-de-datos-envio-masivo","30":"product_tag-base-de-datos-envio-masivo-correo","31":"product_tag-base-de-datos-envio-masivo-correos","32":"product_tag-base-de-datos-envio-masivo-de-emails","33":"product_tag-base-de-datos-envio-masivos","34":"product_tag-base-de-datos-envios-de-correo-masivos","35":"product_tag-base-de-datos-envios-masivos","36":"product_tag-base-de-datos-marketing","37":"product_tag-base-de-datos-marketing-por-email","38":"product_tag-base-de-datos-publicidad-por-email","39":"product_tag-base-de-datos-socio","40":"product_tag-base-de-datos-zona-metropolitana","41":"product_tag-bases-de-datos-correos","42":"product_tag-bases-de-datos-correos-electronicos","43":"product_tag-bases-de-datos-de-emails","44":"product_tag-bases-de-datos-de-telefonos","45":"product_tag-bases-de-datos-email","46":"product_tag-bases-de-datos-email-empresas","47":"product_tag-bases-de-datos-emailing","48":"product_tag-bases-de-datos-numeros-de-telefonos","49":"product_tag-bases-de-datos-telefono","50":"product_tag-bases-de-datos-telefonos-fijos","51":"product_tag-big-corporates-database","52":"product_tag-business-contact-lists","53":"product_tag-business-email-database","54":"product_tag-business-email-list","55":"product_tag-business-email-lists","56":"product_tag-business-mailing-database","57":"product_tag-business-mailing-lists","58":"product_tag-buy-email-database","59":"product_tag-buy-email-list","60":"product_tag-buy-email-list-database","61":"product_tag-companies-email-address-list","62":"product_tag-company-database","63":"product_tag-company-email-address-list","64":"product_tag-correo-de-empresas","65":"product_tag-correos-de-empresas","66":"product_tag-correos-electronicos-de-empresas","67":"product_tag-correos-electronicos-empresas","68":"product_tag-correos-empresariales","69":"product_tag-database","70":"product_tag-decision-makers-database","71":"product_tag-e-mail-database","72":"product_tag-email-address-list","73":"product_tag-email-database","74":"product_tag-email-lists","75":"product_tag-email-marketing-list","76":"product_tag-gerentes","77":"product_tag-list-of-email-addresses","78":"product_tag-lista-de-correos","79":"product_tag-lista-de-correos-electronicos","80":"product_tag-mail-marketing","81":"product_tag-mailing-database","82":"product_tag-mailing-list","83":"product_tag-marketing-correo-electronico","84":"product_tag-marketing-lists","85":"product_tag-phone","86":"product_tag-phone-database","87":"product_tag-phone-lists","88":"product_tag-phone-number","89":"product_tag-phone-number-list","90":"product_tag-publicidad-por-base-de-datos-correo-electronico","91":"product_tag-telefono","93":"first","94":"instock","95":"sale","96":"virtual","97":"purchasable","98":"product-type-simple","99":"entry","100":"content-bg","101":"loop-entry"},"aioseo_notices":[],"_links":{"self":[{"href":"https:\/\/edirectorios.com.mx\/directorios-latinoamerica\/wp-json\/wp\/v2\/product\/33994","targetHints":{"allow":["GET"]}}],"collection":[{"href":"https:\/\/edirectorios.com.mx\/directorios-latinoamerica\/wp-json\/wp\/v2\/product"}],"about":[{"href":"https:\/\/edirectorios.com.mx\/directorios-latinoamerica\/wp-json\/wp\/v2\/types\/product"}],"version-history":[{"count":1,"href":"https:\/\/edirectorios.com.mx\/directorios-latinoamerica\/wp-json\/wp\/v2\/product\/33994\/revisions"}],"predecessor-version":[{"id":34024,"href":"https:\/\/edirectorios.com.mx\/directorios-latinoamerica\/wp-json\/wp\/v2\/product\/33994\/revisions\/34024"}],"wp:featuredmedia":[{"embeddable":true,"href":"https:\/\/edirectorios.com.mx\/directorios-latinoamerica\/wp-json\/wp\/v2\/media\/31131"}],"wp:attachment":[{"href":"https:\/\/edirectorios.com.mx\/directorios-latinoamerica\/wp-json\/wp\/v2\/media?parent=33994"}],"wp:term":[{"taxonomy":"product_brand","embeddable":true,"href":"https:\/\/edirectorios.com.mx\/directorios-latinoamerica\/wp-json\/wp\/v2\/product_brand?post=33994"},{"taxonomy":"product_cat","embeddable":true,"href":"https:\/\/edirectorios.com.mx\/directorios-latinoamerica\/wp-json\/wp\/v2\/product_cat?post=33994"},{"taxonomy":"product_tag","embeddable":true,"href":"https:\/\/edirectorios.com.mx\/directorios-latinoamerica\/wp-json\/wp\/v2\/product_tag?post=33994"},{"taxonomy":"product_brands","embeddable":true,"href":"https:\/\/edirectorios.com.mx\/directorios-latinoamerica\/wp-json\/wp\/v2\/product_brands?post=33994"}],"curies":[{"name":"wp","href":"https:\/\/api.w.org\/{rel}","templated":true}]}}