{"id":33965,"date":"2025-12-12T16:46:28","date_gmt":"2025-12-12T16:46:28","guid":{"rendered":"https:\/\/edirectorios.com.mx\/directorios-latinoamerica\/?post_type=product&#038;p=33965"},"modified":"2025-12-12T16:46:59","modified_gmt":"2025-12-12T16:46:59","slug":"embajadas-y-consulados-en-las-colonias-tabacalera-condesa-roma-norte-roma-sur-juarez-polanco-y-cuauhtemoc-de-la-ciudad-de-mexico","status":"publish","type":"product","link":"https:\/\/edirectorios.com.mx\/directorios-latinoamerica\/product\/embajadas-y-consulados-en-las-colonias-tabacalera-condesa-roma-norte-roma-sur-juarez-polanco-y-cuauhtemoc-de-la-ciudad-de-mexico\/","title":{"rendered":"Embajadas y consulados en las Colonias Tabacalera, Condesa, Roma Norte, Roma Sur, Ju\u00e1rez, Polanco y Cuauht\u00e9moc de la Ciudad de M\u00e9xico."},"content":{"rendered":"","protected":false},"excerpt":{"rendered":"<p>&nbsp;<\/p>\n<div class=\"row\">\n<div class=\"col-sm\"><strong>C\u00f3digo:<\/strong> <strong class=\"text-danger\">BMAYD0<\/strong><\/div>\n<div class=\"col-sm\"><strong>N\u00famero de registros:\u00a0<\/strong>100<\/div>\n<\/div>\n<div class=\"row\">\n<div class=\"col-sm \"><strong>Folio: <\/strong><span class=\"text-danger\">AA0717B069<\/span><\/div>\n<\/div>\n<p><strong>Segmentaci\u00f3n:<\/strong><\/p>\n<div class=\"row\">\n<div class=\"col-sm \">Embajadas y consulados en las Colonias Tabacalera, Condesa, Roma Norte, Roma Sur, Ju\u00e1rez, Polanco y Cuauht\u00e9moc de la Ciudad de M\u00e9xico.<\/div>\n<\/div>\n<p><strong>Campos Contenidos:<\/strong><\/p>\n<div class=\"row\">\n<div class=\"col-sm \">Empresa \/Giro\/ Direcci\u00f3n \/ Ciudad \/ Estado \/ Contacto \/ Puesto: C\u00f3nsules o Administradores \/ Tel\u00e9fono \/ Email.<\/div>\n<\/div>\n<div class=\"row\">\n<div class=\"col-sm\">\n<p><strong>Garant\u00eda:\u00a0<\/strong>65%-75%<\/p>\n<p><strong>Precio Original:\u00a0<\/strong><del>$151 USD<\/del><\/p>\n<p><strong>Descuento Especial:\u00a0<\/strong><strong class=\"text-danger\">35%<\/strong><\/p>\n<\/div>\n<\/div>\n<div class=\"row\">\n<div class=\"col text-center\"><strong>Total a Pagar:\u00a0<\/strong><strong class=\"text-danger\">$98 USD<\/strong><\/div>\n<\/div>\n","protected":false},"featured_media":31043,"template":"","meta":{"_bst_post_transparent":"","_bst_post_title":"","_bst_post_layout":"","_bst_post_sidebar_id":"","_bst_post_content_style":"","_bst_post_vertical_padding":"","_bst_post_feature":"","_bst_post_feature_position":"","_bst_post_header":false,"_bst_post_footer":false},"product_brand":[],"product_cat":[1278,1060,1277],"product_tag":[1062,1182,1063,1064,1066,1067,1068,1071,1073,1074,1075,1076,1077,1078,1079,1212,1080,1081,1156,1082,1083,1084,1085,1086,1162,1088,1089,1090,1092,1093,1097,1098,1099,1100,1101,1102,1103,1104,1105,1106,1107,1229,1109,1110,1111,1112,1113,1114,1115,1116,1117,1118,1166,1119,1120,1121,1122,1123,1124,1170,1132,1133,1134,1136,1137,1138,1139,1140,1141,1142,1143,1144,1145,1206,1172,1173,1174,1175,1146,1148],"product_brands":[],"class_list":{"0":"post-33965","1":"product","2":"type-product","3":"status-publish","4":"has-post-thumbnail","6":"product_cat-ciudad-de-mexico","7":"product_cat-empresas-en-mexico","8":"product_cat-zonas-mas-solicitadas","9":"product_tag-b2c-email-database","10":"product_tag-base-de-datos","11":"product_tag-base-de-datos-campana-de-email-marketing","12":"product_tag-base-de-datos-campanas-de-email-marketing","13":"product_tag-base-de-datos-ciudad-de-mexico","14":"product_tag-base-de-datos-correo-masivo","15":"product_tag-base-de-datos-correo-masivos","16":"product_tag-base-de-datos-direct-e-mail-marketing","17":"product_tag-base-de-datos-e-mail-marketing","18":"product_tag-base-de-datos-email-marketer","19":"product_tag-base-de-datos-email-marketing","20":"product_tag-base-de-datos-email-masivos","21":"product_tag-base-de-datos-email-publicidad","22":"product_tag-base-de-datos-email-publicitario","23":"product_tag-base-de-datos-emailing","24":"product_tag-base-de-datos-empresa","25":"product_tag-base-de-datos-empresas-de-email-marketing","26":"product_tag-base-de-datos-enviar-email-masivo","27":"product_tag-base-de-datos-enviar-mailing","28":"product_tag-base-de-datos-envio-de-email-masivo","29":"product_tag-base-de-datos-envio-masivo-correo","30":"product_tag-base-de-datos-envio-masivo-correos","31":"product_tag-base-de-datos-envio-masivo-de-emails","32":"product_tag-base-de-datos-envios-de-correo-masivos","33":"product_tag-base-de-datos-mailing-masivo","34":"product_tag-base-de-datos-marketing","35":"product_tag-base-de-datos-marketing-por-e-mail","36":"product_tag-base-de-datos-marketing-por-email","37":"product_tag-base-de-datos-para-marketing","38":"product_tag-base-de-datos-publicidad-por-email","39":"product_tag-bases-de-datos-correos","40":"product_tag-bases-de-datos-correos-electronicos","41":"product_tag-bases-de-datos-de-emails","42":"product_tag-bases-de-datos-de-marketing","43":"product_tag-bases-de-datos-de-telefonos","44":"product_tag-bases-de-datos-email","45":"product_tag-bases-de-datos-email-empresas","46":"product_tag-bases-de-datos-emailing","47":"product_tag-bases-de-datos-numeros-de-telefonos","48":"product_tag-bases-de-datos-telefono","49":"product_tag-bases-de-datos-telefonos-fijos","50":"product_tag-big-corporates-database","51":"product_tag-business-contact-lists","52":"product_tag-business-directory","53":"product_tag-business-email-database","54":"product_tag-business-email-list","55":"product_tag-business-email-lists","56":"product_tag-business-mailing-database","57":"product_tag-business-mailing-lists","58":"product_tag-buy-email-database","59":"product_tag-buy-email-list","60":"product_tag-buy-email-list-database","61":"product_tag-companies-email-address-list","62":"product_tag-company-database","63":"product_tag-correo-de-empresas","64":"product_tag-correos-de-empresas","65":"product_tag-correos-electronicos-de-empresas","66":"product_tag-correos-electronicos-empresas","67":"product_tag-correos-empresariales","68":"product_tag-database","69":"product_tag-e-mail-database","70":"product_tag-email-address-list","71":"product_tag-email-database","72":"product_tag-email-marketing-list","73":"product_tag-list-of-email-addresses","74":"product_tag-lista-de-correos","75":"product_tag-lista-de-correos-electronicos","76":"product_tag-mail-marketing","77":"product_tag-mailing-database","78":"product_tag-mailing-list","79":"product_tag-marketing","80":"product_tag-marketing-correo-electronico","81":"product_tag-marketing-lists","82":"product_tag-phone","83":"product_tag-phone-database","84":"product_tag-phone-lists","85":"product_tag-phone-number","86":"product_tag-phone-number-list","87":"product_tag-publicidad-por-base-de-datos-correo-electronico","88":"product_tag-tele-marketing-list","90":"first","91":"instock","92":"sale","93":"virtual","94":"purchasable","95":"product-type-simple","96":"entry","97":"content-bg","98":"loop-entry"},"aioseo_notices":[],"_links":{"self":[{"href":"https:\/\/edirectorios.com.mx\/directorios-latinoamerica\/wp-json\/wp\/v2\/product\/33965","targetHints":{"allow":["GET"]}}],"collection":[{"href":"https:\/\/edirectorios.com.mx\/directorios-latinoamerica\/wp-json\/wp\/v2\/product"}],"about":[{"href":"https:\/\/edirectorios.com.mx\/directorios-latinoamerica\/wp-json\/wp\/v2\/types\/product"}],"version-history":[{"count":1,"href":"https:\/\/edirectorios.com.mx\/directorios-latinoamerica\/wp-json\/wp\/v2\/product\/33965\/revisions"}],"predecessor-version":[{"id":34018,"href":"https:\/\/edirectorios.com.mx\/directorios-latinoamerica\/wp-json\/wp\/v2\/product\/33965\/revisions\/34018"}],"wp:featuredmedia":[{"embeddable":true,"href":"https:\/\/edirectorios.com.mx\/directorios-latinoamerica\/wp-json\/wp\/v2\/media\/31043"}],"wp:attachment":[{"href":"https:\/\/edirectorios.com.mx\/directorios-latinoamerica\/wp-json\/wp\/v2\/media?parent=33965"}],"wp:term":[{"taxonomy":"product_brand","embeddable":true,"href":"https:\/\/edirectorios.com.mx\/directorios-latinoamerica\/wp-json\/wp\/v2\/product_brand?post=33965"},{"taxonomy":"product_cat","embeddable":true,"href":"https:\/\/edirectorios.com.mx\/directorios-latinoamerica\/wp-json\/wp\/v2\/product_cat?post=33965"},{"taxonomy":"product_tag","embeddable":true,"href":"https:\/\/edirectorios.com.mx\/directorios-latinoamerica\/wp-json\/wp\/v2\/product_tag?post=33965"},{"taxonomy":"product_brands","embeddable":true,"href":"https:\/\/edirectorios.com.mx\/directorios-latinoamerica\/wp-json\/wp\/v2\/product_brands?post=33965"}],"curies":[{"name":"wp","href":"https:\/\/api.w.org\/{rel}","templated":true}]}}