{"id":33950,"date":"2025-12-12T16:46:26","date_gmt":"2025-12-12T16:46:26","guid":{"rendered":"https:\/\/edirectorios.com.mx\/directorios-latinoamerica\/?post_type=product&#038;p=33950"},"modified":"2025-12-12T16:46:41","modified_gmt":"2025-12-12T16:46:41","slug":"hombres-y-mujeres-de-la-3era-edad-con-un-nse-medio-alto-en-las-ciudades-de-queretaro-monterrey-y-la-ciudad-de-mexico","status":"publish","type":"product","link":"https:\/\/edirectorios.com.mx\/directorios-latinoamerica\/product\/hombres-y-mujeres-de-la-3era-edad-con-un-nse-medio-alto-en-las-ciudades-de-queretaro-monterrey-y-la-ciudad-de-mexico\/","title":{"rendered":"Hombres y mujeres de la 3era edad con un NSE medio-alto en las Ciudades de Quer\u00e9taro, Monterrey y la Ciudad de M\u00e9xico."},"content":{"rendered":"","protected":false},"excerpt":{"rendered":"<p>&nbsp;<\/p>\n<div class=\"row\">\n<div class=\"col-sm\"><strong>C\u00f3digo:<\/strong> <span style=\"color: #ff0000;\"><strong>NAMA-P7<\/strong><\/span><\/div>\n<div class=\"col-sm\"><strong>N\u00famero de registros: 4800<\/strong><\/div>\n<\/div>\n<div class=\"row\">\n<div class=\"col-sm \"><strong>Folio: <span style=\"color: #ff0000;\">03RDME0317-080<\/span><\/strong><\/div>\n<\/div>\n<p><strong>Segmentaci\u00f3n:<\/strong><\/p>\n<div class=\"row\">\n<div class=\"col-sm \">Hombres y mujeres de la 3era edad de un nivel socioecon\u00f3mico medio-alto en las Ciudades de Quer\u00e9taro, Monterrey y la Ciudad de M\u00e9xico y \u00c1rea Metropolitana.<\/div>\n<\/div>\n<p><strong>Campos Contenidos:<\/strong><\/p>\n<div class=\"row\">\n<div class=\"col-sm \">Nombre \/ Ciudad \/ Estado \/ Tel\u00e9fono.<\/div>\n<\/div>\n<div class=\"row\">\n<div class=\"col-sm\"><strong>Garant\u00eda:\u00a0<\/strong>65%-75%\u00a0<strong>Precio Original:\u00a0<\/strong>$<del>$2262 USD<\/del> <strong>Descuento Especial:\u00a0<\/strong><span style=\"color: #ff0000;\"><strong class=\"text-danger\">35%<\/strong><\/span><\/div>\n<\/div>\n<div class=\"row\">\n<div class=\"col text-center\"><strong>Total a Pagar:\u00a0<\/strong><span style=\"color: #ff0000;\"><strong class=\"text-danger\">$1470 USD<\/strong><\/span><\/div>\n<\/div>\n","protected":false},"featured_media":31051,"template":"","meta":{"_bst_post_transparent":"","_bst_post_title":"","_bst_post_layout":"","_bst_post_sidebar_id":"","_bst_post_content_style":"","_bst_post_vertical_padding":"","_bst_post_feature":"","_bst_post_feature_position":"","_bst_post_header":false,"_bst_post_footer":false},"product_brand":[],"product_cat":[1286,1180],"product_tag":[1182,1066,1207,1325,1287,1326,1186,1312,1270,1096,1101,1105,1106,1107,1117,1195,1196,1197,1170,1314,1206,1172,1173,1174,1175],"product_brands":[],"class_list":{"0":"post-33950","1":"product","2":"type-product","3":"status-publish","4":"has-post-thumbnail","6":"product_cat-nse-medio-y-alto","7":"product_cat-personas-en-mexico","8":"product_tag-base-de-datos","9":"product_tag-base-de-datos-ciudad-de-mexico","10":"product_tag-base-de-datos-de-nse","11":"product_tag-base-de-datos-de-nse-alto","12":"product_tag-base-de-datos-de-nse-medio","13":"product_tag-base-de-datos-de-nse-medio-y-alto","14":"product_tag-base-de-datos-de-personas-fisicas","15":"product_tag-base-de-datos-monterrey","16":"product_tag-base-de-datos-queretaro","17":"product_tag-base-de-datos-zona-metropolitana","18":"product_tag-bases-de-datos-de-telefonos","19":"product_tag-bases-de-datos-numeros-de-telefonos","20":"product_tag-bases-de-datos-telefono","21":"product_tag-bases-de-datos-telefonos-fijos","22":"product_tag-buy-email-list","23":"product_tag-consumer-email-list","24":"product_tag-consumer-email-lists","25":"product_tag-consumer-list","26":"product_tag-database","27":"product_tag-directorios-monterrey","28":"product_tag-phone","29":"product_tag-phone-database","30":"product_tag-phone-lists","31":"product_tag-phone-number","32":"product_tag-phone-number-list","34":"first","35":"instock","36":"sale","37":"virtual","38":"purchasable","39":"product-type-simple","40":"entry","41":"content-bg","42":"loop-entry"},"aioseo_notices":[],"_links":{"self":[{"href":"https:\/\/edirectorios.com.mx\/directorios-latinoamerica\/wp-json\/wp\/v2\/product\/33950","targetHints":{"allow":["GET"]}}],"collection":[{"href":"https:\/\/edirectorios.com.mx\/directorios-latinoamerica\/wp-json\/wp\/v2\/product"}],"about":[{"href":"https:\/\/edirectorios.com.mx\/directorios-latinoamerica\/wp-json\/wp\/v2\/types\/product"}],"version-history":[{"count":1,"href":"https:\/\/edirectorios.com.mx\/directorios-latinoamerica\/wp-json\/wp\/v2\/product\/33950\/revisions"}],"predecessor-version":[{"id":33980,"href":"https:\/\/edirectorios.com.mx\/directorios-latinoamerica\/wp-json\/wp\/v2\/product\/33950\/revisions\/33980"}],"wp:featuredmedia":[{"embeddable":true,"href":"https:\/\/edirectorios.com.mx\/directorios-latinoamerica\/wp-json\/wp\/v2\/media\/31051"}],"wp:attachment":[{"href":"https:\/\/edirectorios.com.mx\/directorios-latinoamerica\/wp-json\/wp\/v2\/media?parent=33950"}],"wp:term":[{"taxonomy":"product_brand","embeddable":true,"href":"https:\/\/edirectorios.com.mx\/directorios-latinoamerica\/wp-json\/wp\/v2\/product_brand?post=33950"},{"taxonomy":"product_cat","embeddable":true,"href":"https:\/\/edirectorios.com.mx\/directorios-latinoamerica\/wp-json\/wp\/v2\/product_cat?post=33950"},{"taxonomy":"product_tag","embeddable":true,"href":"https:\/\/edirectorios.com.mx\/directorios-latinoamerica\/wp-json\/wp\/v2\/product_tag?post=33950"},{"taxonomy":"product_brands","embeddable":true,"href":"https:\/\/edirectorios.com.mx\/directorios-latinoamerica\/wp-json\/wp\/v2\/product_brands?post=33950"}],"curies":[{"name":"wp","href":"https:\/\/api.w.org\/{rel}","templated":true}]}}