{"id":33947,"date":"2025-12-12T16:46:26","date_gmt":"2025-12-12T16:46:26","guid":{"rendered":"https:\/\/edirectorios.com.mx\/directorios-latinoamerica\/?post_type=product&#038;p=33947"},"modified":"2025-12-12T16:46:39","modified_gmt":"2025-12-12T16:46:39","slug":"empresas-mas-de-500-empleados-excepto-empresas-que-provean-tecnologia-de-agricultura-y-farmaceuticas-que-inviertan-en-tecnologia-dentro-de-sus-procesos","status":"publish","type":"product","link":"https:\/\/edirectorios.com.mx\/directorios-latinoamerica\/product\/empresas-mas-de-500-empleados-excepto-empresas-que-provean-tecnologia-de-agricultura-y-farmaceuticas-que-inviertan-en-tecnologia-dentro-de-sus-procesos\/","title":{"rendered":"Empresas m\u00e1s de 500 empleados (excepto empresas que provean tecnolog\u00eda, de agricultura y farmac\u00e9uticas) que inviertan en tecnolog\u00eda dentro de sus procesos."},"content":{"rendered":"","protected":false},"excerpt":{"rendered":"<p>&nbsp;<\/p>\n<div class=\"row\">\n<div class=\"col-sm\"><strong>C\u00f3digo:<\/strong>\u00a0<strong class=\"text-danger\">NAGA-D9<\/strong><\/div>\n<div class=\"col-sm\"><strong>N\u00famero de registros:\u00a0<\/strong>300<\/div>\n<\/div>\n<div class=\"row\">\n<div class=\"col-sm \"><strong>Folio: <\/strong><span class=\"text-danger\">03CLMJ0817-050<\/span><\/div>\n<\/div>\n<p><strong>Segmentaci\u00f3n:<\/strong><\/p>\n<div class=\"row\">\n<div class=\"col-sm \">Empresas con m\u00e1s de 500 empleados (excepto empresas que provean tecnolog\u00eda, empresas de agricultura y farmac\u00e9uticas) que inviertan en tecnolog\u00eda dentro de sus procesos (por ejemplo en plataformas de lenguaje java y HTML, utilizaci\u00f3n de aplicaciones en general) en la Ciudad de M\u00e9xico y Estado de M\u00e9xico.<\/div>\n<\/div>\n<p><strong>Campos Contenidos:<\/strong><\/p>\n<div class=\"row\">\n<div class=\"col-sm \"><span class=\"text-justify\">Empresa \/ Giro \/ Direcci\u00f3n \/ Ciudad \/ Estado \/ Contacto \/ Puesto: Gerente de TI, o Director General o Gerente de ventas \/ Tel\u00e9fono \/ Email.<\/span><\/div>\n<\/div>\n<div class=\"row\">\n<div class=\"col-sm\">\n<p><strong>Garant\u00eda:\u00a0<\/strong>65%-75%<\/p>\n<p><strong>Precio Original:\u00a0<\/strong><del>$223 USD<\/del><\/p>\n<p><strong>Descuento Especial:\u00a0<\/strong><strong class=\"text-danger\">35%<\/strong><\/p>\n<\/div>\n<\/div>\n<div class=\"row\">\n<div class=\"col text-center\"><strong>Total a Pagar:\u00a0<\/strong><strong class=\"text-danger\">$145 USD<\/strong><\/div>\n<\/div>\n","protected":false},"featured_media":31084,"template":"","meta":{"_bst_post_transparent":"","_bst_post_title":"","_bst_post_layout":"","_bst_post_sidebar_id":"","_bst_post_content_style":"","_bst_post_vertical_padding":"","_bst_post_feature":"","_bst_post_feature_position":"","_bst_post_header":false,"_bst_post_footer":false},"product_brand":[],"product_cat":[1321,1060],"product_tag":[1062,1182,1063,1064,1066,1067,1068,1069,1211,1322,1071,1072,1074,1075,1076,1077,1078,1079,1155,1080,1081,1082,1157,1083,1084,1085,1158,1086,1159,1087,1160,1088,1089,1090,1092,1093,1097,1098,1099,1100,1102,1104,1226,1165,1105,1228,1106,1107,1229,1110,1111,1114,1116,1117,1118,1119,1167,1170,1254,1125,1126,1127,1128,1129,1130,1131,1133,1135,1136,1137,1138,1139,1140,1142,1144,1145,1206,1172,1173,1174,1175,1273,1149],"product_brands":[],"class_list":{"0":"post-33947","1":"product","2":"type-product","3":"status-publish","4":"has-post-thumbnail","6":"product_cat-con-mas-de-500-empleados","7":"product_cat-empresas-en-mexico","8":"product_tag-b2c-email-database","9":"product_tag-base-de-datos","10":"product_tag-base-de-datos-campana-de-email-marketing","11":"product_tag-base-de-datos-campanas-de-email-marketing","12":"product_tag-base-de-datos-ciudad-de-mexico","13":"product_tag-base-de-datos-correo-masivo","14":"product_tag-base-de-datos-correo-masivos","15":"product_tag-base-de-datos-de-director-general","16":"product_tag-base-de-datos-de-empresas-b2b","17":"product_tag-base-de-datos-de-empresas-con-mas-de-500-empleados","18":"product_tag-base-de-datos-direct-e-mail-marketing","19":"product_tag-base-de-datos-director","20":"product_tag-base-de-datos-email-marketer","21":"product_tag-base-de-datos-email-marketing","22":"product_tag-base-de-datos-email-masivos","23":"product_tag-base-de-datos-email-publicidad","24":"product_tag-base-de-datos-email-publicitario","25":"product_tag-base-de-datos-emailing","26":"product_tag-base-de-datos-empresas","27":"product_tag-base-de-datos-empresas-de-email-marketing","28":"product_tag-base-de-datos-enviar-email-masivo","29":"product_tag-base-de-datos-envio-de-email-masivo","30":"product_tag-base-de-datos-envio-masivo","31":"product_tag-base-de-datos-envio-masivo-correo","32":"product_tag-base-de-datos-envio-masivo-correos","33":"product_tag-base-de-datos-envio-masivo-de-emails","34":"product_tag-base-de-datos-envio-masivos","35":"product_tag-base-de-datos-envios-de-correo-masivos","36":"product_tag-base-de-datos-envios-masivos","37":"product_tag-base-de-datos-estado-de-mexico","38":"product_tag-base-de-datos-gerente","39":"product_tag-base-de-datos-marketing","40":"product_tag-base-de-datos-marketing-por-e-mail","41":"product_tag-base-de-datos-marketing-por-email","42":"product_tag-base-de-datos-para-marketing","43":"product_tag-base-de-datos-publicidad-por-email","44":"product_tag-bases-de-datos-correos","45":"product_tag-bases-de-datos-correos-electronicos","46":"product_tag-bases-de-datos-de-emails","47":"product_tag-bases-de-datos-de-marketing","48":"product_tag-bases-de-datos-email","49":"product_tag-bases-de-datos-emailing","50":"product_tag-bases-de-datos-emails","51":"product_tag-bases-de-datos-mailing","52":"product_tag-bases-de-datos-numeros-de-telefonos","53":"product_tag-bases-de-datos-para-ventas","54":"product_tag-bases-de-datos-telefono","55":"product_tag-bases-de-datos-telefonos-fijos","56":"product_tag-big-corporates-database","57":"product_tag-business-directory","58":"product_tag-business-email-database","59":"product_tag-business-mailing-database","60":"product_tag-buy-email-database","61":"product_tag-buy-email-list","62":"product_tag-buy-email-list-database","63":"product_tag-company-database","64":"product_tag-company-email-address-list","65":"product_tag-database","66":"product_tag-databases","67":"product_tag-director","68":"product_tag-directorio-emailing","69":"product_tag-directorio-empresarial","70":"product_tag-directorio-empresariales","71":"product_tag-directorio-empresas","72":"product_tag-directorios-de-empresas","73":"product_tag-directorios-empresas","74":"product_tag-email-address-list","75":"product_tag-email-lists","76":"product_tag-email-marketing-list","77":"product_tag-list-of-email-addresses","78":"product_tag-lista-de-correos","79":"product_tag-lista-de-correos-electronicos","80":"product_tag-mail-marketing","81":"product_tag-mailing-list","82":"product_tag-marketing-correo-electronico","83":"product_tag-marketing-lists","84":"product_tag-phone","85":"product_tag-phone-database","86":"product_tag-phone-lists","87":"product_tag-phone-number","88":"product_tag-phone-number-list","89":"product_tag-publicidad-por-base-de-datos-correo-electronico-bases-de-datos-de-telefonos","90":"product_tag-telefono","92":"first","93":"instock","94":"sale","95":"shipping-taxable","96":"purchasable","97":"product-type-simple","98":"entry","99":"content-bg","100":"loop-entry"},"aioseo_notices":[],"_links":{"self":[{"href":"https:\/\/edirectorios.com.mx\/directorios-latinoamerica\/wp-json\/wp\/v2\/product\/33947","targetHints":{"allow":["GET"]}}],"collection":[{"href":"https:\/\/edirectorios.com.mx\/directorios-latinoamerica\/wp-json\/wp\/v2\/product"}],"about":[{"href":"https:\/\/edirectorios.com.mx\/directorios-latinoamerica\/wp-json\/wp\/v2\/types\/product"}],"version-history":[{"count":1,"href":"https:\/\/edirectorios.com.mx\/directorios-latinoamerica\/wp-json\/wp\/v2\/product\/33947\/revisions"}],"predecessor-version":[{"id":33977,"href":"https:\/\/edirectorios.com.mx\/directorios-latinoamerica\/wp-json\/wp\/v2\/product\/33947\/revisions\/33977"}],"wp:featuredmedia":[{"embeddable":true,"href":"https:\/\/edirectorios.com.mx\/directorios-latinoamerica\/wp-json\/wp\/v2\/media\/31084"}],"wp:attachment":[{"href":"https:\/\/edirectorios.com.mx\/directorios-latinoamerica\/wp-json\/wp\/v2\/media?parent=33947"}],"wp:term":[{"taxonomy":"product_brand","embeddable":true,"href":"https:\/\/edirectorios.com.mx\/directorios-latinoamerica\/wp-json\/wp\/v2\/product_brand?post=33947"},{"taxonomy":"product_cat","embeddable":true,"href":"https:\/\/edirectorios.com.mx\/directorios-latinoamerica\/wp-json\/wp\/v2\/product_cat?post=33947"},{"taxonomy":"product_tag","embeddable":true,"href":"https:\/\/edirectorios.com.mx\/directorios-latinoamerica\/wp-json\/wp\/v2\/product_tag?post=33947"},{"taxonomy":"product_brands","embeddable":true,"href":"https:\/\/edirectorios.com.mx\/directorios-latinoamerica\/wp-json\/wp\/v2\/product_brands?post=33947"}],"curies":[{"name":"wp","href":"https:\/\/api.w.org\/{rel}","templated":true}]}}